{"id":108,"date":"2013-08-12T14:44:29","date_gmt":"2013-08-12T12:44:29","guid":{"rendered":"http:\/\/india.evolutiontravel.it\/infovacanze\/?page_id=108"},"modified":"2018-11-08T12:49:48","modified_gmt":"2018-11-08T11:49:48","slug":"turismo","status":"publish","type":"page","link":"https:\/\/india.evolutiontravel.it\/infovacanze\/turismo\/","title":{"rendered":"Turismo in India"},"content":{"rendered":"<p>Il <strong>turimo in India<\/strong> \u00e8 un&#8217;importante <strong>risorsa economica<\/strong> sulla quale puntano decisamente molto ed \u00e8 per questo che l&#8217;offerta turistica del paese \u00e8 particolarmente ampia e sempre pi\u00f9 persone la scelgono come meta di vacanze. Certo, questo singifica anche che bisogner\u00e0 <strong>prenotare per tempo<\/strong> in modo da trovare <a title=\"pacchetti india\" href=\"https:\/\/india.evolutiontravel.it\/infovacanze\/viaggio-india\/pacchetti-vacanze-india\/\">pacchetti vacanze con il migliore rapporto qualit\u00e0 &#8211; prezzo<\/a>.<\/p>\n<p><strong>Perch\u00e8 piace cos\u00ec tanto l&#8217;India ai turisti?<br \/>\n<\/strong><\/p>\n<p>L\u2019India, un paese antico dove le testimonianze di millenni di <a title=\"architettura indiana\" href=\"https:\/\/india.evolutiontravel.it\/infovacanze\/informazioni\/architettura-indiana\/\"><strong>storia, cultura e arte<\/strong><\/a> sono visibili in ogni angolo: un territorio dove modernit\u00e0 e testimonianze del passato convivono perfettamente. Ma non solo, qui trovi <b>immense spiagge e litorali bianchi<\/b>, <a title=\"himalaya india\" href=\"https:\/\/india.evolutiontravel.it\/infovacanze\/tour\/\"><strong>alte vette dell\u2019Himalaya<\/strong><\/a>, <strong>foreste tropicali<\/strong> ma <a title=\"deserto thar india\" href=\"https:\/\/india.evolutiontravel.it\/infovacanze\/destinazioni\/deserto-del-thar\/\">anche <strong>deserto<\/strong><\/a>, e poi <strong>templi e palazzi<\/strong> suggestici, insomma ogni scorcio prospetta uno scenario differente ed ugualmente emozionante.<\/p>\n<p>Uno degli <strong>itinerari turistici pi\u00f9 apprezzati<\/strong> per <a title=\"monumenti indiani\" href=\"https:\/\/india.evolutiontravel.it\/infovacanze\/da-vedere\/monumenti-dellindia\/\">testimonianze architettoniche e monumenti<\/a> \u00e8 il famoso\u00a0<strong>Triangolo D\u2019Oro\u00a0dell\u2019India<\/strong>\u00a0che tocca citt\u00e0 come<strong>\u00a0Delhi,\u00a0Agra<\/strong>\u00a0dove maestoso e splendido si erge il\u00a0<strong>Taj Mahal<\/strong>, e la\u00a0<a title=\"palazzo venti\" href=\"https:\/\/india.evolutiontravel.it\/infovacanze\/da-vedere\/palazzo-dei-venti-jaipur\/\">citt\u00e0 rosa Jaipur\u00a0nota <strong>per il Palazzo dei Venti<\/strong><\/a>.<\/p>\n<p>L&#8217;India delle regioni settentrionali e centrali \u00e8 anche nota per il\u00a0<strong>trekking<\/strong>, le <a title=\"india safari\" href=\"https:\/\/india.evolutiontravel.it\/infovacanze\/divertirsi\/safari-in-india-dove-andare\/\">attivit\u00e0 sportive in generale come anche i safari<\/a> e le cerimonie religiose che catturano da sempre l\u2019attenzione e il cuore dei turisti. Una delle pi\u00f9 note \u00e8 il\u00a0<strong>Festival dei Carri\u00a0che si tiene a\u00a0Puri<\/strong>\u00a0tra giugno e luglio, durante il quale vengono resi omaggi alle divinit\u00e0 da parte di folle provenienti da ogni parte del paese.<\/p>\n<p>Il\u00a0turismo in India\u00a0tocca tutti i territori, oltre alle\u00a0<strong><a title=\"\" href=\"https:\/\/india.evolutiontravel.it\/infovacanze\/da-vedere\/parco-ranthambore\/\">riserve naturali\u00a0dove \u00e8 possibile\u00a0avvistare le tigri<\/a><\/strong>, ci sono moschee, musei,\u00a0<strong><a href=\"https:\/\/india.evolutiontravel.it\/infovacanze\/da-vedere\/khajuraho\/\">templi hindu e jainisti<\/a>,<\/strong> villaggi caratteristici e panorami mozzafiato come quelli nello stato del\u00a0<strong>Sikki<\/strong>m\u00a0situato nei territori orientali, ai confini con\u00a0<strong>Tibet, Nepal Bhutan e Bengala<\/strong>, ma non dimentichiamoci anche di\u00a0<strong>Ladakh e Kashmir<\/strong>, nel Nord del\u2019India, dove la natura assume un aspetto fiabesco.<\/p>\n<p>Un forte afflusso turistico si registra <strong><a title=\"india sud\" href=\"https:\/\/india.evolutiontravel.it\/infovacanze\/tour\/tour-india-del-sud\/\">nelle regioni del sud<\/a><\/strong> grazie alle numerose e splendide spiagge,\u00a0<strong><a title=\"kerala india\" href=\"https:\/\/india.evolutiontravel.it\/infovacanze\/turismo\/turismo-kerala\/\">Kerala<\/a><\/strong>, Karnataca e <strong>Tamil<\/strong> sono alcuni degli stati che ospitano\u00a0<strong>questi litorali<\/strong> dove la vita notturna \u00e8 vivace e si protrae fino a mattina passando da party in riva al mare, rave, e feste nei numerosi locali notturni, <strong><a title=\"india spiagge\" href=\"https:\/\/india.evolutiontravel.it\/infovacanze\/turismo\/india-spiagge-di-goa\/\">una delle localit\u00e0 pi\u00f9 note al mondo \u00e8\u00a0Goa<\/a>.<\/strong><\/p>\n<p>Se volete rendere il\u00a0soggiorno mare in India\u00a0ancora pi\u00f9 speciale, allora <strong><a title=\"laccadive\" href=\"https:\/\/india.evolutiontravel.it\/infovacanze\/destinazioni\/isole-laccadive\/\">l\u2019arcipelago delle Laccadive<\/a><\/strong>\u00a0\u00e8 assolutamente da visitare, sono 35 isole delle quali solo due aperte al turismo, un paradiso in terra ancora\u00a0incontaminato.<\/p>\n<p><strong><a title=\"india quando andare\" href=\"https:\/\/india.evolutiontravel.it\/infovacanze\/divertirsi\/quando-andare\/\" target=\"_blank\" rel=\"noopener\">I<\/a><a title=\"india quando andare\" href=\"https:\/\/india.evolutiontravel.it\/infovacanze\/divertirsi\/quando-andare\/\" target=\"_blank\" rel=\"noopener\">l periodo migliore<\/a><\/strong> per venire in questo paese dipende molto dalla <strong>localit\u00e0 di destinazione<\/strong> scelta e comunque qualunque mese sceglierete e qualsiasi itinerario deciderete di percorrere,\u00a0l\u2019India sapr\u00e0 coinvolgervi ed emozionarvi facendo nascere la voglia di ritornarvi prima ancora che abbiate fatto ritorno a casa.<\/p>\n<p>&nbsp;<\/p>\n<h3 style=\"text-align: center\"><span style=\"color: #008000\">Le migliori OFFERTE VACANZE in India<\/span><\/h3>\n<p style=\"text-align: center\">Guarda subito <strong><span style=\"color: #008000\">TUTTI I DETTAGLI<\/span> <\/strong>delle nostre proposte:<\/p>\n<p style=\"text-align: center\"><span style=\"color: #008000\"><strong>CLICCA E SCOPRI<\/strong><\/span>: <strong>programma<\/strong> viaggio, <strong>foto<\/strong>, <strong>commenti<\/strong>, <strong>itinerario<\/strong> e altro!<\/p>\n<div class=\"feedzy-ce774299d7f0ae3d6fe7dc499089daa2 feedzy-rss\">\n\t\t<ul class=\"feedzy-style2\">\n\t\t\t\t\t<li  style=\"padding: 23px 0 38px\" class=\"rss_item feedzy-rss-col-3\" >\n\t\t\t\t\t\t\t\t\t<div class=\"rss_image\" style=\"width:225px; height:225px;\">\n\t\t\t\t\t\t<a href=\"https:\/\/india.evolutiontravel.it\/it_IT\/907\/tab\/36012_incontro-con-le-popolazioni-di-kashmir-e-ladakh.html\" target=\"_blank\" \n\t\t\t\t\t\t\trel=\"noopener \"\n\t\t\t\t\t\t\ttitle=\"Incontro con le popolazioni di Kashmir e Ladakh\"\n\t\t\t\t\t\t\tstyle=\"width:225px; height:225px;\">\n\t\t\t\t\t\t\t<span class=\"fetched\" style=\"background-image:  url('http:\/\/etcdn.net\/thumbnails\/36012\/it-nuova-delhi-incontro-con-le-popolazioni-di-kashir-e-ladakh-61333.jpg');\" title=\"Incontro con le popolazioni di Kashmir e Ladakh\"><\/span><amp-img width=\"225\" height=\"225\" src=\"http:\/\/etcdn.net\/thumbnails\/36012\/it-nuova-delhi-incontro-con-le-popolazioni-di-kashir-e-ladakh-61333.jpg\">\t\t\t\t\t\t<\/a>\n\t\t\t\t\t<\/div>\n\t\t\t\t\t\t\t\t<div class=\"rss_content_wrap\">\n\t\t\t\t\t<span class=\"title\">\n\t\t\t\t\t\t<a href=\"https:\/\/india.evolutiontravel.it\/it_IT\/907\/tab\/36012_incontro-con-le-popolazioni-di-kashmir-e-ladakh.html\" target=\"_blank\"  rel=\"noopener \">\n\t\t\t\t\t\t\tIncontro con le popolazioni di Kashmir e Ladakh\t\t\t\t\t\t<\/a>\n\t\t\t\t\t<\/span>\n\t\t\t\t\t<div class=\"rss_content\"\n\t\t\t\t\t\t\tstyle=\"\">\n\t\t\t\t\t\t\n\t\t\t\t\t\t\t\t\t\t\t\t<p class=\"description\">Un imponente viaggio dal profondo interesse etnografico e culturale attraverso sperdute le remote regioni himalayane del Kashmir [&hellip;]<\/p>\n\t\t\t\t\t\t\n\t\t\t\t\t\t\t\t\t\t\t\t\t\t\t\t\t\t\t<div class=\"price-wrap\">\n\t\t\t\t\t\t\t\t<a href=\"https:\/\/india.evolutiontravel.it\/it_IT\/907\/tab\/36012_incontro-con-le-popolazioni-di-kashmir-e-ladakh.html\" target=\"_blank\" rel=\"noopener\"><button class=\"price\"> 6400<\/button><\/a>\n\t\t\t\t\t\t\t<\/div>\n\t\t\t\t\t\t\t\t\t\t\t<\/div>\n\t\t\t\t<\/div>\n\t\t\t<\/li>\n\t\t\t\t\t\t<li  style=\"padding: 23px 0 38px\" class=\"rss_item feedzy-rss-col-3\" >\n\t\t\t\t\t\t\t\t\t<div class=\"rss_image\" style=\"width:225px; height:225px;\">\n\t\t\t\t\t\t<a href=\"https:\/\/india.evolutiontravel.it\/it_IT\/907\/tab\/41511_tour-di-gruppo-con-insegnante-yoga-il-triangolo-doro-e-varanasi-durante-il-diwali.html\" target=\"_blank\" \n\t\t\t\t\t\t\trel=\"noopener \"\n\t\t\t\t\t\t\ttitle=\"Tour di gruppo con insegnante yoga - Il Triangolo d&#039;Oro e Varanasi durante il Diwali\"\n\t\t\t\t\t\t\tstyle=\"width:225px; height:225px;\">\n\t\t\t\t\t\t\t<span class=\"fetched\" style=\"background-image:  url('http:\/\/etcdn.net\/thumbnails\/41511\/it-nuova-delhi-tour-di-gruppo-con-insegnante-yoga-il-triangolo-doro-e-varanasi-durante-il-diwali-87178.jpg');\" title=\"Tour di gruppo con insegnante yoga - Il Triangolo d&#039;Oro e Varanasi durante il Diwali\"><\/span><amp-img width=\"225\" height=\"225\" src=\"http:\/\/etcdn.net\/thumbnails\/41511\/it-nuova-delhi-tour-di-gruppo-con-insegnante-yoga-il-triangolo-doro-e-varanasi-durante-il-diwali-87178.jpg\">\t\t\t\t\t\t<\/a>\n\t\t\t\t\t<\/div>\n\t\t\t\t\t\t\t\t<div class=\"rss_content_wrap\">\n\t\t\t\t\t<span class=\"title\">\n\t\t\t\t\t\t<a href=\"https:\/\/india.evolutiontravel.it\/it_IT\/907\/tab\/41511_tour-di-gruppo-con-insegnante-yoga-il-triangolo-doro-e-varanasi-durante-il-diwali.html\" target=\"_blank\"  rel=\"noopener \">\n\t\t\t\t\t\t\tTour di gruppo con insegnante yoga - Il Triangolo d'Oro e Varanasi durante il Diwali\t\t\t\t\t\t<\/a>\n\t\t\t\t\t<\/span>\n\t\t\t\t\t<div class=\"rss_content\"\n\t\t\t\t\t\t\tstyle=\"\">\n\t\t\t\t\t\t\n\t\t\t\t\t\t\t\t\t\t\t\t<p class=\"description\">Viaggio\u00a0di gruppo con insegnante yoga durante il Diwali di Varanasi: Triangolo d'Oro dell\u2019India del Nord con estensione a [&hellip;]<\/p>\n\t\t\t\t\t\t\n\t\t\t\t\t\t\t\t\t\t\t\t\t\t\t\t\t\t\t<div class=\"price-wrap\">\n\t\t\t\t\t\t\t\t<a href=\"https:\/\/india.evolutiontravel.it\/it_IT\/907\/tab\/41511_tour-di-gruppo-con-insegnante-yoga-il-triangolo-doro-e-varanasi-durante-il-diwali.html\" target=\"_blank\" rel=\"noopener\"><button class=\"price\"> 2320<\/button><\/a>\n\t\t\t\t\t\t\t<\/div>\n\t\t\t\t\t\t\t\t\t\t\t<\/div>\n\t\t\t\t<\/div>\n\t\t\t<\/li>\n\t\t\t\t\t\t<li  style=\"padding: 23px 0 38px\" class=\"rss_item feedzy-rss-col-3\" >\n\t\t\t\t\t\t\t\t\t<div class=\"rss_image\" style=\"width:225px; height:225px;\">\n\t\t\t\t\t\t<a href=\"https:\/\/india.evolutiontravel.it\/it_IT\/907\/tab\/3502_gran-tour-del-nord.html\" target=\"_blank\" \n\t\t\t\t\t\t\trel=\"noopener \"\n\t\t\t\t\t\t\ttitle=\"Gran Tour del Nord\"\n\t\t\t\t\t\t\tstyle=\"width:225px; height:225px;\">\n\t\t\t\t\t\t\t<span class=\"fetched\" style=\"background-image:  url('http:\/\/etcdn.net\/thumbnails\/3502\/it-nuova-delhi-gran-tour-dellindia-del-nord-52d29.jpg');\" title=\"Gran Tour del Nord\"><\/span><amp-img width=\"225\" height=\"225\" src=\"http:\/\/etcdn.net\/thumbnails\/3502\/it-nuova-delhi-gran-tour-dellindia-del-nord-52d29.jpg\">\t\t\t\t\t\t<\/a>\n\t\t\t\t\t<\/div>\n\t\t\t\t\t\t\t\t<div class=\"rss_content_wrap\">\n\t\t\t\t\t<span class=\"title\">\n\t\t\t\t\t\t<a href=\"https:\/\/india.evolutiontravel.it\/it_IT\/907\/tab\/3502_gran-tour-del-nord.html\" target=\"_blank\"  rel=\"noopener \">\n\t\t\t\t\t\t\tGran Tour del Nord\t\t\t\t\t\t<\/a>\n\t\t\t\t\t<\/span>\n\t\t\t\t\t<div class=\"rss_content\"\n\t\t\t\t\t\t\tstyle=\"\">\n\t\t\t\t\t\t\n\t\t\t\t\t\t\t\t\t\t\t\t<p class=\"description\">Un lungo e intenso viaggio alla scoperta dell'India del Nord. Dal Rajasthan alla Valle del Gange in un continuo tripudio di [&hellip;]<\/p>\n\t\t\t\t\t\t\n\t\t\t\t\t\t\t\t\t\t\t\t\t\t\t\t\t\t\t<div class=\"price-wrap\">\n\t\t\t\t\t\t\t\t<a href=\"https:\/\/india.evolutiontravel.it\/it_IT\/907\/tab\/3502_gran-tour-del-nord.html\" target=\"_blank\" rel=\"noopener\"><button class=\"price\"> 2817<\/button><\/a>\n\t\t\t\t\t\t\t<\/div>\n\t\t\t\t\t\t\t\t\t\t\t<\/div>\n\t\t\t\t<\/div>\n\t\t\t<\/li>\n\t\t\t\t\t\t<li  style=\"padding: 23px 0 38px\" class=\"rss_item feedzy-rss-col-3\" >\n\t\t\t\t\t\t\t\t\t<div class=\"rss_image\" style=\"width:225px; height:225px;\">\n\t\t\t\t\t\t<a href=\"https:\/\/india.evolutiontravel.it\/it_IT\/907\/tab\/3954_il-rajasthan-e-la-valle-del-gange.html\" target=\"_blank\" \n\t\t\t\t\t\t\trel=\"noopener \"\n\t\t\t\t\t\t\ttitle=\"Il Rajasthan e la Valle del Gange\"\n\t\t\t\t\t\t\tstyle=\"width:225px; height:225px;\">\n\t\t\t\t\t\t\t<span class=\"fetched\" style=\"background-image:  url('http:\/\/etcdn.net\/thumbnails\/3954\/it-nuova-delhi-il-rajasthan-e-la-valle-del-gange-52d00.jpg');\" title=\"Il Rajasthan e la Valle del Gange\"><\/span><amp-img width=\"225\" height=\"225\" src=\"http:\/\/etcdn.net\/thumbnails\/3954\/it-nuova-delhi-il-rajasthan-e-la-valle-del-gange-52d00.jpg\">\t\t\t\t\t\t<\/a>\n\t\t\t\t\t<\/div>\n\t\t\t\t\t\t\t\t<div class=\"rss_content_wrap\">\n\t\t\t\t\t<span class=\"title\">\n\t\t\t\t\t\t<a href=\"https:\/\/india.evolutiontravel.it\/it_IT\/907\/tab\/3954_il-rajasthan-e-la-valle-del-gange.html\" target=\"_blank\"  rel=\"noopener \">\n\t\t\t\t\t\t\tIl Rajasthan e la Valle del Gange\t\t\t\t\t\t<\/a>\n\t\t\t\t\t<\/span>\n\t\t\t\t\t<div class=\"rss_content\"\n\t\t\t\t\t\t\tstyle=\"\">\n\t\t\t\t\t\t\n\t\t\t\t\t\t\t\t\t\t\t\t<p class=\"description\">Un itinerario completo in India del Nord alla scoperta della regione del Rajasthan ed una breve estensione attraverso la pianura [&hellip;]<\/p>\n\t\t\t\t\t\t\n\t\t\t\t\t\t\t\t\t\t\t\t\t\t\t\t\t\t\t<div class=\"price-wrap\">\n\t\t\t\t\t\t\t\t<a href=\"https:\/\/india.evolutiontravel.it\/it_IT\/907\/tab\/3954_il-rajasthan-e-la-valle-del-gange.html\" target=\"_blank\" rel=\"noopener\"><button class=\"price\"> 2633<\/button><\/a>\n\t\t\t\t\t\t\t<\/div>\n\t\t\t\t\t\t\t\t\t\t\t<\/div>\n\t\t\t\t<\/div>\n\t\t\t<\/li>\n\t\t\t\t\t\t<li  style=\"padding: 23px 0 38px\" class=\"rss_item feedzy-rss-col-3\" >\n\t\t\t\t\t\t\t\t\t<div class=\"rss_image\" style=\"width:225px; height:225px;\">\n\t\t\t\t\t\t<a href=\"https:\/\/india.evolutiontravel.it\/it_IT\/907\/tab\/4546_le-meraviglie-delle-regioni-del-sud.html\" target=\"_blank\" \n\t\t\t\t\t\t\trel=\"noopener \"\n\t\t\t\t\t\t\ttitle=\"Le Meraviglie delle regioni del Sud\"\n\t\t\t\t\t\t\tstyle=\"width:225px; height:225px;\">\n\t\t\t\t\t\t\t<span class=\"fetched\" style=\"background-image:  url('http:\/\/etcdn.net\/thumbnails\/4546\/it-chennai-le-meraviglie-dellindia-del-sud-531ac.jpg');\" title=\"Le Meraviglie delle regioni del Sud\"><\/span><amp-img width=\"225\" height=\"225\" src=\"http:\/\/etcdn.net\/thumbnails\/4546\/it-chennai-le-meraviglie-dellindia-del-sud-531ac.jpg\">\t\t\t\t\t\t<\/a>\n\t\t\t\t\t<\/div>\n\t\t\t\t\t\t\t\t<div class=\"rss_content_wrap\">\n\t\t\t\t\t<span class=\"title\">\n\t\t\t\t\t\t<a href=\"https:\/\/india.evolutiontravel.it\/it_IT\/907\/tab\/4546_le-meraviglie-delle-regioni-del-sud.html\" target=\"_blank\"  rel=\"noopener \">\n\t\t\t\t\t\t\tLe Meraviglie delle regioni del Sud\t\t\t\t\t\t<\/a>\n\t\t\t\t\t<\/span>\n\t\t\t\t\t<div class=\"rss_content\"\n\t\t\t\t\t\t\tstyle=\"\">\n\t\t\t\t\t\t\n\t\t\t\t\t\t\t\t\t\t\t\t<p class=\"description\">Viaggio completo alla scoperta dell'India del Sud. Si parte dal Tamil Nadu,\u00a0si raggiunge la verde regione del Kearla dove flora [&hellip;]<\/p>\n\t\t\t\t\t\t\n\t\t\t\t\t\t\t\t\t\t\t\t\t\t\t\t\t\t\t<div class=\"price-wrap\">\n\t\t\t\t\t\t\t\t<a href=\"https:\/\/india.evolutiontravel.it\/it_IT\/907\/tab\/4546_le-meraviglie-delle-regioni-del-sud.html\" target=\"_blank\" rel=\"noopener\"><button class=\"price\"> 2290<\/button><\/a>\n\t\t\t\t\t\t\t<\/div>\n\t\t\t\t\t\t\t\t\t\t\t<\/div>\n\t\t\t\t<\/div>\n\t\t\t<\/li>\n\t\t\t\t\t\t<li  style=\"padding: 23px 0 38px\" class=\"rss_item feedzy-rss-col-3\" >\n\t\t\t\t\t\t\t\t\t<div class=\"rss_image\" style=\"width:225px; height:225px;\">\n\t\t\t\t\t\t<a href=\"https:\/\/india.evolutiontravel.it\/it_IT\/907\/tab\/287_tamil-nadu-e-kerala-il-paradiso-degli-dei.html\" target=\"_blank\" \n\t\t\t\t\t\t\trel=\"noopener \"\n\t\t\t\t\t\t\ttitle=\"Tamil Nadu e Kerala, Il Paradiso degli Dei\"\n\t\t\t\t\t\t\tstyle=\"width:225px; height:225px;\">\n\t\t\t\t\t\t\t<span class=\"fetched\" style=\"background-image:  url('http:\/\/etcdn.net\/thumbnails\/287\/it-chennai-tamil-nadu-e-kerala-il-paradiso-degli-dei-53088.jpg');\" title=\"Tamil Nadu e Kerala, Il Paradiso degli Dei\"><\/span><amp-img width=\"225\" height=\"225\" src=\"http:\/\/etcdn.net\/thumbnails\/287\/it-chennai-tamil-nadu-e-kerala-il-paradiso-degli-dei-53088.jpg\">\t\t\t\t\t\t<\/a>\n\t\t\t\t\t<\/div>\n\t\t\t\t\t\t\t\t<div class=\"rss_content_wrap\">\n\t\t\t\t\t<span class=\"title\">\n\t\t\t\t\t\t<a href=\"https:\/\/india.evolutiontravel.it\/it_IT\/907\/tab\/287_tamil-nadu-e-kerala-il-paradiso-degli-dei.html\" target=\"_blank\"  rel=\"noopener \">\n\t\t\t\t\t\t\tTamil Nadu e Kerala, Il Paradiso degli Dei\t\t\t\t\t\t<\/a>\n\t\t\t\t\t<\/span>\n\t\t\t\t\t<div class=\"rss_content\"\n\t\t\t\t\t\t\tstyle=\"\">\n\t\t\t\t\t\t\n\t\t\t\t\t\t\t\t\t\t\t\t<p class=\"description\">Un\u00a0itinerario affascinante\u00a0fra le pi\u00f9 belle regioni dell\u2019India del Sud\u00a0che si snoda fra i grandi templi e le citt\u00e0 sacre [&hellip;]<\/p>\n\t\t\t\t\t\t\n\t\t\t\t\t\t\t\t\t\t\t\t\t\t\t\t\t\t\t<div class=\"price-wrap\">\n\t\t\t\t\t\t\t\t<a href=\"https:\/\/india.evolutiontravel.it\/it_IT\/907\/tab\/287_tamil-nadu-e-kerala-il-paradiso-degli-dei.html\" target=\"_blank\" rel=\"noopener\"><button class=\"price\"> 1612<\/button><\/a>\n\t\t\t\t\t\t\t<\/div>\n\t\t\t\t\t\t\t\t\t\t\t<\/div>\n\t\t\t\t<\/div>\n\t\t\t<\/li>\n\t\t\t\t<\/ul>\n<\/div>\n<style type=\"text\/css\" media=\"all\">.feedzy-rss .rss_item .rss_image{float:left;position:relative;border:none;text-decoration:none;max-width:100%}.feedzy-rss .rss_item .rss_image span{display:inline-block;position:absolute;width:100%;height:100%;background-position:50%;background-size:cover}.feedzy-rss .rss_item .rss_image{margin:.3em 1em 0 0;content-visibility:auto}.feedzy-rss ul{list-style:none}.feedzy-rss ul li{display:inline-block}<\/style>\n","protected":false},"excerpt":{"rendered":"<p>Il turimo in India \u00e8 un&#8217;importante risorsa economica sulla quale puntano decisamente molto ed \u00e8 per questo che l&#8217;offerta turistica del paese \u00e8 particolarmente ampia e sempre pi\u00f9 persone la scelgono come meta di vacanze. Certo, questo singifica anche che bisogner\u00e0 prenotare per tempo in modo da trovare pacchetti vacanze con il migliore rapporto qualit\u00e0 <a class=\"moretag\" href=\"https:\/\/india.evolutiontravel.it\/infovacanze\/turismo\/\">[&#8230;]<\/a><\/p>\n","protected":false},"author":6,"featured_media":0,"parent":0,"menu_order":0,"comment_status":"closed","ping_status":"open","template":"templates\/template-with-right-sidebar.php","meta":{"footnotes":""},"yoast_head":"<!-- This site is optimized with the Yoast SEO plugin v21.9.1 - https:\/\/yoast.com\/wordpress\/plugins\/seo\/ -->\n<title>Turismo in India: destinazioni, tour e itinerari turistici pi\u00f9 apprezzati<\/title>\n<meta name=\"description\" content=\"Milioni di turisti raggiungono l&#039;India per fare tour, escursioni, visitare le citt\u00e0 o rilassarsi sulle spiagge: scopri questo paese e parti con noi!\" \/>\n<meta name=\"robots\" content=\"index, follow, max-snippet:-1, max-image-preview:large, max-video-preview:-1\" \/>\n<link rel=\"canonical\" href=\"https:\/\/india.evolutiontravel.it\/infovacanze\/turismo\/\" \/>\n<meta name=\"twitter:label1\" content=\"Tempo di lettura stimato\" \/>\n\t<meta name=\"twitter:data1\" content=\"3 minuti\" \/>\n<script type=\"application\/ld+json\" class=\"yoast-schema-graph\">{\"@context\":\"https:\/\/schema.org\",\"@graph\":[{\"@type\":\"WebPage\",\"@id\":\"https:\/\/india.evolutiontravel.it\/infovacanze\/turismo\/\",\"url\":\"https:\/\/india.evolutiontravel.it\/infovacanze\/turismo\/\",\"name\":\"Turismo in India: destinazioni, tour e itinerari turistici pi\u00f9 apprezzati\",\"isPartOf\":{\"@id\":\"https:\/\/india.evolutiontravel.it\/infovacanze\/#website\"},\"datePublished\":\"2013-08-12T12:44:29+00:00\",\"dateModified\":\"2018-11-08T11:49:48+00:00\",\"description\":\"Milioni di turisti raggiungono l'India per fare tour, escursioni, visitare le citt\u00e0 o rilassarsi sulle spiagge: scopri questo paese e parti con noi!\",\"inLanguage\":\"it-IT\",\"potentialAction\":[{\"@type\":\"ReadAction\",\"target\":[\"https:\/\/india.evolutiontravel.it\/infovacanze\/turismo\/\"]}]},{\"@type\":\"WebSite\",\"@id\":\"https:\/\/india.evolutiontravel.it\/infovacanze\/#website\",\"url\":\"https:\/\/india.evolutiontravel.it\/infovacanze\/\",\"name\":\"India\",\"description\":\"\",\"potentialAction\":[{\"@type\":\"SearchAction\",\"target\":{\"@type\":\"EntryPoint\",\"urlTemplate\":\"https:\/\/india.evolutiontravel.it\/infovacanze\/?s={search_term_string}\"},\"query-input\":\"required name=search_term_string\"}],\"inLanguage\":\"it-IT\"}]}<\/script>\n<!-- \/ Yoast SEO plugin. -->","yoast_head_json":{"title":"Turismo in India: destinazioni, tour e itinerari turistici pi\u00f9 apprezzati","description":"Milioni di turisti raggiungono l'India per fare tour, escursioni, visitare le citt\u00e0 o rilassarsi sulle spiagge: scopri questo paese e parti con noi!","robots":{"index":"index","follow":"follow","max-snippet":"max-snippet:-1","max-image-preview":"max-image-preview:large","max-video-preview":"max-video-preview:-1"},"canonical":"https:\/\/india.evolutiontravel.it\/infovacanze\/turismo\/","twitter_misc":{"Tempo di lettura stimato":"3 minuti"},"schema":{"@context":"https:\/\/schema.org","@graph":[{"@type":"WebPage","@id":"https:\/\/india.evolutiontravel.it\/infovacanze\/turismo\/","url":"https:\/\/india.evolutiontravel.it\/infovacanze\/turismo\/","name":"Turismo in India: destinazioni, tour e itinerari turistici pi\u00f9 apprezzati","isPartOf":{"@id":"https:\/\/india.evolutiontravel.it\/infovacanze\/#website"},"datePublished":"2013-08-12T12:44:29+00:00","dateModified":"2018-11-08T11:49:48+00:00","description":"Milioni di turisti raggiungono l'India per fare tour, escursioni, visitare le citt\u00e0 o rilassarsi sulle spiagge: scopri questo paese e parti con noi!","inLanguage":"it-IT","potentialAction":[{"@type":"ReadAction","target":["https:\/\/india.evolutiontravel.it\/infovacanze\/turismo\/"]}]},{"@type":"WebSite","@id":"https:\/\/india.evolutiontravel.it\/infovacanze\/#website","url":"https:\/\/india.evolutiontravel.it\/infovacanze\/","name":"India","description":"","potentialAction":[{"@type":"SearchAction","target":{"@type":"EntryPoint","urlTemplate":"https:\/\/india.evolutiontravel.it\/infovacanze\/?s={search_term_string}"},"query-input":"required name=search_term_string"}],"inLanguage":"it-IT"}]}},"_links":{"self":[{"href":"https:\/\/india.evolutiontravel.it\/infovacanze\/wp-json\/wp\/v2\/pages\/108"}],"collection":[{"href":"https:\/\/india.evolutiontravel.it\/infovacanze\/wp-json\/wp\/v2\/pages"}],"about":[{"href":"https:\/\/india.evolutiontravel.it\/infovacanze\/wp-json\/wp\/v2\/types\/page"}],"author":[{"embeddable":true,"href":"https:\/\/india.evolutiontravel.it\/infovacanze\/wp-json\/wp\/v2\/users\/6"}],"replies":[{"embeddable":true,"href":"https:\/\/india.evolutiontravel.it\/infovacanze\/wp-json\/wp\/v2\/comments?post=108"}],"version-history":[{"count":17,"href":"https:\/\/india.evolutiontravel.it\/infovacanze\/wp-json\/wp\/v2\/pages\/108\/revisions"}],"predecessor-version":[{"id":775,"href":"https:\/\/india.evolutiontravel.it\/infovacanze\/wp-json\/wp\/v2\/pages\/108\/revisions\/775"}],"wp:attachment":[{"href":"https:\/\/india.evolutiontravel.it\/infovacanze\/wp-json\/wp\/v2\/media?parent=108"}],"curies":[{"name":"wp","href":"https:\/\/api.w.org\/{rel}","templated":true}]}}