{"id":111,"date":"2013-08-12T14:46:28","date_gmt":"2013-08-12T12:46:28","guid":{"rendered":"http:\/\/india.evolutiontravel.it\/infovacanze\/?page_id=111"},"modified":"2018-11-09T16:44:05","modified_gmt":"2018-11-09T15:44:05","slug":"turismo-varanasi","status":"publish","type":"page","link":"https:\/\/india.evolutiontravel.it\/infovacanze\/turismo\/turismo-varanasi\/","title":{"rendered":"Varanasi"},"content":{"rendered":"<p align=\"justify\"><strong>Varanasi<\/strong> \u00e8<strong> la citt\u00e0 pi\u00f9 antica al mondo\u00a0<\/strong>collocata alle\u00a0<strong>rive del Gange<\/strong>\u00a0nella parte centro-orientale dell\u2019India, \u00e8 quanto di pi\u00f9 sacro per gli indiani, meta di un forte turismo spirtituale, intenso, quasi privato. <strong>Il tempio d&#8217;oro,\u00a0dedicato a Shiva<\/strong> \u00e8 un luogo di pellegrinaggio\u00a0 dove i fedeli si recano per pregare, tutto ornato di oro e dai tetti con cupole di rame dorato.<\/p>\n<p>Sulle acque del Gange\u00a0 si pu\u00f2 assistere alla macabra e fascinosa\u00a0<strong>danza delle pire di fuoco<\/strong>\u00a0che cremano i fedeli induisti passati ad altra vita: colori scintillanti, le luci accese dei brahmini, cortei di familiari del deceduto e suggestive immagini di vita e di morte saranno lo spettacolo che Varanasi potr\u00e0 offrire.<\/p>\n<p>Il\u00a0<strong>fiume sacro dell\u2019India<\/strong>\u00a0\u00e8 meta di milioni di induisti che arrivano da ogni parte dell\u2019India, spesso con lunghissimi viaggi a piedi, per immergersi nelle sue acque. Gli incensi, le preghiere, i fumi rendono incredibile l\u2019atmosfera, facendo traspirare tutta l\u2019energia spirituale della citt\u00e0. Ovviamente \u00e8 necessario visitare i tantissimi ghats presenti sul Gange: tra i pi\u00f9 importanti segnaliamo il\u00a0<strong>Manikarnika<\/strong>\u00a0e\u00a0<strong>Dasaswamedh<\/strong>. Il primo \u00e8 il pi\u00f9 indicato per vedere le cremazioni, il secondo per assistere alle preghiere.<\/p>\n<p>Varanasi, che da molti \u00e8 conosciuta anche come<strong>\u00a0Benares<\/strong>, oltre al famoso tempio d&#8217;oro del quale abbiamo parlato all&#8217;inizio, ha anche altri\u00a0 <strong>templi di grandissimo valore<\/strong> sia simbolico che artistico come il tempio di <strong>Nepali Hindu<\/strong>, il\u00a0<strong>forte del Re Ram Nagar<\/strong>\u00a0e il\u00a0<strong>Tempio Durga<\/strong>.<\/p>\n<p>Uno dei luoghi altamenti simbolici \u00e8 il\u00a0<strong>Tempio Bharatmata<\/strong>, realizzato nel 1940 per celebrare la Madre India. Dal punto di vista storico ha una grandissima importanza: qui si riuniva il\u00a0<strong>movimento indipendentista guidato da Gandhi<\/strong>.\u00a0 Da vedere al suo interno c\u2019\u00e8 una mappa dell\u2019India in marmo levigato.<\/p>\n<p>Un&#8217;idea di viaggio qui \u00e8 venire <strong>in occasione del Diwali, a fine ottobre, <\/strong>una festa molto importante nella quale i templi vengono decorati, ci sono suggestivi giochi di luce e l\u2019atmosfera \u00e8 realizzata da canti sacri e preghiere.<\/p>\n<p>Nei <strong>dintorni di Varanasi<\/strong> poi c\u2019\u00e8 un&#8217;attrazione suggestiva, il <strong>Dhamekh Stupa, a Sarnath<\/strong> a pochi chilometri dalla citt\u00e0 sacra, un edificio di forma circolare con le mura che ospitano decorazioni e scritte in braminico.<\/p>\n<p>&nbsp;<\/p>\n<h3 style=\"text-align: center\"><strong><span style=\"color: #008000\">OFFERTE IMPERDIBILI PER L&#8217;INDIA<\/span><\/strong><\/h3>\n<p style=\"text-align: center\">Con <strong>Evolution Travel<\/strong> trovi <strong>le migliori offerte<\/strong> per andare in India<\/p>\n<p style=\"text-align: center\"><strong><span style=\"color: #008000\">CLICCA E SCOPRI:<\/span><\/strong> <strong>programma<\/strong> viaggio, <strong>foto<\/strong>, <strong>commenti<\/strong>, <strong>servizi inclusi<\/strong> nei pacchetti!<\/p>\n<div class=\"feedzy-23f4f01237a8ac2c13f405ba28434d67 feedzy-rss\"><ul>Feed has no items.<\/ul> <\/div>\n","protected":false},"excerpt":{"rendered":"<p>Varanasi \u00e8 la citt\u00e0 pi\u00f9 antica al mondo\u00a0collocata alle\u00a0rive del Gange\u00a0nella parte centro-orientale dell\u2019India, \u00e8 quanto di pi\u00f9 sacro per gli indiani, meta di un forte turismo spirtituale, intenso, quasi privato. Il tempio d&#8217;oro,\u00a0dedicato a Shiva \u00e8 un luogo di pellegrinaggio\u00a0 dove i fedeli si recano per pregare, tutto ornato di oro e dai tetti <a class=\"moretag\" href=\"https:\/\/india.evolutiontravel.it\/infovacanze\/turismo\/turismo-varanasi\/\">[&#8230;]<\/a><\/p>\n","protected":false},"author":1,"featured_media":0,"parent":108,"menu_order":0,"comment_status":"closed","ping_status":"open","template":"templates\/template-with-right-sidebar.php","meta":{"footnotes":""},"yoast_head":"<!-- This site is optimized with the Yoast SEO plugin v21.9.1 - https:\/\/yoast.com\/wordpress\/plugins\/seo\/ -->\n<title>Varanasi, India: meta del turismo spirituale e pellegrinaggio<\/title>\n<meta name=\"description\" content=\"Varanasi \u00e8 la citt\u00e0 pi\u00f9 antica al mondo. 4000 anni di storia per un viaggio alla scoperta dell\u2019India pi\u00f9 religiosa tra culti e tradizioni.\" \/>\n<meta name=\"robots\" content=\"index, follow, max-snippet:-1, max-image-preview:large, max-video-preview:-1\" \/>\n<link rel=\"canonical\" href=\"https:\/\/india.evolutiontravel.it\/infovacanze\/turismo\/turismo-varanasi\/\" \/>\n<meta name=\"twitter:label1\" content=\"Tempo di lettura stimato\" \/>\n\t<meta name=\"twitter:data1\" content=\"2 minuti\" \/>\n<script type=\"application\/ld+json\" class=\"yoast-schema-graph\">{\"@context\":\"https:\/\/schema.org\",\"@graph\":[{\"@type\":\"WebPage\",\"@id\":\"https:\/\/india.evolutiontravel.it\/infovacanze\/turismo\/turismo-varanasi\/\",\"url\":\"https:\/\/india.evolutiontravel.it\/infovacanze\/turismo\/turismo-varanasi\/\",\"name\":\"Varanasi, India: meta del turismo spirituale e pellegrinaggio\",\"isPartOf\":{\"@id\":\"https:\/\/india.evolutiontravel.it\/infovacanze\/#website\"},\"datePublished\":\"2013-08-12T12:46:28+00:00\",\"dateModified\":\"2018-11-09T15:44:05+00:00\",\"description\":\"Varanasi \u00e8 la citt\u00e0 pi\u00f9 antica al mondo. 4000 anni di storia per un viaggio alla scoperta dell\u2019India pi\u00f9 religiosa tra culti e tradizioni.\",\"breadcrumb\":{\"@id\":\"https:\/\/india.evolutiontravel.it\/infovacanze\/turismo\/turismo-varanasi\/#breadcrumb\"},\"inLanguage\":\"it-IT\",\"potentialAction\":[{\"@type\":\"ReadAction\",\"target\":[\"https:\/\/india.evolutiontravel.it\/infovacanze\/turismo\/turismo-varanasi\/\"]}]},{\"@type\":\"BreadcrumbList\",\"@id\":\"https:\/\/india.evolutiontravel.it\/infovacanze\/turismo\/turismo-varanasi\/#breadcrumb\",\"itemListElement\":[{\"@type\":\"ListItem\",\"position\":1,\"name\":\"Turismo in India\",\"item\":\"https:\/\/india.evolutiontravel.it\/infovacanze\/turismo\/\"},{\"@type\":\"ListItem\",\"position\":2,\"name\":\"Varanasi\"}]},{\"@type\":\"WebSite\",\"@id\":\"https:\/\/india.evolutiontravel.it\/infovacanze\/#website\",\"url\":\"https:\/\/india.evolutiontravel.it\/infovacanze\/\",\"name\":\"India\",\"description\":\"\",\"potentialAction\":[{\"@type\":\"SearchAction\",\"target\":{\"@type\":\"EntryPoint\",\"urlTemplate\":\"https:\/\/india.evolutiontravel.it\/infovacanze\/?s={search_term_string}\"},\"query-input\":\"required name=search_term_string\"}],\"inLanguage\":\"it-IT\"}]}<\/script>\n<!-- \/ Yoast SEO plugin. -->","yoast_head_json":{"title":"Varanasi, India: meta del turismo spirituale e pellegrinaggio","description":"Varanasi \u00e8 la citt\u00e0 pi\u00f9 antica al mondo. 4000 anni di storia per un viaggio alla scoperta dell\u2019India pi\u00f9 religiosa tra culti e tradizioni.","robots":{"index":"index","follow":"follow","max-snippet":"max-snippet:-1","max-image-preview":"max-image-preview:large","max-video-preview":"max-video-preview:-1"},"canonical":"https:\/\/india.evolutiontravel.it\/infovacanze\/turismo\/turismo-varanasi\/","twitter_misc":{"Tempo di lettura stimato":"2 minuti"},"schema":{"@context":"https:\/\/schema.org","@graph":[{"@type":"WebPage","@id":"https:\/\/india.evolutiontravel.it\/infovacanze\/turismo\/turismo-varanasi\/","url":"https:\/\/india.evolutiontravel.it\/infovacanze\/turismo\/turismo-varanasi\/","name":"Varanasi, India: meta del turismo spirituale e pellegrinaggio","isPartOf":{"@id":"https:\/\/india.evolutiontravel.it\/infovacanze\/#website"},"datePublished":"2013-08-12T12:46:28+00:00","dateModified":"2018-11-09T15:44:05+00:00","description":"Varanasi \u00e8 la citt\u00e0 pi\u00f9 antica al mondo. 4000 anni di storia per un viaggio alla scoperta dell\u2019India pi\u00f9 religiosa tra culti e tradizioni.","breadcrumb":{"@id":"https:\/\/india.evolutiontravel.it\/infovacanze\/turismo\/turismo-varanasi\/#breadcrumb"},"inLanguage":"it-IT","potentialAction":[{"@type":"ReadAction","target":["https:\/\/india.evolutiontravel.it\/infovacanze\/turismo\/turismo-varanasi\/"]}]},{"@type":"BreadcrumbList","@id":"https:\/\/india.evolutiontravel.it\/infovacanze\/turismo\/turismo-varanasi\/#breadcrumb","itemListElement":[{"@type":"ListItem","position":1,"name":"Turismo in India","item":"https:\/\/india.evolutiontravel.it\/infovacanze\/turismo\/"},{"@type":"ListItem","position":2,"name":"Varanasi"}]},{"@type":"WebSite","@id":"https:\/\/india.evolutiontravel.it\/infovacanze\/#website","url":"https:\/\/india.evolutiontravel.it\/infovacanze\/","name":"India","description":"","potentialAction":[{"@type":"SearchAction","target":{"@type":"EntryPoint","urlTemplate":"https:\/\/india.evolutiontravel.it\/infovacanze\/?s={search_term_string}"},"query-input":"required name=search_term_string"}],"inLanguage":"it-IT"}]}},"_links":{"self":[{"href":"https:\/\/india.evolutiontravel.it\/infovacanze\/wp-json\/wp\/v2\/pages\/111"}],"collection":[{"href":"https:\/\/india.evolutiontravel.it\/infovacanze\/wp-json\/wp\/v2\/pages"}],"about":[{"href":"https:\/\/india.evolutiontravel.it\/infovacanze\/wp-json\/wp\/v2\/types\/page"}],"author":[{"embeddable":true,"href":"https:\/\/india.evolutiontravel.it\/infovacanze\/wp-json\/wp\/v2\/users\/1"}],"replies":[{"embeddable":true,"href":"https:\/\/india.evolutiontravel.it\/infovacanze\/wp-json\/wp\/v2\/comments?post=111"}],"version-history":[{"count":12,"href":"https:\/\/india.evolutiontravel.it\/infovacanze\/wp-json\/wp\/v2\/pages\/111\/revisions"}],"predecessor-version":[{"id":1460,"href":"https:\/\/india.evolutiontravel.it\/infovacanze\/wp-json\/wp\/v2\/pages\/111\/revisions\/1460"}],"up":[{"embeddable":true,"href":"https:\/\/india.evolutiontravel.it\/infovacanze\/wp-json\/wp\/v2\/pages\/108"}],"wp:attachment":[{"href":"https:\/\/india.evolutiontravel.it\/infovacanze\/wp-json\/wp\/v2\/media?parent=111"}],"curies":[{"name":"wp","href":"https:\/\/api.w.org\/{rel}","templated":true}]}}