{"id":12,"date":"2013-08-07T15:58:57","date_gmt":"2013-08-07T13:58:57","guid":{"rendered":"http:\/\/india.evolutiontravel.it\/infovacanze\/?page_id=12"},"modified":"2018-11-05T16:33:42","modified_gmt":"2018-11-05T15:33:42","slug":"informazioni","status":"publish","type":"page","link":"https:\/\/india.evolutiontravel.it\/infovacanze\/informazioni\/","title":{"rendered":"Informazioni utili sull&#8217;India"},"content":{"rendered":"<p><strong>Prima di partire per l&#8217;India<\/strong>, come per qualsiasi altro paese cos\u00ec diverso e lontano dal nostro, sar\u00e0 bene avere <strong>qualche informazione utile<\/strong> su questa desta destinazione.<\/p>\n<h2>Cosa mettere in valigia<\/h2>\n<p>La prima cosa da sapere \u00e8 <strong>cosa mettere in valigia<\/strong>. Preferite vestiti comodi e in tessuti naturali, inoltre \u00e8 provato che l\u2019abbigliamento a strati vi permette di essere a vostro agio in qualsiasi condizione atmosferica. In generale considerate che <strong>piove di pi\u00f9 da luglio a settembre<\/strong>, come abbiamo scritto in modo pi\u00f9 approfondito nell&#8217;articolo dedicato a &#8220;<strong><a title=\"india quando andare\" href=\"https:\/\/india.evolutiontravel.it\/infovacanze\/divertirsi\/quando-andare\/\">quando andare in India<\/a><\/strong>&#8220;.<\/p>\n<h2>Cucina<\/h2>\n<p>Se vi preoccupa la<strong> <a title=\"cucina indiana\" href=\"https:\/\/india.evolutiontravel.it\/infovacanze\/informazioni\/la-cucina-indiana\/\">cuina indiana<\/a>, <\/strong>beh sappiate che <strong>\u00e8 assolutamente gustosissima<\/strong>, certo troverete differenze nell\u2019uso delle carni, ma il riso e l\u2019abbondanza di verdure non mancano mai, come le famosissime spezie.<\/p>\n<p><strong>Una cosa importante<\/strong>:<strong> l\u2019acqua<\/strong>. E&#8217; consigliato bere <strong>acqua imbottigliata<\/strong>, e non consumate ghiaccio, gelati o tutto ci\u00f2 che potrebbe contenere acqua corrente, succhi di frutta allungati, ecc. La frutta \u00e8 consigliabile sbucciarla prima di mangiarla e attenzione alla verdura cruda, queste attenzioni vi risparmieranno fastidiose gastroenteriti.<\/p>\n<p>Un consiglio \u00e8 portare con voi <strong>farmaci di uso comune<\/strong>, come: antibiotici a largo spettro, antidiarroici, disinfettanti intestinali, integratori della flora intestinale e repellenti per le zanzare.<\/p>\n<h2>Trasporti<\/h2>\n<p><strong>Per quanto riguarda i trasporti<\/strong>, il modo pi\u00f9 efficace per visitare il paese in un buon rapporto tempo e denaro \u00e8 <strong>noleggiare un\u2019auto con autista<\/strong> che vi accompagni <a title=\"india itinerari\" href=\"https:\/\/india.evolutiontravel.it\/infovacanze\/itinerari\/\">nell\u2019itinerario da voi scelto<\/a>, gli autobus di linea sono economici ma sovraffollati e molto lenti, anche la linea ferroviaria indiana \u00e8 assolutamente caratteristica e specchio della cultura del paese, ma ovviamente anche in questo modo allungherete i tempi di percorrenza.<img loading=\"lazy\" decoding=\"async\" class=\"alignright wp-image-242 size-full\" src=\"https:\/\/india.evolutiontravel.it\/infovacanze\/wp-content\/uploads\/sites\/12\/2013\/09\/India-MAPPA.jpg\" alt=\"Mappa India\" width=\"501\" height=\"557\" srcset=\"https:\/\/india.evolutiontravel.it\/infovacanze\/wp-content\/uploads\/sites\/12\/2013\/09\/India-MAPPA.jpg 501w, https:\/\/india.evolutiontravel.it\/infovacanze\/wp-content\/uploads\/sites\/12\/2013\/09\/India-MAPPA-269x300.jpg 269w\" sizes=\"(max-width: 501px) 100vw, 501px\" \/><\/p>\n<h2>Moneta locale<\/h2>\n<p>La <strong>moneta locale \u00e8 la rupia<\/strong> e considerate che le carte di credito e i bancomat non sempre sono accettati, per cui \u00e8 consigliabile avere con s\u00e8 sempre del <strong>contante<\/strong>\u00a0onde evitare eventuali problemi. Quando cambiate denaro in banca o presso un cambiavalute autorizzato, accertatevi che vi rilascino un <strong>certificato di avvenuto incasso<\/strong>. In alcuni alberghi sar\u00e0 necessario esibirlo, prima di effettuare il pagamento con la moneta indiana.<\/p>\n<p>Infine, \u00e8 vero, l&#8217;India \u00e8 un\u00a0paese povero ma ovviamente ci sono differenze e <strong><a title=\"citt\u00e0 indiane\" href=\"https:\/\/india.evolutiontravel.it\/infovacanze\/informazioni\/citta-indiane\/\">distinzioni tra citt\u00e0 e citt\u00e0<\/a><\/strong>. Se si ha spirito di avventura e adattamento e ci si adegua alle particolari abitudini locali, il costo di una\u00a0<strong>singola giornata<\/strong>\u00a0pu\u00f2 non essere superiore ai\u00a0<strong>10 dollari<\/strong>. Se invece preferite <strong>lusso e comodit\u00e0<\/strong>, la spesa giornaliera comunque difficilmente superer\u00e0 i <strong>25 dollari al giorno<\/strong>.<\/p>\n<p>La sezione &#8220;informazioni utili&#8221; contiene molti altri approfondimenti dedicati all&#8217;India, clicca su quello di tuo interesse qui di seguito oppure dai subito un&#8217;occhiata alle <strong><span style=\"color: #008000\">ultime offerte della settimana<\/span><\/strong>.<\/p>\n<ul>\n<li><a title=\"agosto in India\" href=\"https:\/\/india.evolutiontravel.it\/infovacanze\/informazioni\/india-clima-agosto\/\">Agosto in India<\/a><\/li>\n<li><a title=\"settembre in India\" href=\"https:\/\/india.evolutiontravel.it\/infovacanze\/informazioni\/india-clima-settembre\/\">Settembre in India<\/a><\/li>\n<li><a title=\"luglio India\" href=\"https:\/\/india.evolutiontravel.it\/infovacanze\/informazioni\/india-clima-luglio\/\">Luglio in India<\/a><\/li>\n<li><a title=\"citt\u00e0 indiane\" href=\"https:\/\/india.evolutiontravel.it\/infovacanze\/informazioni\/citta-indiane\/\">Citt\u00e0 indiane<\/a><\/li>\n<li><a title=\"Impero Moghul\" href=\"https:\/\/india.evolutiontravel.it\/infovacanze\/da-vedere\/regno-moghul\/\">Impero Moghul<\/a><\/li>\n<li><a title=\"Mar Arabico\" href=\"https:\/\/india.evolutiontravel.it\/infovacanze\/viaggio-india\/india-mare-arabico\/\">Mar Arabico<\/a><\/li>\n<li><a title=\"india turismo\" href=\"https:\/\/india.evolutiontravel.it\/infovacanze\/turismo\/\">Turismo<\/a><\/li>\n<li><a title=\"india sport\" href=\"https:\/\/india.evolutiontravel.it\/infovacanze\/informazioni\/lo-sport-in-india\/\">Sport<\/a><\/li>\n<li><a title=\"india antica\" href=\"https:\/\/india.evolutiontravel.it\/infovacanze\/informazioni\/india-antica\/\">India antica<\/a><\/li>\n<li><a title=\"lingua indiana\" href=\"https:\/\/india.evolutiontravel.it\/infovacanze\/informazioni\/la-lingua-indiana\/\">Lingua indiana<\/a><\/li>\n<li><a title=\"governo indiano\" href=\"https:\/\/india.evolutiontravel.it\/infovacanze\/informazioni\/governo-indiano\/\">Governo indiano<\/a><\/li>\n<li><a title=\"architettura indiana\" href=\"https:\/\/india.evolutiontravel.it\/infovacanze\/informazioni\/architettura-indiana\/\">Architettura indiana<\/a><\/li>\n<li><a title=\"india moderna\" href=\"https:\/\/india.evolutiontravel.it\/infovacanze\/informazioni\/india-moderna\/\">India moderna<\/a> e <a title=\"india antica\" href=\"https:\/\/india.evolutiontravel.it\/infovacanze\/informazioni\/india-antica\/\">India antica<\/a><\/li>\n<li><a title=\"religione induista\" href=\"https:\/\/india.evolutiontravel.it\/infovacanze\/informazioni\/religione-induista\/\">Religione induista<\/a> e <a title=\"religione indiana\" href=\"https:\/\/india.evolutiontravel.it\/infovacanze\/informazioni\/la-religione\/\">Religione indiana<\/a><\/li>\n<li><a title=\"india monsoni\" href=\"https:\/\/india.evolutiontravel.it\/infovacanze\/informazioni\/clima\/\">Monsoni e clima in India<\/a><\/li>\n<\/ul>\n<p>&nbsp;<\/p>\n<p>&nbsp;<\/p>\n<h3 style=\"text-align: center\"><span style=\"color: #008000\">OFFERTE VACANZE IN INDIA<br \/>\n<\/span><\/h3>\n<p style=\"text-align: center\"><strong>TI DICIAMO UN SEGRETO: <\/strong><\/p>\n<p style=\"text-align: center\"><strong>non devi per forza spendere una fortuna per fare una vacanza da sogno!<\/strong><\/p>\n<p style=\"text-align: center\"><strong><span style=\"color: #008000\">CLICCA E SCOPRI TUTTI I DETTAGLI<\/span><\/strong>: <strong>programma<\/strong> viaggio, <strong>foto<\/strong>, <strong>commenti<\/strong> e <strong>servizi inclusi<\/strong>!<\/p>\n<div class=\"feedzy-252d92a5398ce003692244cda37181bd feedzy-rss\">\n\t\t<ul class=\"feedzy-style2\">\n\t\t\t\t\t<li  style=\"padding: 23px 0 38px\" class=\"rss_item feedzy-rss-col-3\" >\n\t\t\t\t\t\t\t\t\t<div class=\"rss_image\" style=\"width:225px; height:225px;\">\n\t\t\t\t\t\t<a href=\"https:\/\/india.evolutiontravel.it\/it_IT\/907\/tab\/31645_il-triangolo-doro-e-varanasi.html\" target=\"_blank\" \n\t\t\t\t\t\t\trel=\"noopener \"\n\t\t\t\t\t\t\ttitle=\"Il Triangolo d&#039;Oro e Varanasi\"\n\t\t\t\t\t\t\tstyle=\"width:225px; height:225px;\">\n\t\t\t\t\t\t\t<span class=\"fetched\" style=\"background-image:  url('http:\/\/etcdn.net\/thumbnails\/31645\/it-nuova-delhi-il-triangolo-doro-e-varanasi-71454.jpg');\" title=\"Il Triangolo d&#039;Oro e Varanasi\"><\/span><amp-img width=\"225\" height=\"225\" src=\"http:\/\/etcdn.net\/thumbnails\/31645\/it-nuova-delhi-il-triangolo-doro-e-varanasi-71454.jpg\">\t\t\t\t\t\t<\/a>\n\t\t\t\t\t<\/div>\n\t\t\t\t\t\t\t\t<div class=\"rss_content_wrap\">\n\t\t\t\t\t<span class=\"title\">\n\t\t\t\t\t\t<a href=\"https:\/\/india.evolutiontravel.it\/it_IT\/907\/tab\/31645_il-triangolo-doro-e-varanasi.html\" target=\"_blank\"  rel=\"noopener \">\n\t\t\t\t\t\t\tIl Triangolo d'Oro e Varanasi\t\t\t\t\t\t<\/a>\n\t\t\t\t\t<\/span>\n\t\t\t\t\t<div class=\"rss_content\"\n\t\t\t\t\t\t\tstyle=\"\">\n\t\t\t\t\t\t\n\t\t\t\t\t\t\t\t\t\t\t\t<p class=\"description\">Viaggio\u00a0breve ed essenziale\u00a0nel Triangolo d'Oro dell\u2019India del Nord con estensione a Varanasi, immersi nella pi\u00f9 autentica [&hellip;]<\/p>\n\t\t\t\t\t\t\n\t\t\t\t\t\t\t\t\t\t\t\t\t\t\t\t\t\t\t<div class=\"price-wrap\">\n\t\t\t\t\t\t\t\t<a href=\"https:\/\/india.evolutiontravel.it\/it_IT\/907\/tab\/31645_il-triangolo-doro-e-varanasi.html\" target=\"_blank\" rel=\"noopener\"><button class=\"price\"> 1337<\/button><\/a>\n\t\t\t\t\t\t\t<\/div>\n\t\t\t\t\t\t\t\t\t\t\t<\/div>\n\t\t\t\t<\/div>\n\t\t\t<\/li>\n\t\t\t\t\t\t<li  style=\"padding: 23px 0 38px\" class=\"rss_item feedzy-rss-col-3\" >\n\t\t\t\t\t\t\t\t\t<div class=\"rss_image\" style=\"width:225px; height:225px;\">\n\t\t\t\t\t\t<a href=\"https:\/\/india.evolutiontravel.it\/it_IT\/907\/tab\/3973_il-triangolo-doro.html\" target=\"_blank\" \n\t\t\t\t\t\t\trel=\"noopener \"\n\t\t\t\t\t\t\ttitle=\"Il Triangolo d&#039;Oro\"\n\t\t\t\t\t\t\tstyle=\"width:225px; height:225px;\">\n\t\t\t\t\t\t\t<span class=\"fetched\" style=\"background-image:  url('http:\/\/etcdn.net\/thumbnails\/3973\/it-nuova-delhi-il-triangolo-doro-dellindia-del-nord-53004.jpg');\" title=\"Il Triangolo d&#039;Oro\"><\/span><amp-img width=\"225\" height=\"225\" src=\"http:\/\/etcdn.net\/thumbnails\/3973\/it-nuova-delhi-il-triangolo-doro-dellindia-del-nord-53004.jpg\">\t\t\t\t\t\t<\/a>\n\t\t\t\t\t<\/div>\n\t\t\t\t\t\t\t\t<div class=\"rss_content_wrap\">\n\t\t\t\t\t<span class=\"title\">\n\t\t\t\t\t\t<a href=\"https:\/\/india.evolutiontravel.it\/it_IT\/907\/tab\/3973_il-triangolo-doro.html\" target=\"_blank\"  rel=\"noopener \">\n\t\t\t\t\t\t\tIl Triangolo d'Oro\t\t\t\t\t\t<\/a>\n\t\t\t\t\t<\/span>\n\t\t\t\t\t<div class=\"rss_content\"\n\t\t\t\t\t\t\tstyle=\"\">\n\t\t\t\t\t\t\n\t\t\t\t\t\t\t\t\t\t\t\t<p class=\"description\">Un\u2019esperienza memorabile che in breve tempo permette, al viaggiatore che visita per la prima volta l\u2019India, di apprezzare i [&hellip;]<\/p>\n\t\t\t\t\t\t\n\t\t\t\t\t\t\t\t\t\t\t\t\t\t\t\t\t\t\t<div class=\"price-wrap\">\n\t\t\t\t\t\t\t\t<a href=\"https:\/\/india.evolutiontravel.it\/it_IT\/907\/tab\/3973_il-triangolo-doro.html\" target=\"_blank\" rel=\"noopener\"><button class=\"price\"> 880<\/button><\/a>\n\t\t\t\t\t\t\t<\/div>\n\t\t\t\t\t\t\t\t\t\t\t<\/div>\n\t\t\t\t<\/div>\n\t\t\t<\/li>\n\t\t\t\t\t\t<li  style=\"padding: 23px 0 38px\" class=\"rss_item feedzy-rss-col-3\" >\n\t\t\t\t\t\t\t\t\t<div class=\"rss_image\" style=\"width:225px; height:225px;\">\n\t\t\t\t\t\t<a href=\"https:\/\/india.evolutiontravel.it\/it_IT\/907\/tab\/40289_tour-di-gruppo-in-kerala.html\" target=\"_blank\" \n\t\t\t\t\t\t\trel=\"noopener \"\n\t\t\t\t\t\t\ttitle=\"Tour di gruppo in Kerala\"\n\t\t\t\t\t\t\tstyle=\"width:225px; height:225px;\">\n\t\t\t\t\t\t\t<span class=\"fetched\" style=\"background-image:  url('http:\/\/etcdn.net\/thumbnails\/40289\/it-kochi-alla-scoperta-del-kerala-807ba.jpg');\" title=\"Tour di gruppo in Kerala\"><\/span><amp-img width=\"225\" height=\"225\" src=\"http:\/\/etcdn.net\/thumbnails\/40289\/it-kochi-alla-scoperta-del-kerala-807ba.jpg\">\t\t\t\t\t\t<\/a>\n\t\t\t\t\t<\/div>\n\t\t\t\t\t\t\t\t<div class=\"rss_content_wrap\">\n\t\t\t\t\t<span class=\"title\">\n\t\t\t\t\t\t<a href=\"https:\/\/india.evolutiontravel.it\/it_IT\/907\/tab\/40289_tour-di-gruppo-in-kerala.html\" target=\"_blank\"  rel=\"noopener \">\n\t\t\t\t\t\t\tTour di gruppo in Kerala\t\t\t\t\t\t<\/a>\n\t\t\t\t\t<\/span>\n\t\t\t\t\t<div class=\"rss_content\"\n\t\t\t\t\t\t\tstyle=\"\">\n\t\t\t\t\t\t\n\t\t\t\t\t\t\t\t\t\t\t\t<p class=\"description\">Viaggio di gruppo guidato di 8 giorni alla scoperta del Kerala.<\/p>\n\t\t\t\t\t\t\n\t\t\t\t\t\t\t\t\t\t\t\t\t\t\t\t\t\t\t<div class=\"price-wrap\">\n\t\t\t\t\t\t\t\t<a href=\"https:\/\/india.evolutiontravel.it\/it_IT\/907\/tab\/40289_tour-di-gruppo-in-kerala.html\" target=\"_blank\" rel=\"noopener\"><button class=\"price\"> 967<\/button><\/a>\n\t\t\t\t\t\t\t<\/div>\n\t\t\t\t\t\t\t\t\t\t\t<\/div>\n\t\t\t\t<\/div>\n\t\t\t<\/li>\n\t\t\t\t\t\t<li  style=\"padding: 23px 0 38px\" class=\"rss_item feedzy-rss-col-3\" >\n\t\t\t\t\t\t\t\t\t<div class=\"rss_image\" style=\"width:225px; height:225px;\">\n\t\t\t\t\t\t<a href=\"https:\/\/india.evolutiontravel.it\/it_IT\/907\/tab\/39915_alla-scoperta-del-triangolo-doro.html\" target=\"_blank\" \n\t\t\t\t\t\t\trel=\"noopener \"\n\t\t\t\t\t\t\ttitle=\"Alla scoperta del Triangolo d&#039;Oro\"\n\t\t\t\t\t\t\tstyle=\"width:225px; height:225px;\">\n\t\t\t\t\t\t\t<span class=\"fetched\" style=\"background-image:  url('http:\/\/etcdn.net\/thumbnails\/39915\/it-nuova-delhi-alla-scoperta-del-triangolo-doro-7e158.jpg');\" title=\"Alla scoperta del Triangolo d&#039;Oro\"><\/span><amp-img width=\"225\" height=\"225\" src=\"http:\/\/etcdn.net\/thumbnails\/39915\/it-nuova-delhi-alla-scoperta-del-triangolo-doro-7e158.jpg\">\t\t\t\t\t\t<\/a>\n\t\t\t\t\t<\/div>\n\t\t\t\t\t\t\t\t<div class=\"rss_content_wrap\">\n\t\t\t\t\t<span class=\"title\">\n\t\t\t\t\t\t<a href=\"https:\/\/india.evolutiontravel.it\/it_IT\/907\/tab\/39915_alla-scoperta-del-triangolo-doro.html\" target=\"_blank\"  rel=\"noopener \">\n\t\t\t\t\t\t\tAlla scoperta del Triangolo d'Oro\t\t\t\t\t\t<\/a>\n\t\t\t\t\t<\/span>\n\t\t\t\t\t<div class=\"rss_content\"\n\t\t\t\t\t\t\tstyle=\"\">\n\t\t\t\t\t\t\n\t\t\t\t\t\t\t\t\t\t\t\t<p class=\"description\">Un tour alla scoperta del Triangolo d'Oro indiano, adatto a chi vuole avere un primo approccio a questo straordinario Paese. Un [&hellip;]<\/p>\n\t\t\t\t\t\t\n\t\t\t\t\t\t\t\t\t\t\t\t\t\t\t\t\t\t\t<div class=\"price-wrap\">\n\t\t\t\t\t\t\t\t<a href=\"https:\/\/india.evolutiontravel.it\/it_IT\/907\/tab\/39915_alla-scoperta-del-triangolo-doro.html\" target=\"_blank\" rel=\"noopener\"><button class=\"price\"> 820<\/button><\/a>\n\t\t\t\t\t\t\t<\/div>\n\t\t\t\t\t\t\t\t\t\t\t<\/div>\n\t\t\t\t<\/div>\n\t\t\t<\/li>\n\t\t\t\t\t\t<li  style=\"padding: 23px 0 38px\" class=\"rss_item feedzy-rss-col-3\" >\n\t\t\t\t\t\t\t\t\t<div class=\"rss_image\" style=\"width:225px; height:225px;\">\n\t\t\t\t\t\t<a href=\"https:\/\/india.evolutiontravel.it\/it_IT\/907\/tab\/39919_alla-scoperta-del-rajasthan.html\" target=\"_blank\" \n\t\t\t\t\t\t\trel=\"noopener \"\n\t\t\t\t\t\t\ttitle=\"Alla scoperta del Rajasthan\"\n\t\t\t\t\t\t\tstyle=\"width:225px; height:225px;\">\n\t\t\t\t\t\t\t<span class=\"fetched\" style=\"background-image:  url('http:\/\/etcdn.net\/thumbnails\/39919\/it-nuova-delhi-alla-scoperta-del-rajasthan-7e228.jpg');\" title=\"Alla scoperta del Rajasthan\"><\/span><amp-img width=\"225\" height=\"225\" src=\"http:\/\/etcdn.net\/thumbnails\/39919\/it-nuova-delhi-alla-scoperta-del-rajasthan-7e228.jpg\">\t\t\t\t\t\t<\/a>\n\t\t\t\t\t<\/div>\n\t\t\t\t\t\t\t\t<div class=\"rss_content_wrap\">\n\t\t\t\t\t<span class=\"title\">\n\t\t\t\t\t\t<a href=\"https:\/\/india.evolutiontravel.it\/it_IT\/907\/tab\/39919_alla-scoperta-del-rajasthan.html\" target=\"_blank\"  rel=\"noopener \">\n\t\t\t\t\t\t\tAlla scoperta del Rajasthan\t\t\t\t\t\t<\/a>\n\t\t\t\t\t<\/span>\n\t\t\t\t\t<div class=\"rss_content\"\n\t\t\t\t\t\t\tstyle=\"\">\n\t\t\t\t\t\t\n\t\t\t\t\t\t\t\t\t\t\t\t<p class=\"description\">Un tour completo di 13 giorni che regala emozioni uniche lungo il Rajasthan ed i suoi luoghi pi\u00f9 suggestivi: Delhi, Mandawa, [&hellip;]<\/p>\n\t\t\t\t\t\t\n\t\t\t\t\t\t\t\t\t\t\t\t\t\t\t\t\t\t\t<div class=\"price-wrap\">\n\t\t\t\t\t\t\t\t<a href=\"https:\/\/india.evolutiontravel.it\/it_IT\/907\/tab\/39919_alla-scoperta-del-rajasthan.html\" target=\"_blank\" rel=\"noopener\"><button class=\"price\"> 1473<\/button><\/a>\n\t\t\t\t\t\t\t<\/div>\n\t\t\t\t\t\t\t\t\t\t\t<\/div>\n\t\t\t\t<\/div>\n\t\t\t<\/li>\n\t\t\t\t\t\t<li  style=\"padding: 23px 0 38px\" class=\"rss_item feedzy-rss-col-3\" >\n\t\t\t\t\t\t\t\t\t<div class=\"rss_image\" style=\"width:225px; height:225px;\">\n\t\t\t\t\t\t<a href=\"https:\/\/india.evolutiontravel.it\/it_IT\/907\/tab\/2299_rajasthan-express-e-agra.html\" target=\"_blank\" \n\t\t\t\t\t\t\trel=\"noopener \"\n\t\t\t\t\t\t\ttitle=\"Rajasthan Express e Agra\"\n\t\t\t\t\t\t\tstyle=\"width:225px; height:225px;\">\n\t\t\t\t\t\t\t<span class=\"fetched\" style=\"background-image:  url('http:\/\/etcdn.net\/thumbnails\/2299\/it-nuova-delhi-rajasthan-express-e-agra-530c6.jpg');\" title=\"Rajasthan Express e Agra\"><\/span><amp-img width=\"225\" height=\"225\" src=\"http:\/\/etcdn.net\/thumbnails\/2299\/it-nuova-delhi-rajasthan-express-e-agra-530c6.jpg\">\t\t\t\t\t\t<\/a>\n\t\t\t\t\t<\/div>\n\t\t\t\t\t\t\t\t<div class=\"rss_content_wrap\">\n\t\t\t\t\t<span class=\"title\">\n\t\t\t\t\t\t<a href=\"https:\/\/india.evolutiontravel.it\/it_IT\/907\/tab\/2299_rajasthan-express-e-agra.html\" target=\"_blank\"  rel=\"noopener \">\n\t\t\t\t\t\t\tRajasthan Express e Agra\t\t\t\t\t\t<\/a>\n\t\t\t\t\t<\/span>\n\t\t\t\t\t<div class=\"rss_content\"\n\t\t\t\t\t\t\tstyle=\"\">\n\t\t\t\t\t\t\n\t\t\t\t\t\t\t\t\t\t\t\t<p class=\"description\">Un\u00a0tour classico\u00a0alla scoperta della meravigliosa regione del\u00a0Rajasthan, delle dimore dei vecchi\u00a0maharaja\u00a0e delle loro [&hellip;]<\/p>\n\t\t\t\t\t\t\n\t\t\t\t\t\t\t\t\t\t\t\t\t\t\t\t\t\t\t<div class=\"price-wrap\">\n\t\t\t\t\t\t\t\t<a href=\"https:\/\/india.evolutiontravel.it\/it_IT\/907\/tab\/2299_rajasthan-express-e-agra.html\" target=\"_blank\" rel=\"noopener\"><button class=\"price\"> 1480<\/button><\/a>\n\t\t\t\t\t\t\t<\/div>\n\t\t\t\t\t\t\t\t\t\t\t<\/div>\n\t\t\t\t<\/div>\n\t\t\t<\/li>\n\t\t\t\t<\/ul>\n<\/div>\n<style type=\"text\/css\" media=\"all\">.feedzy-rss .rss_item .rss_image{float:left;position:relative;border:none;text-decoration:none;max-width:100%}.feedzy-rss .rss_item .rss_image span{display:inline-block;position:absolute;width:100%;height:100%;background-position:50%;background-size:cover}.feedzy-rss .rss_item .rss_image{margin:.3em 1em 0 0;content-visibility:auto}.feedzy-rss ul{list-style:none}.feedzy-rss ul li{display:inline-block}<\/style>\n","protected":false},"excerpt":{"rendered":"<p>Prima di partire per l&#8217;India, come per qualsiasi altro paese cos\u00ec diverso e lontano dal nostro, sar\u00e0 bene avere qualche informazione utile su questa desta destinazione. Cosa mettere in valigia La prima cosa da sapere \u00e8 cosa mettere in valigia. Preferite vestiti comodi e in tessuti naturali, inoltre \u00e8 provato che l\u2019abbigliamento a strati vi <a class=\"moretag\" href=\"https:\/\/india.evolutiontravel.it\/infovacanze\/informazioni\/\">[&#8230;]<\/a><\/p>\n","protected":false},"author":1,"featured_media":0,"parent":0,"menu_order":0,"comment_status":"closed","ping_status":"open","template":"templates\/template-with-right-sidebar.php","meta":{"footnotes":""},"yoast_head":"<!-- This site is optimized with the Yoast SEO plugin v21.9.1 - https:\/\/yoast.com\/wordpress\/plugins\/seo\/ -->\n<title>India: informazioni utili per conoscere il Paese - Speciale Vacanze in India<\/title>\n<meta name=\"description\" content=\"Informazioni utili sull&#039;India: lingua parlata, moneta corrente, religioni praticate e ordinamento dello stato. Parti informato e apprezzerai ancora di pi\u00f9 questa magica destinazione. Scopri in un click anche tutte le nostre migliori offerte!\" \/>\n<meta name=\"robots\" content=\"index, follow, max-snippet:-1, max-image-preview:large, max-video-preview:-1\" \/>\n<link rel=\"canonical\" href=\"https:\/\/india.evolutiontravel.it\/infovacanze\/informazioni\/\" \/>\n<meta name=\"twitter:label1\" content=\"Tempo di lettura stimato\" \/>\n\t<meta name=\"twitter:data1\" content=\"3 minuti\" \/>\n<script type=\"application\/ld+json\" class=\"yoast-schema-graph\">{\"@context\":\"https:\/\/schema.org\",\"@graph\":[{\"@type\":\"WebPage\",\"@id\":\"https:\/\/india.evolutiontravel.it\/infovacanze\/informazioni\/\",\"url\":\"https:\/\/india.evolutiontravel.it\/infovacanze\/informazioni\/\",\"name\":\"India: informazioni utili per conoscere il Paese - Speciale Vacanze in India\",\"isPartOf\":{\"@id\":\"https:\/\/india.evolutiontravel.it\/infovacanze\/#website\"},\"datePublished\":\"2013-08-07T13:58:57+00:00\",\"dateModified\":\"2018-11-05T15:33:42+00:00\",\"description\":\"Informazioni utili sull'India: lingua parlata, moneta corrente, religioni praticate e ordinamento dello stato. Parti informato e apprezzerai ancora di pi\u00f9 questa magica destinazione. Scopri in un click anche tutte le nostre migliori offerte!\",\"inLanguage\":\"it-IT\",\"potentialAction\":[{\"@type\":\"ReadAction\",\"target\":[\"https:\/\/india.evolutiontravel.it\/infovacanze\/informazioni\/\"]}]},{\"@type\":\"WebSite\",\"@id\":\"https:\/\/india.evolutiontravel.it\/infovacanze\/#website\",\"url\":\"https:\/\/india.evolutiontravel.it\/infovacanze\/\",\"name\":\"India\",\"description\":\"\",\"potentialAction\":[{\"@type\":\"SearchAction\",\"target\":{\"@type\":\"EntryPoint\",\"urlTemplate\":\"https:\/\/india.evolutiontravel.it\/infovacanze\/?s={search_term_string}\"},\"query-input\":\"required name=search_term_string\"}],\"inLanguage\":\"it-IT\"}]}<\/script>\n<!-- \/ Yoast SEO plugin. -->","yoast_head_json":{"title":"India: informazioni utili per conoscere il Paese - Speciale Vacanze in India","description":"Informazioni utili sull'India: lingua parlata, moneta corrente, religioni praticate e ordinamento dello stato. Parti informato e apprezzerai ancora di pi\u00f9 questa magica destinazione. Scopri in un click anche tutte le nostre migliori offerte!","robots":{"index":"index","follow":"follow","max-snippet":"max-snippet:-1","max-image-preview":"max-image-preview:large","max-video-preview":"max-video-preview:-1"},"canonical":"https:\/\/india.evolutiontravel.it\/infovacanze\/informazioni\/","twitter_misc":{"Tempo di lettura stimato":"3 minuti"},"schema":{"@context":"https:\/\/schema.org","@graph":[{"@type":"WebPage","@id":"https:\/\/india.evolutiontravel.it\/infovacanze\/informazioni\/","url":"https:\/\/india.evolutiontravel.it\/infovacanze\/informazioni\/","name":"India: informazioni utili per conoscere il Paese - Speciale Vacanze in India","isPartOf":{"@id":"https:\/\/india.evolutiontravel.it\/infovacanze\/#website"},"datePublished":"2013-08-07T13:58:57+00:00","dateModified":"2018-11-05T15:33:42+00:00","description":"Informazioni utili sull'India: lingua parlata, moneta corrente, religioni praticate e ordinamento dello stato. Parti informato e apprezzerai ancora di pi\u00f9 questa magica destinazione. Scopri in un click anche tutte le nostre migliori offerte!","inLanguage":"it-IT","potentialAction":[{"@type":"ReadAction","target":["https:\/\/india.evolutiontravel.it\/infovacanze\/informazioni\/"]}]},{"@type":"WebSite","@id":"https:\/\/india.evolutiontravel.it\/infovacanze\/#website","url":"https:\/\/india.evolutiontravel.it\/infovacanze\/","name":"India","description":"","potentialAction":[{"@type":"SearchAction","target":{"@type":"EntryPoint","urlTemplate":"https:\/\/india.evolutiontravel.it\/infovacanze\/?s={search_term_string}"},"query-input":"required name=search_term_string"}],"inLanguage":"it-IT"}]}},"_links":{"self":[{"href":"https:\/\/india.evolutiontravel.it\/infovacanze\/wp-json\/wp\/v2\/pages\/12"}],"collection":[{"href":"https:\/\/india.evolutiontravel.it\/infovacanze\/wp-json\/wp\/v2\/pages"}],"about":[{"href":"https:\/\/india.evolutiontravel.it\/infovacanze\/wp-json\/wp\/v2\/types\/page"}],"author":[{"embeddable":true,"href":"https:\/\/india.evolutiontravel.it\/infovacanze\/wp-json\/wp\/v2\/users\/1"}],"replies":[{"embeddable":true,"href":"https:\/\/india.evolutiontravel.it\/infovacanze\/wp-json\/wp\/v2\/comments?post=12"}],"version-history":[{"count":37,"href":"https:\/\/india.evolutiontravel.it\/infovacanze\/wp-json\/wp\/v2\/pages\/12\/revisions"}],"predecessor-version":[{"id":1415,"href":"https:\/\/india.evolutiontravel.it\/infovacanze\/wp-json\/wp\/v2\/pages\/12\/revisions\/1415"}],"wp:attachment":[{"href":"https:\/\/india.evolutiontravel.it\/infovacanze\/wp-json\/wp\/v2\/media?parent=12"}],"curies":[{"name":"wp","href":"https:\/\/api.w.org\/{rel}","templated":true}]}}