{"id":121,"date":"2013-08-12T14:53:51","date_gmt":"2013-08-12T12:53:51","guid":{"rendered":"http:\/\/india.evolutiontravel.it\/infovacanze\/?page_id=121"},"modified":"2018-11-09T15:44:42","modified_gmt":"2018-11-09T14:44:42","slug":"spiagge-kerala","status":"publish","type":"page","link":"https:\/\/india.evolutiontravel.it\/infovacanze\/turismo\/spiagge-kerala\/","title":{"rendered":"Spiagge a Kerala"},"content":{"rendered":"<p>Perch\u00e9 andare in una delle\u00a0<strong>spiagge di Kerala<\/strong>\u00a0in vacanza? I motivi sono tanti, potremmo iniziare citando le splendide e rilassanti acque del <a title=\"mar arabico\" href=\"https:\/\/india.evolutiontravel.it\/infovacanze\/viaggio-india\/india-mare-arabico\/\"><strong>Mar Arabico<\/strong><\/a>, i paesaggi mozzafiato e per finire con <strong>Kovalam<\/strong>\u00a0e <strong>Papanasam<\/strong>.<\/p>\n<p>Nulla per\u00f2 equivarrebbe alle emozioni e sensazioni che si possono vivere direttamente in questi luoghi da favola: le\u00a0spiagge del Kerala, regione situata nell\u2019India meridionale, renderanno la vostra vacanza indimenticabile.<\/p>\n<p>La\u00a0<strong>costa del Kerala<\/strong>\u00a0\u00e8 abbastanza lunga e si estende per circa 600 km. La pi\u00f9 celebre \u00e8 la <strong>Kovalam, localit\u00e0 balneare per eccellenza<\/strong> dell\u2019India meridionale; nonostante sia la pi\u00f9 affollata conserva il suo spirito <strong>tra splendide palme e noci di cocco<\/strong>. Inoltre, in alcuni angoli meno transitati, la spiaggia stupisce per il suo carattere selvaggio.<\/p>\n<div id=\"attachment_416\" style=\"width: 310px\" class=\"wp-caption alignright\"><img loading=\"lazy\" decoding=\"async\" aria-describedby=\"caption-attachment-416\" class=\"wp-image-416 size-medium\" src=\"http:\/\/india.evolutiontravel.it\/infovacanze\/wp-content\/uploads\/sites\/12\/2013\/10\/kerala-300x201.jpg\" alt=\"Kerala\" width=\"300\" height=\"201\" srcset=\"https:\/\/india.evolutiontravel.it\/infovacanze\/wp-content\/uploads\/sites\/12\/2013\/10\/kerala-300x201.jpg 300w, https:\/\/india.evolutiontravel.it\/infovacanze\/wp-content\/uploads\/sites\/12\/2013\/10\/kerala-445x300.jpg 445w, https:\/\/india.evolutiontravel.it\/infovacanze\/wp-content\/uploads\/sites\/12\/2013\/10\/kerala.jpg 822w\" sizes=\"(max-width: 300px) 100vw, 300px\" \/><p id=\"caption-attachment-416\" class=\"wp-caption-text\">Kerala<\/p><\/div>\n<p>Altra spiaggia di indubbio fascino \u00e8\u00a0<strong>Varkala<\/strong>, apprezzata per i suoi angoli verdi e rigogliosi.<\/p>\n<p><strong>Papanasam <\/strong>\u00e8 famosa per <strong>le scogliere e il faro<\/strong>. E\u2019 chiamata \u201c<em>la terra del cocco<\/em>\u201d dato che da queste parti il frutto \u00e8 abbondante e facilmente reperibile. Altri splendidi luoghi da vedere e vivere al massimo delle proprie possibilit\u00e0, <a title=\"laccadive\" href=\"https:\/\/india.evolutiontravel.it\/infovacanze\/destinazioni\/isole-laccadive\/\">sono le\u00a0<strong>isole Laccadive<\/strong><\/a>, insieme di dodici atolli e di molte isolette deliziose.<\/p>\n<p>Oltre alla vita di mare, a Kerala potrete fare anche diversi <strong>tour ed escursioni<\/strong> cos\u00ec come praticare <a title=\"kerala snorkeling\" href=\"https:\/\/india.evolutiontravel.it\/infovacanze\/divertirsi\/snorkeling-a-kerala\/\"><strong>snorkeling<\/strong><\/a> e <strong>altri sport acquatici<\/strong> esplorando le zone pi\u00f9 interne e infine addentrarsi <strong>nella giungla a dorso di elefante<\/strong>.<\/p>\n<p>Chi invece desidera una <strong>vacanza pi\u00f9 romantica<\/strong>, in compagnia della dolce met\u00e0, non pu\u00f2 non <strong>navigare per i canali d\u2019acqua<\/strong> a bordo delle caratteristiche imbarcazioni locali. Specialmente suggestiva \u00e8 l<strong>\u2019houseboat<\/strong>, una casa galleggiante disponibile in varie dimensioni che offre un rifugio incantevole dalla vita moderna ed \u00e8 l\u2019ideale per respirare al meglio l\u2019atmosfera di questa regione.<\/p>\n<p>Insomma, non so se lo avete capito ma il <a title=\"kerala vacanze\" href=\"https:\/\/india.evolutiontravel.it\/infovacanze\/turismo\/turismo-kerala\/\"><strong>Kerala<\/strong>\u00a0\u00e8 incantevole<\/a> e perfetto <strong>sia di giorno che di notte<\/strong>: nelle ore diurne si fa apprezzare per le sue spiagge, sempre accarezzate da un sole forte ma non fastidioso, e una temperatura ideale per chi desidera godersi il tempo libero tra la battigia e l\u2019acqua. Nelle ore notturne una brezza tanto leggera quanto piacevole allieta la serata, dando un\u2019invidiabile tranquillit\u00e0 e creando un\u2019atmosfera stupenda.<\/p>\n<p>Infine, per completare la vacanza andate a visitare <strong>i villaggi dei pescatori<\/strong> che intervallano queste spiagge: qui si possono trovare <strong>ristoranti deliziosi<\/strong>, dove mangerete <a title=\"cucina tipica indiana\" href=\"https:\/\/india.evolutiontravel.it\/infovacanze\/informazioni\/la-cucina-indiana\/\">i tipici piatti locali<\/a> di pesce, e si possono vedere angoli suggestivi che resteranno nella memoria di ogni turista come il tramonto da ammirare e fotografare sia dalla spiaggia che dai promontori.<\/p>\n<p>&nbsp;<\/p>\n<h3 style=\"text-align: center\"><span style=\"color: #008000\"><strong>\u00a0VACANZE A KERALA<\/strong><\/span> con le offerte di Evolution Travel<\/h3>\n<p style=\"text-align: center\">In un solo click scopri <strong><span style=\"color: #008000\">TUTTI I DETTAGLI DEL VIAGGIO<\/span><\/strong><\/p>\n<p style=\"text-align: center\"><strong>programma<\/strong> dettagliato, <strong>foto<\/strong>, <strong>recensioni<\/strong>, <strong>itinerari<\/strong> e <strong>servizi inclusi<\/strong>!<\/p>\n<p style=\"text-align: center\"><span style=\"color: #008000\"><strong>CLICCA ADESSO E NON PERDERE QUESTA OCCASIONE!<\/strong><\/span><\/p>\n<div class=\"feedzy-f264bf984698cb159a216a87581da598 feedzy-rss\">\n\t\t<ul class=\"feedzy-style2\">\n\t\t\t\t\t<li  style=\"padding: 23px 0 38px\" class=\"rss_item feedzy-rss-col-3\" >\n\t\t\t\t\t\t\t\t\t<div class=\"rss_image\" style=\"width:225px; height:225px;\">\n\t\t\t\t\t\t<a href=\"https:\/\/india.evolutiontravel.it\/it_IT\/907\/tab\/40289_tour-di-gruppo-in-kerala.html\" target=\"_blank\" \n\t\t\t\t\t\t\trel=\"noopener \"\n\t\t\t\t\t\t\ttitle=\"Tour di gruppo in Kerala\"\n\t\t\t\t\t\t\tstyle=\"width:225px; height:225px;\">\n\t\t\t\t\t\t\t<span class=\"fetched\" style=\"background-image:  url('http:\/\/etcdn.net\/thumbnails\/40289\/it-kochi-alla-scoperta-del-kerala-807ba.jpg');\" title=\"Tour di gruppo in Kerala\"><\/span><amp-img width=\"225\" height=\"225\" src=\"http:\/\/etcdn.net\/thumbnails\/40289\/it-kochi-alla-scoperta-del-kerala-807ba.jpg\">\t\t\t\t\t\t<\/a>\n\t\t\t\t\t<\/div>\n\t\t\t\t\t\t\t\t<div class=\"rss_content_wrap\">\n\t\t\t\t\t<span class=\"title\">\n\t\t\t\t\t\t<a href=\"https:\/\/india.evolutiontravel.it\/it_IT\/907\/tab\/40289_tour-di-gruppo-in-kerala.html\" target=\"_blank\"  rel=\"noopener \">\n\t\t\t\t\t\t\tTour di gruppo in Kerala\t\t\t\t\t\t<\/a>\n\t\t\t\t\t<\/span>\n\t\t\t\t\t<div class=\"rss_content\"\n\t\t\t\t\t\t\tstyle=\"\">\n\t\t\t\t\t\t\n\t\t\t\t\t\t\t\t\t\t\t\t<p class=\"description\">Viaggio di gruppo guidato di 8 giorni alla scoperta del Kerala.<\/p>\n\t\t\t\t\t\t\n\t\t\t\t\t\t\t\t\t\t\t\t\t\t\t\t\t\t\t<div class=\"price-wrap\">\n\t\t\t\t\t\t\t\t<a href=\"https:\/\/india.evolutiontravel.it\/it_IT\/907\/tab\/40289_tour-di-gruppo-in-kerala.html\" target=\"_blank\" rel=\"noopener\"><button class=\"price\"> 967<\/button><\/a>\n\t\t\t\t\t\t\t<\/div>\n\t\t\t\t\t\t\t\t\t\t\t<\/div>\n\t\t\t\t<\/div>\n\t\t\t<\/li>\n\t\t\t\t\t\t<li  style=\"padding: 23px 0 38px\" class=\"rss_item feedzy-rss-col-3\" >\n\t\t\t\t\t\t\t\t\t<div class=\"rss_image\" style=\"width:225px; height:225px;\">\n\t\t\t\t\t\t<a href=\"https:\/\/india.evolutiontravel.it\/it_IT\/907\/tab\/3936_tour-classico-del-kerala.html\" target=\"_blank\" \n\t\t\t\t\t\t\trel=\"noopener \"\n\t\t\t\t\t\t\ttitle=\"Tour classico del Kerala\"\n\t\t\t\t\t\t\tstyle=\"width:225px; height:225px;\">\n\t\t\t\t\t\t\t<span class=\"fetched\" style=\"background-image:  url('http:\/\/etcdn.net\/thumbnails\/3936\/it-kochi-tour-classico-del-kerala-530a3.jpg');\" title=\"Tour classico del Kerala\"><\/span><amp-img width=\"225\" height=\"225\" src=\"http:\/\/etcdn.net\/thumbnails\/3936\/it-kochi-tour-classico-del-kerala-530a3.jpg\">\t\t\t\t\t\t<\/a>\n\t\t\t\t\t<\/div>\n\t\t\t\t\t\t\t\t<div class=\"rss_content_wrap\">\n\t\t\t\t\t<span class=\"title\">\n\t\t\t\t\t\t<a href=\"https:\/\/india.evolutiontravel.it\/it_IT\/907\/tab\/3936_tour-classico-del-kerala.html\" target=\"_blank\"  rel=\"noopener \">\n\t\t\t\t\t\t\tTour classico del Kerala\t\t\t\t\t\t<\/a>\n\t\t\t\t\t<\/span>\n\t\t\t\t\t<div class=\"rss_content\"\n\t\t\t\t\t\t\tstyle=\"\">\n\t\t\t\t\t\t\n\t\t\t\t\t\t\t\t\t\t\t\t<p class=\"description\">Passo dopo passo alla scoperta della regione pi\u00f9 lussureggiante di tutta l\u2019India. Spiagge, foreste e parchi nazionali, tutto [&hellip;]<\/p>\n\t\t\t\t\t\t\n\t\t\t\t\t\t\t\t\t\t\t\t\t\t\t\t\t<\/div>\n\t\t\t\t<\/div>\n\t\t\t<\/li>\n\t\t\t\t<\/ul>\n<\/div>\n<style type=\"text\/css\" media=\"all\">.feedzy-rss .rss_item .rss_image{float:left;position:relative;border:none;text-decoration:none;max-width:100%}.feedzy-rss .rss_item .rss_image span{display:inline-block;position:absolute;width:100%;height:100%;background-position:50%;background-size:cover}.feedzy-rss .rss_item .rss_image{margin:.3em 1em 0 0;content-visibility:auto}.feedzy-rss ul{list-style:none}.feedzy-rss ul li{display:inline-block}<\/style>\n","protected":false},"excerpt":{"rendered":"<p>Perch\u00e9 andare in una delle\u00a0spiagge di Kerala\u00a0in vacanza? I motivi sono tanti, potremmo iniziare citando le splendide e rilassanti acque del Mar Arabico, i paesaggi mozzafiato e per finire con Kovalam\u00a0e Papanasam. Nulla per\u00f2 equivarrebbe alle emozioni e sensazioni che si possono vivere direttamente in questi luoghi da favola: le\u00a0spiagge del Kerala, regione situata nell\u2019India <a class=\"moretag\" href=\"https:\/\/india.evolutiontravel.it\/infovacanze\/turismo\/spiagge-kerala\/\">[&#8230;]<\/a><\/p>\n","protected":false},"author":1,"featured_media":0,"parent":108,"menu_order":0,"comment_status":"closed","ping_status":"open","template":"templates\/template-with-right-sidebar.php","meta":{"footnotes":""},"yoast_head":"<!-- This site is optimized with the Yoast SEO plugin v21.9.1 - https:\/\/yoast.com\/wordpress\/plugins\/seo\/ -->\n<title>Spiagge Kerala, 600 km di costa in India per vacanze sole e mare<\/title>\n<meta name=\"description\" content=\"Il Kerala \u00e8 la regione ideale per chi ama spiagge, mare e angoli suggestivi. Scopri con noi questa destianzione e parti grazie alle nostre offerte!\" \/>\n<meta name=\"robots\" content=\"index, follow, max-snippet:-1, max-image-preview:large, max-video-preview:-1\" \/>\n<link rel=\"canonical\" href=\"https:\/\/india.evolutiontravel.it\/infovacanze\/turismo\/spiagge-kerala\/\" \/>\n<meta name=\"twitter:label1\" content=\"Tempo di lettura stimato\" \/>\n\t<meta name=\"twitter:data1\" content=\"2 minuti\" \/>\n<script type=\"application\/ld+json\" class=\"yoast-schema-graph\">{\"@context\":\"https:\/\/schema.org\",\"@graph\":[{\"@type\":\"WebPage\",\"@id\":\"https:\/\/india.evolutiontravel.it\/infovacanze\/turismo\/spiagge-kerala\/\",\"url\":\"https:\/\/india.evolutiontravel.it\/infovacanze\/turismo\/spiagge-kerala\/\",\"name\":\"Spiagge Kerala, 600 km di costa in India per vacanze sole e mare\",\"isPartOf\":{\"@id\":\"https:\/\/india.evolutiontravel.it\/infovacanze\/#website\"},\"datePublished\":\"2013-08-12T12:53:51+00:00\",\"dateModified\":\"2018-11-09T14:44:42+00:00\",\"description\":\"Il Kerala \u00e8 la regione ideale per chi ama spiagge, mare e angoli suggestivi. Scopri con noi questa destianzione e parti grazie alle nostre offerte!\",\"breadcrumb\":{\"@id\":\"https:\/\/india.evolutiontravel.it\/infovacanze\/turismo\/spiagge-kerala\/#breadcrumb\"},\"inLanguage\":\"it-IT\",\"potentialAction\":[{\"@type\":\"ReadAction\",\"target\":[\"https:\/\/india.evolutiontravel.it\/infovacanze\/turismo\/spiagge-kerala\/\"]}]},{\"@type\":\"BreadcrumbList\",\"@id\":\"https:\/\/india.evolutiontravel.it\/infovacanze\/turismo\/spiagge-kerala\/#breadcrumb\",\"itemListElement\":[{\"@type\":\"ListItem\",\"position\":1,\"name\":\"Turismo in India\",\"item\":\"https:\/\/india.evolutiontravel.it\/infovacanze\/turismo\/\"},{\"@type\":\"ListItem\",\"position\":2,\"name\":\"Spiagge a Kerala\"}]},{\"@type\":\"WebSite\",\"@id\":\"https:\/\/india.evolutiontravel.it\/infovacanze\/#website\",\"url\":\"https:\/\/india.evolutiontravel.it\/infovacanze\/\",\"name\":\"India\",\"description\":\"\",\"potentialAction\":[{\"@type\":\"SearchAction\",\"target\":{\"@type\":\"EntryPoint\",\"urlTemplate\":\"https:\/\/india.evolutiontravel.it\/infovacanze\/?s={search_term_string}\"},\"query-input\":\"required name=search_term_string\"}],\"inLanguage\":\"it-IT\"}]}<\/script>\n<!-- \/ Yoast SEO plugin. -->","yoast_head_json":{"title":"Spiagge Kerala, 600 km di costa in India per vacanze sole e mare","description":"Il Kerala \u00e8 la regione ideale per chi ama spiagge, mare e angoli suggestivi. Scopri con noi questa destianzione e parti grazie alle nostre offerte!","robots":{"index":"index","follow":"follow","max-snippet":"max-snippet:-1","max-image-preview":"max-image-preview:large","max-video-preview":"max-video-preview:-1"},"canonical":"https:\/\/india.evolutiontravel.it\/infovacanze\/turismo\/spiagge-kerala\/","twitter_misc":{"Tempo di lettura stimato":"2 minuti"},"schema":{"@context":"https:\/\/schema.org","@graph":[{"@type":"WebPage","@id":"https:\/\/india.evolutiontravel.it\/infovacanze\/turismo\/spiagge-kerala\/","url":"https:\/\/india.evolutiontravel.it\/infovacanze\/turismo\/spiagge-kerala\/","name":"Spiagge Kerala, 600 km di costa in India per vacanze sole e mare","isPartOf":{"@id":"https:\/\/india.evolutiontravel.it\/infovacanze\/#website"},"datePublished":"2013-08-12T12:53:51+00:00","dateModified":"2018-11-09T14:44:42+00:00","description":"Il Kerala \u00e8 la regione ideale per chi ama spiagge, mare e angoli suggestivi. Scopri con noi questa destianzione e parti grazie alle nostre offerte!","breadcrumb":{"@id":"https:\/\/india.evolutiontravel.it\/infovacanze\/turismo\/spiagge-kerala\/#breadcrumb"},"inLanguage":"it-IT","potentialAction":[{"@type":"ReadAction","target":["https:\/\/india.evolutiontravel.it\/infovacanze\/turismo\/spiagge-kerala\/"]}]},{"@type":"BreadcrumbList","@id":"https:\/\/india.evolutiontravel.it\/infovacanze\/turismo\/spiagge-kerala\/#breadcrumb","itemListElement":[{"@type":"ListItem","position":1,"name":"Turismo in India","item":"https:\/\/india.evolutiontravel.it\/infovacanze\/turismo\/"},{"@type":"ListItem","position":2,"name":"Spiagge a Kerala"}]},{"@type":"WebSite","@id":"https:\/\/india.evolutiontravel.it\/infovacanze\/#website","url":"https:\/\/india.evolutiontravel.it\/infovacanze\/","name":"India","description":"","potentialAction":[{"@type":"SearchAction","target":{"@type":"EntryPoint","urlTemplate":"https:\/\/india.evolutiontravel.it\/infovacanze\/?s={search_term_string}"},"query-input":"required name=search_term_string"}],"inLanguage":"it-IT"}]}},"_links":{"self":[{"href":"https:\/\/india.evolutiontravel.it\/infovacanze\/wp-json\/wp\/v2\/pages\/121"}],"collection":[{"href":"https:\/\/india.evolutiontravel.it\/infovacanze\/wp-json\/wp\/v2\/pages"}],"about":[{"href":"https:\/\/india.evolutiontravel.it\/infovacanze\/wp-json\/wp\/v2\/types\/page"}],"author":[{"embeddable":true,"href":"https:\/\/india.evolutiontravel.it\/infovacanze\/wp-json\/wp\/v2\/users\/1"}],"replies":[{"embeddable":true,"href":"https:\/\/india.evolutiontravel.it\/infovacanze\/wp-json\/wp\/v2\/comments?post=121"}],"version-history":[{"count":14,"href":"https:\/\/india.evolutiontravel.it\/infovacanze\/wp-json\/wp\/v2\/pages\/121\/revisions"}],"predecessor-version":[{"id":1454,"href":"https:\/\/india.evolutiontravel.it\/infovacanze\/wp-json\/wp\/v2\/pages\/121\/revisions\/1454"}],"up":[{"embeddable":true,"href":"https:\/\/india.evolutiontravel.it\/infovacanze\/wp-json\/wp\/v2\/pages\/108"}],"wp:attachment":[{"href":"https:\/\/india.evolutiontravel.it\/infovacanze\/wp-json\/wp\/v2\/media?parent=121"}],"curies":[{"name":"wp","href":"https:\/\/api.w.org\/{rel}","templated":true}]}}