{"id":124,"date":"2013-08-12T14:55:23","date_gmt":"2013-08-12T12:55:23","guid":{"rendered":"http:\/\/india.evolutiontravel.it\/infovacanze\/?page_id=124"},"modified":"2018-11-09T17:10:57","modified_gmt":"2018-11-09T16:10:57","slug":"spiagge-india-del-sud","status":"publish","type":"page","link":"https:\/\/india.evolutiontravel.it\/infovacanze\/turismo\/spiagge-india-del-sud\/","title":{"rendered":"India del Sud"},"content":{"rendered":"<p>Nell<strong>\u2019India del Sud<\/strong> a prescindere dall&#8217;<strong>itinerario<\/strong> troveremo sicuramente alcune delle<strong> spiagge pi\u00f9 belle al mondo,<\/strong> non avendo nulla da invidiare ad altre <a href=\"https:\/\/india.evolutiontravel.it\/infovacanze\/viaggio-india\/india-mare-arabico\/\">meraviglie che il <strong>Mar Arabico<\/strong> ospita<\/a>. La costa indiana, complice <a href=\"https:\/\/india.evolutiontravel.it\/infovacanze\/divertirsi\/quando-andare\/\">un <strong>clima favorevole<\/strong><\/a>, a parte la stagione delle piogge in estate, \u00e8 ideale per trascorrere in relax e serenit\u00e0 un periodo di vacanza.<\/p>\n<p>Il\u00a0<a href=\"https:\/\/india.evolutiontravel.it\/infovacanze\/divertirsi\/vacanze-in-kerala\/\"><strong>Kerala<\/strong><\/a>\u00a0\u00e8 la grande regione indiana dove tantissimi turisti arrivano in massa per godere delle sue meravigliose spiagge, ma ci sono altri luoghi come\u00a0<a href=\"https:\/\/india.evolutiontravel.it\/infovacanze\/turismo\/india-spiagge-di-goa\/\"><strong>Goa<\/strong><\/a>\u00a0e le<strong>\u00a0<a href=\"https:\/\/india.evolutiontravel.it\/infovacanze\/destinazioni\/isole-laccadive\/\">Isole Laccadive<\/a>\u00a0<\/strong>che meritano di essere visitati.<\/p>\n<p><strong>Goa<\/strong>, un tempo patria degli hippie e dei \u201ccapelloni\u201d in pieno\u00a0<strong>stile new age<\/strong>, \u00e8 il gioiello selvaggio dell\u2019India; una meta imperdibile per chi ama la natura. Oggi Goa rappresenta il divertimento allo stato puro, grazie ai tanti <strong>locali, party e rave<\/strong>\u00a0organizzati ad ogni ora. Allo stesso tempo questo piccolo stato indiano, conserva angoli pi\u00f9 riservati e meno turistici. Per chi preferisce stare solitudine meglio andare nella\u00a0<strong>zona sud<\/strong>.<\/p>\n<p><img loading=\"lazy\" decoding=\"async\" class=\"size-medium wp-image-311 alignright\" src=\"http:\/\/india.evolutiontravel.it\/infovacanze\/wp-content\/uploads\/sites\/12\/2013\/09\/Goa-Beach-300x225.jpg\" alt=\"Goa Beach\" width=\"300\" height=\"225\" srcset=\"https:\/\/india.evolutiontravel.it\/infovacanze\/wp-content\/uploads\/sites\/12\/2013\/09\/Goa-Beach-300x225.jpg 300w, https:\/\/india.evolutiontravel.it\/infovacanze\/wp-content\/uploads\/sites\/12\/2013\/09\/Goa-Beach-398x300.jpg 398w, https:\/\/india.evolutiontravel.it\/infovacanze\/wp-content\/uploads\/sites\/12\/2013\/09\/Goa-Beach.jpg 640w\" sizes=\"(max-width: 300px) 100vw, 300px\" \/>Se Goa rappresenta la meta pi\u00f9 evocativa del <a href=\"https:\/\/india.evolutiontravel.it\/infovacanze\/turismo\/turismo-mare\/\">turismo balneare dell\u2019India<\/a>, la\u00a0<strong>regione del Kerala<\/strong>\u00a0\u00e8 quella che offre maggior possibilit\u00e0 di scelta, avendo a disposizione <a href=\"https:\/\/india.evolutiontravel.it\/infovacanze\/turismo\/spiagge-kerala\/\"><strong>pi\u00f9 di 600 km di spiagge<\/strong><\/a>.<\/p>\n<p>Definita come la <em>terra della noci di cocco<\/em>, il<strong>\u00a0Kerala<\/strong>\u00a0ha diversi tipi di spiaggia, dalle coste rocciose a quelle sabbiose.<strong>\u00a0Kovala \u00e8 quella pi\u00f9 famosa<\/strong> in questa parte di India, come confermano i tantissimi viaggiatori che affollano le sue rive. Nonostante col tempo sia diventata una spiaggia turistica in alcuni mesi del calendario sa<strong> regalare sempre vacanze indimenticabili<\/strong>: andate alla suggestiva e <strong>romantica spiaggia col faro<\/strong>.<\/p>\n<p>Altra <strong>bellissima zona costiera<\/strong> di questa regione \u00e8\u00a0<strong>Varkala<\/strong>: <strong>promontori rocciosi<\/strong>, <strong>scogliere<\/strong> e un paesaggio mozzafiato rimangono indelebilmente nella memoria di ogni turista. E se proprio dovessimo consigliare una sola spiaggia del Varkala dove andare, punteremmo il dito su\u00a0<strong>Papanasam<\/strong>. La scelta per\u00f2 \u00e8 cos\u00ec ricca che nessuno potr\u00e0 rimanere deluso, specialmente camminando su finissima e soffice sabbia bianca.<\/p>\n<p>E poi ecco il paradiso terrestre: lo troverete alle\u00a0<strong>Isole Laccadive<\/strong>! Tra <strong>atolli e fazzoletti di sabbia<\/strong>, si trovano, immerse in un mare azzurro dalle mille sfumature. Poco conosciute e poco contaminate dalla mano dell\u2019uomo, sono autentici posti da sogno dove perdersi in giornate lunghe e incantevoli. La\u00a0<strong>barriera corallina<\/strong>\u00a0li protegge, dando a queste isole un fascino senza tempo. Le\u00a0Isole Laccadive\u00a0sono ideali per chi desidera fare <strong>immersioni subacquee<\/strong> e avere un contatto diretto con la straordinaria fauna marittima.<\/p>\n<h3 style=\"text-align: center\">SPECIALE INDIA con le OFFERTE di Evolution Travel<\/h3>\n<p style=\"text-align: center\"><strong>Ti diciamo un segreto<\/strong>: non devi spendere una fortuna per una vacanza da sogno<\/p>\n<p style=\"text-align: center\"><strong><span style=\"color: #008000\">CLICCA E SCOPRI TUTTI I DETTAGLI DEI VIAGGI!<\/span><\/strong><\/p>\n<div class=\"feedzy-9da8b15dc487a78383288e9e0f9ae2e1 feedzy-rss\">\n\t\t<ul class=\"feedzy-style2\">\n\t\t\t\t\t<li  style=\"padding: 23px 0 38px\" class=\"rss_item feedzy-rss-col-3\" >\n\t\t\t\t\t\t\t\t\t<div class=\"rss_image\" style=\"width:225px; height:225px;\">\n\t\t\t\t\t\t<a href=\"https:\/\/india.evolutiontravel.it\/it_IT\/907\/tab\/287_tamil-nadu-e-kerala-il-paradiso-degli-dei.html\" target=\"_blank\" \n\t\t\t\t\t\t\trel=\"noopener \"\n\t\t\t\t\t\t\ttitle=\"Tamil Nadu e Kerala, Il Paradiso degli Dei\"\n\t\t\t\t\t\t\tstyle=\"width:225px; height:225px;\">\n\t\t\t\t\t\t\t<span class=\"fetched\" style=\"background-image:  url('http:\/\/etcdn.net\/thumbnails\/287\/it-chennai-tamil-nadu-e-kerala-il-paradiso-degli-dei-53088.jpg');\" title=\"Tamil Nadu e Kerala, Il Paradiso degli Dei\"><\/span><amp-img width=\"225\" height=\"225\" src=\"http:\/\/etcdn.net\/thumbnails\/287\/it-chennai-tamil-nadu-e-kerala-il-paradiso-degli-dei-53088.jpg\">\t\t\t\t\t\t<\/a>\n\t\t\t\t\t<\/div>\n\t\t\t\t\t\t\t\t<div class=\"rss_content_wrap\">\n\t\t\t\t\t<span class=\"title\">\n\t\t\t\t\t\t<a href=\"https:\/\/india.evolutiontravel.it\/it_IT\/907\/tab\/287_tamil-nadu-e-kerala-il-paradiso-degli-dei.html\" target=\"_blank\"  rel=\"noopener \">\n\t\t\t\t\t\t\tTamil Nadu e Kerala, Il Paradiso degli Dei\t\t\t\t\t\t<\/a>\n\t\t\t\t\t<\/span>\n\t\t\t\t\t<div class=\"rss_content\"\n\t\t\t\t\t\t\tstyle=\"\">\n\t\t\t\t\t\t\n\t\t\t\t\t\t\t\t\t\t\t\t<p class=\"description\">Un\u00a0itinerario affascinante\u00a0fra le pi\u00f9 belle regioni dell\u2019India del Sud\u00a0che si snoda fra i grandi templi e le citt\u00e0 sacre [&hellip;]<\/p>\n\t\t\t\t\t\t\n\t\t\t\t\t\t\t\t\t\t\t\t\t\t\t\t\t\t\t<div class=\"price-wrap\">\n\t\t\t\t\t\t\t\t<a href=\"https:\/\/india.evolutiontravel.it\/it_IT\/907\/tab\/287_tamil-nadu-e-kerala-il-paradiso-degli-dei.html\" target=\"_blank\" rel=\"noopener\"><button class=\"price\"> 1612<\/button><\/a>\n\t\t\t\t\t\t\t<\/div>\n\t\t\t\t\t\t\t\t\t\t\t<\/div>\n\t\t\t\t<\/div>\n\t\t\t<\/li>\n\t\t\t\t\t\t<li  style=\"padding: 23px 0 38px\" class=\"rss_item feedzy-rss-col-3\" >\n\t\t\t\t\t\t\t\t\t<div class=\"rss_image\" style=\"width:225px; height:225px;\">\n\t\t\t\t\t\t<a href=\"https:\/\/india.evolutiontravel.it\/it_IT\/907\/tab\/31645_il-triangolo-doro-e-varanasi.html\" target=\"_blank\" \n\t\t\t\t\t\t\trel=\"noopener \"\n\t\t\t\t\t\t\ttitle=\"Il Triangolo d&#039;Oro e Varanasi\"\n\t\t\t\t\t\t\tstyle=\"width:225px; height:225px;\">\n\t\t\t\t\t\t\t<span class=\"fetched\" style=\"background-image:  url('http:\/\/etcdn.net\/thumbnails\/31645\/it-nuova-delhi-il-triangolo-doro-e-varanasi-71454.jpg');\" title=\"Il Triangolo d&#039;Oro e Varanasi\"><\/span><amp-img width=\"225\" height=\"225\" src=\"http:\/\/etcdn.net\/thumbnails\/31645\/it-nuova-delhi-il-triangolo-doro-e-varanasi-71454.jpg\">\t\t\t\t\t\t<\/a>\n\t\t\t\t\t<\/div>\n\t\t\t\t\t\t\t\t<div class=\"rss_content_wrap\">\n\t\t\t\t\t<span class=\"title\">\n\t\t\t\t\t\t<a href=\"https:\/\/india.evolutiontravel.it\/it_IT\/907\/tab\/31645_il-triangolo-doro-e-varanasi.html\" target=\"_blank\"  rel=\"noopener \">\n\t\t\t\t\t\t\tIl Triangolo d'Oro e Varanasi\t\t\t\t\t\t<\/a>\n\t\t\t\t\t<\/span>\n\t\t\t\t\t<div class=\"rss_content\"\n\t\t\t\t\t\t\tstyle=\"\">\n\t\t\t\t\t\t\n\t\t\t\t\t\t\t\t\t\t\t\t<p class=\"description\">Viaggio\u00a0breve ed essenziale\u00a0nel Triangolo d'Oro dell\u2019India del Nord con estensione a Varanasi, immersi nella pi\u00f9 autentica [&hellip;]<\/p>\n\t\t\t\t\t\t\n\t\t\t\t\t\t\t\t\t\t\t\t\t\t\t\t\t\t\t<div class=\"price-wrap\">\n\t\t\t\t\t\t\t\t<a href=\"https:\/\/india.evolutiontravel.it\/it_IT\/907\/tab\/31645_il-triangolo-doro-e-varanasi.html\" target=\"_blank\" rel=\"noopener\"><button class=\"price\"> 1337<\/button><\/a>\n\t\t\t\t\t\t\t<\/div>\n\t\t\t\t\t\t\t\t\t\t\t<\/div>\n\t\t\t\t<\/div>\n\t\t\t<\/li>\n\t\t\t\t\t\t<li  style=\"padding: 23px 0 38px\" class=\"rss_item feedzy-rss-col-3\" >\n\t\t\t\t\t\t\t\t\t<div class=\"rss_image\" style=\"width:225px; height:225px;\">\n\t\t\t\t\t\t<a href=\"https:\/\/india.evolutiontravel.it\/it_IT\/907\/tab\/3973_il-triangolo-doro.html\" target=\"_blank\" \n\t\t\t\t\t\t\trel=\"noopener \"\n\t\t\t\t\t\t\ttitle=\"Il Triangolo d&#039;Oro\"\n\t\t\t\t\t\t\tstyle=\"width:225px; height:225px;\">\n\t\t\t\t\t\t\t<span class=\"fetched\" style=\"background-image:  url('http:\/\/etcdn.net\/thumbnails\/3973\/it-nuova-delhi-il-triangolo-doro-dellindia-del-nord-53004.jpg');\" title=\"Il Triangolo d&#039;Oro\"><\/span><amp-img width=\"225\" height=\"225\" src=\"http:\/\/etcdn.net\/thumbnails\/3973\/it-nuova-delhi-il-triangolo-doro-dellindia-del-nord-53004.jpg\">\t\t\t\t\t\t<\/a>\n\t\t\t\t\t<\/div>\n\t\t\t\t\t\t\t\t<div class=\"rss_content_wrap\">\n\t\t\t\t\t<span class=\"title\">\n\t\t\t\t\t\t<a href=\"https:\/\/india.evolutiontravel.it\/it_IT\/907\/tab\/3973_il-triangolo-doro.html\" target=\"_blank\"  rel=\"noopener \">\n\t\t\t\t\t\t\tIl Triangolo d'Oro\t\t\t\t\t\t<\/a>\n\t\t\t\t\t<\/span>\n\t\t\t\t\t<div class=\"rss_content\"\n\t\t\t\t\t\t\tstyle=\"\">\n\t\t\t\t\t\t\n\t\t\t\t\t\t\t\t\t\t\t\t<p class=\"description\">Un\u2019esperienza memorabile che in breve tempo permette, al viaggiatore che visita per la prima volta l\u2019India, di apprezzare i [&hellip;]<\/p>\n\t\t\t\t\t\t\n\t\t\t\t\t\t\t\t\t\t\t\t\t\t\t\t\t\t\t<div class=\"price-wrap\">\n\t\t\t\t\t\t\t\t<a href=\"https:\/\/india.evolutiontravel.it\/it_IT\/907\/tab\/3973_il-triangolo-doro.html\" target=\"_blank\" rel=\"noopener\"><button class=\"price\"> 880<\/button><\/a>\n\t\t\t\t\t\t\t<\/div>\n\t\t\t\t\t\t\t\t\t\t\t<\/div>\n\t\t\t\t<\/div>\n\t\t\t<\/li>\n\t\t\t\t\t\t<li  style=\"padding: 23px 0 38px\" class=\"rss_item feedzy-rss-col-3\" >\n\t\t\t\t\t\t\t\t\t<div class=\"rss_image\" style=\"width:225px; height:225px;\">\n\t\t\t\t\t\t<a href=\"https:\/\/india.evolutiontravel.it\/it_IT\/907\/tab\/40289_tour-di-gruppo-in-kerala.html\" target=\"_blank\" \n\t\t\t\t\t\t\trel=\"noopener \"\n\t\t\t\t\t\t\ttitle=\"Tour di gruppo in Kerala\"\n\t\t\t\t\t\t\tstyle=\"width:225px; height:225px;\">\n\t\t\t\t\t\t\t<span class=\"fetched\" style=\"background-image:  url('http:\/\/etcdn.net\/thumbnails\/40289\/it-kochi-alla-scoperta-del-kerala-807ba.jpg');\" title=\"Tour di gruppo in Kerala\"><\/span><amp-img width=\"225\" height=\"225\" src=\"http:\/\/etcdn.net\/thumbnails\/40289\/it-kochi-alla-scoperta-del-kerala-807ba.jpg\">\t\t\t\t\t\t<\/a>\n\t\t\t\t\t<\/div>\n\t\t\t\t\t\t\t\t<div class=\"rss_content_wrap\">\n\t\t\t\t\t<span class=\"title\">\n\t\t\t\t\t\t<a href=\"https:\/\/india.evolutiontravel.it\/it_IT\/907\/tab\/40289_tour-di-gruppo-in-kerala.html\" target=\"_blank\"  rel=\"noopener \">\n\t\t\t\t\t\t\tTour di gruppo in Kerala\t\t\t\t\t\t<\/a>\n\t\t\t\t\t<\/span>\n\t\t\t\t\t<div class=\"rss_content\"\n\t\t\t\t\t\t\tstyle=\"\">\n\t\t\t\t\t\t\n\t\t\t\t\t\t\t\t\t\t\t\t<p class=\"description\">Viaggio di gruppo guidato di 8 giorni alla scoperta del Kerala.<\/p>\n\t\t\t\t\t\t\n\t\t\t\t\t\t\t\t\t\t\t\t\t\t\t\t\t\t\t<div class=\"price-wrap\">\n\t\t\t\t\t\t\t\t<a href=\"https:\/\/india.evolutiontravel.it\/it_IT\/907\/tab\/40289_tour-di-gruppo-in-kerala.html\" target=\"_blank\" rel=\"noopener\"><button class=\"price\"> 967<\/button><\/a>\n\t\t\t\t\t\t\t<\/div>\n\t\t\t\t\t\t\t\t\t\t\t<\/div>\n\t\t\t\t<\/div>\n\t\t\t<\/li>\n\t\t\t\t\t\t<li  style=\"padding: 23px 0 38px\" class=\"rss_item feedzy-rss-col-3\" >\n\t\t\t\t\t\t\t\t\t<div class=\"rss_image\" style=\"width:225px; height:225px;\">\n\t\t\t\t\t\t<a href=\"https:\/\/india.evolutiontravel.it\/it_IT\/907\/tab\/39928_alla-scoperta-del-triangolo-doro-con-estensione-a-khajuraho-e-varanasi.html\" target=\"_blank\" \n\t\t\t\t\t\t\trel=\"noopener \"\n\t\t\t\t\t\t\ttitle=\"Alla scoperta del Triangolo d&#039;Oro con estensione a Khajuraho e Varanasi\"\n\t\t\t\t\t\t\tstyle=\"width:225px; height:225px;\">\n\t\t\t\t\t\t\t<span class=\"fetched\" style=\"background-image:  url('http:\/\/etcdn.net\/thumbnails\/39928\/it-nuova-delhi-alla-scoperta-del-triangolo-doro-con-estensione-a-khajuraho-e-varanasi-7e259.jpg');\" title=\"Alla scoperta del Triangolo d&#039;Oro con estensione a Khajuraho e Varanasi\"><\/span><amp-img width=\"225\" height=\"225\" src=\"http:\/\/etcdn.net\/thumbnails\/39928\/it-nuova-delhi-alla-scoperta-del-triangolo-doro-con-estensione-a-khajuraho-e-varanasi-7e259.jpg\">\t\t\t\t\t\t<\/a>\n\t\t\t\t\t<\/div>\n\t\t\t\t\t\t\t\t<div class=\"rss_content_wrap\">\n\t\t\t\t\t<span class=\"title\">\n\t\t\t\t\t\t<a href=\"https:\/\/india.evolutiontravel.it\/it_IT\/907\/tab\/39928_alla-scoperta-del-triangolo-doro-con-estensione-a-khajuraho-e-varanasi.html\" target=\"_blank\"  rel=\"noopener \">\n\t\t\t\t\t\t\tAlla scoperta del Triangolo d'Oro con estensione a Khajuraho e Varanasi\t\t\t\t\t\t<\/a>\n\t\t\t\t\t<\/span>\n\t\t\t\t\t<div class=\"rss_content\"\n\t\t\t\t\t\t\tstyle=\"\">\n\t\t\t\t\t\t\n\t\t\t\t\t\t\t\t\t\t\t\t<p class=\"description\">Un tour emozionante che unisce alla scoperta del Triangolo d'Oro (Delhi, Jaipur ed Agra) un'estensione affascinante nel mistero [&hellip;]<\/p>\n\t\t\t\t\t\t\n\t\t\t\t\t\t\t\t\t\t\t\t\t\t\t\t\t\t\t<div class=\"price-wrap\">\n\t\t\t\t\t\t\t\t<a href=\"https:\/\/india.evolutiontravel.it\/it_IT\/907\/tab\/39928_alla-scoperta-del-triangolo-doro-con-estensione-a-khajuraho-e-varanasi.html\" target=\"_blank\" rel=\"noopener\"><button class=\"price\"> 1625<\/button><\/a>\n\t\t\t\t\t\t\t<\/div>\n\t\t\t\t\t\t\t\t\t\t\t<\/div>\n\t\t\t\t<\/div>\n\t\t\t<\/li>\n\t\t\t\t\t\t<li  style=\"padding: 23px 0 38px\" class=\"rss_item feedzy-rss-col-3\" >\n\t\t\t\t\t\t\t\t\t<div class=\"rss_image\" style=\"width:225px; height:225px;\">\n\t\t\t\t\t\t<a href=\"https:\/\/india.evolutiontravel.it\/it_IT\/907\/tab\/39915_alla-scoperta-del-triangolo-doro.html\" target=\"_blank\" \n\t\t\t\t\t\t\trel=\"noopener \"\n\t\t\t\t\t\t\ttitle=\"Alla scoperta del Triangolo d&#039;Oro\"\n\t\t\t\t\t\t\tstyle=\"width:225px; height:225px;\">\n\t\t\t\t\t\t\t<span class=\"fetched\" style=\"background-image:  url('http:\/\/etcdn.net\/thumbnails\/39915\/it-nuova-delhi-alla-scoperta-del-triangolo-doro-7e158.jpg');\" title=\"Alla scoperta del Triangolo d&#039;Oro\"><\/span><amp-img width=\"225\" height=\"225\" src=\"http:\/\/etcdn.net\/thumbnails\/39915\/it-nuova-delhi-alla-scoperta-del-triangolo-doro-7e158.jpg\">\t\t\t\t\t\t<\/a>\n\t\t\t\t\t<\/div>\n\t\t\t\t\t\t\t\t<div class=\"rss_content_wrap\">\n\t\t\t\t\t<span class=\"title\">\n\t\t\t\t\t\t<a href=\"https:\/\/india.evolutiontravel.it\/it_IT\/907\/tab\/39915_alla-scoperta-del-triangolo-doro.html\" target=\"_blank\"  rel=\"noopener \">\n\t\t\t\t\t\t\tAlla scoperta del Triangolo d'Oro\t\t\t\t\t\t<\/a>\n\t\t\t\t\t<\/span>\n\t\t\t\t\t<div class=\"rss_content\"\n\t\t\t\t\t\t\tstyle=\"\">\n\t\t\t\t\t\t\n\t\t\t\t\t\t\t\t\t\t\t\t<p class=\"description\">Un tour alla scoperta del Triangolo d'Oro indiano, adatto a chi vuole avere un primo approccio a questo straordinario Paese. Un [&hellip;]<\/p>\n\t\t\t\t\t\t\n\t\t\t\t\t\t\t\t\t\t\t\t\t\t\t\t\t\t\t<div class=\"price-wrap\">\n\t\t\t\t\t\t\t\t<a href=\"https:\/\/india.evolutiontravel.it\/it_IT\/907\/tab\/39915_alla-scoperta-del-triangolo-doro.html\" target=\"_blank\" rel=\"noopener\"><button class=\"price\"> 820<\/button><\/a>\n\t\t\t\t\t\t\t<\/div>\n\t\t\t\t\t\t\t\t\t\t\t<\/div>\n\t\t\t\t<\/div>\n\t\t\t<\/li>\n\t\t\t\t<\/ul>\n<\/div>\n<style type=\"text\/css\" media=\"all\">.feedzy-rss .rss_item .rss_image{float:left;position:relative;border:none;text-decoration:none;max-width:100%}.feedzy-rss .rss_item .rss_image span{display:inline-block;position:absolute;width:100%;height:100%;background-position:50%;background-size:cover}.feedzy-rss .rss_item .rss_image{margin:.3em 1em 0 0;content-visibility:auto}.feedzy-rss ul{list-style:none}.feedzy-rss ul li{display:inline-block}<\/style>\n","protected":false},"excerpt":{"rendered":"<p>Nell\u2019India del Sud a prescindere dall&#8217;itinerario troveremo sicuramente alcune delle spiagge pi\u00f9 belle al mondo, non avendo nulla da invidiare ad altre meraviglie che il Mar Arabico ospita. La costa indiana, complice un clima favorevole, a parte la stagione delle piogge in estate, \u00e8 ideale per trascorrere in relax e serenit\u00e0 un periodo di vacanza. <a class=\"moretag\" href=\"https:\/\/india.evolutiontravel.it\/infovacanze\/turismo\/spiagge-india-del-sud\/\">[&#8230;]<\/a><\/p>\n","protected":false},"author":1,"featured_media":0,"parent":108,"menu_order":0,"comment_status":"closed","ping_status":"open","template":"templates\/template-with-right-sidebar.php","meta":{"footnotes":""},"yoast_head":"<!-- This site is optimized with the Yoast SEO plugin v21.9.1 - https:\/\/yoast.com\/wordpress\/plugins\/seo\/ -->\n<title>Sud India: itinerari in India per vacanze al tra mare - Speciale India<\/title>\n<meta name=\"description\" content=\"Scopri l&#039;India del Sud con un itinerario tra le spiagge e i luoghi pi\u00f9 belli e parti con le offerte imperdibili di Evolution Travel!\" \/>\n<meta name=\"robots\" content=\"index, follow, max-snippet:-1, max-image-preview:large, max-video-preview:-1\" \/>\n<link rel=\"canonical\" href=\"https:\/\/india.evolutiontravel.it\/infovacanze\/turismo\/spiagge-india-del-sud\/\" \/>\n<meta name=\"twitter:label1\" content=\"Tempo di lettura stimato\" \/>\n\t<meta name=\"twitter:data1\" content=\"2 minuti\" \/>\n<script type=\"application\/ld+json\" class=\"yoast-schema-graph\">{\"@context\":\"https:\/\/schema.org\",\"@graph\":[{\"@type\":\"WebPage\",\"@id\":\"https:\/\/india.evolutiontravel.it\/infovacanze\/turismo\/spiagge-india-del-sud\/\",\"url\":\"https:\/\/india.evolutiontravel.it\/infovacanze\/turismo\/spiagge-india-del-sud\/\",\"name\":\"Sud India: itinerari in India per vacanze al tra mare - Speciale India\",\"isPartOf\":{\"@id\":\"https:\/\/india.evolutiontravel.it\/infovacanze\/#website\"},\"datePublished\":\"2013-08-12T12:55:23+00:00\",\"dateModified\":\"2018-11-09T16:10:57+00:00\",\"description\":\"Scopri l'India del Sud con un itinerario tra le spiagge e i luoghi pi\u00f9 belli e parti con le offerte imperdibili di Evolution Travel!\",\"breadcrumb\":{\"@id\":\"https:\/\/india.evolutiontravel.it\/infovacanze\/turismo\/spiagge-india-del-sud\/#breadcrumb\"},\"inLanguage\":\"it-IT\",\"potentialAction\":[{\"@type\":\"ReadAction\",\"target\":[\"https:\/\/india.evolutiontravel.it\/infovacanze\/turismo\/spiagge-india-del-sud\/\"]}]},{\"@type\":\"BreadcrumbList\",\"@id\":\"https:\/\/india.evolutiontravel.it\/infovacanze\/turismo\/spiagge-india-del-sud\/#breadcrumb\",\"itemListElement\":[{\"@type\":\"ListItem\",\"position\":1,\"name\":\"Turismo in India\",\"item\":\"https:\/\/india.evolutiontravel.it\/infovacanze\/turismo\/\"},{\"@type\":\"ListItem\",\"position\":2,\"name\":\"India del Sud\"}]},{\"@type\":\"WebSite\",\"@id\":\"https:\/\/india.evolutiontravel.it\/infovacanze\/#website\",\"url\":\"https:\/\/india.evolutiontravel.it\/infovacanze\/\",\"name\":\"India\",\"description\":\"\",\"potentialAction\":[{\"@type\":\"SearchAction\",\"target\":{\"@type\":\"EntryPoint\",\"urlTemplate\":\"https:\/\/india.evolutiontravel.it\/infovacanze\/?s={search_term_string}\"},\"query-input\":\"required name=search_term_string\"}],\"inLanguage\":\"it-IT\"}]}<\/script>\n<!-- \/ Yoast SEO plugin. -->","yoast_head_json":{"title":"Sud India: itinerari in India per vacanze al tra mare - Speciale India","description":"Scopri l'India del Sud con un itinerario tra le spiagge e i luoghi pi\u00f9 belli e parti con le offerte imperdibili di Evolution Travel!","robots":{"index":"index","follow":"follow","max-snippet":"max-snippet:-1","max-image-preview":"max-image-preview:large","max-video-preview":"max-video-preview:-1"},"canonical":"https:\/\/india.evolutiontravel.it\/infovacanze\/turismo\/spiagge-india-del-sud\/","twitter_misc":{"Tempo di lettura stimato":"2 minuti"},"schema":{"@context":"https:\/\/schema.org","@graph":[{"@type":"WebPage","@id":"https:\/\/india.evolutiontravel.it\/infovacanze\/turismo\/spiagge-india-del-sud\/","url":"https:\/\/india.evolutiontravel.it\/infovacanze\/turismo\/spiagge-india-del-sud\/","name":"Sud India: itinerari in India per vacanze al tra mare - Speciale India","isPartOf":{"@id":"https:\/\/india.evolutiontravel.it\/infovacanze\/#website"},"datePublished":"2013-08-12T12:55:23+00:00","dateModified":"2018-11-09T16:10:57+00:00","description":"Scopri l'India del Sud con un itinerario tra le spiagge e i luoghi pi\u00f9 belli e parti con le offerte imperdibili di Evolution Travel!","breadcrumb":{"@id":"https:\/\/india.evolutiontravel.it\/infovacanze\/turismo\/spiagge-india-del-sud\/#breadcrumb"},"inLanguage":"it-IT","potentialAction":[{"@type":"ReadAction","target":["https:\/\/india.evolutiontravel.it\/infovacanze\/turismo\/spiagge-india-del-sud\/"]}]},{"@type":"BreadcrumbList","@id":"https:\/\/india.evolutiontravel.it\/infovacanze\/turismo\/spiagge-india-del-sud\/#breadcrumb","itemListElement":[{"@type":"ListItem","position":1,"name":"Turismo in India","item":"https:\/\/india.evolutiontravel.it\/infovacanze\/turismo\/"},{"@type":"ListItem","position":2,"name":"India del Sud"}]},{"@type":"WebSite","@id":"https:\/\/india.evolutiontravel.it\/infovacanze\/#website","url":"https:\/\/india.evolutiontravel.it\/infovacanze\/","name":"India","description":"","potentialAction":[{"@type":"SearchAction","target":{"@type":"EntryPoint","urlTemplate":"https:\/\/india.evolutiontravel.it\/infovacanze\/?s={search_term_string}"},"query-input":"required name=search_term_string"}],"inLanguage":"it-IT"}]}},"_links":{"self":[{"href":"https:\/\/india.evolutiontravel.it\/infovacanze\/wp-json\/wp\/v2\/pages\/124"}],"collection":[{"href":"https:\/\/india.evolutiontravel.it\/infovacanze\/wp-json\/wp\/v2\/pages"}],"about":[{"href":"https:\/\/india.evolutiontravel.it\/infovacanze\/wp-json\/wp\/v2\/types\/page"}],"author":[{"embeddable":true,"href":"https:\/\/india.evolutiontravel.it\/infovacanze\/wp-json\/wp\/v2\/users\/1"}],"replies":[{"embeddable":true,"href":"https:\/\/india.evolutiontravel.it\/infovacanze\/wp-json\/wp\/v2\/comments?post=124"}],"version-history":[{"count":9,"href":"https:\/\/india.evolutiontravel.it\/infovacanze\/wp-json\/wp\/v2\/pages\/124\/revisions"}],"predecessor-version":[{"id":1469,"href":"https:\/\/india.evolutiontravel.it\/infovacanze\/wp-json\/wp\/v2\/pages\/124\/revisions\/1469"}],"up":[{"embeddable":true,"href":"https:\/\/india.evolutiontravel.it\/infovacanze\/wp-json\/wp\/v2\/pages\/108"}],"wp:attachment":[{"href":"https:\/\/india.evolutiontravel.it\/infovacanze\/wp-json\/wp\/v2\/media?parent=124"}],"curies":[{"name":"wp","href":"https:\/\/api.w.org\/{rel}","templated":true}]}}