{"id":1371,"date":"2018-08-07T09:00:53","date_gmt":"2018-08-07T07:00:53","guid":{"rendered":"http:\/\/india.evolutiontravel.it\/infovacanze\/?page_id=1371"},"modified":"2018-11-07T15:29:24","modified_gmt":"2018-11-07T14:29:24","slug":"nepal","status":"publish","type":"page","link":"https:\/\/india.evolutiontravel.it\/infovacanze\/nepal\/","title":{"rendered":"Nepal"},"content":{"rendered":"<p>Che pensate di <strong>un unico viaggio<\/strong> ma <strong>due destinazioni<\/strong>: <strong>India e Nepal<\/strong> in una sola vacanza! Infatti molte persone che scelgono l&#8217;India cercano itinerari che includano <strong>come tappa anche il Nepal <\/strong>visto che questo paese <strong>confina, a sud, proprio con l&#8217;India<\/strong>.<\/p>\n<h2>Cosa vedere in Nepal<\/h2>\n<p>Il Nepal \u00e8 un paese straordinario, ricchissimo di <strong>bellezze naturali<\/strong> e di antichi <strong>templi<\/strong>, <strong>storia e cultura<\/strong>. \u00c8 una terra di paesaggi straordinari, percorsa dai sentieri tra i pi\u00f9 belli del mondo.<\/p>\n<div id=\"attachment_1432\" style=\"width: 460px\" class=\"wp-caption alignright\"><img loading=\"lazy\" decoding=\"async\" aria-describedby=\"caption-attachment-1432\" class=\"wp-image-1432\" src=\"https:\/\/india.evolutiontravel.it\/infovacanze\/wp-content\/uploads\/sites\/12\/2018\/11\/stupa-kathmandu-300x167.jpg\" alt=\"kathmandu\" width=\"450\" height=\"250\" srcset=\"https:\/\/india.evolutiontravel.it\/infovacanze\/wp-content\/uploads\/sites\/12\/2018\/11\/stupa-kathmandu-300x167.jpg 300w, https:\/\/india.evolutiontravel.it\/infovacanze\/wp-content\/uploads\/sites\/12\/2018\/11\/stupa-kathmandu-768x427.jpg 768w, https:\/\/india.evolutiontravel.it\/infovacanze\/wp-content\/uploads\/sites\/12\/2018\/11\/stupa-kathmandu.jpg 900w\" sizes=\"(max-width: 450px) 100vw, 450px\" \/><p id=\"caption-attachment-1432\" class=\"wp-caption-text\">Stupa di Kathmandu<\/p><\/div>\n<p>Visitare il Nepal significa attraversare <strong>le sue importanti citt\u00e0<\/strong> dalla <strong>capitale Kathmandu<\/strong> dove si respira la storia unita alla modernizzazione, il centro storico mantiene un aspetto sobrio con il suo cuore che \u00e8 la famosa <strong>Durbar Square<\/strong>. <strong>Patan<\/strong> \u00e8 la seconda citt\u00e0 della valle di Kathmandu, e sorge sull\u2019altra sponda del fiume Bagmati, molto pi\u00f9 tranquilla della capitale.<\/p>\n<p><strong>Bhaktapur<\/strong> \u00e8 tra le tre principali citt\u00e0 della valle di Kathmandu la pi\u00f9 medioevale, la sua architettura risale al XVII secolo.<\/p>\n<p>Nella valle di Kathmandu troverete troverete <strong>il tempio Swayambhunath<\/strong>, chiamato il \u201c<em>tempio delle scimmie<\/em>\u201d, perch\u00e9 abitato da questi animali ritenuti sacri, che danno un inconfondibile carattere al luogo. Sulle rive del fiume sacro Bagmati sorge <strong>il Pashupatinath<\/strong>, il pi\u00f9 importante tempio hindu della regione e uno dei maggiori templi dedicati a Shiva; altro luogo di importanza religiosa \u00e8 <strong>lo stupa di Bodhnath<\/strong> il pi\u00f9 grande del Nepal e tra i pi\u00f9 grandi del mondo, nella valle ci sono anche possibilit\u00e0 di<strong> trekking<\/strong>, sorgenti di acqua calda e <strong>meravigliose foreste<\/strong>.<\/p>\n<p><strong>Nella regione del Terai<\/strong> vi aspettano montagne innevate e panorami indimenticabili, calde pianure subtropicali e il <strong>Royal Chitwan National Park<\/strong>, luogo dove vivono diverse specie animali: elefanti, rinoceronti, tigri, leopardi e cervi, tutti protetti, la cosa pi\u00f9 emozionante \u00e8 fare <strong>un&#8217;escursione nel parco a dorso di elefante<\/strong> per vedere gli animali nel loro habitat.<\/p>\n<p>Andare in Nepal significa anche incontrare <strong>una cultura millenaria<\/strong>: profonda, mistica e fatta di antichi riti e tradizioni, che si rivelano anche nel favoloso artigianato locale, la sapiente capacit\u00e0 di trasformare la materia del popolo nepalese ha dato vita alla meravigliosa architettura dei suoi palazzi, dei suoi templi e degli stupa, gli oggetti di artigianato nepalese sono vere e proprie opere d\u2019arte, testimoni dello spirito del luogo.<\/p>\n<p>Non mancano le occasioni per <strong>praticare sport avventurosi<\/strong>, come: trekking , parapendio, rafting, escursioni in mountain bike e tanti altri, un modo speciale per avvicinarsi al massimo alla natura e alla bellezza di questa ambiente incontaminato.<\/p>\n<h2>Informazioni utili per il viaggio in Nepal<\/h2>\n<div class=\"infoutili_testo\">\n<p>Prima di partire \u00e8 utile avere informazioni sulle pratiche burocratiche necessarie per entrare nel paese, sugli alloggi, quali scegliere e a quali prezzi, i trasporti, il cibo e ovviamente la moneta, questi sono elementi essenziali che vi serviranno per organizzare al meglio il vostro viaggio.<\/p>\n<ul>\n<li><strong>Il visto<\/strong>. I cittadini italiani lo possono ottenere direttamente in Nepal sia presso le frontiere terrestri che presso l\u2019aeroporto, ha validit\u00e0 di tre mesi, e per ottenerlo c\u2019\u00e8 bisogno del passaporto in corso di validit\u00e0 e con un margine di sei mesi dalla data di rientro. Con questo visto potrete viaggiare nell\u2019area compresa tra Kathmandu, Pokhara e il parco nazionale di Chitwan, per recarsi in altri luoghi, tra cui alcuni famosi per il trekking bisogna fare richiesta direttamente in loco, recandosi di persona negli uffici per l\u2019immigrazione o presso le agenzie specializzate.<\/li>\n<li><strong>I mezzi di trasporto. <\/strong>Per i turisti il principale mezzo di trasporto \u00e8 l\u2019autobus, per quel che riguarda i treni \u00e8 presente una sola linea ferroviaria. Per i tragitti turistici come Kathmandu-Pokhara \u00e8 consigliabile usare i bus turistici, meno affollati. E&#8217; possibile noleggiare moto, ma ci vuole la patente internazionale, oppure muoversi in mountain bike.<\/li>\n<li><strong>Cucina tipica<\/strong>. Il piatto principale \u00e8 chiamato <strong><em>bhat<\/em><\/strong> ed \u00e8 a base di riso, zuppa di lenticchie e verdure cucinate con curry; potrete anche gustare i famosi momo, ravioli cotti al vapore che potrete assaporare anche per le vie di Kathmandu, ovviamente la capitale ospita ristoranti internazionali.<\/li>\n<li><strong>Artigianato locale. <\/strong>Gli oggetti di artigianato locale sono veramente bellissimi, molto interessanti anche i tessuti e soprattutto il cashmere, che potrete trovare a prezzi per noi quasi impensabili.<\/li>\n<li><strong>Moneta<\/strong>. In Nepal si usa la <strong>rupia nepalese<\/strong>, e i cambi pi\u00f9 favorevoli sono in euro o in dollari americani, il consiglio \u00e8 quello di cambiare presso le case private di cambio e comunque nelle citt\u00e0 maggiori troverete bancomat su cui lavorano i maggiori circuiti europei.<\/li>\n<\/ul>\n<p>&nbsp;<\/p>\n<h3 style=\"text-align: center\"><span style=\"color: #008000\">SPECIALE &#8220;INDIA + NEPAL&#8221; &#8211; ULTIME OFFERTE DELLA SETTIMANA<\/span><\/h3>\n<p style=\"text-align: center\">Scopri in un solo click le <strong>imperdibili offerte<\/strong> firmate Evolution Travel<\/p>\n<p style=\"text-align: center\"><span style=\"color: #008000\"><strong>CLICCA E SCOPRI<\/strong><\/span>: <strong>programma<\/strong>, <strong>foto<\/strong>, <strong>recensioni<\/strong>, <strong>itinerari<\/strong> e molto altro!<\/p>\n<div class=\"feedzy-98131455f9517f0834557fa26d92ac2b feedzy-rss\"><ul>Feed has no items.<\/ul> <\/div>\n<\/div>\n","protected":false},"excerpt":{"rendered":"<p>Che pensate di un unico viaggio ma due destinazioni: India e Nepal in una sola vacanza! Infatti molte persone che scelgono l&#8217;India cercano itinerari che includano come tappa anche il Nepal visto che questo paese confina, a sud, proprio con l&#8217;India. Cosa vedere in Nepal Il Nepal \u00e8 un paese straordinario, ricchissimo di bellezze naturali <a class=\"moretag\" href=\"https:\/\/india.evolutiontravel.it\/infovacanze\/nepal\/\">[&#8230;]<\/a><\/p>\n","protected":false},"author":6,"featured_media":0,"parent":0,"menu_order":0,"comment_status":"closed","ping_status":"closed","template":"templates\/template-with-right-sidebar.php","meta":{"footnotes":""},"yoast_head":"<!-- This site is optimized with the Yoast SEO plugin v21.9.1 - https:\/\/yoast.com\/wordpress\/plugins\/seo\/ -->\n<title>India + Nepal, viaggio combinato: una vacanza e due destinazioni - Evolution Travel<\/title>\n<meta name=\"description\" content=\"Scopri con noi il Nepal, un viaggio combinato dall&#039;India per visitare due paesi straordinari in un&#039;unica vacanza! Leggi il nostro articolo!\" \/>\n<meta name=\"robots\" content=\"index, follow, max-snippet:-1, max-image-preview:large, max-video-preview:-1\" \/>\n<link rel=\"canonical\" href=\"https:\/\/india.evolutiontravel.it\/infovacanze\/nepal\/\" \/>\n<meta name=\"twitter:label1\" content=\"Tempo di lettura stimato\" \/>\n\t<meta name=\"twitter:data1\" content=\"4 minuti\" \/>\n<script type=\"application\/ld+json\" class=\"yoast-schema-graph\">{\"@context\":\"https:\/\/schema.org\",\"@graph\":[{\"@type\":\"WebPage\",\"@id\":\"https:\/\/india.evolutiontravel.it\/infovacanze\/nepal\/\",\"url\":\"https:\/\/india.evolutiontravel.it\/infovacanze\/nepal\/\",\"name\":\"India + Nepal, viaggio combinato: una vacanza e due destinazioni - Evolution Travel\",\"isPartOf\":{\"@id\":\"https:\/\/india.evolutiontravel.it\/infovacanze\/#website\"},\"datePublished\":\"2018-08-07T07:00:53+00:00\",\"dateModified\":\"2018-11-07T14:29:24+00:00\",\"description\":\"Scopri con noi il Nepal, un viaggio combinato dall'India per visitare due paesi straordinari in un'unica vacanza! Leggi il nostro articolo!\",\"inLanguage\":\"it-IT\",\"potentialAction\":[{\"@type\":\"ReadAction\",\"target\":[\"https:\/\/india.evolutiontravel.it\/infovacanze\/nepal\/\"]}]},{\"@type\":\"WebSite\",\"@id\":\"https:\/\/india.evolutiontravel.it\/infovacanze\/#website\",\"url\":\"https:\/\/india.evolutiontravel.it\/infovacanze\/\",\"name\":\"India\",\"description\":\"\",\"potentialAction\":[{\"@type\":\"SearchAction\",\"target\":{\"@type\":\"EntryPoint\",\"urlTemplate\":\"https:\/\/india.evolutiontravel.it\/infovacanze\/?s={search_term_string}\"},\"query-input\":\"required name=search_term_string\"}],\"inLanguage\":\"it-IT\"}]}<\/script>\n<!-- \/ Yoast SEO plugin. -->","yoast_head_json":{"title":"India + Nepal, viaggio combinato: una vacanza e due destinazioni - Evolution Travel","description":"Scopri con noi il Nepal, un viaggio combinato dall'India per visitare due paesi straordinari in un'unica vacanza! Leggi il nostro articolo!","robots":{"index":"index","follow":"follow","max-snippet":"max-snippet:-1","max-image-preview":"max-image-preview:large","max-video-preview":"max-video-preview:-1"},"canonical":"https:\/\/india.evolutiontravel.it\/infovacanze\/nepal\/","twitter_misc":{"Tempo di lettura stimato":"4 minuti"},"schema":{"@context":"https:\/\/schema.org","@graph":[{"@type":"WebPage","@id":"https:\/\/india.evolutiontravel.it\/infovacanze\/nepal\/","url":"https:\/\/india.evolutiontravel.it\/infovacanze\/nepal\/","name":"India + Nepal, viaggio combinato: una vacanza e due destinazioni - Evolution Travel","isPartOf":{"@id":"https:\/\/india.evolutiontravel.it\/infovacanze\/#website"},"datePublished":"2018-08-07T07:00:53+00:00","dateModified":"2018-11-07T14:29:24+00:00","description":"Scopri con noi il Nepal, un viaggio combinato dall'India per visitare due paesi straordinari in un'unica vacanza! Leggi il nostro articolo!","inLanguage":"it-IT","potentialAction":[{"@type":"ReadAction","target":["https:\/\/india.evolutiontravel.it\/infovacanze\/nepal\/"]}]},{"@type":"WebSite","@id":"https:\/\/india.evolutiontravel.it\/infovacanze\/#website","url":"https:\/\/india.evolutiontravel.it\/infovacanze\/","name":"India","description":"","potentialAction":[{"@type":"SearchAction","target":{"@type":"EntryPoint","urlTemplate":"https:\/\/india.evolutiontravel.it\/infovacanze\/?s={search_term_string}"},"query-input":"required name=search_term_string"}],"inLanguage":"it-IT"}]}},"_links":{"self":[{"href":"https:\/\/india.evolutiontravel.it\/infovacanze\/wp-json\/wp\/v2\/pages\/1371"}],"collection":[{"href":"https:\/\/india.evolutiontravel.it\/infovacanze\/wp-json\/wp\/v2\/pages"}],"about":[{"href":"https:\/\/india.evolutiontravel.it\/infovacanze\/wp-json\/wp\/v2\/types\/page"}],"author":[{"embeddable":true,"href":"https:\/\/india.evolutiontravel.it\/infovacanze\/wp-json\/wp\/v2\/users\/6"}],"replies":[{"embeddable":true,"href":"https:\/\/india.evolutiontravel.it\/infovacanze\/wp-json\/wp\/v2\/comments?post=1371"}],"version-history":[{"count":6,"href":"https:\/\/india.evolutiontravel.it\/infovacanze\/wp-json\/wp\/v2\/pages\/1371\/revisions"}],"predecessor-version":[{"id":1435,"href":"https:\/\/india.evolutiontravel.it\/infovacanze\/wp-json\/wp\/v2\/pages\/1371\/revisions\/1435"}],"wp:attachment":[{"href":"https:\/\/india.evolutiontravel.it\/infovacanze\/wp-json\/wp\/v2\/media?parent=1371"}],"curies":[{"name":"wp","href":"https:\/\/api.w.org\/{rel}","templated":true}]}}