{"id":141,"date":"2013-08-12T15:03:36","date_gmt":"2013-08-12T13:03:36","guid":{"rendered":"http:\/\/india.evolutiontravel.it\/infovacanze\/?page_id=141"},"modified":"2018-04-23T16:27:27","modified_gmt":"2018-04-23T14:27:27","slug":"baby-taj","status":"publish","type":"page","link":"https:\/\/india.evolutiontravel.it\/infovacanze\/da-vedere\/baby-taj\/","title":{"rendered":"Mausoleo Itimad-Ud-Daulah"},"content":{"rendered":"<p>Ecco nella <strong>citt\u00e0 di Agra<\/strong>\u00a0 lo spettacolare <strong>monumento architettonico Mogul<\/strong> chiamato\u00a0<strong>Itimad-Ud-Daulah<\/strong>: la tomba del persiano\u00a0<strong>Mirza Ghiyas Bag<\/strong>.<\/p>\n<p><img loading=\"lazy\" decoding=\"async\" class=\"size-medium wp-image-450 alignright\" src=\"http:\/\/india.evolutiontravel.it\/infovacanze\/wp-content\/uploads\/sites\/12\/2013\/10\/AGR-Agra-Taj-Mahal-panorama-with-watercourse-and-indian-visitors-after-sunrise-3008x2000-300x199.jpg\" alt=\"Agra - Taj Mahal\" width=\"300\" height=\"199\" srcset=\"https:\/\/india.evolutiontravel.it\/infovacanze\/wp-content\/uploads\/sites\/12\/2013\/10\/AGR-Agra-Taj-Mahal-panorama-with-watercourse-and-indian-visitors-after-sunrise-3008x2000-300x199.jpg 300w, https:\/\/india.evolutiontravel.it\/infovacanze\/wp-content\/uploads\/sites\/12\/2013\/10\/AGR-Agra-Taj-Mahal-panorama-with-watercourse-and-indian-visitors-after-sunrise-3008x2000-451x300.jpg 451w, https:\/\/india.evolutiontravel.it\/infovacanze\/wp-content\/uploads\/sites\/12\/2013\/10\/AGR-Agra-Taj-Mahal-panorama-with-watercourse-and-indian-visitors-after-sunrise-3008x2000.jpg 963w\" sizes=\"(max-width: 300px) 100vw, 300px\" \/>Molti elementi di questa attrazione ricordano il pi\u00f9 famos<a href=\"https:\/\/india.evolutiontravel.it\/infovacanze\/destinazioni\/visitare-taj-mahal\/\"><strong> Taj Mahal<\/strong><\/a>, la cui costruzione inizi\u00f2 solo pochi anni pi\u00f9 tardi. Proprio per questa somiglianza con il Taj Mahal, l\u2019Itimad-Ud-Daulad \u00e8 noto anche con il nome di \u201cpiccolo Taj\u201d ovvero &#8220;<em>Baby Taj<\/em>&#8220;.<\/p>\n<p>Il\u00a0Baby Taj\u00a0fu la prima struttura\u00a0 Moghul interamente in marmo e la prima in cui fu largamente usata la tanto famosa pietra dura, gli intarsi nel marmo.<\/p>\n<p>Il mosaico di pietre dure che adorna il mausoleo \u00e8 stato scolpito dagli scalpellini moghul e riempito di pietre dure: il turchese per l\u2019azzurro, la corniola per i petali rossi, l\u2019anice verde per steli e foglie, diverse agate e occhi di tigre per le figure.<\/p>\n<p>A dir poco superba \u00e8 la superficie meravigliosamente modellata della tomba.<\/p>\n<p>Una\u00a0<strong>scala a chiocciola<\/strong>\u00a0conduce alla <strong>torretta-minareto<\/strong> al piano superiore: <strong>un\u2019ampia terrazza di marmo<\/strong> con un padiglione quadrato, dove i sarcofagi dei genitori di Nur Jahan giacciono su un vero e proprio tappeto di pietre dure.<\/p>\n<h3 style=\"text-align: center\">SCOPRI L&#8217;INDIA CON EVOLUTION TRAVEL<\/h3>\n<p style=\"text-align: center\">Non perdere le nostre <strong><span style=\"color: #008000\">OFFERTE PER TUTTE LE TASCHE<\/span><\/strong>!<\/p>\n<p style=\"text-align: center\"><strong>PRENOTA ADESSO<\/strong> la tua vacanza da sogno, ma <strong>senza spendere una fortuna!<\/strong><\/p>\n<div class=\"feedzy-9da8b15dc487a78383288e9e0f9ae2e1 feedzy-rss\">\n\t\t<ul class=\"feedzy-style2\">\n\t\t\t\t\t<li  style=\"padding: 23px 0 38px\" class=\"rss_item feedzy-rss-col-3\" >\n\t\t\t\t\t\t\t\t\t<div class=\"rss_image\" style=\"width:225px; height:225px;\">\n\t\t\t\t\t\t<a href=\"https:\/\/india.evolutiontravel.it\/it_IT\/907\/tab\/287_tamil-nadu-e-kerala-il-paradiso-degli-dei.html\" target=\"_blank\" \n\t\t\t\t\t\t\trel=\"noopener \"\n\t\t\t\t\t\t\ttitle=\"Tamil Nadu e Kerala, Il Paradiso degli Dei\"\n\t\t\t\t\t\t\tstyle=\"width:225px; height:225px;\">\n\t\t\t\t\t\t\t<span class=\"fetched\" style=\"background-image:  url('http:\/\/etcdn.net\/thumbnails\/287\/it-chennai-tamil-nadu-e-kerala-il-paradiso-degli-dei-53088.jpg');\" title=\"Tamil Nadu e Kerala, Il Paradiso degli Dei\"><\/span><amp-img width=\"225\" height=\"225\" src=\"http:\/\/etcdn.net\/thumbnails\/287\/it-chennai-tamil-nadu-e-kerala-il-paradiso-degli-dei-53088.jpg\">\t\t\t\t\t\t<\/a>\n\t\t\t\t\t<\/div>\n\t\t\t\t\t\t\t\t<div class=\"rss_content_wrap\">\n\t\t\t\t\t<span class=\"title\">\n\t\t\t\t\t\t<a href=\"https:\/\/india.evolutiontravel.it\/it_IT\/907\/tab\/287_tamil-nadu-e-kerala-il-paradiso-degli-dei.html\" target=\"_blank\"  rel=\"noopener \">\n\t\t\t\t\t\t\tTamil Nadu e Kerala, Il Paradiso degli Dei\t\t\t\t\t\t<\/a>\n\t\t\t\t\t<\/span>\n\t\t\t\t\t<div class=\"rss_content\"\n\t\t\t\t\t\t\tstyle=\"\">\n\t\t\t\t\t\t\n\t\t\t\t\t\t\t\t\t\t\t\t<p class=\"description\">Un\u00a0itinerario affascinante\u00a0fra le pi\u00f9 belle regioni dell\u2019India del Sud\u00a0che si snoda fra i grandi templi e le citt\u00e0 sacre [&hellip;]<\/p>\n\t\t\t\t\t\t\n\t\t\t\t\t\t\t\t\t\t\t\t\t\t\t\t\t\t\t<div class=\"price-wrap\">\n\t\t\t\t\t\t\t\t<a href=\"https:\/\/india.evolutiontravel.it\/it_IT\/907\/tab\/287_tamil-nadu-e-kerala-il-paradiso-degli-dei.html\" target=\"_blank\" rel=\"noopener\"><button class=\"price\"> 1612<\/button><\/a>\n\t\t\t\t\t\t\t<\/div>\n\t\t\t\t\t\t\t\t\t\t\t<\/div>\n\t\t\t\t<\/div>\n\t\t\t<\/li>\n\t\t\t\t\t\t<li  style=\"padding: 23px 0 38px\" class=\"rss_item feedzy-rss-col-3\" >\n\t\t\t\t\t\t\t\t\t<div class=\"rss_image\" style=\"width:225px; height:225px;\">\n\t\t\t\t\t\t<a href=\"https:\/\/india.evolutiontravel.it\/it_IT\/907\/tab\/31645_il-triangolo-doro-e-varanasi.html\" target=\"_blank\" \n\t\t\t\t\t\t\trel=\"noopener \"\n\t\t\t\t\t\t\ttitle=\"Il Triangolo d&#039;Oro e Varanasi\"\n\t\t\t\t\t\t\tstyle=\"width:225px; height:225px;\">\n\t\t\t\t\t\t\t<span class=\"fetched\" style=\"background-image:  url('http:\/\/etcdn.net\/thumbnails\/31645\/it-nuova-delhi-il-triangolo-doro-e-varanasi-71454.jpg');\" title=\"Il Triangolo d&#039;Oro e Varanasi\"><\/span><amp-img width=\"225\" height=\"225\" src=\"http:\/\/etcdn.net\/thumbnails\/31645\/it-nuova-delhi-il-triangolo-doro-e-varanasi-71454.jpg\">\t\t\t\t\t\t<\/a>\n\t\t\t\t\t<\/div>\n\t\t\t\t\t\t\t\t<div class=\"rss_content_wrap\">\n\t\t\t\t\t<span class=\"title\">\n\t\t\t\t\t\t<a href=\"https:\/\/india.evolutiontravel.it\/it_IT\/907\/tab\/31645_il-triangolo-doro-e-varanasi.html\" target=\"_blank\"  rel=\"noopener \">\n\t\t\t\t\t\t\tIl Triangolo d'Oro e Varanasi\t\t\t\t\t\t<\/a>\n\t\t\t\t\t<\/span>\n\t\t\t\t\t<div class=\"rss_content\"\n\t\t\t\t\t\t\tstyle=\"\">\n\t\t\t\t\t\t\n\t\t\t\t\t\t\t\t\t\t\t\t<p class=\"description\">Viaggio\u00a0breve ed essenziale\u00a0nel Triangolo d'Oro dell\u2019India del Nord con estensione a Varanasi, immersi nella pi\u00f9 autentica [&hellip;]<\/p>\n\t\t\t\t\t\t\n\t\t\t\t\t\t\t\t\t\t\t\t\t\t\t\t\t\t\t<div class=\"price-wrap\">\n\t\t\t\t\t\t\t\t<a href=\"https:\/\/india.evolutiontravel.it\/it_IT\/907\/tab\/31645_il-triangolo-doro-e-varanasi.html\" target=\"_blank\" rel=\"noopener\"><button class=\"price\"> 1337<\/button><\/a>\n\t\t\t\t\t\t\t<\/div>\n\t\t\t\t\t\t\t\t\t\t\t<\/div>\n\t\t\t\t<\/div>\n\t\t\t<\/li>\n\t\t\t\t\t\t<li  style=\"padding: 23px 0 38px\" class=\"rss_item feedzy-rss-col-3\" >\n\t\t\t\t\t\t\t\t\t<div class=\"rss_image\" style=\"width:225px; height:225px;\">\n\t\t\t\t\t\t<a href=\"https:\/\/india.evolutiontravel.it\/it_IT\/907\/tab\/3973_il-triangolo-doro.html\" target=\"_blank\" \n\t\t\t\t\t\t\trel=\"noopener \"\n\t\t\t\t\t\t\ttitle=\"Il Triangolo d&#039;Oro\"\n\t\t\t\t\t\t\tstyle=\"width:225px; height:225px;\">\n\t\t\t\t\t\t\t<span class=\"fetched\" style=\"background-image:  url('http:\/\/etcdn.net\/thumbnails\/3973\/it-nuova-delhi-il-triangolo-doro-dellindia-del-nord-53004.jpg');\" title=\"Il Triangolo d&#039;Oro\"><\/span><amp-img width=\"225\" height=\"225\" src=\"http:\/\/etcdn.net\/thumbnails\/3973\/it-nuova-delhi-il-triangolo-doro-dellindia-del-nord-53004.jpg\">\t\t\t\t\t\t<\/a>\n\t\t\t\t\t<\/div>\n\t\t\t\t\t\t\t\t<div class=\"rss_content_wrap\">\n\t\t\t\t\t<span class=\"title\">\n\t\t\t\t\t\t<a href=\"https:\/\/india.evolutiontravel.it\/it_IT\/907\/tab\/3973_il-triangolo-doro.html\" target=\"_blank\"  rel=\"noopener \">\n\t\t\t\t\t\t\tIl Triangolo d'Oro\t\t\t\t\t\t<\/a>\n\t\t\t\t\t<\/span>\n\t\t\t\t\t<div class=\"rss_content\"\n\t\t\t\t\t\t\tstyle=\"\">\n\t\t\t\t\t\t\n\t\t\t\t\t\t\t\t\t\t\t\t<p class=\"description\">Un\u2019esperienza memorabile che in breve tempo permette, al viaggiatore che visita per la prima volta l\u2019India, di apprezzare i [&hellip;]<\/p>\n\t\t\t\t\t\t\n\t\t\t\t\t\t\t\t\t\t\t\t\t\t\t\t\t\t\t<div class=\"price-wrap\">\n\t\t\t\t\t\t\t\t<a href=\"https:\/\/india.evolutiontravel.it\/it_IT\/907\/tab\/3973_il-triangolo-doro.html\" target=\"_blank\" rel=\"noopener\"><button class=\"price\"> 880<\/button><\/a>\n\t\t\t\t\t\t\t<\/div>\n\t\t\t\t\t\t\t\t\t\t\t<\/div>\n\t\t\t\t<\/div>\n\t\t\t<\/li>\n\t\t\t\t\t\t<li  style=\"padding: 23px 0 38px\" class=\"rss_item feedzy-rss-col-3\" >\n\t\t\t\t\t\t\t\t\t<div class=\"rss_image\" style=\"width:225px; height:225px;\">\n\t\t\t\t\t\t<a href=\"https:\/\/india.evolutiontravel.it\/it_IT\/907\/tab\/40289_tour-di-gruppo-in-kerala.html\" target=\"_blank\" \n\t\t\t\t\t\t\trel=\"noopener \"\n\t\t\t\t\t\t\ttitle=\"Tour di gruppo in Kerala\"\n\t\t\t\t\t\t\tstyle=\"width:225px; height:225px;\">\n\t\t\t\t\t\t\t<span class=\"fetched\" style=\"background-image:  url('http:\/\/etcdn.net\/thumbnails\/40289\/it-kochi-alla-scoperta-del-kerala-807ba.jpg');\" title=\"Tour di gruppo in Kerala\"><\/span><amp-img width=\"225\" height=\"225\" src=\"http:\/\/etcdn.net\/thumbnails\/40289\/it-kochi-alla-scoperta-del-kerala-807ba.jpg\">\t\t\t\t\t\t<\/a>\n\t\t\t\t\t<\/div>\n\t\t\t\t\t\t\t\t<div class=\"rss_content_wrap\">\n\t\t\t\t\t<span class=\"title\">\n\t\t\t\t\t\t<a href=\"https:\/\/india.evolutiontravel.it\/it_IT\/907\/tab\/40289_tour-di-gruppo-in-kerala.html\" target=\"_blank\"  rel=\"noopener \">\n\t\t\t\t\t\t\tTour di gruppo in Kerala\t\t\t\t\t\t<\/a>\n\t\t\t\t\t<\/span>\n\t\t\t\t\t<div class=\"rss_content\"\n\t\t\t\t\t\t\tstyle=\"\">\n\t\t\t\t\t\t\n\t\t\t\t\t\t\t\t\t\t\t\t<p class=\"description\">Viaggio di gruppo guidato di 8 giorni alla scoperta del Kerala.<\/p>\n\t\t\t\t\t\t\n\t\t\t\t\t\t\t\t\t\t\t\t\t\t\t\t\t\t\t<div class=\"price-wrap\">\n\t\t\t\t\t\t\t\t<a href=\"https:\/\/india.evolutiontravel.it\/it_IT\/907\/tab\/40289_tour-di-gruppo-in-kerala.html\" target=\"_blank\" rel=\"noopener\"><button class=\"price\"> 967<\/button><\/a>\n\t\t\t\t\t\t\t<\/div>\n\t\t\t\t\t\t\t\t\t\t\t<\/div>\n\t\t\t\t<\/div>\n\t\t\t<\/li>\n\t\t\t\t\t\t<li  style=\"padding: 23px 0 38px\" class=\"rss_item feedzy-rss-col-3\" >\n\t\t\t\t\t\t\t\t\t<div class=\"rss_image\" style=\"width:225px; height:225px;\">\n\t\t\t\t\t\t<a href=\"https:\/\/india.evolutiontravel.it\/it_IT\/907\/tab\/39928_alla-scoperta-del-triangolo-doro-con-estensione-a-khajuraho-e-varanasi.html\" target=\"_blank\" \n\t\t\t\t\t\t\trel=\"noopener \"\n\t\t\t\t\t\t\ttitle=\"Alla scoperta del Triangolo d&#039;Oro con estensione a Khajuraho e Varanasi\"\n\t\t\t\t\t\t\tstyle=\"width:225px; height:225px;\">\n\t\t\t\t\t\t\t<span class=\"fetched\" style=\"background-image:  url('http:\/\/etcdn.net\/thumbnails\/39928\/it-nuova-delhi-alla-scoperta-del-triangolo-doro-con-estensione-a-khajuraho-e-varanasi-7e259.jpg');\" title=\"Alla scoperta del Triangolo d&#039;Oro con estensione a Khajuraho e Varanasi\"><\/span><amp-img width=\"225\" height=\"225\" src=\"http:\/\/etcdn.net\/thumbnails\/39928\/it-nuova-delhi-alla-scoperta-del-triangolo-doro-con-estensione-a-khajuraho-e-varanasi-7e259.jpg\">\t\t\t\t\t\t<\/a>\n\t\t\t\t\t<\/div>\n\t\t\t\t\t\t\t\t<div class=\"rss_content_wrap\">\n\t\t\t\t\t<span class=\"title\">\n\t\t\t\t\t\t<a href=\"https:\/\/india.evolutiontravel.it\/it_IT\/907\/tab\/39928_alla-scoperta-del-triangolo-doro-con-estensione-a-khajuraho-e-varanasi.html\" target=\"_blank\"  rel=\"noopener \">\n\t\t\t\t\t\t\tAlla scoperta del Triangolo d'Oro con estensione a Khajuraho e Varanasi\t\t\t\t\t\t<\/a>\n\t\t\t\t\t<\/span>\n\t\t\t\t\t<div class=\"rss_content\"\n\t\t\t\t\t\t\tstyle=\"\">\n\t\t\t\t\t\t\n\t\t\t\t\t\t\t\t\t\t\t\t<p class=\"description\">Un tour emozionante che unisce alla scoperta del Triangolo d'Oro (Delhi, Jaipur ed Agra) un'estensione affascinante nel mistero [&hellip;]<\/p>\n\t\t\t\t\t\t\n\t\t\t\t\t\t\t\t\t\t\t\t\t\t\t\t\t\t\t<div class=\"price-wrap\">\n\t\t\t\t\t\t\t\t<a href=\"https:\/\/india.evolutiontravel.it\/it_IT\/907\/tab\/39928_alla-scoperta-del-triangolo-doro-con-estensione-a-khajuraho-e-varanasi.html\" target=\"_blank\" rel=\"noopener\"><button class=\"price\"> 1625<\/button><\/a>\n\t\t\t\t\t\t\t<\/div>\n\t\t\t\t\t\t\t\t\t\t\t<\/div>\n\t\t\t\t<\/div>\n\t\t\t<\/li>\n\t\t\t\t\t\t<li  style=\"padding: 23px 0 38px\" class=\"rss_item feedzy-rss-col-3\" >\n\t\t\t\t\t\t\t\t\t<div class=\"rss_image\" style=\"width:225px; height:225px;\">\n\t\t\t\t\t\t<a href=\"https:\/\/india.evolutiontravel.it\/it_IT\/907\/tab\/39915_alla-scoperta-del-triangolo-doro.html\" target=\"_blank\" \n\t\t\t\t\t\t\trel=\"noopener \"\n\t\t\t\t\t\t\ttitle=\"Alla scoperta del Triangolo d&#039;Oro\"\n\t\t\t\t\t\t\tstyle=\"width:225px; height:225px;\">\n\t\t\t\t\t\t\t<span class=\"fetched\" style=\"background-image:  url('http:\/\/etcdn.net\/thumbnails\/39915\/it-nuova-delhi-alla-scoperta-del-triangolo-doro-7e158.jpg');\" title=\"Alla scoperta del Triangolo d&#039;Oro\"><\/span><amp-img width=\"225\" height=\"225\" src=\"http:\/\/etcdn.net\/thumbnails\/39915\/it-nuova-delhi-alla-scoperta-del-triangolo-doro-7e158.jpg\">\t\t\t\t\t\t<\/a>\n\t\t\t\t\t<\/div>\n\t\t\t\t\t\t\t\t<div class=\"rss_content_wrap\">\n\t\t\t\t\t<span class=\"title\">\n\t\t\t\t\t\t<a href=\"https:\/\/india.evolutiontravel.it\/it_IT\/907\/tab\/39915_alla-scoperta-del-triangolo-doro.html\" target=\"_blank\"  rel=\"noopener \">\n\t\t\t\t\t\t\tAlla scoperta del Triangolo d'Oro\t\t\t\t\t\t<\/a>\n\t\t\t\t\t<\/span>\n\t\t\t\t\t<div class=\"rss_content\"\n\t\t\t\t\t\t\tstyle=\"\">\n\t\t\t\t\t\t\n\t\t\t\t\t\t\t\t\t\t\t\t<p class=\"description\">Un tour alla scoperta del Triangolo d'Oro indiano, adatto a chi vuole avere un primo approccio a questo straordinario Paese. Un [&hellip;]<\/p>\n\t\t\t\t\t\t\n\t\t\t\t\t\t\t\t\t\t\t\t\t\t\t\t\t\t\t<div class=\"price-wrap\">\n\t\t\t\t\t\t\t\t<a href=\"https:\/\/india.evolutiontravel.it\/it_IT\/907\/tab\/39915_alla-scoperta-del-triangolo-doro.html\" target=\"_blank\" rel=\"noopener\"><button class=\"price\"> 820<\/button><\/a>\n\t\t\t\t\t\t\t<\/div>\n\t\t\t\t\t\t\t\t\t\t\t<\/div>\n\t\t\t\t<\/div>\n\t\t\t<\/li>\n\t\t\t\t<\/ul>\n<\/div>\n<style type=\"text\/css\" media=\"all\">.feedzy-rss .rss_item .rss_image{float:left;position:relative;border:none;text-decoration:none;max-width:100%}.feedzy-rss .rss_item .rss_image span{display:inline-block;position:absolute;width:100%;height:100%;background-position:50%;background-size:cover}.feedzy-rss .rss_item .rss_image{margin:.3em 1em 0 0;content-visibility:auto}.feedzy-rss ul{list-style:none}.feedzy-rss ul li{display:inline-block}<\/style>\n","protected":false},"excerpt":{"rendered":"<p>Ecco nella citt\u00e0 di Agra\u00a0 lo spettacolare monumento architettonico Mogul chiamato\u00a0Itimad-Ud-Daulah: la tomba del persiano\u00a0Mirza Ghiyas Bag. Molti elementi di questa attrazione ricordano il pi\u00f9 famos Taj Mahal, la cui costruzione inizi\u00f2 solo pochi anni pi\u00f9 tardi. Proprio per questa somiglianza con il Taj Mahal, l\u2019Itimad-Ud-Daulad \u00e8 noto anche con il nome di \u201cpiccolo Taj\u201d <a class=\"moretag\" href=\"https:\/\/india.evolutiontravel.it\/infovacanze\/da-vedere\/baby-taj\/\">[&#8230;]<\/a><\/p>\n","protected":false},"author":1,"featured_media":0,"parent":133,"menu_order":0,"comment_status":"closed","ping_status":"open","template":"templates\/template-with-right-sidebar.php","meta":{"footnotes":""},"yoast_head":"<!-- This site is optimized with the Yoast SEO plugin v21.9.1 - https:\/\/yoast.com\/wordpress\/plugins\/seo\/ -->\n<title>Mausoleo Itimad-Ud-Daulah, il &quot;piccolo Taj Mahal&quot; - Monumenti in India<\/title>\n<meta name=\"description\" content=\"Scopri il Mausoleo Itimad-Ud-Daulah, il piccolo Taj Mahal: un&#039;opera architettonica suggestiva da visitare durante le tue vacanze in India e scopri le nostre offerte per tutti i gusti e tasche!\" \/>\n<meta name=\"robots\" content=\"index, follow, max-snippet:-1, max-image-preview:large, max-video-preview:-1\" \/>\n<link rel=\"canonical\" href=\"https:\/\/india.evolutiontravel.it\/infovacanze\/da-vedere\/baby-taj\/\" \/>\n<meta name=\"twitter:label1\" content=\"Tempo di lettura stimato\" \/>\n\t<meta name=\"twitter:data1\" content=\"1 minuto\" \/>\n<script type=\"application\/ld+json\" class=\"yoast-schema-graph\">{\"@context\":\"https:\/\/schema.org\",\"@graph\":[{\"@type\":\"WebPage\",\"@id\":\"https:\/\/india.evolutiontravel.it\/infovacanze\/da-vedere\/baby-taj\/\",\"url\":\"https:\/\/india.evolutiontravel.it\/infovacanze\/da-vedere\/baby-taj\/\",\"name\":\"Mausoleo Itimad-Ud-Daulah, il \\\"piccolo Taj Mahal\\\" - Monumenti in India\",\"isPartOf\":{\"@id\":\"https:\/\/india.evolutiontravel.it\/infovacanze\/#website\"},\"datePublished\":\"2013-08-12T13:03:36+00:00\",\"dateModified\":\"2018-04-23T14:27:27+00:00\",\"description\":\"Scopri il Mausoleo Itimad-Ud-Daulah, il piccolo Taj Mahal: un'opera architettonica suggestiva da visitare durante le tue vacanze in India e scopri le nostre offerte per tutti i gusti e tasche!\",\"breadcrumb\":{\"@id\":\"https:\/\/india.evolutiontravel.it\/infovacanze\/da-vedere\/baby-taj\/#breadcrumb\"},\"inLanguage\":\"it-IT\",\"potentialAction\":[{\"@type\":\"ReadAction\",\"target\":[\"https:\/\/india.evolutiontravel.it\/infovacanze\/da-vedere\/baby-taj\/\"]}]},{\"@type\":\"BreadcrumbList\",\"@id\":\"https:\/\/india.evolutiontravel.it\/infovacanze\/da-vedere\/baby-taj\/#breadcrumb\",\"itemListElement\":[{\"@type\":\"ListItem\",\"position\":1,\"name\":\"India da vedere, da vivere\",\"item\":\"https:\/\/india.evolutiontravel.it\/infovacanze\/da-vedere\/\"},{\"@type\":\"ListItem\",\"position\":2,\"name\":\"Mausoleo Itimad-Ud-Daulah\"}]},{\"@type\":\"WebSite\",\"@id\":\"https:\/\/india.evolutiontravel.it\/infovacanze\/#website\",\"url\":\"https:\/\/india.evolutiontravel.it\/infovacanze\/\",\"name\":\"India\",\"description\":\"\",\"potentialAction\":[{\"@type\":\"SearchAction\",\"target\":{\"@type\":\"EntryPoint\",\"urlTemplate\":\"https:\/\/india.evolutiontravel.it\/infovacanze\/?s={search_term_string}\"},\"query-input\":\"required name=search_term_string\"}],\"inLanguage\":\"it-IT\"}]}<\/script>\n<!-- \/ Yoast SEO plugin. -->","yoast_head_json":{"title":"Mausoleo Itimad-Ud-Daulah, il \"piccolo Taj Mahal\" - Monumenti in India","description":"Scopri il Mausoleo Itimad-Ud-Daulah, il piccolo Taj Mahal: un'opera architettonica suggestiva da visitare durante le tue vacanze in India e scopri le nostre offerte per tutti i gusti e tasche!","robots":{"index":"index","follow":"follow","max-snippet":"max-snippet:-1","max-image-preview":"max-image-preview:large","max-video-preview":"max-video-preview:-1"},"canonical":"https:\/\/india.evolutiontravel.it\/infovacanze\/da-vedere\/baby-taj\/","twitter_misc":{"Tempo di lettura stimato":"1 minuto"},"schema":{"@context":"https:\/\/schema.org","@graph":[{"@type":"WebPage","@id":"https:\/\/india.evolutiontravel.it\/infovacanze\/da-vedere\/baby-taj\/","url":"https:\/\/india.evolutiontravel.it\/infovacanze\/da-vedere\/baby-taj\/","name":"Mausoleo Itimad-Ud-Daulah, il \"piccolo Taj Mahal\" - Monumenti in India","isPartOf":{"@id":"https:\/\/india.evolutiontravel.it\/infovacanze\/#website"},"datePublished":"2013-08-12T13:03:36+00:00","dateModified":"2018-04-23T14:27:27+00:00","description":"Scopri il Mausoleo Itimad-Ud-Daulah, il piccolo Taj Mahal: un'opera architettonica suggestiva da visitare durante le tue vacanze in India e scopri le nostre offerte per tutti i gusti e tasche!","breadcrumb":{"@id":"https:\/\/india.evolutiontravel.it\/infovacanze\/da-vedere\/baby-taj\/#breadcrumb"},"inLanguage":"it-IT","potentialAction":[{"@type":"ReadAction","target":["https:\/\/india.evolutiontravel.it\/infovacanze\/da-vedere\/baby-taj\/"]}]},{"@type":"BreadcrumbList","@id":"https:\/\/india.evolutiontravel.it\/infovacanze\/da-vedere\/baby-taj\/#breadcrumb","itemListElement":[{"@type":"ListItem","position":1,"name":"India da vedere, da vivere","item":"https:\/\/india.evolutiontravel.it\/infovacanze\/da-vedere\/"},{"@type":"ListItem","position":2,"name":"Mausoleo Itimad-Ud-Daulah"}]},{"@type":"WebSite","@id":"https:\/\/india.evolutiontravel.it\/infovacanze\/#website","url":"https:\/\/india.evolutiontravel.it\/infovacanze\/","name":"India","description":"","potentialAction":[{"@type":"SearchAction","target":{"@type":"EntryPoint","urlTemplate":"https:\/\/india.evolutiontravel.it\/infovacanze\/?s={search_term_string}"},"query-input":"required name=search_term_string"}],"inLanguage":"it-IT"}]}},"_links":{"self":[{"href":"https:\/\/india.evolutiontravel.it\/infovacanze\/wp-json\/wp\/v2\/pages\/141"}],"collection":[{"href":"https:\/\/india.evolutiontravel.it\/infovacanze\/wp-json\/wp\/v2\/pages"}],"about":[{"href":"https:\/\/india.evolutiontravel.it\/infovacanze\/wp-json\/wp\/v2\/types\/page"}],"author":[{"embeddable":true,"href":"https:\/\/india.evolutiontravel.it\/infovacanze\/wp-json\/wp\/v2\/users\/1"}],"replies":[{"embeddable":true,"href":"https:\/\/india.evolutiontravel.it\/infovacanze\/wp-json\/wp\/v2\/comments?post=141"}],"version-history":[{"count":7,"href":"https:\/\/india.evolutiontravel.it\/infovacanze\/wp-json\/wp\/v2\/pages\/141\/revisions"}],"predecessor-version":[{"id":1344,"href":"https:\/\/india.evolutiontravel.it\/infovacanze\/wp-json\/wp\/v2\/pages\/141\/revisions\/1344"}],"up":[{"embeddable":true,"href":"https:\/\/india.evolutiontravel.it\/infovacanze\/wp-json\/wp\/v2\/pages\/133"}],"wp:attachment":[{"href":"https:\/\/india.evolutiontravel.it\/infovacanze\/wp-json\/wp\/v2\/media?parent=141"}],"curies":[{"name":"wp","href":"https:\/\/api.w.org\/{rel}","templated":true}]}}