{"id":167,"date":"2013-08-12T15:22:42","date_gmt":"2013-08-12T13:22:42","guid":{"rendered":"http:\/\/india.evolutiontravel.it\/infovacanze\/?page_id=167"},"modified":"2018-11-09T16:53:58","modified_gmt":"2018-11-09T15:53:58","slug":"deserto-del-thar","status":"publish","type":"page","link":"https:\/\/india.evolutiontravel.it\/infovacanze\/destinazioni\/deserto-del-thar\/","title":{"rendered":"Deserto del Thar"},"content":{"rendered":"<p align=\"justify\">Il\u00a0<strong>Deserto del Thar<\/strong>\u00a0tocca quattro\u00a0<strong>Stati dell&#8217; India<\/strong>, ma la gran parte del &#8220;Grande Deserto Indiano&#8221; \u00e8 nel <strong>Rajasthan occidentale<\/strong>\u00a0e nella regione pakistana del\u00a0<strong>Sindh<\/strong>.<\/p>\n<p align=\"justify\">Il nome di questa area desertica ha origine dalla parola <em><strong>Thul<\/strong><\/em>\u00a0che significa <strong>enormi dune di sabbia<\/strong>, quelle appunto presenti nella regione. Con una media annuale di 100-500 millimetri di pioggia dovuta alla prevalenza di venti particolarmente secchi, la zona \u00e8 per gran parte una regione bruciata dal sole e battuta da venti fortissimi dove gli unici paesaggi sono dune di sabbia, pietre e poca vegetazione erbosa e cespugliosa.<\/p>\n<div id=\"attachment_488\" style=\"width: 310px\" class=\"wp-caption alignright\"><img loading=\"lazy\" decoding=\"async\" aria-describedby=\"caption-attachment-488\" class=\"wp-image-488 size-medium\" src=\"http:\/\/india.evolutiontravel.it\/infovacanze\/wp-content\/uploads\/sites\/12\/2013\/10\/Rajasthan-300x225.jpg\" alt=\"Rajasthan\" width=\"300\" height=\"225\" srcset=\"https:\/\/india.evolutiontravel.it\/infovacanze\/wp-content\/uploads\/sites\/12\/2013\/10\/Rajasthan-300x225.jpg 300w, https:\/\/india.evolutiontravel.it\/infovacanze\/wp-content\/uploads\/sites\/12\/2013\/10\/Rajasthan-1024x768.jpg 1024w, https:\/\/india.evolutiontravel.it\/infovacanze\/wp-content\/uploads\/sites\/12\/2013\/10\/Rajasthan-400x300.jpg 400w, https:\/\/india.evolutiontravel.it\/infovacanze\/wp-content\/uploads\/sites\/12\/2013\/10\/Rajasthan.jpg 1600w\" sizes=\"(max-width: 300px) 100vw, 300px\" \/><p id=\"caption-attachment-488\" class=\"wp-caption-text\">La suggestiva Rajasthan<\/p><\/div>\n<p align=\"justify\">Le uniche aree abitate del deserto del Thar sono limitate a <strong>oasi di bellezza straordinaria<\/strong> come nel caso di <strong>Jaisalmer<\/strong>, con popolazione dedita per lo pi\u00f9 alla pastorizia, all&#8217;allevamento dei cammelli e all&#8217;estrazione di gesso e di sale, unici prodotti di questo arido territorio.<\/p>\n<p align=\"justify\">Nella grande\u00a0regione del Rajasthan, il <strong>deserto si presenta come un&#8217;immensa distesa di sabbia e dune<\/strong> che si estende lungo la frontiera col Pakistan e fino alle catene montuose dell&#8217; Aravalli. Molti sono i\u00a0<strong>villaggi di fango<\/strong>, terra e sterco di vacca, decorati con motivi e colori affascinanti che sorgono lungo le numerose\u00a0<strong>oasi<\/strong>\u00a0e, un tempo, era questa la strada battuta dalle carovane dei mercanti che trasportavano preziose merci dalla Cina e dall&#8217;India stessa verso la Persia e l&#8217;<strong>Asia Minore<\/strong>.<\/p>\n<p align=\"justify\">Ancora oggi \u00e8 facile incontrare <strong>carovane di nomadi<\/strong> che, coi loro cammelli, si muovono da un villaggio all&#8217;altro. Tipico e coloratissimo l&#8217;abbigliamento delle donne: una fantasia di tinte che brilla nel sole rovente e tra la sabbia dorata delle dune.<\/p>\n<p align=\"justify\">Le caratteristiche estreme del luogo hanno fatto s\u00ec che questo sia ricchissimo di specie endemiche di animali, in particolare <strong>lucertole e serpenti<\/strong>. I pochi arbusti presenti forniscono inoltre sostentamento alla grande <strong>otarda indiana<\/strong>, in pericolo di estinzione, e alle gazzelle, qui chiamate <em>chikara<\/em>, oltre alla grande quantit\u00e0 di uccelli migratori in transito come il gallo <strong>cedrone, l&#8217;oca, la quaglia, l&#8217;anatra e il francolino<\/strong>.<\/p>\n<h2>La leggenda del deserto del Thar<\/h2>\n<p align=\"justify\">Secono la leggenda ecco come prese vita questa zona. Il Signore Rama, protagonista dell&#8217;epica\u00a0<strong>Ramayana<\/strong>, un giorno si prepar\u00f2 a scagliare una freccia contro Lanka, capitale del regno del demone Ravana.<\/p>\n<p align=\"justify\">Questo demone era qui che teneva prigioniera Sita, la\u00a0<strong>moglie del dio<\/strong>. Ma il potere distruttivo delle frecce di Rama era tale che gli dei lo supplicarono di desistere dal suo proposito di distruzione.<\/p>\n<p align=\"justify\">Una volta teso l&#8217;arco era per\u00f2 impossibile non scoccare la freccia, cos\u00ec Rama <strong>indirizz\u00f2 la sua freccia verso un mare lontano<\/strong>, che il calore prosciug\u00f2, e <strong>al cui posto emerse un arido e bollente deserto<\/strong>: il deserto del Thar!<\/p>\n<p align=\"justify\">\n<h3 style=\"text-align: center\">SCOPRI L&#8217;INDIA con le nostre OFFERTE<\/h3>\n<p style=\"text-align: center\"><span style=\"color: #008000\"><strong>CLICCA E SCOPRI TUTTO<\/strong><\/span>: <strong>programma<\/strong> dettagliato, <strong>foto<\/strong>, <strong>recensioni<\/strong>, <strong>itinerari<\/strong>!<\/p>\n<div class=\"feedzy-ce774299d7f0ae3d6fe7dc499089daa2 feedzy-rss\">\n\t\t<ul class=\"feedzy-style2\">\n\t\t\t\t\t<li  style=\"padding: 23px 0 38px\" class=\"rss_item feedzy-rss-col-3\" >\n\t\t\t\t\t\t\t\t\t<div class=\"rss_image\" style=\"width:225px; height:225px;\">\n\t\t\t\t\t\t<a href=\"https:\/\/india.evolutiontravel.it\/it_IT\/907\/tab\/36012_incontro-con-le-popolazioni-di-kashmir-e-ladakh.html\" target=\"_blank\" \n\t\t\t\t\t\t\trel=\"noopener \"\n\t\t\t\t\t\t\ttitle=\"Incontro con le popolazioni di Kashmir e Ladakh\"\n\t\t\t\t\t\t\tstyle=\"width:225px; height:225px;\">\n\t\t\t\t\t\t\t<span class=\"fetched\" style=\"background-image:  url('http:\/\/etcdn.net\/thumbnails\/36012\/it-nuova-delhi-incontro-con-le-popolazioni-di-kashir-e-ladakh-61333.jpg');\" title=\"Incontro con le popolazioni di Kashmir e Ladakh\"><\/span><amp-img width=\"225\" height=\"225\" src=\"http:\/\/etcdn.net\/thumbnails\/36012\/it-nuova-delhi-incontro-con-le-popolazioni-di-kashir-e-ladakh-61333.jpg\">\t\t\t\t\t\t<\/a>\n\t\t\t\t\t<\/div>\n\t\t\t\t\t\t\t\t<div class=\"rss_content_wrap\">\n\t\t\t\t\t<span class=\"title\">\n\t\t\t\t\t\t<a href=\"https:\/\/india.evolutiontravel.it\/it_IT\/907\/tab\/36012_incontro-con-le-popolazioni-di-kashmir-e-ladakh.html\" target=\"_blank\"  rel=\"noopener \">\n\t\t\t\t\t\t\tIncontro con le popolazioni di Kashmir e Ladakh\t\t\t\t\t\t<\/a>\n\t\t\t\t\t<\/span>\n\t\t\t\t\t<div class=\"rss_content\"\n\t\t\t\t\t\t\tstyle=\"\">\n\t\t\t\t\t\t\n\t\t\t\t\t\t\t\t\t\t\t\t<p class=\"description\">Un imponente viaggio dal profondo interesse etnografico e culturale attraverso sperdute le remote regioni himalayane del Kashmir [&hellip;]<\/p>\n\t\t\t\t\t\t\n\t\t\t\t\t\t\t\t\t\t\t\t\t\t\t\t\t\t\t<div class=\"price-wrap\">\n\t\t\t\t\t\t\t\t<a href=\"https:\/\/india.evolutiontravel.it\/it_IT\/907\/tab\/36012_incontro-con-le-popolazioni-di-kashmir-e-ladakh.html\" target=\"_blank\" rel=\"noopener\"><button class=\"price\"> 6400<\/button><\/a>\n\t\t\t\t\t\t\t<\/div>\n\t\t\t\t\t\t\t\t\t\t\t<\/div>\n\t\t\t\t<\/div>\n\t\t\t<\/li>\n\t\t\t\t\t\t<li  style=\"padding: 23px 0 38px\" class=\"rss_item feedzy-rss-col-3\" >\n\t\t\t\t\t\t\t\t\t<div class=\"rss_image\" style=\"width:225px; height:225px;\">\n\t\t\t\t\t\t<a href=\"https:\/\/india.evolutiontravel.it\/it_IT\/907\/tab\/41511_tour-di-gruppo-con-insegnante-yoga-il-triangolo-doro-e-varanasi-durante-il-diwali.html\" target=\"_blank\" \n\t\t\t\t\t\t\trel=\"noopener \"\n\t\t\t\t\t\t\ttitle=\"Tour di gruppo con insegnante yoga - Il Triangolo d&#039;Oro e Varanasi durante il Diwali\"\n\t\t\t\t\t\t\tstyle=\"width:225px; height:225px;\">\n\t\t\t\t\t\t\t<span class=\"fetched\" style=\"background-image:  url('http:\/\/etcdn.net\/thumbnails\/41511\/it-nuova-delhi-tour-di-gruppo-con-insegnante-yoga-il-triangolo-doro-e-varanasi-durante-il-diwali-87178.jpg');\" title=\"Tour di gruppo con insegnante yoga - Il Triangolo d&#039;Oro e Varanasi durante il Diwali\"><\/span><amp-img width=\"225\" height=\"225\" src=\"http:\/\/etcdn.net\/thumbnails\/41511\/it-nuova-delhi-tour-di-gruppo-con-insegnante-yoga-il-triangolo-doro-e-varanasi-durante-il-diwali-87178.jpg\">\t\t\t\t\t\t<\/a>\n\t\t\t\t\t<\/div>\n\t\t\t\t\t\t\t\t<div class=\"rss_content_wrap\">\n\t\t\t\t\t<span class=\"title\">\n\t\t\t\t\t\t<a href=\"https:\/\/india.evolutiontravel.it\/it_IT\/907\/tab\/41511_tour-di-gruppo-con-insegnante-yoga-il-triangolo-doro-e-varanasi-durante-il-diwali.html\" target=\"_blank\"  rel=\"noopener \">\n\t\t\t\t\t\t\tTour di gruppo con insegnante yoga - Il Triangolo d'Oro e Varanasi durante il Diwali\t\t\t\t\t\t<\/a>\n\t\t\t\t\t<\/span>\n\t\t\t\t\t<div class=\"rss_content\"\n\t\t\t\t\t\t\tstyle=\"\">\n\t\t\t\t\t\t\n\t\t\t\t\t\t\t\t\t\t\t\t<p class=\"description\">Viaggio\u00a0di gruppo con insegnante yoga durante il Diwali di Varanasi: Triangolo d'Oro dell\u2019India del Nord con estensione a [&hellip;]<\/p>\n\t\t\t\t\t\t\n\t\t\t\t\t\t\t\t\t\t\t\t\t\t\t\t\t\t\t<div class=\"price-wrap\">\n\t\t\t\t\t\t\t\t<a href=\"https:\/\/india.evolutiontravel.it\/it_IT\/907\/tab\/41511_tour-di-gruppo-con-insegnante-yoga-il-triangolo-doro-e-varanasi-durante-il-diwali.html\" target=\"_blank\" rel=\"noopener\"><button class=\"price\"> 2320<\/button><\/a>\n\t\t\t\t\t\t\t<\/div>\n\t\t\t\t\t\t\t\t\t\t\t<\/div>\n\t\t\t\t<\/div>\n\t\t\t<\/li>\n\t\t\t\t\t\t<li  style=\"padding: 23px 0 38px\" class=\"rss_item feedzy-rss-col-3\" >\n\t\t\t\t\t\t\t\t\t<div class=\"rss_image\" style=\"width:225px; height:225px;\">\n\t\t\t\t\t\t<a href=\"https:\/\/india.evolutiontravel.it\/it_IT\/907\/tab\/3502_gran-tour-del-nord.html\" target=\"_blank\" \n\t\t\t\t\t\t\trel=\"noopener \"\n\t\t\t\t\t\t\ttitle=\"Gran Tour del Nord\"\n\t\t\t\t\t\t\tstyle=\"width:225px; height:225px;\">\n\t\t\t\t\t\t\t<span class=\"fetched\" style=\"background-image:  url('http:\/\/etcdn.net\/thumbnails\/3502\/it-nuova-delhi-gran-tour-dellindia-del-nord-52d29.jpg');\" title=\"Gran Tour del Nord\"><\/span><amp-img width=\"225\" height=\"225\" src=\"http:\/\/etcdn.net\/thumbnails\/3502\/it-nuova-delhi-gran-tour-dellindia-del-nord-52d29.jpg\">\t\t\t\t\t\t<\/a>\n\t\t\t\t\t<\/div>\n\t\t\t\t\t\t\t\t<div class=\"rss_content_wrap\">\n\t\t\t\t\t<span class=\"title\">\n\t\t\t\t\t\t<a href=\"https:\/\/india.evolutiontravel.it\/it_IT\/907\/tab\/3502_gran-tour-del-nord.html\" target=\"_blank\"  rel=\"noopener \">\n\t\t\t\t\t\t\tGran Tour del Nord\t\t\t\t\t\t<\/a>\n\t\t\t\t\t<\/span>\n\t\t\t\t\t<div class=\"rss_content\"\n\t\t\t\t\t\t\tstyle=\"\">\n\t\t\t\t\t\t\n\t\t\t\t\t\t\t\t\t\t\t\t<p class=\"description\">Un lungo e intenso viaggio alla scoperta dell'India del Nord. Dal Rajasthan alla Valle del Gange in un continuo tripudio di [&hellip;]<\/p>\n\t\t\t\t\t\t\n\t\t\t\t\t\t\t\t\t\t\t\t\t\t\t\t\t\t\t<div class=\"price-wrap\">\n\t\t\t\t\t\t\t\t<a href=\"https:\/\/india.evolutiontravel.it\/it_IT\/907\/tab\/3502_gran-tour-del-nord.html\" target=\"_blank\" rel=\"noopener\"><button class=\"price\"> 2817<\/button><\/a>\n\t\t\t\t\t\t\t<\/div>\n\t\t\t\t\t\t\t\t\t\t\t<\/div>\n\t\t\t\t<\/div>\n\t\t\t<\/li>\n\t\t\t\t\t\t<li  style=\"padding: 23px 0 38px\" class=\"rss_item feedzy-rss-col-3\" >\n\t\t\t\t\t\t\t\t\t<div class=\"rss_image\" style=\"width:225px; height:225px;\">\n\t\t\t\t\t\t<a href=\"https:\/\/india.evolutiontravel.it\/it_IT\/907\/tab\/3954_il-rajasthan-e-la-valle-del-gange.html\" target=\"_blank\" \n\t\t\t\t\t\t\trel=\"noopener \"\n\t\t\t\t\t\t\ttitle=\"Il Rajasthan e la Valle del Gange\"\n\t\t\t\t\t\t\tstyle=\"width:225px; height:225px;\">\n\t\t\t\t\t\t\t<span class=\"fetched\" style=\"background-image:  url('http:\/\/etcdn.net\/thumbnails\/3954\/it-nuova-delhi-il-rajasthan-e-la-valle-del-gange-52d00.jpg');\" title=\"Il Rajasthan e la Valle del Gange\"><\/span><amp-img width=\"225\" height=\"225\" src=\"http:\/\/etcdn.net\/thumbnails\/3954\/it-nuova-delhi-il-rajasthan-e-la-valle-del-gange-52d00.jpg\">\t\t\t\t\t\t<\/a>\n\t\t\t\t\t<\/div>\n\t\t\t\t\t\t\t\t<div class=\"rss_content_wrap\">\n\t\t\t\t\t<span class=\"title\">\n\t\t\t\t\t\t<a href=\"https:\/\/india.evolutiontravel.it\/it_IT\/907\/tab\/3954_il-rajasthan-e-la-valle-del-gange.html\" target=\"_blank\"  rel=\"noopener \">\n\t\t\t\t\t\t\tIl Rajasthan e la Valle del Gange\t\t\t\t\t\t<\/a>\n\t\t\t\t\t<\/span>\n\t\t\t\t\t<div class=\"rss_content\"\n\t\t\t\t\t\t\tstyle=\"\">\n\t\t\t\t\t\t\n\t\t\t\t\t\t\t\t\t\t\t\t<p class=\"description\">Un itinerario completo in India del Nord alla scoperta della regione del Rajasthan ed una breve estensione attraverso la pianura [&hellip;]<\/p>\n\t\t\t\t\t\t\n\t\t\t\t\t\t\t\t\t\t\t\t\t\t\t\t\t\t\t<div class=\"price-wrap\">\n\t\t\t\t\t\t\t\t<a href=\"https:\/\/india.evolutiontravel.it\/it_IT\/907\/tab\/3954_il-rajasthan-e-la-valle-del-gange.html\" target=\"_blank\" rel=\"noopener\"><button class=\"price\"> 2633<\/button><\/a>\n\t\t\t\t\t\t\t<\/div>\n\t\t\t\t\t\t\t\t\t\t\t<\/div>\n\t\t\t\t<\/div>\n\t\t\t<\/li>\n\t\t\t\t\t\t<li  style=\"padding: 23px 0 38px\" class=\"rss_item feedzy-rss-col-3\" >\n\t\t\t\t\t\t\t\t\t<div class=\"rss_image\" style=\"width:225px; height:225px;\">\n\t\t\t\t\t\t<a href=\"https:\/\/india.evolutiontravel.it\/it_IT\/907\/tab\/4546_le-meraviglie-delle-regioni-del-sud.html\" target=\"_blank\" \n\t\t\t\t\t\t\trel=\"noopener \"\n\t\t\t\t\t\t\ttitle=\"Le Meraviglie delle regioni del Sud\"\n\t\t\t\t\t\t\tstyle=\"width:225px; height:225px;\">\n\t\t\t\t\t\t\t<span class=\"fetched\" style=\"background-image:  url('http:\/\/etcdn.net\/thumbnails\/4546\/it-chennai-le-meraviglie-dellindia-del-sud-531ac.jpg');\" title=\"Le Meraviglie delle regioni del Sud\"><\/span><amp-img width=\"225\" height=\"225\" src=\"http:\/\/etcdn.net\/thumbnails\/4546\/it-chennai-le-meraviglie-dellindia-del-sud-531ac.jpg\">\t\t\t\t\t\t<\/a>\n\t\t\t\t\t<\/div>\n\t\t\t\t\t\t\t\t<div class=\"rss_content_wrap\">\n\t\t\t\t\t<span class=\"title\">\n\t\t\t\t\t\t<a href=\"https:\/\/india.evolutiontravel.it\/it_IT\/907\/tab\/4546_le-meraviglie-delle-regioni-del-sud.html\" target=\"_blank\"  rel=\"noopener \">\n\t\t\t\t\t\t\tLe Meraviglie delle regioni del Sud\t\t\t\t\t\t<\/a>\n\t\t\t\t\t<\/span>\n\t\t\t\t\t<div class=\"rss_content\"\n\t\t\t\t\t\t\tstyle=\"\">\n\t\t\t\t\t\t\n\t\t\t\t\t\t\t\t\t\t\t\t<p class=\"description\">Viaggio completo alla scoperta dell'India del Sud. Si parte dal Tamil Nadu,\u00a0si raggiunge la verde regione del Kearla dove flora [&hellip;]<\/p>\n\t\t\t\t\t\t\n\t\t\t\t\t\t\t\t\t\t\t\t\t\t\t\t\t\t\t<div class=\"price-wrap\">\n\t\t\t\t\t\t\t\t<a href=\"https:\/\/india.evolutiontravel.it\/it_IT\/907\/tab\/4546_le-meraviglie-delle-regioni-del-sud.html\" target=\"_blank\" rel=\"noopener\"><button class=\"price\"> 2290<\/button><\/a>\n\t\t\t\t\t\t\t<\/div>\n\t\t\t\t\t\t\t\t\t\t\t<\/div>\n\t\t\t\t<\/div>\n\t\t\t<\/li>\n\t\t\t\t\t\t<li  style=\"padding: 23px 0 38px\" class=\"rss_item feedzy-rss-col-3\" >\n\t\t\t\t\t\t\t\t\t<div class=\"rss_image\" style=\"width:225px; height:225px;\">\n\t\t\t\t\t\t<a href=\"https:\/\/india.evolutiontravel.it\/it_IT\/907\/tab\/287_tamil-nadu-e-kerala-il-paradiso-degli-dei.html\" target=\"_blank\" \n\t\t\t\t\t\t\trel=\"noopener \"\n\t\t\t\t\t\t\ttitle=\"Tamil Nadu e Kerala, Il Paradiso degli Dei\"\n\t\t\t\t\t\t\tstyle=\"width:225px; height:225px;\">\n\t\t\t\t\t\t\t<span class=\"fetched\" style=\"background-image:  url('http:\/\/etcdn.net\/thumbnails\/287\/it-chennai-tamil-nadu-e-kerala-il-paradiso-degli-dei-53088.jpg');\" title=\"Tamil Nadu e Kerala, Il Paradiso degli Dei\"><\/span><amp-img width=\"225\" height=\"225\" src=\"http:\/\/etcdn.net\/thumbnails\/287\/it-chennai-tamil-nadu-e-kerala-il-paradiso-degli-dei-53088.jpg\">\t\t\t\t\t\t<\/a>\n\t\t\t\t\t<\/div>\n\t\t\t\t\t\t\t\t<div class=\"rss_content_wrap\">\n\t\t\t\t\t<span class=\"title\">\n\t\t\t\t\t\t<a href=\"https:\/\/india.evolutiontravel.it\/it_IT\/907\/tab\/287_tamil-nadu-e-kerala-il-paradiso-degli-dei.html\" target=\"_blank\"  rel=\"noopener \">\n\t\t\t\t\t\t\tTamil Nadu e Kerala, Il Paradiso degli Dei\t\t\t\t\t\t<\/a>\n\t\t\t\t\t<\/span>\n\t\t\t\t\t<div class=\"rss_content\"\n\t\t\t\t\t\t\tstyle=\"\">\n\t\t\t\t\t\t\n\t\t\t\t\t\t\t\t\t\t\t\t<p class=\"description\">Un\u00a0itinerario affascinante\u00a0fra le pi\u00f9 belle regioni dell\u2019India del Sud\u00a0che si snoda fra i grandi templi e le citt\u00e0 sacre [&hellip;]<\/p>\n\t\t\t\t\t\t\n\t\t\t\t\t\t\t\t\t\t\t\t\t\t\t\t\t\t\t<div class=\"price-wrap\">\n\t\t\t\t\t\t\t\t<a href=\"https:\/\/india.evolutiontravel.it\/it_IT\/907\/tab\/287_tamil-nadu-e-kerala-il-paradiso-degli-dei.html\" target=\"_blank\" rel=\"noopener\"><button class=\"price\"> 1612<\/button><\/a>\n\t\t\t\t\t\t\t<\/div>\n\t\t\t\t\t\t\t\t\t\t\t<\/div>\n\t\t\t\t<\/div>\n\t\t\t<\/li>\n\t\t\t\t<\/ul>\n<\/div>\n<style type=\"text\/css\" media=\"all\">.feedzy-rss .rss_item .rss_image{float:left;position:relative;border:none;text-decoration:none;max-width:100%}.feedzy-rss .rss_item .rss_image span{display:inline-block;position:absolute;width:100%;height:100%;background-position:50%;background-size:cover}.feedzy-rss .rss_item .rss_image{margin:.3em 1em 0 0;content-visibility:auto}.feedzy-rss ul{list-style:none}.feedzy-rss ul li{display:inline-block}<\/style>\n","protected":false},"excerpt":{"rendered":"<p>Il\u00a0Deserto del Thar\u00a0tocca quattro\u00a0Stati dell&#8217; India, ma la gran parte del &#8220;Grande Deserto Indiano&#8221; \u00e8 nel Rajasthan occidentale\u00a0e nella regione pakistana del\u00a0Sindh. Il nome di questa area desertica ha origine dalla parola Thul\u00a0che significa enormi dune di sabbia, quelle appunto presenti nella regione. Con una media annuale di 100-500 millimetri di pioggia dovuta alla prevalenza <a class=\"moretag\" href=\"https:\/\/india.evolutiontravel.it\/infovacanze\/destinazioni\/deserto-del-thar\/\">[&#8230;]<\/a><\/p>\n","protected":false},"author":1,"featured_media":0,"parent":147,"menu_order":0,"comment_status":"closed","ping_status":"open","template":"templates\/template-with-right-sidebar.php","meta":{"footnotes":""},"yoast_head":"<!-- This site is optimized with the Yoast SEO plugin v21.9.1 - https:\/\/yoast.com\/wordpress\/plugins\/seo\/ -->\n<title>Deserto del Thar, India: dune, sabbia e oasi - Evolution Travel<\/title>\n<meta name=\"description\" content=\"Scopri con noi il Deserto del Thar che tocca addirittura quattro Stati dell&#039;India: parti con Evolution Travel per un viaggio da sogno ma senza spendere una fortuna! In un click scopri tutti i dettagli!\" \/>\n<meta name=\"robots\" content=\"index, follow, max-snippet:-1, max-image-preview:large, max-video-preview:-1\" \/>\n<link rel=\"canonical\" href=\"https:\/\/india.evolutiontravel.it\/infovacanze\/destinazioni\/deserto-del-thar\/\" \/>\n<meta name=\"twitter:label1\" content=\"Tempo di lettura stimato\" \/>\n\t<meta name=\"twitter:data1\" content=\"2 minuti\" \/>\n<script type=\"application\/ld+json\" class=\"yoast-schema-graph\">{\"@context\":\"https:\/\/schema.org\",\"@graph\":[{\"@type\":\"WebPage\",\"@id\":\"https:\/\/india.evolutiontravel.it\/infovacanze\/destinazioni\/deserto-del-thar\/\",\"url\":\"https:\/\/india.evolutiontravel.it\/infovacanze\/destinazioni\/deserto-del-thar\/\",\"name\":\"Deserto del Thar, India: dune, sabbia e oasi - Evolution Travel\",\"isPartOf\":{\"@id\":\"https:\/\/india.evolutiontravel.it\/infovacanze\/#website\"},\"datePublished\":\"2013-08-12T13:22:42+00:00\",\"dateModified\":\"2018-11-09T15:53:58+00:00\",\"description\":\"Scopri con noi il Deserto del Thar che tocca addirittura quattro Stati dell'India: parti con Evolution Travel per un viaggio da sogno ma senza spendere una fortuna! In un click scopri tutti i dettagli!\",\"breadcrumb\":{\"@id\":\"https:\/\/india.evolutiontravel.it\/infovacanze\/destinazioni\/deserto-del-thar\/#breadcrumb\"},\"inLanguage\":\"it-IT\",\"potentialAction\":[{\"@type\":\"ReadAction\",\"target\":[\"https:\/\/india.evolutiontravel.it\/infovacanze\/destinazioni\/deserto-del-thar\/\"]}]},{\"@type\":\"BreadcrumbList\",\"@id\":\"https:\/\/india.evolutiontravel.it\/infovacanze\/destinazioni\/deserto-del-thar\/#breadcrumb\",\"itemListElement\":[{\"@type\":\"ListItem\",\"position\":1,\"name\":\"Destinazioni in India\",\"item\":\"https:\/\/india.evolutiontravel.it\/infovacanze\/destinazioni\/\"},{\"@type\":\"ListItem\",\"position\":2,\"name\":\"Deserto del Thar\"}]},{\"@type\":\"WebSite\",\"@id\":\"https:\/\/india.evolutiontravel.it\/infovacanze\/#website\",\"url\":\"https:\/\/india.evolutiontravel.it\/infovacanze\/\",\"name\":\"India\",\"description\":\"\",\"potentialAction\":[{\"@type\":\"SearchAction\",\"target\":{\"@type\":\"EntryPoint\",\"urlTemplate\":\"https:\/\/india.evolutiontravel.it\/infovacanze\/?s={search_term_string}\"},\"query-input\":\"required name=search_term_string\"}],\"inLanguage\":\"it-IT\"}]}<\/script>\n<!-- \/ Yoast SEO plugin. -->","yoast_head_json":{"title":"Deserto del Thar, India: dune, sabbia e oasi - Evolution Travel","description":"Scopri con noi il Deserto del Thar che tocca addirittura quattro Stati dell'India: parti con Evolution Travel per un viaggio da sogno ma senza spendere una fortuna! In un click scopri tutti i dettagli!","robots":{"index":"index","follow":"follow","max-snippet":"max-snippet:-1","max-image-preview":"max-image-preview:large","max-video-preview":"max-video-preview:-1"},"canonical":"https:\/\/india.evolutiontravel.it\/infovacanze\/destinazioni\/deserto-del-thar\/","twitter_misc":{"Tempo di lettura stimato":"2 minuti"},"schema":{"@context":"https:\/\/schema.org","@graph":[{"@type":"WebPage","@id":"https:\/\/india.evolutiontravel.it\/infovacanze\/destinazioni\/deserto-del-thar\/","url":"https:\/\/india.evolutiontravel.it\/infovacanze\/destinazioni\/deserto-del-thar\/","name":"Deserto del Thar, India: dune, sabbia e oasi - Evolution Travel","isPartOf":{"@id":"https:\/\/india.evolutiontravel.it\/infovacanze\/#website"},"datePublished":"2013-08-12T13:22:42+00:00","dateModified":"2018-11-09T15:53:58+00:00","description":"Scopri con noi il Deserto del Thar che tocca addirittura quattro Stati dell'India: parti con Evolution Travel per un viaggio da sogno ma senza spendere una fortuna! In un click scopri tutti i dettagli!","breadcrumb":{"@id":"https:\/\/india.evolutiontravel.it\/infovacanze\/destinazioni\/deserto-del-thar\/#breadcrumb"},"inLanguage":"it-IT","potentialAction":[{"@type":"ReadAction","target":["https:\/\/india.evolutiontravel.it\/infovacanze\/destinazioni\/deserto-del-thar\/"]}]},{"@type":"BreadcrumbList","@id":"https:\/\/india.evolutiontravel.it\/infovacanze\/destinazioni\/deserto-del-thar\/#breadcrumb","itemListElement":[{"@type":"ListItem","position":1,"name":"Destinazioni in India","item":"https:\/\/india.evolutiontravel.it\/infovacanze\/destinazioni\/"},{"@type":"ListItem","position":2,"name":"Deserto del Thar"}]},{"@type":"WebSite","@id":"https:\/\/india.evolutiontravel.it\/infovacanze\/#website","url":"https:\/\/india.evolutiontravel.it\/infovacanze\/","name":"India","description":"","potentialAction":[{"@type":"SearchAction","target":{"@type":"EntryPoint","urlTemplate":"https:\/\/india.evolutiontravel.it\/infovacanze\/?s={search_term_string}"},"query-input":"required name=search_term_string"}],"inLanguage":"it-IT"}]}},"_links":{"self":[{"href":"https:\/\/india.evolutiontravel.it\/infovacanze\/wp-json\/wp\/v2\/pages\/167"}],"collection":[{"href":"https:\/\/india.evolutiontravel.it\/infovacanze\/wp-json\/wp\/v2\/pages"}],"about":[{"href":"https:\/\/india.evolutiontravel.it\/infovacanze\/wp-json\/wp\/v2\/types\/page"}],"author":[{"embeddable":true,"href":"https:\/\/india.evolutiontravel.it\/infovacanze\/wp-json\/wp\/v2\/users\/1"}],"replies":[{"embeddable":true,"href":"https:\/\/india.evolutiontravel.it\/infovacanze\/wp-json\/wp\/v2\/comments?post=167"}],"version-history":[{"count":6,"href":"https:\/\/india.evolutiontravel.it\/infovacanze\/wp-json\/wp\/v2\/pages\/167\/revisions"}],"predecessor-version":[{"id":1464,"href":"https:\/\/india.evolutiontravel.it\/infovacanze\/wp-json\/wp\/v2\/pages\/167\/revisions\/1464"}],"up":[{"embeddable":true,"href":"https:\/\/india.evolutiontravel.it\/infovacanze\/wp-json\/wp\/v2\/pages\/147"}],"wp:attachment":[{"href":"https:\/\/india.evolutiontravel.it\/infovacanze\/wp-json\/wp\/v2\/media?parent=167"}],"curies":[{"name":"wp","href":"https:\/\/api.w.org\/{rel}","templated":true}]}}