{"id":207,"date":"2013-09-10T16:22:19","date_gmt":"2013-09-10T14:22:19","guid":{"rendered":"http:\/\/india.evolutiontravel.it\/infovacanze\/?page_id=207"},"modified":"2018-04-16T09:43:25","modified_gmt":"2018-04-16T07:43:25","slug":"governo-indiano","status":"publish","type":"page","link":"https:\/\/india.evolutiontravel.it\/infovacanze\/informazioni\/governo-indiano\/","title":{"rendered":"Il governo indiano"},"content":{"rendered":"<p>L&#8217;<strong>India \u00e8 una federazione<\/strong> con un sistema parlamentare governato sotto la Costituzione indiana, che serve come documento legale supremo del paese. Si tratta di una <strong>repubblica costituzionale<\/strong> e democrazia rappresentativa, in cui &#8220;<em>la regola della maggioranza \u00e8 temperata dai diritti delle minoranze protette dalla legge<\/em>&#8220;.<\/p>\n<div id=\"attachment_242\" style=\"width: 279px\" class=\"wp-caption alignright\"><img loading=\"lazy\" decoding=\"async\" aria-describedby=\"caption-attachment-242\" class=\"wp-image-242 size-medium\" src=\"http:\/\/india.evolutiontravel.it\/infovacanze\/wp-content\/uploads\/sites\/12\/2013\/09\/India-MAPPA-269x300.jpg\" alt=\"India mappa\" width=\"269\" height=\"300\" srcset=\"https:\/\/india.evolutiontravel.it\/infovacanze\/wp-content\/uploads\/sites\/12\/2013\/09\/India-MAPPA-269x300.jpg 269w, https:\/\/india.evolutiontravel.it\/infovacanze\/wp-content\/uploads\/sites\/12\/2013\/09\/India-MAPPA.jpg 501w\" sizes=\"(max-width: 269px) 100vw, 269px\" \/><p id=\"caption-attachment-242\" class=\"wp-caption-text\">Mappa dell&#8217;India, una federazione con sistema parlamentare.<\/p><\/div>\n<p>Il federalismo in India definisce la distribuzione di potere tra il governo federale e gli stati. Il Governo si attiene pesi e contrappesi costituzionali. La <strong>Costituzione indiana,<\/strong> che \u00e8 entrato in vigore il 26 gennaio 1950 afferma nel suo preambolo che l&#8217;India \u00e8 uno Stato sovrano, <strong>socialista, laica, repubblica democratica<\/strong>.<\/p>\n<p>La forma di governo dell&#8217;India, tradizionalmente descritta come &#8220;quasi federale&#8221; con un centro forte e Stati deboli, \u00e8 cresciuta sempre pi\u00f9 federale, dalla fine del 1990 a seguito di cambiamenti politici, economici e sociali.<\/p>\n<p>Il governo federale \u00e8 composto da <strong>tre rami<\/strong><\/p>\n<ul>\n<li><strong>Esecutivo<br \/>\n<\/strong>il Presidente dell&#8217;India \u00e8 il capo dello Stato ed \u00e8 eletto indirettamente da un collegio elettorale nazionale per un mandato di cinque anni. Il primo ministro dell&#8217;India \u00e8 il capo del governo ed esercita una carica pi\u00f9 esecutiva di potere e sono nominati dal Presidente, il primo ministro \u00e8, per convenzione, sostenuto dal partito o alleanza politica che detiene la maggioranza dei seggi nella camera bassa del parlamento. Il ramo esecutivo del governo indiano \u00e8 costituito dal presidente, il vice-presidente, e il Consiglio dei Ministri-dell&#8217;armadio essendo il suo comitato esecutivo, guidato dal primo ministro. Qualsiasi ministro in possesso di un portafoglio deve essere membro di una delle Camere del Parlamento. Nel sistema parlamentare indiano, l&#8217;esecutivo \u00e8 subordinato al potere legislativo. Il primo ministro e il suo Consiglio sono direttamente responsabili per la camera bassa del parlamento.<\/li>\n<\/ul>\n<p>&nbsp;<\/p>\n<ul>\n<li><strong>Legislativo<\/strong>.<br \/>\nIl legislatore dell&#8217;India \u00e8 il parlamento bicamerale. Esso opera in un sistema parlamentare in stile Westminster e comprende la camera alta chiamatoa il Rajya Sabha (&#8220;Consiglio degli Stati&#8221;) e la pi\u00f9 bassa chiamata Lok Sabha (&#8220;Casa del Popolo&#8221;). Il Rajya Sabha \u00e8 un permanente corpo che ha 245 membri che durano in sfalsati termini di sei anni.<br \/>\nLa maggior parte sono eletti indirettamente dalle legislature statali e territoriali in numero proporzionale alla quota della popolazione nazionale del loro stato. Tutti tranne le due del Lok Sabha i cui 545 membri sono eletti direttamente con voto popolare, che rappresentano le singole circoscrizioni tramite mandati di cinque anni. Gli altri due membri sono nominati dal presidente tra la comunit\u00e0 anglo-indiana, nel caso in cui il presidente decide che non sono adeguatamente rappresentate.<\/li>\n<\/ul>\n<p>&nbsp;<\/p>\n<ul>\n<li><strong>Giudiziario.<br \/>\n<\/strong> l&#8217;India ha un sistema giudiziario indipendente a tre livelli unitari che comprende la Corte di Cassazione, presieduta dal Presidente della Corte Suprema dell&#8217;India, 24 Alte Corti, e un gran numero di giudici di merito. La Corte suprema ha inoltre giurisdizione originaria. I casi che riguardano i diritti fondamentali e contenziosi tra Stati e il centro, hanno giurisdizione d&#8217;appello sulle Alte Corti. Essa ha il potere sia di dichiarare la legge e di abbattere leggi sindacali o dello stato che violano la Costituzione. La Corte suprema \u00e8 anche l&#8217;interprete ultimo della costituzione.<\/li>\n<\/ul>\n<h3 style=\"text-align: center\">Offerte viaggi e vacanze in India<\/h3>\n<div class=\"feedzy-849aa3993cdaeef3d48030b75897bb91 feedzy-rss\">\n\t\t<ul class=\"feedzy-style2\">\n\t\t\t\t\t<li  style=\"padding: 23px 0 38px\" class=\"rss_item feedzy-rss-col-3\" >\n\t\t\t\t\t\t\t\t\t<div class=\"rss_image\" style=\"width:225px; height:225px;\">\n\t\t\t\t\t\t<a href=\"https:\/\/india.evolutiontravel.it\/it_IT\/907\/tab\/36012_incontro-con-le-popolazioni-di-kashmir-e-ladakh.html\" target=\"_blank\" \n\t\t\t\t\t\t\trel=\"noopener \"\n\t\t\t\t\t\t\ttitle=\"Incontro con le popolazioni di Kashmir e Ladakh\"\n\t\t\t\t\t\t\tstyle=\"width:225px; height:225px;\">\n\t\t\t\t\t\t\t<span class=\"fetched\" style=\"background-image:  url('http:\/\/etcdn.net\/thumbnails\/36012\/it-nuova-delhi-incontro-con-le-popolazioni-di-kashir-e-ladakh-61333.jpg');\" title=\"Incontro con le popolazioni di Kashmir e Ladakh\"><\/span><amp-img width=\"225\" height=\"225\" src=\"http:\/\/etcdn.net\/thumbnails\/36012\/it-nuova-delhi-incontro-con-le-popolazioni-di-kashir-e-ladakh-61333.jpg\">\t\t\t\t\t\t<\/a>\n\t\t\t\t\t<\/div>\n\t\t\t\t\t\t\t\t<div class=\"rss_content_wrap\">\n\t\t\t\t\t<span class=\"title\">\n\t\t\t\t\t\t<a href=\"https:\/\/india.evolutiontravel.it\/it_IT\/907\/tab\/36012_incontro-con-le-popolazioni-di-kashmir-e-ladakh.html\" target=\"_blank\"  rel=\"noopener \">\n\t\t\t\t\t\t\tIncontro con le popolazioni di Kashmir e Ladakh\t\t\t\t\t\t<\/a>\n\t\t\t\t\t<\/span>\n\t\t\t\t\t<div class=\"rss_content\"\n\t\t\t\t\t\t\tstyle=\"\">\n\t\t\t\t\t\t\n\t\t\t\t\t\t\t\t\t\t\t\t<p class=\"description\">Un imponente viaggio dal profondo interesse etnografico e culturale attraverso sperdute le remote regioni himalayane del Kashmir [&hellip;]<\/p>\n\t\t\t\t\t\t\n\t\t\t\t\t\t\t\t\t\t\t\t\t\t\t\t\t\t\t<div class=\"price-wrap\">\n\t\t\t\t\t\t\t\t<a href=\"https:\/\/india.evolutiontravel.it\/it_IT\/907\/tab\/36012_incontro-con-le-popolazioni-di-kashmir-e-ladakh.html\" target=\"_blank\" rel=\"noopener\"><button class=\"price\"> 6400<\/button><\/a>\n\t\t\t\t\t\t\t<\/div>\n\t\t\t\t\t\t\t\t\t\t\t<\/div>\n\t\t\t\t<\/div>\n\t\t\t<\/li>\n\t\t\t\t\t\t<li  style=\"padding: 23px 0 38px\" class=\"rss_item feedzy-rss-col-3\" >\n\t\t\t\t\t\t\t\t\t<div class=\"rss_image\" style=\"width:225px; height:225px;\">\n\t\t\t\t\t\t<a href=\"https:\/\/india.evolutiontravel.it\/it_IT\/907\/tab\/41511_tour-di-gruppo-con-insegnante-yoga-il-triangolo-doro-e-varanasi-durante-il-diwali.html\" target=\"_blank\" \n\t\t\t\t\t\t\trel=\"noopener \"\n\t\t\t\t\t\t\ttitle=\"Tour di gruppo con insegnante yoga - Il Triangolo d&#039;Oro e Varanasi durante il Diwali\"\n\t\t\t\t\t\t\tstyle=\"width:225px; height:225px;\">\n\t\t\t\t\t\t\t<span class=\"fetched\" style=\"background-image:  url('http:\/\/etcdn.net\/thumbnails\/41511\/it-nuova-delhi-tour-di-gruppo-con-insegnante-yoga-il-triangolo-doro-e-varanasi-durante-il-diwali-87178.jpg');\" title=\"Tour di gruppo con insegnante yoga - Il Triangolo d&#039;Oro e Varanasi durante il Diwali\"><\/span><amp-img width=\"225\" height=\"225\" src=\"http:\/\/etcdn.net\/thumbnails\/41511\/it-nuova-delhi-tour-di-gruppo-con-insegnante-yoga-il-triangolo-doro-e-varanasi-durante-il-diwali-87178.jpg\">\t\t\t\t\t\t<\/a>\n\t\t\t\t\t<\/div>\n\t\t\t\t\t\t\t\t<div class=\"rss_content_wrap\">\n\t\t\t\t\t<span class=\"title\">\n\t\t\t\t\t\t<a href=\"https:\/\/india.evolutiontravel.it\/it_IT\/907\/tab\/41511_tour-di-gruppo-con-insegnante-yoga-il-triangolo-doro-e-varanasi-durante-il-diwali.html\" target=\"_blank\"  rel=\"noopener \">\n\t\t\t\t\t\t\tTour di gruppo con insegnante yoga - Il Triangolo d'Oro e Varanasi durante il Diwali\t\t\t\t\t\t<\/a>\n\t\t\t\t\t<\/span>\n\t\t\t\t\t<div class=\"rss_content\"\n\t\t\t\t\t\t\tstyle=\"\">\n\t\t\t\t\t\t\n\t\t\t\t\t\t\t\t\t\t\t\t<p class=\"description\">Viaggio\u00a0di gruppo con insegnante yoga durante il Diwali di Varanasi: Triangolo d'Oro dell\u2019India del Nord con estensione a [&hellip;]<\/p>\n\t\t\t\t\t\t\n\t\t\t\t\t\t\t\t\t\t\t\t\t\t\t\t\t\t\t<div class=\"price-wrap\">\n\t\t\t\t\t\t\t\t<a href=\"https:\/\/india.evolutiontravel.it\/it_IT\/907\/tab\/41511_tour-di-gruppo-con-insegnante-yoga-il-triangolo-doro-e-varanasi-durante-il-diwali.html\" target=\"_blank\" rel=\"noopener\"><button class=\"price\"> 2320<\/button><\/a>\n\t\t\t\t\t\t\t<\/div>\n\t\t\t\t\t\t\t\t\t\t\t<\/div>\n\t\t\t\t<\/div>\n\t\t\t<\/li>\n\t\t\t\t\t\t<li  style=\"padding: 23px 0 38px\" class=\"rss_item feedzy-rss-col-3\" >\n\t\t\t\t\t\t\t\t\t<div class=\"rss_image\" style=\"width:225px; height:225px;\">\n\t\t\t\t\t\t<a href=\"https:\/\/india.evolutiontravel.it\/it_IT\/907\/tab\/3502_gran-tour-del-nord.html\" target=\"_blank\" \n\t\t\t\t\t\t\trel=\"noopener \"\n\t\t\t\t\t\t\ttitle=\"Gran Tour del Nord\"\n\t\t\t\t\t\t\tstyle=\"width:225px; height:225px;\">\n\t\t\t\t\t\t\t<span class=\"fetched\" style=\"background-image:  url('http:\/\/etcdn.net\/thumbnails\/3502\/it-nuova-delhi-gran-tour-dellindia-del-nord-52d29.jpg');\" title=\"Gran Tour del Nord\"><\/span><amp-img width=\"225\" height=\"225\" src=\"http:\/\/etcdn.net\/thumbnails\/3502\/it-nuova-delhi-gran-tour-dellindia-del-nord-52d29.jpg\">\t\t\t\t\t\t<\/a>\n\t\t\t\t\t<\/div>\n\t\t\t\t\t\t\t\t<div class=\"rss_content_wrap\">\n\t\t\t\t\t<span class=\"title\">\n\t\t\t\t\t\t<a href=\"https:\/\/india.evolutiontravel.it\/it_IT\/907\/tab\/3502_gran-tour-del-nord.html\" target=\"_blank\"  rel=\"noopener \">\n\t\t\t\t\t\t\tGran Tour del Nord\t\t\t\t\t\t<\/a>\n\t\t\t\t\t<\/span>\n\t\t\t\t\t<div class=\"rss_content\"\n\t\t\t\t\t\t\tstyle=\"\">\n\t\t\t\t\t\t\n\t\t\t\t\t\t\t\t\t\t\t\t<p class=\"description\">Un lungo e intenso viaggio alla scoperta dell'India del Nord. Dal Rajasthan alla Valle del Gange in un continuo tripudio di [&hellip;]<\/p>\n\t\t\t\t\t\t\n\t\t\t\t\t\t\t\t\t\t\t\t\t\t\t\t\t\t\t<div class=\"price-wrap\">\n\t\t\t\t\t\t\t\t<a href=\"https:\/\/india.evolutiontravel.it\/it_IT\/907\/tab\/3502_gran-tour-del-nord.html\" target=\"_blank\" rel=\"noopener\"><button class=\"price\"> 2817<\/button><\/a>\n\t\t\t\t\t\t\t<\/div>\n\t\t\t\t\t\t\t\t\t\t\t<\/div>\n\t\t\t\t<\/div>\n\t\t\t<\/li>\n\t\t\t\t\t\t<li  style=\"padding: 23px 0 38px\" class=\"rss_item feedzy-rss-col-3\" >\n\t\t\t\t\t\t\t\t\t<div class=\"rss_image\" style=\"width:225px; height:225px;\">\n\t\t\t\t\t\t<a href=\"https:\/\/india.evolutiontravel.it\/it_IT\/907\/tab\/3954_il-rajasthan-e-la-valle-del-gange.html\" target=\"_blank\" \n\t\t\t\t\t\t\trel=\"noopener \"\n\t\t\t\t\t\t\ttitle=\"Il Rajasthan e la Valle del Gange\"\n\t\t\t\t\t\t\tstyle=\"width:225px; height:225px;\">\n\t\t\t\t\t\t\t<span class=\"fetched\" style=\"background-image:  url('http:\/\/etcdn.net\/thumbnails\/3954\/it-nuova-delhi-il-rajasthan-e-la-valle-del-gange-52d00.jpg');\" title=\"Il Rajasthan e la Valle del Gange\"><\/span><amp-img width=\"225\" height=\"225\" src=\"http:\/\/etcdn.net\/thumbnails\/3954\/it-nuova-delhi-il-rajasthan-e-la-valle-del-gange-52d00.jpg\">\t\t\t\t\t\t<\/a>\n\t\t\t\t\t<\/div>\n\t\t\t\t\t\t\t\t<div class=\"rss_content_wrap\">\n\t\t\t\t\t<span class=\"title\">\n\t\t\t\t\t\t<a href=\"https:\/\/india.evolutiontravel.it\/it_IT\/907\/tab\/3954_il-rajasthan-e-la-valle-del-gange.html\" target=\"_blank\"  rel=\"noopener \">\n\t\t\t\t\t\t\tIl Rajasthan e la Valle del Gange\t\t\t\t\t\t<\/a>\n\t\t\t\t\t<\/span>\n\t\t\t\t\t<div class=\"rss_content\"\n\t\t\t\t\t\t\tstyle=\"\">\n\t\t\t\t\t\t\n\t\t\t\t\t\t\t\t\t\t\t\t<p class=\"description\">Un itinerario completo in India del Nord alla scoperta della regione del Rajasthan ed una breve estensione attraverso la pianura [&hellip;]<\/p>\n\t\t\t\t\t\t\n\t\t\t\t\t\t\t\t\t\t\t\t\t\t\t\t\t\t\t<div class=\"price-wrap\">\n\t\t\t\t\t\t\t\t<a href=\"https:\/\/india.evolutiontravel.it\/it_IT\/907\/tab\/3954_il-rajasthan-e-la-valle-del-gange.html\" target=\"_blank\" rel=\"noopener\"><button class=\"price\"> 2633<\/button><\/a>\n\t\t\t\t\t\t\t<\/div>\n\t\t\t\t\t\t\t\t\t\t\t<\/div>\n\t\t\t\t<\/div>\n\t\t\t<\/li>\n\t\t\t\t\t\t<li  style=\"padding: 23px 0 38px\" class=\"rss_item feedzy-rss-col-3\" >\n\t\t\t\t\t\t\t\t\t<div class=\"rss_image\" style=\"width:225px; height:225px;\">\n\t\t\t\t\t\t<a href=\"https:\/\/india.evolutiontravel.it\/it_IT\/907\/tab\/4546_le-meraviglie-delle-regioni-del-sud.html\" target=\"_blank\" \n\t\t\t\t\t\t\trel=\"noopener \"\n\t\t\t\t\t\t\ttitle=\"Le Meraviglie delle regioni del Sud\"\n\t\t\t\t\t\t\tstyle=\"width:225px; height:225px;\">\n\t\t\t\t\t\t\t<span class=\"fetched\" style=\"background-image:  url('http:\/\/etcdn.net\/thumbnails\/4546\/it-chennai-le-meraviglie-dellindia-del-sud-531ac.jpg');\" title=\"Le Meraviglie delle regioni del Sud\"><\/span><amp-img width=\"225\" height=\"225\" src=\"http:\/\/etcdn.net\/thumbnails\/4546\/it-chennai-le-meraviglie-dellindia-del-sud-531ac.jpg\">\t\t\t\t\t\t<\/a>\n\t\t\t\t\t<\/div>\n\t\t\t\t\t\t\t\t<div class=\"rss_content_wrap\">\n\t\t\t\t\t<span class=\"title\">\n\t\t\t\t\t\t<a href=\"https:\/\/india.evolutiontravel.it\/it_IT\/907\/tab\/4546_le-meraviglie-delle-regioni-del-sud.html\" target=\"_blank\"  rel=\"noopener \">\n\t\t\t\t\t\t\tLe Meraviglie delle regioni del Sud\t\t\t\t\t\t<\/a>\n\t\t\t\t\t<\/span>\n\t\t\t\t\t<div class=\"rss_content\"\n\t\t\t\t\t\t\tstyle=\"\">\n\t\t\t\t\t\t\n\t\t\t\t\t\t\t\t\t\t\t\t<p class=\"description\">Viaggio completo alla scoperta dell'India del Sud. Si parte dal Tamil Nadu,\u00a0si raggiunge la verde regione del Kearla dove flora [&hellip;]<\/p>\n\t\t\t\t\t\t\n\t\t\t\t\t\t\t\t\t\t\t\t\t\t\t\t\t\t\t<div class=\"price-wrap\">\n\t\t\t\t\t\t\t\t<a href=\"https:\/\/india.evolutiontravel.it\/it_IT\/907\/tab\/4546_le-meraviglie-delle-regioni-del-sud.html\" target=\"_blank\" rel=\"noopener\"><button class=\"price\"> 2290<\/button><\/a>\n\t\t\t\t\t\t\t<\/div>\n\t\t\t\t\t\t\t\t\t\t\t<\/div>\n\t\t\t\t<\/div>\n\t\t\t<\/li>\n\t\t\t\t\t\t<li  style=\"padding: 23px 0 38px\" class=\"rss_item feedzy-rss-col-3\" >\n\t\t\t\t\t\t\t\t\t<div class=\"rss_image\" style=\"width:225px; height:225px;\">\n\t\t\t\t\t\t<a href=\"https:\/\/india.evolutiontravel.it\/it_IT\/907\/tab\/287_tamil-nadu-e-kerala-il-paradiso-degli-dei.html\" target=\"_blank\" \n\t\t\t\t\t\t\trel=\"noopener \"\n\t\t\t\t\t\t\ttitle=\"Tamil Nadu e Kerala, Il Paradiso degli Dei\"\n\t\t\t\t\t\t\tstyle=\"width:225px; height:225px;\">\n\t\t\t\t\t\t\t<span class=\"fetched\" style=\"background-image:  url('http:\/\/etcdn.net\/thumbnails\/287\/it-chennai-tamil-nadu-e-kerala-il-paradiso-degli-dei-53088.jpg');\" title=\"Tamil Nadu e Kerala, Il Paradiso degli Dei\"><\/span><amp-img width=\"225\" height=\"225\" src=\"http:\/\/etcdn.net\/thumbnails\/287\/it-chennai-tamil-nadu-e-kerala-il-paradiso-degli-dei-53088.jpg\">\t\t\t\t\t\t<\/a>\n\t\t\t\t\t<\/div>\n\t\t\t\t\t\t\t\t<div class=\"rss_content_wrap\">\n\t\t\t\t\t<span class=\"title\">\n\t\t\t\t\t\t<a href=\"https:\/\/india.evolutiontravel.it\/it_IT\/907\/tab\/287_tamil-nadu-e-kerala-il-paradiso-degli-dei.html\" target=\"_blank\"  rel=\"noopener \">\n\t\t\t\t\t\t\tTamil Nadu e Kerala, Il Paradiso degli Dei\t\t\t\t\t\t<\/a>\n\t\t\t\t\t<\/span>\n\t\t\t\t\t<div class=\"rss_content\"\n\t\t\t\t\t\t\tstyle=\"\">\n\t\t\t\t\t\t\n\t\t\t\t\t\t\t\t\t\t\t\t<p class=\"description\">Un\u00a0itinerario affascinante\u00a0fra le pi\u00f9 belle regioni dell\u2019India del Sud\u00a0che si snoda fra i grandi templi e le citt\u00e0 sacre [&hellip;]<\/p>\n\t\t\t\t\t\t\n\t\t\t\t\t\t\t\t\t\t\t\t\t\t\t\t\t\t\t<div class=\"price-wrap\">\n\t\t\t\t\t\t\t\t<a href=\"https:\/\/india.evolutiontravel.it\/it_IT\/907\/tab\/287_tamil-nadu-e-kerala-il-paradiso-degli-dei.html\" target=\"_blank\" rel=\"noopener\"><button class=\"price\"> 1612<\/button><\/a>\n\t\t\t\t\t\t\t<\/div>\n\t\t\t\t\t\t\t\t\t\t\t<\/div>\n\t\t\t\t<\/div>\n\t\t\t<\/li>\n\t\t\t\t<\/ul>\n<\/div>\n<style type=\"text\/css\" media=\"all\">.feedzy-rss .rss_item .rss_image{float:left;position:relative;border:none;text-decoration:none;max-width:100%}.feedzy-rss .rss_item .rss_image span{display:inline-block;position:absolute;width:100%;height:100%;background-position:50%;background-size:cover}.feedzy-rss .rss_item .rss_image{margin:.3em 1em 0 0;content-visibility:auto}.feedzy-rss ul{list-style:none}.feedzy-rss ul li{display:inline-block}<\/style>\n","protected":false},"excerpt":{"rendered":"<p>L&#8217;India \u00e8 una federazione con un sistema parlamentare governato sotto la Costituzione indiana, che serve come documento legale supremo del paese. Si tratta di una repubblica costituzionale e democrazia rappresentativa, in cui &#8220;la regola della maggioranza \u00e8 temperata dai diritti delle minoranze protette dalla legge&#8220;. Il federalismo in India definisce la distribuzione di potere tra <a class=\"moretag\" href=\"https:\/\/india.evolutiontravel.it\/infovacanze\/informazioni\/governo-indiano\/\">[&#8230;]<\/a><\/p>\n","protected":false},"author":1,"featured_media":0,"parent":12,"menu_order":0,"comment_status":"closed","ping_status":"open","template":"templates\/template-with-right-sidebar.php","meta":{"footnotes":""},"yoast_head":"<!-- This site is optimized with the Yoast SEO plugin v21.9.1 - https:\/\/yoast.com\/wordpress\/plugins\/seo\/ -->\n<title>Governo Indiano, federazione con sistema parlamentare - Evolution Travel<\/title>\n<meta name=\"description\" content=\"L&#039;India \u00e8 una federazione con un sistema parlamentare governato sotto la Costituzione indiana. Leggi l&#039;articolo per saperne di pi\u00f9 sul governo indiano.\" \/>\n<meta name=\"robots\" content=\"index, follow, max-snippet:-1, max-image-preview:large, max-video-preview:-1\" \/>\n<link rel=\"canonical\" href=\"https:\/\/india.evolutiontravel.it\/infovacanze\/informazioni\/governo-indiano\/\" \/>\n<meta name=\"twitter:label1\" content=\"Tempo di lettura stimato\" \/>\n\t<meta name=\"twitter:data1\" content=\"3 minuti\" \/>\n<script type=\"application\/ld+json\" class=\"yoast-schema-graph\">{\"@context\":\"https:\/\/schema.org\",\"@graph\":[{\"@type\":\"WebPage\",\"@id\":\"https:\/\/india.evolutiontravel.it\/infovacanze\/informazioni\/governo-indiano\/\",\"url\":\"https:\/\/india.evolutiontravel.it\/infovacanze\/informazioni\/governo-indiano\/\",\"name\":\"Governo Indiano, federazione con sistema parlamentare - Evolution Travel\",\"isPartOf\":{\"@id\":\"https:\/\/india.evolutiontravel.it\/infovacanze\/#website\"},\"datePublished\":\"2013-09-10T14:22:19+00:00\",\"dateModified\":\"2018-04-16T07:43:25+00:00\",\"description\":\"L'India \u00e8 una federazione con un sistema parlamentare governato sotto la Costituzione indiana. Leggi l'articolo per saperne di pi\u00f9 sul governo indiano.\",\"breadcrumb\":{\"@id\":\"https:\/\/india.evolutiontravel.it\/infovacanze\/informazioni\/governo-indiano\/#breadcrumb\"},\"inLanguage\":\"it-IT\",\"potentialAction\":[{\"@type\":\"ReadAction\",\"target\":[\"https:\/\/india.evolutiontravel.it\/infovacanze\/informazioni\/governo-indiano\/\"]}]},{\"@type\":\"BreadcrumbList\",\"@id\":\"https:\/\/india.evolutiontravel.it\/infovacanze\/informazioni\/governo-indiano\/#breadcrumb\",\"itemListElement\":[{\"@type\":\"ListItem\",\"position\":1,\"name\":\"Informazioni utili sull&#8217;India\",\"item\":\"https:\/\/india.evolutiontravel.it\/infovacanze\/informazioni\/\"},{\"@type\":\"ListItem\",\"position\":2,\"name\":\"Il governo indiano\"}]},{\"@type\":\"WebSite\",\"@id\":\"https:\/\/india.evolutiontravel.it\/infovacanze\/#website\",\"url\":\"https:\/\/india.evolutiontravel.it\/infovacanze\/\",\"name\":\"India\",\"description\":\"\",\"potentialAction\":[{\"@type\":\"SearchAction\",\"target\":{\"@type\":\"EntryPoint\",\"urlTemplate\":\"https:\/\/india.evolutiontravel.it\/infovacanze\/?s={search_term_string}\"},\"query-input\":\"required name=search_term_string\"}],\"inLanguage\":\"it-IT\"}]}<\/script>\n<!-- \/ Yoast SEO plugin. -->","yoast_head_json":{"title":"Governo Indiano, federazione con sistema parlamentare - Evolution Travel","description":"L'India \u00e8 una federazione con un sistema parlamentare governato sotto la Costituzione indiana. Leggi l'articolo per saperne di pi\u00f9 sul governo indiano.","robots":{"index":"index","follow":"follow","max-snippet":"max-snippet:-1","max-image-preview":"max-image-preview:large","max-video-preview":"max-video-preview:-1"},"canonical":"https:\/\/india.evolutiontravel.it\/infovacanze\/informazioni\/governo-indiano\/","twitter_misc":{"Tempo di lettura stimato":"3 minuti"},"schema":{"@context":"https:\/\/schema.org","@graph":[{"@type":"WebPage","@id":"https:\/\/india.evolutiontravel.it\/infovacanze\/informazioni\/governo-indiano\/","url":"https:\/\/india.evolutiontravel.it\/infovacanze\/informazioni\/governo-indiano\/","name":"Governo Indiano, federazione con sistema parlamentare - Evolution Travel","isPartOf":{"@id":"https:\/\/india.evolutiontravel.it\/infovacanze\/#website"},"datePublished":"2013-09-10T14:22:19+00:00","dateModified":"2018-04-16T07:43:25+00:00","description":"L'India \u00e8 una federazione con un sistema parlamentare governato sotto la Costituzione indiana. Leggi l'articolo per saperne di pi\u00f9 sul governo indiano.","breadcrumb":{"@id":"https:\/\/india.evolutiontravel.it\/infovacanze\/informazioni\/governo-indiano\/#breadcrumb"},"inLanguage":"it-IT","potentialAction":[{"@type":"ReadAction","target":["https:\/\/india.evolutiontravel.it\/infovacanze\/informazioni\/governo-indiano\/"]}]},{"@type":"BreadcrumbList","@id":"https:\/\/india.evolutiontravel.it\/infovacanze\/informazioni\/governo-indiano\/#breadcrumb","itemListElement":[{"@type":"ListItem","position":1,"name":"Informazioni utili sull&#8217;India","item":"https:\/\/india.evolutiontravel.it\/infovacanze\/informazioni\/"},{"@type":"ListItem","position":2,"name":"Il governo indiano"}]},{"@type":"WebSite","@id":"https:\/\/india.evolutiontravel.it\/infovacanze\/#website","url":"https:\/\/india.evolutiontravel.it\/infovacanze\/","name":"India","description":"","potentialAction":[{"@type":"SearchAction","target":{"@type":"EntryPoint","urlTemplate":"https:\/\/india.evolutiontravel.it\/infovacanze\/?s={search_term_string}"},"query-input":"required name=search_term_string"}],"inLanguage":"it-IT"}]}},"_links":{"self":[{"href":"https:\/\/india.evolutiontravel.it\/infovacanze\/wp-json\/wp\/v2\/pages\/207"}],"collection":[{"href":"https:\/\/india.evolutiontravel.it\/infovacanze\/wp-json\/wp\/v2\/pages"}],"about":[{"href":"https:\/\/india.evolutiontravel.it\/infovacanze\/wp-json\/wp\/v2\/types\/page"}],"author":[{"embeddable":true,"href":"https:\/\/india.evolutiontravel.it\/infovacanze\/wp-json\/wp\/v2\/users\/1"}],"replies":[{"embeddable":true,"href":"https:\/\/india.evolutiontravel.it\/infovacanze\/wp-json\/wp\/v2\/comments?post=207"}],"version-history":[{"count":8,"href":"https:\/\/india.evolutiontravel.it\/infovacanze\/wp-json\/wp\/v2\/pages\/207\/revisions"}],"predecessor-version":[{"id":1247,"href":"https:\/\/india.evolutiontravel.it\/infovacanze\/wp-json\/wp\/v2\/pages\/207\/revisions\/1247"}],"up":[{"embeddable":true,"href":"https:\/\/india.evolutiontravel.it\/infovacanze\/wp-json\/wp\/v2\/pages\/12"}],"wp:attachment":[{"href":"https:\/\/india.evolutiontravel.it\/infovacanze\/wp-json\/wp\/v2\/media?parent=207"}],"curies":[{"name":"wp","href":"https:\/\/api.w.org\/{rel}","templated":true}]}}