{"id":32,"date":"2013-08-07T16:17:19","date_gmt":"2013-08-07T14:17:19","guid":{"rendered":"http:\/\/india.evolutiontravel.it\/infovacanze\/?page_id=32"},"modified":"2018-11-06T14:49:25","modified_gmt":"2018-11-06T13:49:25","slug":"itinerari","status":"publish","type":"page","link":"https:\/\/india.evolutiontravel.it\/infovacanze\/itinerari\/","title":{"rendered":"Itinerari per scoprire l&#8217;India"},"content":{"rendered":"<p>Scegliere uno dei tanti<strong> itinerari in India<\/strong> \u00e8 il modo migliore per visitare<strong> un paese cos\u00ec vasto<\/strong> (ben 3.287.000 km\u00b2 di superficie) e magari scegliere tra Sud, Centro e Nord per individuare <a title=\"destinazioni india\" href=\"https:\/\/india.evolutiontravel.it\/infovacanze\/destinazioni\/\">mete e destinazioni<\/a> che pi\u00f9 ci interessa vedere durante il viaggio.<\/p>\n<p>In questo articolo vi raccontiamo per undici itinerari che possono accontentare tutti: chi vuole visitare le citt\u00e0, chi fare vita da mare, chi pensa a un safari e chi invece preferisce fermarsi in tante tappe diverse.<\/p>\n<h2>India del Sud: itinerari tra templi e spiagge<\/h2>\n<p>L&#8217;<strong>India del Sud<\/strong>, vanta dei fantastici territori dove si trovano <strong>Karnataka<\/strong> e <strong>Tamil Nadu<\/strong>. Questa \u00e8 la parte pi\u00f9\u00a0<strong>tropicale<\/strong>\u00a0del paese con i grandiosi <strong>templi<\/strong>, ricchi di sculture, oltre alle magnifiche <strong>spiagge del\u00a0Kerala<\/strong>:<\/p>\n<ul>\n<li><a title=\"india del sud\" href=\"https:\/\/india.evolutiontravel.it\/infovacanze\/tour\/tour-india-del-sud\/\">Tour nel sud dell&#8217;India<\/a><\/li>\n<li><a title=\"kerala\" href=\"https:\/\/india.evolutiontravel.it\/infovacanze\/turismo\/turismo-kerala\/\">Spiagge e mare di Kerala<\/a><\/li>\n<li><a title=\"mare sud india\" href=\"https:\/\/india.evolutiontravel.it\/infovacanze\/turismo\/spiagge-india-del-sud\/\">Mare e spiagge a Sud dell&#8217;India<\/a><\/li>\n<li><a title=\"monumenti india\" href=\"https:\/\/india.evolutiontravel.it\/infovacanze\/da-vedere\/monumenti-dellindia\/\">India: monumenti, palazzi e templi<\/a><\/li>\n<\/ul>\n<h2>Da Amritsar a Calcutta<\/h2>\n<p>Le vaste\u00a0<strong>pianure gangetiche\u00a0del Nord<\/strong>, che vanno dalla citt\u00e0 di <strong>Amritsar<\/strong> ad Ovest, dove \u00e8 possibile esplorare il tempio d&#8217;oro, fulcro della della regione Sikh, alla rinomata <strong>Calcutta<\/strong> ad Est, con fantastici luoghi del calibro di<strong> Varanasi<\/strong>, la citt\u00e0 santa che fa tesoro della continuit\u00e0 storica pi\u00f9 antica del mondo, e <strong>Bodhgaya<\/strong>, il magico luogo di meditazione dei monaci buddisti.<\/p>\n<p>Meta imperdibile qui il\u00a0<strong>Rajasthan<\/strong>\u00a0e il\u00a0<strong>Gujarat<\/strong>, con le famose citt\u00e0 Rajput e le mitiche\u00a0<strong>citt\u00e0 \u2013 stato del deserto<\/strong>:<\/p>\n<ul>\n<li><a title=\"india del nord\" href=\"https:\/\/india.evolutiontravel.it\/infovacanze\/tour\/\">Tour India del Nord, vero le montange dell&#8217;Himalaya<\/a><\/li>\n<li><a title=\"calcutta\" href=\"http:\/\/india.evolutiontravel.it\/infovacanze\/tour\/tour-di-calcutta\/\">Visitare Calcutta<\/a><\/li>\n<li><a title=\"varanasi india\" href=\"https:\/\/india.evolutiontravel.it\/infovacanze\/turismo\/turismo-varanasi\/\">Varanasi<\/a><\/li>\n<li><a title=\"Rajasthan\" href=\"https:\/\/india.evolutiontravel.it\/infovacanze\/tour\/tour-nel-rajasthan\/\">Tour del Rajasthan<\/a><\/li>\n<li><a title=\"safari india\" href=\"https:\/\/india.evolutiontravel.it\/infovacanze\/divertirsi\/safari-in-india-dove-andare\/\">Safari in India<\/a> (nel Nal Sarovar Bird Sanctuary a Gujarat per vedere i fenicotteri)<\/li>\n<\/ul>\n<h2>Itinerari India centrale<\/h2>\n<p>L&#8217;<strong>India centrale<\/strong>\u00a0 va da <span class=\"st\">Madhya Pradesh<\/span> e Maharashtra, all&#8217;Orissa e all&#8217;Andra Pradesh, con le citt\u00e0 di Ujjain e Nasik, le grotte scolpite del Maharastre. Anche in questo caso avrete l&#8217;imbarazzo della scelta e anzi queste tappe potrebbero essere il punto di arrivo del viaggio inziato a nord del paese (se avete tempo a disposizione per il vostro soggiorno!):<\/p>\n<ul>\n<li><a title=\"india centrale\" href=\"https:\/\/india.evolutiontravel.it\/infovacanze\/tour\/tour-india-centrale\/\">India centrale<\/a><\/li>\n<li><a title=\"Parco Nazionale di Kanha\" href=\"https:\/\/india.evolutiontravel.it\/infovacanze\/da-vedere\/parco-nazionale-kanha\/\">Parco Nazionale di Kanha (nella regione di <span class=\"st\">Madhya Pradesh)<\/span><\/a><\/li>\n<\/ul>\n<h3 style=\"text-align: center\"><span style=\"color: #008000\">OFFERTE VACANZE IN INDIA<br \/>\n<\/span><\/h3>\n<p style=\"text-align: center\"><strong>Non devi per forza spendere una fortuna per fare una vacanza da sogno!<\/strong><\/p>\n<p style=\"text-align: center\"><strong><span style=\"color: #008000\">CLICCA E SCOPRI TUTTI I DETTAGLI<\/span><\/strong>: <strong>programma<\/strong> viaggio, <strong>foto<\/strong>, <strong>commenti<\/strong> e <strong>servizi inclusi<\/strong>!<\/p>\n<div class=\"feedzy-252d92a5398ce003692244cda37181bd feedzy-rss\">\n\t\t<ul class=\"feedzy-style2\">\n\t\t\t\t\t<li  style=\"padding: 23px 0 38px\" class=\"rss_item feedzy-rss-col-3\" >\n\t\t\t\t\t\t\t\t\t<div class=\"rss_image\" style=\"width:225px; height:225px;\">\n\t\t\t\t\t\t<a href=\"https:\/\/india.evolutiontravel.it\/it_IT\/907\/tab\/31645_il-triangolo-doro-e-varanasi.html\" target=\"_blank\" \n\t\t\t\t\t\t\trel=\"noopener \"\n\t\t\t\t\t\t\ttitle=\"Il Triangolo d&#039;Oro e Varanasi\"\n\t\t\t\t\t\t\tstyle=\"width:225px; height:225px;\">\n\t\t\t\t\t\t\t<span class=\"fetched\" style=\"background-image:  url('http:\/\/etcdn.net\/thumbnails\/31645\/it-nuova-delhi-il-triangolo-doro-e-varanasi-71454.jpg');\" title=\"Il Triangolo d&#039;Oro e Varanasi\"><\/span><amp-img width=\"225\" height=\"225\" src=\"http:\/\/etcdn.net\/thumbnails\/31645\/it-nuova-delhi-il-triangolo-doro-e-varanasi-71454.jpg\">\t\t\t\t\t\t<\/a>\n\t\t\t\t\t<\/div>\n\t\t\t\t\t\t\t\t<div class=\"rss_content_wrap\">\n\t\t\t\t\t<span class=\"title\">\n\t\t\t\t\t\t<a href=\"https:\/\/india.evolutiontravel.it\/it_IT\/907\/tab\/31645_il-triangolo-doro-e-varanasi.html\" target=\"_blank\"  rel=\"noopener \">\n\t\t\t\t\t\t\tIl Triangolo d'Oro e Varanasi\t\t\t\t\t\t<\/a>\n\t\t\t\t\t<\/span>\n\t\t\t\t\t<div class=\"rss_content\"\n\t\t\t\t\t\t\tstyle=\"\">\n\t\t\t\t\t\t\n\t\t\t\t\t\t\t\t\t\t\t\t<p class=\"description\">Viaggio\u00a0breve ed essenziale\u00a0nel Triangolo d'Oro dell\u2019India del Nord con estensione a Varanasi, immersi nella pi\u00f9 autentica [&hellip;]<\/p>\n\t\t\t\t\t\t\n\t\t\t\t\t\t\t\t\t\t\t\t\t\t\t\t\t\t\t<div class=\"price-wrap\">\n\t\t\t\t\t\t\t\t<a href=\"https:\/\/india.evolutiontravel.it\/it_IT\/907\/tab\/31645_il-triangolo-doro-e-varanasi.html\" target=\"_blank\" rel=\"noopener\"><button class=\"price\"> 1337<\/button><\/a>\n\t\t\t\t\t\t\t<\/div>\n\t\t\t\t\t\t\t\t\t\t\t<\/div>\n\t\t\t\t<\/div>\n\t\t\t<\/li>\n\t\t\t\t\t\t<li  style=\"padding: 23px 0 38px\" class=\"rss_item feedzy-rss-col-3\" >\n\t\t\t\t\t\t\t\t\t<div class=\"rss_image\" style=\"width:225px; height:225px;\">\n\t\t\t\t\t\t<a href=\"https:\/\/india.evolutiontravel.it\/it_IT\/907\/tab\/3973_il-triangolo-doro.html\" target=\"_blank\" \n\t\t\t\t\t\t\trel=\"noopener \"\n\t\t\t\t\t\t\ttitle=\"Il Triangolo d&#039;Oro\"\n\t\t\t\t\t\t\tstyle=\"width:225px; height:225px;\">\n\t\t\t\t\t\t\t<span class=\"fetched\" style=\"background-image:  url('http:\/\/etcdn.net\/thumbnails\/3973\/it-nuova-delhi-il-triangolo-doro-dellindia-del-nord-53004.jpg');\" title=\"Il Triangolo d&#039;Oro\"><\/span><amp-img width=\"225\" height=\"225\" src=\"http:\/\/etcdn.net\/thumbnails\/3973\/it-nuova-delhi-il-triangolo-doro-dellindia-del-nord-53004.jpg\">\t\t\t\t\t\t<\/a>\n\t\t\t\t\t<\/div>\n\t\t\t\t\t\t\t\t<div class=\"rss_content_wrap\">\n\t\t\t\t\t<span class=\"title\">\n\t\t\t\t\t\t<a href=\"https:\/\/india.evolutiontravel.it\/it_IT\/907\/tab\/3973_il-triangolo-doro.html\" target=\"_blank\"  rel=\"noopener \">\n\t\t\t\t\t\t\tIl Triangolo d'Oro\t\t\t\t\t\t<\/a>\n\t\t\t\t\t<\/span>\n\t\t\t\t\t<div class=\"rss_content\"\n\t\t\t\t\t\t\tstyle=\"\">\n\t\t\t\t\t\t\n\t\t\t\t\t\t\t\t\t\t\t\t<p class=\"description\">Un\u2019esperienza memorabile che in breve tempo permette, al viaggiatore che visita per la prima volta l\u2019India, di apprezzare i [&hellip;]<\/p>\n\t\t\t\t\t\t\n\t\t\t\t\t\t\t\t\t\t\t\t\t\t\t\t\t\t\t<div class=\"price-wrap\">\n\t\t\t\t\t\t\t\t<a href=\"https:\/\/india.evolutiontravel.it\/it_IT\/907\/tab\/3973_il-triangolo-doro.html\" target=\"_blank\" rel=\"noopener\"><button class=\"price\"> 880<\/button><\/a>\n\t\t\t\t\t\t\t<\/div>\n\t\t\t\t\t\t\t\t\t\t\t<\/div>\n\t\t\t\t<\/div>\n\t\t\t<\/li>\n\t\t\t\t\t\t<li  style=\"padding: 23px 0 38px\" class=\"rss_item feedzy-rss-col-3\" >\n\t\t\t\t\t\t\t\t\t<div class=\"rss_image\" style=\"width:225px; height:225px;\">\n\t\t\t\t\t\t<a href=\"https:\/\/india.evolutiontravel.it\/it_IT\/907\/tab\/40289_tour-di-gruppo-in-kerala.html\" target=\"_blank\" \n\t\t\t\t\t\t\trel=\"noopener \"\n\t\t\t\t\t\t\ttitle=\"Tour di gruppo in Kerala\"\n\t\t\t\t\t\t\tstyle=\"width:225px; height:225px;\">\n\t\t\t\t\t\t\t<span class=\"fetched\" style=\"background-image:  url('http:\/\/etcdn.net\/thumbnails\/40289\/it-kochi-alla-scoperta-del-kerala-807ba.jpg');\" title=\"Tour di gruppo in Kerala\"><\/span><amp-img width=\"225\" height=\"225\" src=\"http:\/\/etcdn.net\/thumbnails\/40289\/it-kochi-alla-scoperta-del-kerala-807ba.jpg\">\t\t\t\t\t\t<\/a>\n\t\t\t\t\t<\/div>\n\t\t\t\t\t\t\t\t<div class=\"rss_content_wrap\">\n\t\t\t\t\t<span class=\"title\">\n\t\t\t\t\t\t<a href=\"https:\/\/india.evolutiontravel.it\/it_IT\/907\/tab\/40289_tour-di-gruppo-in-kerala.html\" target=\"_blank\"  rel=\"noopener \">\n\t\t\t\t\t\t\tTour di gruppo in Kerala\t\t\t\t\t\t<\/a>\n\t\t\t\t\t<\/span>\n\t\t\t\t\t<div class=\"rss_content\"\n\t\t\t\t\t\t\tstyle=\"\">\n\t\t\t\t\t\t\n\t\t\t\t\t\t\t\t\t\t\t\t<p class=\"description\">Viaggio di gruppo guidato di 8 giorni alla scoperta del Kerala.<\/p>\n\t\t\t\t\t\t\n\t\t\t\t\t\t\t\t\t\t\t\t\t\t\t\t\t\t\t<div class=\"price-wrap\">\n\t\t\t\t\t\t\t\t<a href=\"https:\/\/india.evolutiontravel.it\/it_IT\/907\/tab\/40289_tour-di-gruppo-in-kerala.html\" target=\"_blank\" rel=\"noopener\"><button class=\"price\"> 967<\/button><\/a>\n\t\t\t\t\t\t\t<\/div>\n\t\t\t\t\t\t\t\t\t\t\t<\/div>\n\t\t\t\t<\/div>\n\t\t\t<\/li>\n\t\t\t\t\t\t<li  style=\"padding: 23px 0 38px\" class=\"rss_item feedzy-rss-col-3\" >\n\t\t\t\t\t\t\t\t\t<div class=\"rss_image\" style=\"width:225px; height:225px;\">\n\t\t\t\t\t\t<a href=\"https:\/\/india.evolutiontravel.it\/it_IT\/907\/tab\/39915_alla-scoperta-del-triangolo-doro.html\" target=\"_blank\" \n\t\t\t\t\t\t\trel=\"noopener \"\n\t\t\t\t\t\t\ttitle=\"Alla scoperta del Triangolo d&#039;Oro\"\n\t\t\t\t\t\t\tstyle=\"width:225px; height:225px;\">\n\t\t\t\t\t\t\t<span class=\"fetched\" style=\"background-image:  url('http:\/\/etcdn.net\/thumbnails\/39915\/it-nuova-delhi-alla-scoperta-del-triangolo-doro-7e158.jpg');\" title=\"Alla scoperta del Triangolo d&#039;Oro\"><\/span><amp-img width=\"225\" height=\"225\" src=\"http:\/\/etcdn.net\/thumbnails\/39915\/it-nuova-delhi-alla-scoperta-del-triangolo-doro-7e158.jpg\">\t\t\t\t\t\t<\/a>\n\t\t\t\t\t<\/div>\n\t\t\t\t\t\t\t\t<div class=\"rss_content_wrap\">\n\t\t\t\t\t<span class=\"title\">\n\t\t\t\t\t\t<a href=\"https:\/\/india.evolutiontravel.it\/it_IT\/907\/tab\/39915_alla-scoperta-del-triangolo-doro.html\" target=\"_blank\"  rel=\"noopener \">\n\t\t\t\t\t\t\tAlla scoperta del Triangolo d'Oro\t\t\t\t\t\t<\/a>\n\t\t\t\t\t<\/span>\n\t\t\t\t\t<div class=\"rss_content\"\n\t\t\t\t\t\t\tstyle=\"\">\n\t\t\t\t\t\t\n\t\t\t\t\t\t\t\t\t\t\t\t<p class=\"description\">Un tour alla scoperta del Triangolo d'Oro indiano, adatto a chi vuole avere un primo approccio a questo straordinario Paese. Un [&hellip;]<\/p>\n\t\t\t\t\t\t\n\t\t\t\t\t\t\t\t\t\t\t\t\t\t\t\t\t\t\t<div class=\"price-wrap\">\n\t\t\t\t\t\t\t\t<a href=\"https:\/\/india.evolutiontravel.it\/it_IT\/907\/tab\/39915_alla-scoperta-del-triangolo-doro.html\" target=\"_blank\" rel=\"noopener\"><button class=\"price\"> 820<\/button><\/a>\n\t\t\t\t\t\t\t<\/div>\n\t\t\t\t\t\t\t\t\t\t\t<\/div>\n\t\t\t\t<\/div>\n\t\t\t<\/li>\n\t\t\t\t\t\t<li  style=\"padding: 23px 0 38px\" class=\"rss_item feedzy-rss-col-3\" >\n\t\t\t\t\t\t\t\t\t<div class=\"rss_image\" style=\"width:225px; height:225px;\">\n\t\t\t\t\t\t<a href=\"https:\/\/india.evolutiontravel.it\/it_IT\/907\/tab\/39919_alla-scoperta-del-rajasthan.html\" target=\"_blank\" \n\t\t\t\t\t\t\trel=\"noopener \"\n\t\t\t\t\t\t\ttitle=\"Alla scoperta del Rajasthan\"\n\t\t\t\t\t\t\tstyle=\"width:225px; height:225px;\">\n\t\t\t\t\t\t\t<span class=\"fetched\" style=\"background-image:  url('http:\/\/etcdn.net\/thumbnails\/39919\/it-nuova-delhi-alla-scoperta-del-rajasthan-7e228.jpg');\" title=\"Alla scoperta del Rajasthan\"><\/span><amp-img width=\"225\" height=\"225\" src=\"http:\/\/etcdn.net\/thumbnails\/39919\/it-nuova-delhi-alla-scoperta-del-rajasthan-7e228.jpg\">\t\t\t\t\t\t<\/a>\n\t\t\t\t\t<\/div>\n\t\t\t\t\t\t\t\t<div class=\"rss_content_wrap\">\n\t\t\t\t\t<span class=\"title\">\n\t\t\t\t\t\t<a href=\"https:\/\/india.evolutiontravel.it\/it_IT\/907\/tab\/39919_alla-scoperta-del-rajasthan.html\" target=\"_blank\"  rel=\"noopener \">\n\t\t\t\t\t\t\tAlla scoperta del Rajasthan\t\t\t\t\t\t<\/a>\n\t\t\t\t\t<\/span>\n\t\t\t\t\t<div class=\"rss_content\"\n\t\t\t\t\t\t\tstyle=\"\">\n\t\t\t\t\t\t\n\t\t\t\t\t\t\t\t\t\t\t\t<p class=\"description\">Un tour completo di 13 giorni che regala emozioni uniche lungo il Rajasthan ed i suoi luoghi pi\u00f9 suggestivi: Delhi, Mandawa, [&hellip;]<\/p>\n\t\t\t\t\t\t\n\t\t\t\t\t\t\t\t\t\t\t\t\t\t\t\t\t\t\t<div class=\"price-wrap\">\n\t\t\t\t\t\t\t\t<a href=\"https:\/\/india.evolutiontravel.it\/it_IT\/907\/tab\/39919_alla-scoperta-del-rajasthan.html\" target=\"_blank\" rel=\"noopener\"><button class=\"price\"> 1473<\/button><\/a>\n\t\t\t\t\t\t\t<\/div>\n\t\t\t\t\t\t\t\t\t\t\t<\/div>\n\t\t\t\t<\/div>\n\t\t\t<\/li>\n\t\t\t\t\t\t<li  style=\"padding: 23px 0 38px\" class=\"rss_item feedzy-rss-col-3\" >\n\t\t\t\t\t\t\t\t\t<div class=\"rss_image\" style=\"width:225px; height:225px;\">\n\t\t\t\t\t\t<a href=\"https:\/\/india.evolutiontravel.it\/it_IT\/907\/tab\/2299_rajasthan-express-e-agra.html\" target=\"_blank\" \n\t\t\t\t\t\t\trel=\"noopener \"\n\t\t\t\t\t\t\ttitle=\"Rajasthan Express e Agra\"\n\t\t\t\t\t\t\tstyle=\"width:225px; height:225px;\">\n\t\t\t\t\t\t\t<span class=\"fetched\" style=\"background-image:  url('http:\/\/etcdn.net\/thumbnails\/2299\/it-nuova-delhi-rajasthan-express-e-agra-530c6.jpg');\" title=\"Rajasthan Express e Agra\"><\/span><amp-img width=\"225\" height=\"225\" src=\"http:\/\/etcdn.net\/thumbnails\/2299\/it-nuova-delhi-rajasthan-express-e-agra-530c6.jpg\">\t\t\t\t\t\t<\/a>\n\t\t\t\t\t<\/div>\n\t\t\t\t\t\t\t\t<div class=\"rss_content_wrap\">\n\t\t\t\t\t<span class=\"title\">\n\t\t\t\t\t\t<a href=\"https:\/\/india.evolutiontravel.it\/it_IT\/907\/tab\/2299_rajasthan-express-e-agra.html\" target=\"_blank\"  rel=\"noopener \">\n\t\t\t\t\t\t\tRajasthan Express e Agra\t\t\t\t\t\t<\/a>\n\t\t\t\t\t<\/span>\n\t\t\t\t\t<div class=\"rss_content\"\n\t\t\t\t\t\t\tstyle=\"\">\n\t\t\t\t\t\t\n\t\t\t\t\t\t\t\t\t\t\t\t<p class=\"description\">Un\u00a0tour classico\u00a0alla scoperta della meravigliosa regione del\u00a0Rajasthan, delle dimore dei vecchi\u00a0maharaja\u00a0e delle loro [&hellip;]<\/p>\n\t\t\t\t\t\t\n\t\t\t\t\t\t\t\t\t\t\t\t\t\t\t\t\t\t\t<div class=\"price-wrap\">\n\t\t\t\t\t\t\t\t<a href=\"https:\/\/india.evolutiontravel.it\/it_IT\/907\/tab\/2299_rajasthan-express-e-agra.html\" target=\"_blank\" rel=\"noopener\"><button class=\"price\"> 1480<\/button><\/a>\n\t\t\t\t\t\t\t<\/div>\n\t\t\t\t\t\t\t\t\t\t\t<\/div>\n\t\t\t\t<\/div>\n\t\t\t<\/li>\n\t\t\t\t<\/ul>\n<\/div>\n<style type=\"text\/css\" media=\"all\">.feedzy-rss .rss_item .rss_image{float:left;position:relative;border:none;text-decoration:none;max-width:100%}.feedzy-rss .rss_item .rss_image span{display:inline-block;position:absolute;width:100%;height:100%;background-position:50%;background-size:cover}.feedzy-rss .rss_item .rss_image{margin:.3em 1em 0 0;content-visibility:auto}.feedzy-rss ul{list-style:none}.feedzy-rss ul li{display:inline-block}<\/style>\n","protected":false},"excerpt":{"rendered":"<p>Scegliere uno dei tanti itinerari in India \u00e8 il modo migliore per visitare un paese cos\u00ec vasto (ben 3.287.000 km\u00b2 di superficie) e magari scegliere tra Sud, Centro e Nord per individuare mete e destinazioni che pi\u00f9 ci interessa vedere durante il viaggio. In questo articolo vi raccontiamo per undici itinerari che possono accontentare tutti: <a class=\"moretag\" href=\"https:\/\/india.evolutiontravel.it\/infovacanze\/itinerari\/\">[&#8230;]<\/a><\/p>\n","protected":false},"author":1,"featured_media":0,"parent":0,"menu_order":0,"comment_status":"closed","ping_status":"open","template":"templates\/template-with-right-sidebar.php","meta":{"footnotes":""},"yoast_head":"<!-- This site is optimized with the Yoast SEO plugin v21.9.1 - https:\/\/yoast.com\/wordpress\/plugins\/seo\/ -->\n<title>India: itinerari e tour da nord a sud - Speciale Vacanze in India<\/title>\n<meta name=\"description\" content=\"Scopri con noi i principali itinerari da fare in India: dalle stupende citt\u00e0 e pianure del Nord, passando per le misteriose citt\u00e0 sante dell&#039;India centrale, fino alle meravigliose spiagge. Parti con le nostre offerte per una vacanza da sogno ma senza spendere una fortuna!\" \/>\n<meta name=\"robots\" content=\"index, follow, max-snippet:-1, max-image-preview:large, max-video-preview:-1\" \/>\n<link rel=\"canonical\" href=\"https:\/\/india.evolutiontravel.it\/infovacanze\/itinerari\/\" \/>\n<meta name=\"twitter:label1\" content=\"Tempo di lettura stimato\" \/>\n\t<meta name=\"twitter:data1\" content=\"2 minuti\" \/>\n<script type=\"application\/ld+json\" class=\"yoast-schema-graph\">{\"@context\":\"https:\/\/schema.org\",\"@graph\":[{\"@type\":\"WebPage\",\"@id\":\"https:\/\/india.evolutiontravel.it\/infovacanze\/itinerari\/\",\"url\":\"https:\/\/india.evolutiontravel.it\/infovacanze\/itinerari\/\",\"name\":\"India: itinerari e tour da nord a sud - Speciale Vacanze in India\",\"isPartOf\":{\"@id\":\"https:\/\/india.evolutiontravel.it\/infovacanze\/#website\"},\"datePublished\":\"2013-08-07T14:17:19+00:00\",\"dateModified\":\"2018-11-06T13:49:25+00:00\",\"description\":\"Scopri con noi i principali itinerari da fare in India: dalle stupende citt\u00e0 e pianure del Nord, passando per le misteriose citt\u00e0 sante dell'India centrale, fino alle meravigliose spiagge. Parti con le nostre offerte per una vacanza da sogno ma senza spendere una fortuna!\",\"inLanguage\":\"it-IT\",\"potentialAction\":[{\"@type\":\"ReadAction\",\"target\":[\"https:\/\/india.evolutiontravel.it\/infovacanze\/itinerari\/\"]}]},{\"@type\":\"WebSite\",\"@id\":\"https:\/\/india.evolutiontravel.it\/infovacanze\/#website\",\"url\":\"https:\/\/india.evolutiontravel.it\/infovacanze\/\",\"name\":\"India\",\"description\":\"\",\"potentialAction\":[{\"@type\":\"SearchAction\",\"target\":{\"@type\":\"EntryPoint\",\"urlTemplate\":\"https:\/\/india.evolutiontravel.it\/infovacanze\/?s={search_term_string}\"},\"query-input\":\"required name=search_term_string\"}],\"inLanguage\":\"it-IT\"}]}<\/script>\n<!-- \/ Yoast SEO plugin. -->","yoast_head_json":{"title":"India: itinerari e tour da nord a sud - Speciale Vacanze in India","description":"Scopri con noi i principali itinerari da fare in India: dalle stupende citt\u00e0 e pianure del Nord, passando per le misteriose citt\u00e0 sante dell'India centrale, fino alle meravigliose spiagge. Parti con le nostre offerte per una vacanza da sogno ma senza spendere una fortuna!","robots":{"index":"index","follow":"follow","max-snippet":"max-snippet:-1","max-image-preview":"max-image-preview:large","max-video-preview":"max-video-preview:-1"},"canonical":"https:\/\/india.evolutiontravel.it\/infovacanze\/itinerari\/","twitter_misc":{"Tempo di lettura stimato":"2 minuti"},"schema":{"@context":"https:\/\/schema.org","@graph":[{"@type":"WebPage","@id":"https:\/\/india.evolutiontravel.it\/infovacanze\/itinerari\/","url":"https:\/\/india.evolutiontravel.it\/infovacanze\/itinerari\/","name":"India: itinerari e tour da nord a sud - Speciale Vacanze in India","isPartOf":{"@id":"https:\/\/india.evolutiontravel.it\/infovacanze\/#website"},"datePublished":"2013-08-07T14:17:19+00:00","dateModified":"2018-11-06T13:49:25+00:00","description":"Scopri con noi i principali itinerari da fare in India: dalle stupende citt\u00e0 e pianure del Nord, passando per le misteriose citt\u00e0 sante dell'India centrale, fino alle meravigliose spiagge. Parti con le nostre offerte per una vacanza da sogno ma senza spendere una fortuna!","inLanguage":"it-IT","potentialAction":[{"@type":"ReadAction","target":["https:\/\/india.evolutiontravel.it\/infovacanze\/itinerari\/"]}]},{"@type":"WebSite","@id":"https:\/\/india.evolutiontravel.it\/infovacanze\/#website","url":"https:\/\/india.evolutiontravel.it\/infovacanze\/","name":"India","description":"","potentialAction":[{"@type":"SearchAction","target":{"@type":"EntryPoint","urlTemplate":"https:\/\/india.evolutiontravel.it\/infovacanze\/?s={search_term_string}"},"query-input":"required name=search_term_string"}],"inLanguage":"it-IT"}]}},"_links":{"self":[{"href":"https:\/\/india.evolutiontravel.it\/infovacanze\/wp-json\/wp\/v2\/pages\/32"}],"collection":[{"href":"https:\/\/india.evolutiontravel.it\/infovacanze\/wp-json\/wp\/v2\/pages"}],"about":[{"href":"https:\/\/india.evolutiontravel.it\/infovacanze\/wp-json\/wp\/v2\/types\/page"}],"author":[{"embeddable":true,"href":"https:\/\/india.evolutiontravel.it\/infovacanze\/wp-json\/wp\/v2\/users\/1"}],"replies":[{"embeddable":true,"href":"https:\/\/india.evolutiontravel.it\/infovacanze\/wp-json\/wp\/v2\/comments?post=32"}],"version-history":[{"count":19,"href":"https:\/\/india.evolutiontravel.it\/infovacanze\/wp-json\/wp\/v2\/pages\/32\/revisions"}],"predecessor-version":[{"id":1426,"href":"https:\/\/india.evolutiontravel.it\/infovacanze\/wp-json\/wp\/v2\/pages\/32\/revisions\/1426"}],"wp:attachment":[{"href":"https:\/\/india.evolutiontravel.it\/infovacanze\/wp-json\/wp\/v2\/media?parent=32"}],"curies":[{"name":"wp","href":"https:\/\/api.w.org\/{rel}","templated":true}]}}