{"id":377,"date":"2013-10-23T16:14:07","date_gmt":"2013-10-23T14:14:07","guid":{"rendered":"http:\/\/india.evolutiontravel.it\/infovacanze\/?page_id=377"},"modified":"2018-04-20T10:11:59","modified_gmt":"2018-04-20T08:11:59","slug":"turismo-mare","status":"publish","type":"page","link":"https:\/\/india.evolutiontravel.it\/infovacanze\/turismo\/turismo-mare\/","title":{"rendered":"Localit\u00e0 balneari in India"},"content":{"rendered":"<p>In <b>India il turismo balneare<\/b> \u00e8 molto sviluppato, questo paese accoglie ogni anno milioni di visitatori provenienti da tutto il mondo che vogliono godere delle <a href=\"https:\/\/india.evolutiontravel.it\/infovacanze\/turismo\/spiagge-india-del-sud\/\">meravigliose <strong>spiagge bianche<\/strong> presenti nel sud<\/a> della penisola.<\/p>\n<p>Le <b>destinazioni di mare <\/b>pi\u00f9 rinomate sono nello stato di <strong><a href=\"https:\/\/india.evolutiontravel.it\/infovacanze\/turismo\/india-spiagge-di-goa\/\">Goa<\/a>, il pi\u00f9 piccolo dell\u2019India<\/strong>, e del <b><a href=\"https:\/\/india.evolutiontravel.it\/infovacanze\/turismo\/turismo-kerala\/\">Kerala<\/a>, <\/b>situate nella costa occidentale della penisola, a cui si aggiungono le <a href=\"https:\/\/india.evolutiontravel.it\/infovacanze\/destinazioni\/isole-laccadive\/\"><b>isole Laccadive<\/b><\/a> le <a href=\"https:\/\/india.evolutiontravel.it\/infovacanze\/destinazioni\/mare-delle-andamane\/\"><b>Andamane<\/b><\/a> e le <a href=\"https:\/\/india.evolutiontravel.it\/infovacanze\/destinazioni\/isole-nicobare\/\">isole Nicobare<\/a>.<\/p>\n<p><b>Goa <\/b>\u00e8 in assoluto la prima <b>localit\u00e0 balneare<\/b>, che tra ottobre e aprile vede un flusso di visitatori elevatissimo, soprattutto turismo giovanile attratto dai <b>rave party<\/b> e in generale dai numerosi locali notturni.<\/p>\n<p>Oltre <b>100 km<\/b> di <b>spiagge bianche <\/b>orlate da alte palme che affacciano sul <b>mare d\u2019Arabia, <\/b>incastonate come pietre preziose in ambientazioni naturali di rara bellezza, grazie alla loro estensione, assicurano pace e relax nonostante la forte presenza turistica. Alcune degli arenili pi\u00f9 rinomati sono <b>Colva Beach, Baga Beach, Calangute beach e Palolem<\/b>, considerata la spiaggia pi\u00f9 bella dell\u2019intera costa occidentale.<\/p>\n<p><img loading=\"lazy\" decoding=\"async\" class=\"size-medium wp-image-364 alignright\" src=\"http:\/\/india.evolutiontravel.it\/infovacanze\/wp-content\/uploads\/sites\/12\/2013\/10\/spiaggia_goa_india-300x200.jpg\" alt=\"spiaggia Goa India\" width=\"300\" height=\"200\" srcset=\"https:\/\/india.evolutiontravel.it\/infovacanze\/wp-content\/uploads\/sites\/12\/2013\/10\/spiaggia_goa_india-300x200.jpg 300w, https:\/\/india.evolutiontravel.it\/infovacanze\/wp-content\/uploads\/sites\/12\/2013\/10\/spiaggia_goa_india-449x300.jpg 449w, https:\/\/india.evolutiontravel.it\/infovacanze\/wp-content\/uploads\/sites\/12\/2013\/10\/spiaggia_goa_india.jpg 625w\" sizes=\"(max-width: 300px) 100vw, 300px\" \/>Goa \u00e8 forse l\u2019unico stato della <b>penisola Indiana<\/b> dove si respira in maniera minore la cultura di questo ospitale popolo, importante scalo marittimo per il commercio con l\u2019Arabia fin da medioevo, ha subito la <b>dominazione portoghese<\/b> per circa 500 anni assorbendone profondamente l\u2019influenza, ancora oggi visibile nell\u2019architettura coloniale delle abitazioni, nelle piazze e nelle chiese.<\/p>\n<p>Il <b>Kerala <\/b>\u00e8 un&#8217;altra <b>meta <\/b>molto apprezzata: <b>600 km<\/b> di litorali che affacciano sul <b>mare cristallino delle Laccadive<\/b>, ideale per le immersioni subacquee, \u00e8 rinomato oltre che per i <b>trattamenti ayurvedici<\/b>, per la rigogliosa vegetazione e per le splendide lagune che vedono l\u2019alternarsi di arenili sabbiosi, formazioni rocciose e palme da cocco.<\/p>\n<p>La localit\u00e0 pi\u00f9 famosa per la balneazione \u00e8 <b>Kovalam<\/b>, e da vedere assolutamente sono la <b>spiaggia con il faro<\/b>, in localit\u00e0 <b>Varkala<\/b> la spiaggia <b>Papanasam <\/b>e, se volete visitare il luogo dove sbarc\u00f2 <b>Vasco da Gama<\/b> nel 1498, allora <b>Kappad<\/b> \u00e8 la vostra destinazione.<\/p>\n<p>Se si trascorre una <b>vacanza nel Kerala,<\/b> un\u2019attrazione alternativa molto suggestiva \u00e8 la <strong>navigazione sulle tipiche Houseboat<\/strong> attraverso le <b>Blackwaters<\/b> che attraversano il paese, una fitta rete di canali molto scenografici dove \u00e8 possibile osservare la vita quotidiana del popolo indiano. Se volete visitare questo stato, informatevi per tempo, dall\u2019Italia si trovano frequentemente <b>voli low cost Milano-Trivandum<\/b>, il capoluogo dove \u00e8 collocato l\u2019aeroporto internazionale.<\/p>\n<p>Gli <b>arcipelaghi delle Andamane e delle Laccadive<\/b> sono luoghi ancora incontaminati, obbligatoria una tappa qui.<\/p>\n<p>Nel primo per\u00f2 le <strong>spiagge sono spesso difficili da raggiungere<\/strong> perch\u00e9 ancora selvagge e si trovano solo strutture di ricezione molto essenziali.<\/p>\n<p>Nel secondo, composto da 35 isole delle quali solo due aperte al turismo, si pu\u00f2 trascorrere un <b>soggiorno <\/b>in maniera decisamente pi\u00f9 confortevole, alberghi comodi e discreti, una <strong>barriera corallina splendida<\/strong> e un mare da sogno, come ambientazione <strong>ricordano molto le Maldive<\/strong>.<\/p>\n<p>E\u2019 piuttosto frequente che questi paradisi naturali siano la destinazione scelta per la fine della vacanza quando, dopo aver percorso itinerari alla scoperta dei tesori dell&#8217;India, ci si vuole rilassare tuffandosi nelle <b>acque cristalline<\/b> e poi stendesi sugli sterminati arenili di sabbia bianca.<\/p>\n<h3 style=\"text-align: center\">I NOSTRI TOUR PER SCOPRIRE L&#8217;INDIA<\/h3>\n<p style=\"text-align: center\">Scopri in un solo click<strong> tutti i dettagli dei viagg<\/strong>i: programma, foto, commenti e altro!<\/p>\n<p style=\"text-align: center\"><strong><span style=\"color: #008000\">CLICCA E NON PERDERE QUESTA OCCASIONE!<\/span><\/strong><\/p>\n<div class=\"feedzy-88efed389bb17375db0eba360fc1050b feedzy-rss\">\n\t\t<ul class=\"feedzy-style2\">\n\t\t\t\t\t<li  style=\"padding: 23px 0 38px\" class=\"rss_item feedzy-rss-col-3\" >\n\t\t\t\t\t\t\t\t\t<div class=\"rss_image\" style=\"width:225px; height:225px;\">\n\t\t\t\t\t\t<a href=\"https:\/\/india.evolutiontravel.it\/it_IT\/907\/tab\/3502_gran-tour-del-nord.html\" target=\"_blank\" \n\t\t\t\t\t\t\trel=\"noopener \"\n\t\t\t\t\t\t\ttitle=\"Gran Tour del Nord\"\n\t\t\t\t\t\t\tstyle=\"width:225px; height:225px;\">\n\t\t\t\t\t\t\t<span class=\"fetched\" style=\"background-image:  url('http:\/\/etcdn.net\/thumbnails\/3502\/it-nuova-delhi-gran-tour-dellindia-del-nord-52d29.jpg');\" title=\"Gran Tour del Nord\"><\/span><amp-img width=\"225\" height=\"225\" src=\"http:\/\/etcdn.net\/thumbnails\/3502\/it-nuova-delhi-gran-tour-dellindia-del-nord-52d29.jpg\">\t\t\t\t\t\t<\/a>\n\t\t\t\t\t<\/div>\n\t\t\t\t\t\t\t\t<div class=\"rss_content_wrap\">\n\t\t\t\t\t<span class=\"title\">\n\t\t\t\t\t\t<a href=\"https:\/\/india.evolutiontravel.it\/it_IT\/907\/tab\/3502_gran-tour-del-nord.html\" target=\"_blank\"  rel=\"noopener \">\n\t\t\t\t\t\t\tGran Tour del Nord\t\t\t\t\t\t<\/a>\n\t\t\t\t\t<\/span>\n\t\t\t\t\t<div class=\"rss_content\"\n\t\t\t\t\t\t\tstyle=\"\">\n\t\t\t\t\t\t\n\t\t\t\t\t\t\t\t\t\t\t\t<p class=\"description\">Un lungo e intenso viaggio alla scoperta dell'India del Nord. Dal Rajasthan alla Valle del Gange in un continuo tripudio di [&hellip;]<\/p>\n\t\t\t\t\t\t\n\t\t\t\t\t\t\t\t\t\t\t\t\t\t\t\t\t\t\t<div class=\"price-wrap\">\n\t\t\t\t\t\t\t\t<a href=\"https:\/\/india.evolutiontravel.it\/it_IT\/907\/tab\/3502_gran-tour-del-nord.html\" target=\"_blank\" rel=\"noopener\"><button class=\"price\"> 2817<\/button><\/a>\n\t\t\t\t\t\t\t<\/div>\n\t\t\t\t\t\t\t\t\t\t\t<\/div>\n\t\t\t\t<\/div>\n\t\t\t<\/li>\n\t\t\t\t\t\t<li  style=\"padding: 23px 0 38px\" class=\"rss_item feedzy-rss-col-3\" >\n\t\t\t\t\t\t\t\t\t<div class=\"rss_image\" style=\"width:225px; height:225px;\">\n\t\t\t\t\t\t<a href=\"https:\/\/india.evolutiontravel.it\/it_IT\/907\/tab\/3954_il-rajasthan-e-la-valle-del-gange.html\" target=\"_blank\" \n\t\t\t\t\t\t\trel=\"noopener \"\n\t\t\t\t\t\t\ttitle=\"Il Rajasthan e la Valle del Gange\"\n\t\t\t\t\t\t\tstyle=\"width:225px; height:225px;\">\n\t\t\t\t\t\t\t<span class=\"fetched\" style=\"background-image:  url('http:\/\/etcdn.net\/thumbnails\/3954\/it-nuova-delhi-il-rajasthan-e-la-valle-del-gange-52d00.jpg');\" title=\"Il Rajasthan e la Valle del Gange\"><\/span><amp-img width=\"225\" height=\"225\" src=\"http:\/\/etcdn.net\/thumbnails\/3954\/it-nuova-delhi-il-rajasthan-e-la-valle-del-gange-52d00.jpg\">\t\t\t\t\t\t<\/a>\n\t\t\t\t\t<\/div>\n\t\t\t\t\t\t\t\t<div class=\"rss_content_wrap\">\n\t\t\t\t\t<span class=\"title\">\n\t\t\t\t\t\t<a href=\"https:\/\/india.evolutiontravel.it\/it_IT\/907\/tab\/3954_il-rajasthan-e-la-valle-del-gange.html\" target=\"_blank\"  rel=\"noopener \">\n\t\t\t\t\t\t\tIl Rajasthan e la Valle del Gange\t\t\t\t\t\t<\/a>\n\t\t\t\t\t<\/span>\n\t\t\t\t\t<div class=\"rss_content\"\n\t\t\t\t\t\t\tstyle=\"\">\n\t\t\t\t\t\t\n\t\t\t\t\t\t\t\t\t\t\t\t<p class=\"description\">Un itinerario completo in India del Nord alla scoperta della regione del Rajasthan ed una breve estensione attraverso la pianura [&hellip;]<\/p>\n\t\t\t\t\t\t\n\t\t\t\t\t\t\t\t\t\t\t\t\t\t\t\t\t\t\t<div class=\"price-wrap\">\n\t\t\t\t\t\t\t\t<a href=\"https:\/\/india.evolutiontravel.it\/it_IT\/907\/tab\/3954_il-rajasthan-e-la-valle-del-gange.html\" target=\"_blank\" rel=\"noopener\"><button class=\"price\"> 2633<\/button><\/a>\n\t\t\t\t\t\t\t<\/div>\n\t\t\t\t\t\t\t\t\t\t\t<\/div>\n\t\t\t\t<\/div>\n\t\t\t<\/li>\n\t\t\t\t\t\t<li  style=\"padding: 23px 0 38px\" class=\"rss_item feedzy-rss-col-3\" >\n\t\t\t\t\t\t\t\t\t<div class=\"rss_image\" style=\"width:225px; height:225px;\">\n\t\t\t\t\t\t<a href=\"https:\/\/india.evolutiontravel.it\/it_IT\/907\/tab\/4546_le-meraviglie-delle-regioni-del-sud.html\" target=\"_blank\" \n\t\t\t\t\t\t\trel=\"noopener \"\n\t\t\t\t\t\t\ttitle=\"Le Meraviglie delle regioni del Sud\"\n\t\t\t\t\t\t\tstyle=\"width:225px; height:225px;\">\n\t\t\t\t\t\t\t<span class=\"fetched\" style=\"background-image:  url('http:\/\/etcdn.net\/thumbnails\/4546\/it-chennai-le-meraviglie-dellindia-del-sud-531ac.jpg');\" title=\"Le Meraviglie delle regioni del Sud\"><\/span><amp-img width=\"225\" height=\"225\" src=\"http:\/\/etcdn.net\/thumbnails\/4546\/it-chennai-le-meraviglie-dellindia-del-sud-531ac.jpg\">\t\t\t\t\t\t<\/a>\n\t\t\t\t\t<\/div>\n\t\t\t\t\t\t\t\t<div class=\"rss_content_wrap\">\n\t\t\t\t\t<span class=\"title\">\n\t\t\t\t\t\t<a href=\"https:\/\/india.evolutiontravel.it\/it_IT\/907\/tab\/4546_le-meraviglie-delle-regioni-del-sud.html\" target=\"_blank\"  rel=\"noopener \">\n\t\t\t\t\t\t\tLe Meraviglie delle regioni del Sud\t\t\t\t\t\t<\/a>\n\t\t\t\t\t<\/span>\n\t\t\t\t\t<div class=\"rss_content\"\n\t\t\t\t\t\t\tstyle=\"\">\n\t\t\t\t\t\t\n\t\t\t\t\t\t\t\t\t\t\t\t<p class=\"description\">Viaggio completo alla scoperta dell'India del Sud. Si parte dal Tamil Nadu,\u00a0si raggiunge la verde regione del Kearla dove flora [&hellip;]<\/p>\n\t\t\t\t\t\t\n\t\t\t\t\t\t\t\t\t\t\t\t\t\t\t\t\t\t\t<div class=\"price-wrap\">\n\t\t\t\t\t\t\t\t<a href=\"https:\/\/india.evolutiontravel.it\/it_IT\/907\/tab\/4546_le-meraviglie-delle-regioni-del-sud.html\" target=\"_blank\" rel=\"noopener\"><button class=\"price\"> 2290<\/button><\/a>\n\t\t\t\t\t\t\t<\/div>\n\t\t\t\t\t\t\t\t\t\t\t<\/div>\n\t\t\t\t<\/div>\n\t\t\t<\/li>\n\t\t\t\t\t\t<li  style=\"padding: 23px 0 38px\" class=\"rss_item feedzy-rss-col-3\" >\n\t\t\t\t\t\t\t\t\t<div class=\"rss_image\" style=\"width:225px; height:225px;\">\n\t\t\t\t\t\t<a href=\"https:\/\/india.evolutiontravel.it\/it_IT\/907\/tab\/287_tamil-nadu-e-kerala-il-paradiso-degli-dei.html\" target=\"_blank\" \n\t\t\t\t\t\t\trel=\"noopener \"\n\t\t\t\t\t\t\ttitle=\"Tamil Nadu e Kerala, Il Paradiso degli Dei\"\n\t\t\t\t\t\t\tstyle=\"width:225px; height:225px;\">\n\t\t\t\t\t\t\t<span class=\"fetched\" style=\"background-image:  url('http:\/\/etcdn.net\/thumbnails\/287\/it-chennai-tamil-nadu-e-kerala-il-paradiso-degli-dei-53088.jpg');\" title=\"Tamil Nadu e Kerala, Il Paradiso degli Dei\"><\/span><amp-img width=\"225\" height=\"225\" src=\"http:\/\/etcdn.net\/thumbnails\/287\/it-chennai-tamil-nadu-e-kerala-il-paradiso-degli-dei-53088.jpg\">\t\t\t\t\t\t<\/a>\n\t\t\t\t\t<\/div>\n\t\t\t\t\t\t\t\t<div class=\"rss_content_wrap\">\n\t\t\t\t\t<span class=\"title\">\n\t\t\t\t\t\t<a href=\"https:\/\/india.evolutiontravel.it\/it_IT\/907\/tab\/287_tamil-nadu-e-kerala-il-paradiso-degli-dei.html\" target=\"_blank\"  rel=\"noopener \">\n\t\t\t\t\t\t\tTamil Nadu e Kerala, Il Paradiso degli Dei\t\t\t\t\t\t<\/a>\n\t\t\t\t\t<\/span>\n\t\t\t\t\t<div class=\"rss_content\"\n\t\t\t\t\t\t\tstyle=\"\">\n\t\t\t\t\t\t\n\t\t\t\t\t\t\t\t\t\t\t\t<p class=\"description\">Un\u00a0itinerario affascinante\u00a0fra le pi\u00f9 belle regioni dell\u2019India del Sud\u00a0che si snoda fra i grandi templi e le citt\u00e0 sacre [&hellip;]<\/p>\n\t\t\t\t\t\t\n\t\t\t\t\t\t\t\t\t\t\t\t\t\t\t\t\t\t\t<div class=\"price-wrap\">\n\t\t\t\t\t\t\t\t<a href=\"https:\/\/india.evolutiontravel.it\/it_IT\/907\/tab\/287_tamil-nadu-e-kerala-il-paradiso-degli-dei.html\" target=\"_blank\" rel=\"noopener\"><button class=\"price\"> 1612<\/button><\/a>\n\t\t\t\t\t\t\t<\/div>\n\t\t\t\t\t\t\t\t\t\t\t<\/div>\n\t\t\t\t<\/div>\n\t\t\t<\/li>\n\t\t\t\t\t\t<li  style=\"padding: 23px 0 38px\" class=\"rss_item feedzy-rss-col-3\" >\n\t\t\t\t\t\t\t\t\t<div class=\"rss_image\" style=\"width:225px; height:225px;\">\n\t\t\t\t\t\t<a href=\"https:\/\/india.evolutiontravel.it\/it_IT\/907\/tab\/1044_india-del-nord-e-nepal.html\" target=\"_blank\" \n\t\t\t\t\t\t\trel=\"noopener \"\n\t\t\t\t\t\t\ttitle=\"India del Nord e Nepal\"\n\t\t\t\t\t\t\tstyle=\"width:225px; height:225px;\">\n\t\t\t\t\t\t\t<span class=\"fetched\" style=\"background-image:  url('http:\/\/etcdn.net\/thumbnails\/1044\/it-nuova-delhi-india-del-nord-e-nepal-52c85.jpg');\" title=\"India del Nord e Nepal\"><\/span><amp-img width=\"225\" height=\"225\" src=\"http:\/\/etcdn.net\/thumbnails\/1044\/it-nuova-delhi-india-del-nord-e-nepal-52c85.jpg\">\t\t\t\t\t\t<\/a>\n\t\t\t\t\t<\/div>\n\t\t\t\t\t\t\t\t<div class=\"rss_content_wrap\">\n\t\t\t\t\t<span class=\"title\">\n\t\t\t\t\t\t<a href=\"https:\/\/india.evolutiontravel.it\/it_IT\/907\/tab\/1044_india-del-nord-e-nepal.html\" target=\"_blank\"  rel=\"noopener \">\n\t\t\t\t\t\t\tIndia del Nord e Nepal\t\t\t\t\t\t<\/a>\n\t\t\t\t\t<\/span>\n\t\t\t\t\t<div class=\"rss_content\"\n\t\t\t\t\t\t\tstyle=\"\">\n\t\t\t\t\t\t\n\t\t\t\t\t\t\t\t\t\t\t\t<p class=\"description\">Un\u00a0viaggio memorabile\u00a0che sintetizza i principali aspetti culturali della parte settentrionale dell\u2019India\u00a0e di\u00a0Kathamandu, [&hellip;]<\/p>\n\t\t\t\t\t\t\n\t\t\t\t\t\t\t\t\t\t\t\t\t\t\t\t\t\t\t<div class=\"price-wrap\">\n\t\t\t\t\t\t\t\t<a href=\"https:\/\/india.evolutiontravel.it\/it_IT\/907\/tab\/1044_india-del-nord-e-nepal.html\" target=\"_blank\" rel=\"noopener\"><button class=\"price\"> 2480<\/button><\/a>\n\t\t\t\t\t\t\t<\/div>\n\t\t\t\t\t\t\t\t\t\t\t<\/div>\n\t\t\t\t<\/div>\n\t\t\t<\/li>\n\t\t\t\t\t\t<li  style=\"padding: 23px 0 38px\" class=\"rss_item feedzy-rss-col-3\" >\n\t\t\t\t\t\t\t\t\t<div class=\"rss_image\" style=\"width:225px; height:225px;\">\n\t\t\t\t\t\t<a href=\"https:\/\/india.evolutiontravel.it\/it_IT\/907\/tab\/31645_il-triangolo-doro-e-varanasi.html\" target=\"_blank\" \n\t\t\t\t\t\t\trel=\"noopener \"\n\t\t\t\t\t\t\ttitle=\"Il Triangolo d&#039;Oro e Varanasi\"\n\t\t\t\t\t\t\tstyle=\"width:225px; height:225px;\">\n\t\t\t\t\t\t\t<span class=\"fetched\" style=\"background-image:  url('http:\/\/etcdn.net\/thumbnails\/31645\/it-nuova-delhi-il-triangolo-doro-e-varanasi-71454.jpg');\" title=\"Il Triangolo d&#039;Oro e Varanasi\"><\/span><amp-img width=\"225\" height=\"225\" src=\"http:\/\/etcdn.net\/thumbnails\/31645\/it-nuova-delhi-il-triangolo-doro-e-varanasi-71454.jpg\">\t\t\t\t\t\t<\/a>\n\t\t\t\t\t<\/div>\n\t\t\t\t\t\t\t\t<div class=\"rss_content_wrap\">\n\t\t\t\t\t<span class=\"title\">\n\t\t\t\t\t\t<a href=\"https:\/\/india.evolutiontravel.it\/it_IT\/907\/tab\/31645_il-triangolo-doro-e-varanasi.html\" target=\"_blank\"  rel=\"noopener \">\n\t\t\t\t\t\t\tIl Triangolo d'Oro e Varanasi\t\t\t\t\t\t<\/a>\n\t\t\t\t\t<\/span>\n\t\t\t\t\t<div class=\"rss_content\"\n\t\t\t\t\t\t\tstyle=\"\">\n\t\t\t\t\t\t\n\t\t\t\t\t\t\t\t\t\t\t\t<p class=\"description\">Viaggio\u00a0breve ed essenziale\u00a0nel Triangolo d'Oro dell\u2019India del Nord con estensione a Varanasi, immersi nella pi\u00f9 autentica [&hellip;]<\/p>\n\t\t\t\t\t\t\n\t\t\t\t\t\t\t\t\t\t\t\t\t\t\t\t\t\t\t<div class=\"price-wrap\">\n\t\t\t\t\t\t\t\t<a href=\"https:\/\/india.evolutiontravel.it\/it_IT\/907\/tab\/31645_il-triangolo-doro-e-varanasi.html\" target=\"_blank\" rel=\"noopener\"><button class=\"price\"> 1337<\/button><\/a>\n\t\t\t\t\t\t\t<\/div>\n\t\t\t\t\t\t\t\t\t\t\t<\/div>\n\t\t\t\t<\/div>\n\t\t\t<\/li>\n\t\t\t\t<\/ul>\n<\/div>\n<style type=\"text\/css\" media=\"all\">.feedzy-rss .rss_item .rss_image{float:left;position:relative;border:none;text-decoration:none;max-width:100%}.feedzy-rss .rss_item .rss_image span{display:inline-block;position:absolute;width:100%;height:100%;background-position:50%;background-size:cover}.feedzy-rss .rss_item .rss_image{margin:.3em 1em 0 0;content-visibility:auto}.feedzy-rss ul{list-style:none}.feedzy-rss ul li{display:inline-block}<\/style>\n","protected":false},"excerpt":{"rendered":"<p>In India il turismo balneare \u00e8 molto sviluppato, questo paese accoglie ogni anno milioni di visitatori provenienti da tutto il mondo che vogliono godere delle meravigliose spiagge bianche presenti nel sud della penisola. Le destinazioni di mare pi\u00f9 rinomate sono nello stato di Goa, il pi\u00f9 piccolo dell\u2019India, e del Kerala, situate nella costa occidentale <a class=\"moretag\" href=\"https:\/\/india.evolutiontravel.it\/infovacanze\/turismo\/turismo-mare\/\">[&#8230;]<\/a><\/p>\n","protected":false},"author":1,"featured_media":0,"parent":108,"menu_order":0,"comment_status":"closed","ping_status":"open","template":"templates\/template-with-right-sidebar.php","meta":{"footnotes":""},"yoast_head":"<!-- This site is optimized with the Yoast SEO plugin v21.9.1 - https:\/\/yoast.com\/wordpress\/plugins\/seo\/ -->\n<title>Le pi\u00f9 belle localit\u00e0 di mare in India - Evolution Travel<\/title>\n<meta name=\"description\" content=\"Il Kerala, Goa e le Laccadive, alcune delle destinazioni mare dell\u2019india che attraggono milioni di visitatori. Scopri con noi il fascino di queste localit\u00e0 e parti usufruendo delle nostre imperdibil offerte per tutte le tasche!\" \/>\n<meta name=\"robots\" content=\"index, follow, max-snippet:-1, max-image-preview:large, max-video-preview:-1\" \/>\n<link rel=\"canonical\" href=\"https:\/\/india.evolutiontravel.it\/infovacanze\/turismo\/turismo-mare\/\" \/>\n<meta name=\"twitter:label1\" content=\"Tempo di lettura stimato\" \/>\n\t<meta name=\"twitter:data1\" content=\"3 minuti\" \/>\n<script type=\"application\/ld+json\" class=\"yoast-schema-graph\">{\"@context\":\"https:\/\/schema.org\",\"@graph\":[{\"@type\":\"WebPage\",\"@id\":\"https:\/\/india.evolutiontravel.it\/infovacanze\/turismo\/turismo-mare\/\",\"url\":\"https:\/\/india.evolutiontravel.it\/infovacanze\/turismo\/turismo-mare\/\",\"name\":\"Le pi\u00f9 belle localit\u00e0 di mare in India - Evolution Travel\",\"isPartOf\":{\"@id\":\"https:\/\/india.evolutiontravel.it\/infovacanze\/#website\"},\"datePublished\":\"2013-10-23T14:14:07+00:00\",\"dateModified\":\"2018-04-20T08:11:59+00:00\",\"description\":\"Il Kerala, Goa e le Laccadive, alcune delle destinazioni mare dell\u2019india che attraggono milioni di visitatori. Scopri con noi il fascino di queste localit\u00e0 e parti usufruendo delle nostre imperdibil offerte per tutte le tasche!\",\"breadcrumb\":{\"@id\":\"https:\/\/india.evolutiontravel.it\/infovacanze\/turismo\/turismo-mare\/#breadcrumb\"},\"inLanguage\":\"it-IT\",\"potentialAction\":[{\"@type\":\"ReadAction\",\"target\":[\"https:\/\/india.evolutiontravel.it\/infovacanze\/turismo\/turismo-mare\/\"]}]},{\"@type\":\"BreadcrumbList\",\"@id\":\"https:\/\/india.evolutiontravel.it\/infovacanze\/turismo\/turismo-mare\/#breadcrumb\",\"itemListElement\":[{\"@type\":\"ListItem\",\"position\":1,\"name\":\"Turismo in India\",\"item\":\"https:\/\/india.evolutiontravel.it\/infovacanze\/turismo\/\"},{\"@type\":\"ListItem\",\"position\":2,\"name\":\"Localit\u00e0 balneari in India\"}]},{\"@type\":\"WebSite\",\"@id\":\"https:\/\/india.evolutiontravel.it\/infovacanze\/#website\",\"url\":\"https:\/\/india.evolutiontravel.it\/infovacanze\/\",\"name\":\"India\",\"description\":\"\",\"potentialAction\":[{\"@type\":\"SearchAction\",\"target\":{\"@type\":\"EntryPoint\",\"urlTemplate\":\"https:\/\/india.evolutiontravel.it\/infovacanze\/?s={search_term_string}\"},\"query-input\":\"required name=search_term_string\"}],\"inLanguage\":\"it-IT\"}]}<\/script>\n<!-- \/ Yoast SEO plugin. -->","yoast_head_json":{"title":"Le pi\u00f9 belle localit\u00e0 di mare in India - Evolution Travel","description":"Il Kerala, Goa e le Laccadive, alcune delle destinazioni mare dell\u2019india che attraggono milioni di visitatori. Scopri con noi il fascino di queste localit\u00e0 e parti usufruendo delle nostre imperdibil offerte per tutte le tasche!","robots":{"index":"index","follow":"follow","max-snippet":"max-snippet:-1","max-image-preview":"max-image-preview:large","max-video-preview":"max-video-preview:-1"},"canonical":"https:\/\/india.evolutiontravel.it\/infovacanze\/turismo\/turismo-mare\/","twitter_misc":{"Tempo di lettura stimato":"3 minuti"},"schema":{"@context":"https:\/\/schema.org","@graph":[{"@type":"WebPage","@id":"https:\/\/india.evolutiontravel.it\/infovacanze\/turismo\/turismo-mare\/","url":"https:\/\/india.evolutiontravel.it\/infovacanze\/turismo\/turismo-mare\/","name":"Le pi\u00f9 belle localit\u00e0 di mare in India - Evolution Travel","isPartOf":{"@id":"https:\/\/india.evolutiontravel.it\/infovacanze\/#website"},"datePublished":"2013-10-23T14:14:07+00:00","dateModified":"2018-04-20T08:11:59+00:00","description":"Il Kerala, Goa e le Laccadive, alcune delle destinazioni mare dell\u2019india che attraggono milioni di visitatori. Scopri con noi il fascino di queste localit\u00e0 e parti usufruendo delle nostre imperdibil offerte per tutte le tasche!","breadcrumb":{"@id":"https:\/\/india.evolutiontravel.it\/infovacanze\/turismo\/turismo-mare\/#breadcrumb"},"inLanguage":"it-IT","potentialAction":[{"@type":"ReadAction","target":["https:\/\/india.evolutiontravel.it\/infovacanze\/turismo\/turismo-mare\/"]}]},{"@type":"BreadcrumbList","@id":"https:\/\/india.evolutiontravel.it\/infovacanze\/turismo\/turismo-mare\/#breadcrumb","itemListElement":[{"@type":"ListItem","position":1,"name":"Turismo in India","item":"https:\/\/india.evolutiontravel.it\/infovacanze\/turismo\/"},{"@type":"ListItem","position":2,"name":"Localit\u00e0 balneari in India"}]},{"@type":"WebSite","@id":"https:\/\/india.evolutiontravel.it\/infovacanze\/#website","url":"https:\/\/india.evolutiontravel.it\/infovacanze\/","name":"India","description":"","potentialAction":[{"@type":"SearchAction","target":{"@type":"EntryPoint","urlTemplate":"https:\/\/india.evolutiontravel.it\/infovacanze\/?s={search_term_string}"},"query-input":"required name=search_term_string"}],"inLanguage":"it-IT"}]}},"_links":{"self":[{"href":"https:\/\/india.evolutiontravel.it\/infovacanze\/wp-json\/wp\/v2\/pages\/377"}],"collection":[{"href":"https:\/\/india.evolutiontravel.it\/infovacanze\/wp-json\/wp\/v2\/pages"}],"about":[{"href":"https:\/\/india.evolutiontravel.it\/infovacanze\/wp-json\/wp\/v2\/types\/page"}],"author":[{"embeddable":true,"href":"https:\/\/india.evolutiontravel.it\/infovacanze\/wp-json\/wp\/v2\/users\/1"}],"replies":[{"embeddable":true,"href":"https:\/\/india.evolutiontravel.it\/infovacanze\/wp-json\/wp\/v2\/comments?post=377"}],"version-history":[{"count":8,"href":"https:\/\/india.evolutiontravel.it\/infovacanze\/wp-json\/wp\/v2\/pages\/377\/revisions"}],"predecessor-version":[{"id":1325,"href":"https:\/\/india.evolutiontravel.it\/infovacanze\/wp-json\/wp\/v2\/pages\/377\/revisions\/1325"}],"up":[{"embeddable":true,"href":"https:\/\/india.evolutiontravel.it\/infovacanze\/wp-json\/wp\/v2\/pages\/108"}],"wp:attachment":[{"href":"https:\/\/india.evolutiontravel.it\/infovacanze\/wp-json\/wp\/v2\/media?parent=377"}],"curies":[{"name":"wp","href":"https:\/\/api.w.org\/{rel}","templated":true}]}}