{"id":515,"date":"2014-01-23T17:53:07","date_gmt":"2014-01-23T16:53:07","guid":{"rendered":"http:\/\/india.evolutiontravel.it\/infovacanze\/?page_id=515"},"modified":"2018-11-07T15:56:38","modified_gmt":"2018-11-07T14:56:38","slug":"india-mare-arabico","status":"publish","type":"page","link":"https:\/\/india.evolutiontravel.it\/infovacanze\/viaggio-india\/india-mare-arabico\/","title":{"rendered":"Mar Arabico"},"content":{"rendered":"<p>Il <strong>Mar Arabico <\/strong>va dall\u2019India nord occidentale alla penisola arabica. Questo mare \u00e8 punto di unione tra Europa, Africa e Asia e venne navigato fin dai romani per <strong>raggiungere le mete esotiche dell&#8217;<\/strong><b>India, <\/b>da dove si importavano sete, acciai e animali esotici.<\/p>\n<p>Il fascino del Mar Arabico \u00e8 rimasto intatto e<strong> sulla costa troviamo suggestive citt\u00e0<\/strong> quali <strong><a title=\"bombay\" href=\"https:\/\/india.evolutiontravel.it\/infovacanze\/turismo\/turismo-in-bombay\/\">Bombay<\/a>, <a title=\"Goa\" href=\"https:\/\/india.evolutiontravel.it\/infovacanze\/turismo\/india-spiagge-di-goa\/\">Goa<\/a>, Mangalore, Calicut, <a title=\"Cochin\" href=\"https:\/\/india.evolutiontravel.it\/infovacanze\/divertirsi\/spiagge-a-cochin\/\">Cochin<\/a> e Trivandrum,<\/strong> capitale della <a title=\"spiagge kerala\" href=\"https:\/\/india.evolutiontravel.it\/infovacanze\/turismo\/spiagge-kerala\/\">regione del Kerala<\/a>, destinazioni raggiunte ogni anno da milioni di turisti.<\/p>\n<div id=\"attachment_319\" style=\"width: 310px\" class=\"wp-caption alignright\"><img loading=\"lazy\" decoding=\"async\" aria-describedby=\"caption-attachment-319\" class=\"wp-image-319 size-medium\" src=\"http:\/\/india.evolutiontravel.it\/infovacanze\/wp-content\/uploads\/sites\/12\/2013\/09\/Fishing-boats-on-Kochi-Cochin-beach-300x241.jpg\" alt=\"Cochin beach\" width=\"300\" height=\"241\" srcset=\"https:\/\/india.evolutiontravel.it\/infovacanze\/wp-content\/uploads\/sites\/12\/2013\/09\/Fishing-boats-on-Kochi-Cochin-beach-300x241.jpg 300w, https:\/\/india.evolutiontravel.it\/infovacanze\/wp-content\/uploads\/sites\/12\/2013\/09\/Fishing-boats-on-Kochi-Cochin-beach-373x300.jpg 373w, https:\/\/india.evolutiontravel.it\/infovacanze\/wp-content\/uploads\/sites\/12\/2013\/09\/Fishing-boats-on-Kochi-Cochin-beach.jpg 530w\" sizes=\"(max-width: 300px) 100vw, 300px\" \/><p id=\"caption-attachment-319\" class=\"wp-caption-text\"><em>Cochin, la perla del Mar Arabico<\/em><\/p><\/div>\n<p>La costa occidentale che si affaccia sul Mare Arabico offre una prospettiva di sguardo e d\u2019incontro veramente interessante.<\/p>\n<p>A partire <strong>dall\u2019antica citt\u00e0 di Bombay,<\/strong> cuore dell\u2019India, porto di attracco da miglia di anni e una delle citt\u00e0 simbolo della cultura indiana e poi, scendendo lungo <strong>ecco la citt\u00e0 di Goa<\/strong>, <strong>famoso centro balneare<\/strong> e non solo, simbolo di una vera e propria tendenza culturale che attrae turisti da tutto il mondo.<\/p>\n<p>Nonostante la grande commercializzazione turistica, Goa riesce ancora a stupire e lascia lo spazio per la scoperta individuale del suo fascino, organizzando il proprio soggiorno e i tempi di arrivo incontrerete la citt\u00e0, le sue spiagge, praticabili da novembre a febbraio.<\/p>\n<p>Il nostro itinerario costiero <strong>prosegue verso Mangalore<\/strong> per arrivare a <strong>Calicut<\/strong>, che fu uno dei primi e principali porti per l\u2019esportazione di spezie e seta.<\/p>\n<p>La prossima citt\u00e0 affacciata sul Mar Arabico \u00e8 <strong>Cochin<\/strong>, qui c&#8217;\u00e8 da dire che la bellezza della sua natura \u00e8 stata un p\u00f2 offuscata dagli insediamenti umani, tuttavia ora c\u2019\u00e8 maggiore attenzione nel preservarne lagune e gli habitat naturali.<\/p>\n<p>Proseguendo il viaggio<b>, <\/b>troviamo <strong>Trivandrum<\/strong>, questa citt\u00e0 ricca di verde con una vegetazione attiva e rigogliosa tutto l\u2019anno \u00e8 sede di centri amministrativi e tutto ci\u00f2 che caratterizza una capitale.<\/p>\n<p>La <strong>costa occidentale \u00e8 la prima ad essere colpita dalle piogge monsoniche<\/strong>, gi\u00e0 a partire dagli ultimi giorni di maggio, rinfrescano l\u2019aria e aumentano il tasso di umidit\u00e0. Il <strong>periodo migliore per questo viaggio <\/strong>va da <strong>novembre fino a febbraio,<\/strong> cio\u00e8 prima che le temperature comincino ad aumentare troppo.<\/p>\n<p>Questo itinerario che esplora le perle del Mar Arabico include <a title=\"laccadive\" href=\"https:\/\/india.evolutiontravel.it\/infovacanze\/destinazioni\/isole-laccadive\/\">anche le <strong>isole Laccadive<\/strong><\/a> e il noto ed esclusivo <strong>arcipelago delle Maldive,<\/strong> veri angoli di paradiso difficili da dimenticare.<\/p>\n<h3 style=\"text-align: center\">OFFERTE VIAGGIO E VACANZE<\/h3>\n<p style=\"text-align: center\"><span style=\"color: #008000\"><strong>CLICCA, SCOPRI E PARTI<\/strong><\/span><strong>:<\/strong><\/p>\n<p style=\"text-align: center\">guarda <strong>tutti i dettagli dei viaggi<\/strong>, scopri le <strong>tariffe migliori<\/strong> e <strong>parti con noi<\/strong>!<\/p>\n<p style=\"text-align: center\"><span style=\"color: #008000\"><strong>NON PERDERE QUESTA OCCASIONE!<\/strong><\/span><\/p>\n<div class=\"feedzy-974bd60be3f70c7024dcae3f8d2c01d7 feedzy-rss\">\n\t\t<ul class=\"feedzy-style2\">\n\t\t\t\t\t<li  style=\"padding: 23px 0 38px\" class=\"rss_item feedzy-rss-col-3\" >\n\t\t\t\t\t\t\t\t\t<div class=\"rss_image\" style=\"width:225px; height:225px;\">\n\t\t\t\t\t\t<a href=\"https:\/\/india.evolutiontravel.it\/it_IT\/907\/tab\/41511_tour-di-gruppo-con-insegnante-yoga-il-triangolo-doro-e-varanasi-durante-il-diwali.html\" target=\"_blank\" \n\t\t\t\t\t\t\trel=\"noopener \"\n\t\t\t\t\t\t\ttitle=\"Tour di gruppo con insegnante yoga - Il Triangolo d&#039;Oro e Varanasi durante il Diwali\"\n\t\t\t\t\t\t\tstyle=\"width:225px; height:225px;\">\n\t\t\t\t\t\t\t<span class=\"fetched\" style=\"background-image:  url('http:\/\/etcdn.net\/thumbnails\/41511\/it-nuova-delhi-tour-di-gruppo-con-insegnante-yoga-il-triangolo-doro-e-varanasi-durante-il-diwali-87178.jpg');\" title=\"Tour di gruppo con insegnante yoga - Il Triangolo d&#039;Oro e Varanasi durante il Diwali\"><\/span><amp-img width=\"225\" height=\"225\" src=\"http:\/\/etcdn.net\/thumbnails\/41511\/it-nuova-delhi-tour-di-gruppo-con-insegnante-yoga-il-triangolo-doro-e-varanasi-durante-il-diwali-87178.jpg\">\t\t\t\t\t\t<\/a>\n\t\t\t\t\t<\/div>\n\t\t\t\t\t\t\t\t<div class=\"rss_content_wrap\">\n\t\t\t\t\t<span class=\"title\">\n\t\t\t\t\t\t<a href=\"https:\/\/india.evolutiontravel.it\/it_IT\/907\/tab\/41511_tour-di-gruppo-con-insegnante-yoga-il-triangolo-doro-e-varanasi-durante-il-diwali.html\" target=\"_blank\"  rel=\"noopener \">\n\t\t\t\t\t\t\tTour di gruppo con insegnante yoga - Il Triangolo d'Oro e Varanasi durante il Diwali\t\t\t\t\t\t<\/a>\n\t\t\t\t\t<\/span>\n\t\t\t\t\t<div class=\"rss_content\"\n\t\t\t\t\t\t\tstyle=\"\">\n\t\t\t\t\t\t\n\t\t\t\t\t\t\t\t\t\t\t\t<p class=\"description\">Viaggio\u00a0di gruppo con insegnante yoga durante il Diwali di Varanasi: Triangolo d'Oro dell\u2019India del Nord con estensione a [&hellip;]<\/p>\n\t\t\t\t\t\t\n\t\t\t\t\t\t\t\t\t\t\t\t\t\t\t\t\t\t\t<div class=\"price-wrap\">\n\t\t\t\t\t\t\t\t<a href=\"https:\/\/india.evolutiontravel.it\/it_IT\/907\/tab\/41511_tour-di-gruppo-con-insegnante-yoga-il-triangolo-doro-e-varanasi-durante-il-diwali.html\" target=\"_blank\" rel=\"noopener\"><button class=\"price\"> 2320<\/button><\/a>\n\t\t\t\t\t\t\t<\/div>\n\t\t\t\t\t\t\t\t\t\t\t<\/div>\n\t\t\t\t<\/div>\n\t\t\t<\/li>\n\t\t\t\t\t\t<li  style=\"padding: 23px 0 38px\" class=\"rss_item feedzy-rss-col-3\" >\n\t\t\t\t\t\t\t\t\t<div class=\"rss_image\" style=\"width:225px; height:225px;\">\n\t\t\t\t\t\t<a href=\"https:\/\/india.evolutiontravel.it\/it_IT\/907\/tab\/3502_gran-tour-del-nord.html\" target=\"_blank\" \n\t\t\t\t\t\t\trel=\"noopener \"\n\t\t\t\t\t\t\ttitle=\"Gran Tour del Nord\"\n\t\t\t\t\t\t\tstyle=\"width:225px; height:225px;\">\n\t\t\t\t\t\t\t<span class=\"fetched\" style=\"background-image:  url('http:\/\/etcdn.net\/thumbnails\/3502\/it-nuova-delhi-gran-tour-dellindia-del-nord-52d29.jpg');\" title=\"Gran Tour del Nord\"><\/span><amp-img width=\"225\" height=\"225\" src=\"http:\/\/etcdn.net\/thumbnails\/3502\/it-nuova-delhi-gran-tour-dellindia-del-nord-52d29.jpg\">\t\t\t\t\t\t<\/a>\n\t\t\t\t\t<\/div>\n\t\t\t\t\t\t\t\t<div class=\"rss_content_wrap\">\n\t\t\t\t\t<span class=\"title\">\n\t\t\t\t\t\t<a href=\"https:\/\/india.evolutiontravel.it\/it_IT\/907\/tab\/3502_gran-tour-del-nord.html\" target=\"_blank\"  rel=\"noopener \">\n\t\t\t\t\t\t\tGran Tour del Nord\t\t\t\t\t\t<\/a>\n\t\t\t\t\t<\/span>\n\t\t\t\t\t<div class=\"rss_content\"\n\t\t\t\t\t\t\tstyle=\"\">\n\t\t\t\t\t\t\n\t\t\t\t\t\t\t\t\t\t\t\t<p class=\"description\">Un lungo e intenso viaggio alla scoperta dell'India del Nord. Dal Rajasthan alla Valle del Gange in un continuo tripudio di [&hellip;]<\/p>\n\t\t\t\t\t\t\n\t\t\t\t\t\t\t\t\t\t\t\t\t\t\t\t\t\t\t<div class=\"price-wrap\">\n\t\t\t\t\t\t\t\t<a href=\"https:\/\/india.evolutiontravel.it\/it_IT\/907\/tab\/3502_gran-tour-del-nord.html\" target=\"_blank\" rel=\"noopener\"><button class=\"price\"> 2817<\/button><\/a>\n\t\t\t\t\t\t\t<\/div>\n\t\t\t\t\t\t\t\t\t\t\t<\/div>\n\t\t\t\t<\/div>\n\t\t\t<\/li>\n\t\t\t\t\t\t<li  style=\"padding: 23px 0 38px\" class=\"rss_item feedzy-rss-col-3\" >\n\t\t\t\t\t\t\t\t\t<div class=\"rss_image\" style=\"width:225px; height:225px;\">\n\t\t\t\t\t\t<a href=\"https:\/\/india.evolutiontravel.it\/it_IT\/907\/tab\/3954_il-rajasthan-e-la-valle-del-gange.html\" target=\"_blank\" \n\t\t\t\t\t\t\trel=\"noopener \"\n\t\t\t\t\t\t\ttitle=\"Il Rajasthan e la Valle del Gange\"\n\t\t\t\t\t\t\tstyle=\"width:225px; height:225px;\">\n\t\t\t\t\t\t\t<span class=\"fetched\" style=\"background-image:  url('http:\/\/etcdn.net\/thumbnails\/3954\/it-nuova-delhi-il-rajasthan-e-la-valle-del-gange-52d00.jpg');\" title=\"Il Rajasthan e la Valle del Gange\"><\/span><amp-img width=\"225\" height=\"225\" src=\"http:\/\/etcdn.net\/thumbnails\/3954\/it-nuova-delhi-il-rajasthan-e-la-valle-del-gange-52d00.jpg\">\t\t\t\t\t\t<\/a>\n\t\t\t\t\t<\/div>\n\t\t\t\t\t\t\t\t<div class=\"rss_content_wrap\">\n\t\t\t\t\t<span class=\"title\">\n\t\t\t\t\t\t<a href=\"https:\/\/india.evolutiontravel.it\/it_IT\/907\/tab\/3954_il-rajasthan-e-la-valle-del-gange.html\" target=\"_blank\"  rel=\"noopener \">\n\t\t\t\t\t\t\tIl Rajasthan e la Valle del Gange\t\t\t\t\t\t<\/a>\n\t\t\t\t\t<\/span>\n\t\t\t\t\t<div class=\"rss_content\"\n\t\t\t\t\t\t\tstyle=\"\">\n\t\t\t\t\t\t\n\t\t\t\t\t\t\t\t\t\t\t\t<p class=\"description\">Un itinerario completo in India del Nord alla scoperta della regione del Rajasthan ed una breve estensione attraverso la pianura [&hellip;]<\/p>\n\t\t\t\t\t\t\n\t\t\t\t\t\t\t\t\t\t\t\t\t\t\t\t\t\t\t<div class=\"price-wrap\">\n\t\t\t\t\t\t\t\t<a href=\"https:\/\/india.evolutiontravel.it\/it_IT\/907\/tab\/3954_il-rajasthan-e-la-valle-del-gange.html\" target=\"_blank\" rel=\"noopener\"><button class=\"price\"> 2633<\/button><\/a>\n\t\t\t\t\t\t\t<\/div>\n\t\t\t\t\t\t\t\t\t\t\t<\/div>\n\t\t\t\t<\/div>\n\t\t\t<\/li>\n\t\t\t\t\t\t<li  style=\"padding: 23px 0 38px\" class=\"rss_item feedzy-rss-col-3\" >\n\t\t\t\t\t\t\t\t\t<div class=\"rss_image\" style=\"width:225px; height:225px;\">\n\t\t\t\t\t\t<a href=\"https:\/\/india.evolutiontravel.it\/it_IT\/907\/tab\/4546_le-meraviglie-delle-regioni-del-sud.html\" target=\"_blank\" \n\t\t\t\t\t\t\trel=\"noopener \"\n\t\t\t\t\t\t\ttitle=\"Le Meraviglie delle regioni del Sud\"\n\t\t\t\t\t\t\tstyle=\"width:225px; height:225px;\">\n\t\t\t\t\t\t\t<span class=\"fetched\" style=\"background-image:  url('http:\/\/etcdn.net\/thumbnails\/4546\/it-chennai-le-meraviglie-dellindia-del-sud-531ac.jpg');\" title=\"Le Meraviglie delle regioni del Sud\"><\/span><amp-img width=\"225\" height=\"225\" src=\"http:\/\/etcdn.net\/thumbnails\/4546\/it-chennai-le-meraviglie-dellindia-del-sud-531ac.jpg\">\t\t\t\t\t\t<\/a>\n\t\t\t\t\t<\/div>\n\t\t\t\t\t\t\t\t<div class=\"rss_content_wrap\">\n\t\t\t\t\t<span class=\"title\">\n\t\t\t\t\t\t<a href=\"https:\/\/india.evolutiontravel.it\/it_IT\/907\/tab\/4546_le-meraviglie-delle-regioni-del-sud.html\" target=\"_blank\"  rel=\"noopener \">\n\t\t\t\t\t\t\tLe Meraviglie delle regioni del Sud\t\t\t\t\t\t<\/a>\n\t\t\t\t\t<\/span>\n\t\t\t\t\t<div class=\"rss_content\"\n\t\t\t\t\t\t\tstyle=\"\">\n\t\t\t\t\t\t\n\t\t\t\t\t\t\t\t\t\t\t\t<p class=\"description\">Viaggio completo alla scoperta dell'India del Sud. Si parte dal Tamil Nadu,\u00a0si raggiunge la verde regione del Kearla dove flora [&hellip;]<\/p>\n\t\t\t\t\t\t\n\t\t\t\t\t\t\t\t\t\t\t\t\t\t\t\t\t\t\t<div class=\"price-wrap\">\n\t\t\t\t\t\t\t\t<a href=\"https:\/\/india.evolutiontravel.it\/it_IT\/907\/tab\/4546_le-meraviglie-delle-regioni-del-sud.html\" target=\"_blank\" rel=\"noopener\"><button class=\"price\"> 2290<\/button><\/a>\n\t\t\t\t\t\t\t<\/div>\n\t\t\t\t\t\t\t\t\t\t\t<\/div>\n\t\t\t\t<\/div>\n\t\t\t<\/li>\n\t\t\t\t\t\t<li  style=\"padding: 23px 0 38px\" class=\"rss_item feedzy-rss-col-3\" >\n\t\t\t\t\t\t\t\t\t<div class=\"rss_image\" style=\"width:225px; height:225px;\">\n\t\t\t\t\t\t<a href=\"https:\/\/india.evolutiontravel.it\/it_IT\/907\/tab\/287_tamil-nadu-e-kerala-il-paradiso-degli-dei.html\" target=\"_blank\" \n\t\t\t\t\t\t\trel=\"noopener \"\n\t\t\t\t\t\t\ttitle=\"Tamil Nadu e Kerala, Il Paradiso degli Dei\"\n\t\t\t\t\t\t\tstyle=\"width:225px; height:225px;\">\n\t\t\t\t\t\t\t<span class=\"fetched\" style=\"background-image:  url('http:\/\/etcdn.net\/thumbnails\/287\/it-chennai-tamil-nadu-e-kerala-il-paradiso-degli-dei-53088.jpg');\" title=\"Tamil Nadu e Kerala, Il Paradiso degli Dei\"><\/span><amp-img width=\"225\" height=\"225\" src=\"http:\/\/etcdn.net\/thumbnails\/287\/it-chennai-tamil-nadu-e-kerala-il-paradiso-degli-dei-53088.jpg\">\t\t\t\t\t\t<\/a>\n\t\t\t\t\t<\/div>\n\t\t\t\t\t\t\t\t<div class=\"rss_content_wrap\">\n\t\t\t\t\t<span class=\"title\">\n\t\t\t\t\t\t<a href=\"https:\/\/india.evolutiontravel.it\/it_IT\/907\/tab\/287_tamil-nadu-e-kerala-il-paradiso-degli-dei.html\" target=\"_blank\"  rel=\"noopener \">\n\t\t\t\t\t\t\tTamil Nadu e Kerala, Il Paradiso degli Dei\t\t\t\t\t\t<\/a>\n\t\t\t\t\t<\/span>\n\t\t\t\t\t<div class=\"rss_content\"\n\t\t\t\t\t\t\tstyle=\"\">\n\t\t\t\t\t\t\n\t\t\t\t\t\t\t\t\t\t\t\t<p class=\"description\">Un\u00a0itinerario affascinante\u00a0fra le pi\u00f9 belle regioni dell\u2019India del Sud\u00a0che si snoda fra i grandi templi e le citt\u00e0 sacre [&hellip;]<\/p>\n\t\t\t\t\t\t\n\t\t\t\t\t\t\t\t\t\t\t\t\t\t\t\t\t\t\t<div class=\"price-wrap\">\n\t\t\t\t\t\t\t\t<a href=\"https:\/\/india.evolutiontravel.it\/it_IT\/907\/tab\/287_tamil-nadu-e-kerala-il-paradiso-degli-dei.html\" target=\"_blank\" rel=\"noopener\"><button class=\"price\"> 1612<\/button><\/a>\n\t\t\t\t\t\t\t<\/div>\n\t\t\t\t\t\t\t\t\t\t\t<\/div>\n\t\t\t\t<\/div>\n\t\t\t<\/li>\n\t\t\t\t\t\t<li  style=\"padding: 23px 0 38px\" class=\"rss_item feedzy-rss-col-3\" >\n\t\t\t\t\t\t\t\t\t<div class=\"rss_image\" style=\"width:225px; height:225px;\">\n\t\t\t\t\t\t<a href=\"https:\/\/india.evolutiontravel.it\/it_IT\/907\/tab\/1044_india-del-nord-e-nepal.html\" target=\"_blank\" \n\t\t\t\t\t\t\trel=\"noopener \"\n\t\t\t\t\t\t\ttitle=\"India del Nord e Nepal\"\n\t\t\t\t\t\t\tstyle=\"width:225px; height:225px;\">\n\t\t\t\t\t\t\t<span class=\"fetched\" style=\"background-image:  url('http:\/\/etcdn.net\/thumbnails\/1044\/it-nuova-delhi-india-del-nord-e-nepal-52c85.jpg');\" title=\"India del Nord e Nepal\"><\/span><amp-img width=\"225\" height=\"225\" src=\"http:\/\/etcdn.net\/thumbnails\/1044\/it-nuova-delhi-india-del-nord-e-nepal-52c85.jpg\">\t\t\t\t\t\t<\/a>\n\t\t\t\t\t<\/div>\n\t\t\t\t\t\t\t\t<div class=\"rss_content_wrap\">\n\t\t\t\t\t<span class=\"title\">\n\t\t\t\t\t\t<a href=\"https:\/\/india.evolutiontravel.it\/it_IT\/907\/tab\/1044_india-del-nord-e-nepal.html\" target=\"_blank\"  rel=\"noopener \">\n\t\t\t\t\t\t\tIndia del Nord e Nepal\t\t\t\t\t\t<\/a>\n\t\t\t\t\t<\/span>\n\t\t\t\t\t<div class=\"rss_content\"\n\t\t\t\t\t\t\tstyle=\"\">\n\t\t\t\t\t\t\n\t\t\t\t\t\t\t\t\t\t\t\t<p class=\"description\">Un\u00a0viaggio memorabile\u00a0che sintetizza i principali aspetti culturali della parte settentrionale dell\u2019India\u00a0e di\u00a0Kathamandu, [&hellip;]<\/p>\n\t\t\t\t\t\t\n\t\t\t\t\t\t\t\t\t\t\t\t\t\t\t\t\t\t\t<div class=\"price-wrap\">\n\t\t\t\t\t\t\t\t<a href=\"https:\/\/india.evolutiontravel.it\/it_IT\/907\/tab\/1044_india-del-nord-e-nepal.html\" target=\"_blank\" rel=\"noopener\"><button class=\"price\"> 2480<\/button><\/a>\n\t\t\t\t\t\t\t<\/div>\n\t\t\t\t\t\t\t\t\t\t\t<\/div>\n\t\t\t\t<\/div>\n\t\t\t<\/li>\n\t\t\t\t<\/ul>\n<\/div>\n<style type=\"text\/css\" media=\"all\">.feedzy-rss .rss_item .rss_image{float:left;position:relative;border:none;text-decoration:none;max-width:100%}.feedzy-rss .rss_item .rss_image span{display:inline-block;position:absolute;width:100%;height:100%;background-position:50%;background-size:cover}.feedzy-rss .rss_item .rss_image{margin:.3em 1em 0 0;content-visibility:auto}.feedzy-rss ul{list-style:none}.feedzy-rss ul li{display:inline-block}<\/style>\n<h4>Approfondimenti<\/h4>\n<p>Clicca sull&#8217;articolo di approfondimento che pi\u00f9 ti interessa per scoprire l&#8217;India insieme ai nostri esperti consulenti di viaggio!<\/p>\n<ul>\n<li><a title=\"snorkeling kerala\" href=\"https:\/\/india.evolutiontravel.it\/infovacanze\/divertirsi\/snorkeling-a-kerala\/\">Dove fare snorkeling <\/a><\/li>\n<li><a title=\"mare india\" href=\"https:\/\/india.evolutiontravel.it\/infovacanze\/turismo\/turismo-mare\/\">Il mare in India<\/a><\/li>\n<\/ul>\n","protected":false},"excerpt":{"rendered":"<p>Il Mar Arabico va dall\u2019India nord occidentale alla penisola arabica. Questo mare \u00e8 punto di unione tra Europa, Africa e Asia e venne navigato fin dai romani per raggiungere le mete esotiche dell&#8217;India, da dove si importavano sete, acciai e animali esotici. Il fascino del Mar Arabico \u00e8 rimasto intatto e sulla costa troviamo suggestive <a class=\"moretag\" href=\"https:\/\/india.evolutiontravel.it\/infovacanze\/viaggio-india\/india-mare-arabico\/\">[&#8230;]<\/a><\/p>\n","protected":false},"author":1,"featured_media":0,"parent":387,"menu_order":0,"comment_status":"closed","ping_status":"open","template":"templates\/template-with-right-sidebar.php","meta":{"footnotes":""},"yoast_head":"<!-- This site is optimized with the Yoast SEO plugin v21.9.1 - https:\/\/yoast.com\/wordpress\/plugins\/seo\/ -->\n<title>Mar Arabico, India: alla scoperta della costa - Evolution Travel<\/title>\n<meta name=\"description\" content=\"Alla scoperta delle citt\u00e0 e delle meraviglie che si affacciano sul Mar Arabico. Scopri con Evolution Travel un percorso emozionante!\" \/>\n<meta name=\"robots\" content=\"index, follow, max-snippet:-1, max-image-preview:large, max-video-preview:-1\" \/>\n<link rel=\"canonical\" href=\"https:\/\/india.evolutiontravel.it\/infovacanze\/viaggio-india\/india-mare-arabico\/\" \/>\n<meta name=\"twitter:label1\" content=\"Tempo di lettura stimato\" \/>\n\t<meta name=\"twitter:data1\" content=\"2 minuti\" \/>\n<script type=\"application\/ld+json\" class=\"yoast-schema-graph\">{\"@context\":\"https:\/\/schema.org\",\"@graph\":[{\"@type\":\"WebPage\",\"@id\":\"https:\/\/india.evolutiontravel.it\/infovacanze\/viaggio-india\/india-mare-arabico\/\",\"url\":\"https:\/\/india.evolutiontravel.it\/infovacanze\/viaggio-india\/india-mare-arabico\/\",\"name\":\"Mar Arabico, India: alla scoperta della costa - Evolution Travel\",\"isPartOf\":{\"@id\":\"https:\/\/india.evolutiontravel.it\/infovacanze\/#website\"},\"datePublished\":\"2014-01-23T16:53:07+00:00\",\"dateModified\":\"2018-11-07T14:56:38+00:00\",\"description\":\"Alla scoperta delle citt\u00e0 e delle meraviglie che si affacciano sul Mar Arabico. Scopri con Evolution Travel un percorso emozionante!\",\"breadcrumb\":{\"@id\":\"https:\/\/india.evolutiontravel.it\/infovacanze\/viaggio-india\/india-mare-arabico\/#breadcrumb\"},\"inLanguage\":\"it-IT\",\"potentialAction\":[{\"@type\":\"ReadAction\",\"target\":[\"https:\/\/india.evolutiontravel.it\/infovacanze\/viaggio-india\/india-mare-arabico\/\"]}]},{\"@type\":\"BreadcrumbList\",\"@id\":\"https:\/\/india.evolutiontravel.it\/infovacanze\/viaggio-india\/india-mare-arabico\/#breadcrumb\",\"itemListElement\":[{\"@type\":\"ListItem\",\"position\":1,\"name\":\"Viaggio in India\",\"item\":\"https:\/\/india.evolutiontravel.it\/infovacanze\/viaggio-india\/\"},{\"@type\":\"ListItem\",\"position\":2,\"name\":\"Mar Arabico\"}]},{\"@type\":\"WebSite\",\"@id\":\"https:\/\/india.evolutiontravel.it\/infovacanze\/#website\",\"url\":\"https:\/\/india.evolutiontravel.it\/infovacanze\/\",\"name\":\"India\",\"description\":\"\",\"potentialAction\":[{\"@type\":\"SearchAction\",\"target\":{\"@type\":\"EntryPoint\",\"urlTemplate\":\"https:\/\/india.evolutiontravel.it\/infovacanze\/?s={search_term_string}\"},\"query-input\":\"required name=search_term_string\"}],\"inLanguage\":\"it-IT\"}]}<\/script>\n<!-- \/ Yoast SEO plugin. -->","yoast_head_json":{"title":"Mar Arabico, India: alla scoperta della costa - Evolution Travel","description":"Alla scoperta delle citt\u00e0 e delle meraviglie che si affacciano sul Mar Arabico. Scopri con Evolution Travel un percorso emozionante!","robots":{"index":"index","follow":"follow","max-snippet":"max-snippet:-1","max-image-preview":"max-image-preview:large","max-video-preview":"max-video-preview:-1"},"canonical":"https:\/\/india.evolutiontravel.it\/infovacanze\/viaggio-india\/india-mare-arabico\/","twitter_misc":{"Tempo di lettura stimato":"2 minuti"},"schema":{"@context":"https:\/\/schema.org","@graph":[{"@type":"WebPage","@id":"https:\/\/india.evolutiontravel.it\/infovacanze\/viaggio-india\/india-mare-arabico\/","url":"https:\/\/india.evolutiontravel.it\/infovacanze\/viaggio-india\/india-mare-arabico\/","name":"Mar Arabico, India: alla scoperta della costa - Evolution Travel","isPartOf":{"@id":"https:\/\/india.evolutiontravel.it\/infovacanze\/#website"},"datePublished":"2014-01-23T16:53:07+00:00","dateModified":"2018-11-07T14:56:38+00:00","description":"Alla scoperta delle citt\u00e0 e delle meraviglie che si affacciano sul Mar Arabico. Scopri con Evolution Travel un percorso emozionante!","breadcrumb":{"@id":"https:\/\/india.evolutiontravel.it\/infovacanze\/viaggio-india\/india-mare-arabico\/#breadcrumb"},"inLanguage":"it-IT","potentialAction":[{"@type":"ReadAction","target":["https:\/\/india.evolutiontravel.it\/infovacanze\/viaggio-india\/india-mare-arabico\/"]}]},{"@type":"BreadcrumbList","@id":"https:\/\/india.evolutiontravel.it\/infovacanze\/viaggio-india\/india-mare-arabico\/#breadcrumb","itemListElement":[{"@type":"ListItem","position":1,"name":"Viaggio in India","item":"https:\/\/india.evolutiontravel.it\/infovacanze\/viaggio-india\/"},{"@type":"ListItem","position":2,"name":"Mar Arabico"}]},{"@type":"WebSite","@id":"https:\/\/india.evolutiontravel.it\/infovacanze\/#website","url":"https:\/\/india.evolutiontravel.it\/infovacanze\/","name":"India","description":"","potentialAction":[{"@type":"SearchAction","target":{"@type":"EntryPoint","urlTemplate":"https:\/\/india.evolutiontravel.it\/infovacanze\/?s={search_term_string}"},"query-input":"required name=search_term_string"}],"inLanguage":"it-IT"}]}},"_links":{"self":[{"href":"https:\/\/india.evolutiontravel.it\/infovacanze\/wp-json\/wp\/v2\/pages\/515"}],"collection":[{"href":"https:\/\/india.evolutiontravel.it\/infovacanze\/wp-json\/wp\/v2\/pages"}],"about":[{"href":"https:\/\/india.evolutiontravel.it\/infovacanze\/wp-json\/wp\/v2\/types\/page"}],"author":[{"embeddable":true,"href":"https:\/\/india.evolutiontravel.it\/infovacanze\/wp-json\/wp\/v2\/users\/1"}],"replies":[{"embeddable":true,"href":"https:\/\/india.evolutiontravel.it\/infovacanze\/wp-json\/wp\/v2\/comments?post=515"}],"version-history":[{"count":9,"href":"https:\/\/india.evolutiontravel.it\/infovacanze\/wp-json\/wp\/v2\/pages\/515\/revisions"}],"predecessor-version":[{"id":1440,"href":"https:\/\/india.evolutiontravel.it\/infovacanze\/wp-json\/wp\/v2\/pages\/515\/revisions\/1440"}],"up":[{"embeddable":true,"href":"https:\/\/india.evolutiontravel.it\/infovacanze\/wp-json\/wp\/v2\/pages\/387"}],"wp:attachment":[{"href":"https:\/\/india.evolutiontravel.it\/infovacanze\/wp-json\/wp\/v2\/media?parent=515"}],"curies":[{"name":"wp","href":"https:\/\/api.w.org\/{rel}","templated":true}]}}