{"id":555,"date":"2014-03-11T18:13:04","date_gmt":"2014-03-11T17:13:04","guid":{"rendered":"http:\/\/india.evolutiontravel.it\/infovacanze\/?page_id=555"},"modified":"2018-11-09T17:00:41","modified_gmt":"2018-11-09T16:00:41","slug":"mare-delle-andamane","status":"publish","type":"page","link":"https:\/\/india.evolutiontravel.it\/infovacanze\/destinazioni\/mare-delle-andamane\/","title":{"rendered":"Andamane, isole e mare"},"content":{"rendered":"<p>Le<strong> isole Andamane<\/strong> fanno parte del cosiddetto <strong>arcipelago delle Andamane e Nicobare<\/strong> e si trovano a sud del Golfo del Bengala, a poca distanza dalla costa del Myanmar (o Birmania). Le Andamane fanno parte dell\u2019India, anche se <a title=\"citt\u00e0 india\" href=\"https:\/\/india.evolutiontravel.it\/infovacanze\/informazioni\/citta-indiane\/\">tra le citt\u00e0 indiane<\/a> la pi\u00f9 vicina \u00e8 <strong><a title=\"calcutta\" href=\"https:\/\/india.evolutiontravel.it\/infovacanze\/tour\/tour-di-calcutta\/\">Calcutta<\/a> a pi\u00f9 di 1000 chilometri di distanza<\/strong>.<\/p>\n<p><strong>Il periodo migliore<\/strong> per andare alle Andamane<strong>\u00a0\u00e8 il nostro inverno (da gennaio a febbraio) <\/strong>che qui corrisponde alla stagione secca. Vi godrete un <strong>arcipelago di pi\u00f9 di venti isole<\/strong>, una pi\u00f9 bella dell\u2019altra, con spiagge bianche, palme, barriere coralline meravigliose. In queste isole remote, alla scoperta della natura si unisce anche il mistero di alcuni territori ancora oggi inaccessibili ai visitatori, su cui vivono <strong>popolazioni aborigene<\/strong> che sono rimaste quasi impermeabili alle influenze dell\u2019occidente e della modernit\u00e0.<\/p>\n<p>\u00c8 proprio da Calcutta che partirete alla volta di <strong>Port Blair, la Capitale<\/strong>: ricordatevi che per visitare le Andamane vi servir\u00e0 <strong>un visto specifico<\/strong>, da richiedere appena sbarcati a Port Blair.<\/p>\n<h2>Cosa vedere alle Andamane<\/h2>\n<p>Come gi\u00e0 detto, la Capitale delle Andamane <strong>Port Blair<\/strong>, che \u00e8 la porta di ingresso alla scoperta dell\u2019arcipelago, si trova sulla costa est di South Andaman, l\u2019isola principale, in cui si distinguono <strong>spiagge come Wandoor Jetty<\/strong>.<\/p>\n<p>La caratteristica principale \u00e8 la <strong>predominanza della natura<\/strong>, tanto che qui le attrazioni principali sono la <strong>barriera corallina<\/strong> e gli <strong>sport acquatici<\/strong>. La vacanza da queste parti \u00e8 a stretto contatto con il mare, <strong>alla scoperta delle varie isole<\/strong>,solo per dirne alcune tra le pi\u00f9 conosciute: <strong>Grub<\/strong>, <strong>Red Skin Island<\/strong>, <strong>Jolly Buoy<\/strong>, <strong>Havelock Island<\/strong>.<\/p>\n<div id=\"attachment_434\" style=\"width: 294px\" class=\"wp-caption alignright\"><img loading=\"lazy\" decoding=\"async\" aria-describedby=\"caption-attachment-434\" class=\"wp-image-434 size-full\" src=\"https:\/\/india.evolutiontravel.it\/infovacanze\/wp-content\/uploads\/sites\/12\/2013\/10\/Andamane-spiagge.jpg\" alt=\"Isole Andamane\" width=\"284\" height=\"177\" \/><p id=\"caption-attachment-434\" class=\"wp-caption-text\">Andamane<\/p><\/div>\n<p>Tutte queste isole sono caratterizzate dalla barriera corallina, dalle spiagge bianchissime e dalle palme, ed \u00e8 per questo che <strong>Cinque Island,<\/strong> formata invece da tre isole collegate tra loro da lembi di terra, spicca per conformazione e si distingue tra le mete pi\u00f9 gettonate delle Andamane.<\/p>\n<p><strong>Il piccolo arcipelago Surin<\/strong>, composto da cinque isole e inserito nel contesto di un <strong>parco nazionale<\/strong>, \u00e8 il paradiso per chi ama le <strong>immersioni<\/strong>, non solo per gli splendidi fondali ma per l\u2019emozione di nuotare insieme alle mante e agli squali balena, un\u2019esperienza irripetibile.<\/p>\n<p><strong>Le nove isole rocciose dell\u2019arcipelago Similan<\/strong>, che distano solo <a title=\"Phuket\" href=\"https:\/\/thailandia.evolutiontravel.it\/infovacanze\/da-vedere\/viaggio-phuket\/\">100 chilometri da Phuket<\/a>, sono considerate tra i luoghi pi\u00f9 belli al mondo per le immersioni, mentre <strong>Ko Payan<\/strong> e <strong>Ko Huyong<\/strong> sono un rifugio per le tartarughe, uniche abitanti di questi luoghi.<\/p>\n<p>E se vi ricordate le stupende spiagge del <strong>film \u201cThe Beach\u201d, con Leonardo di Caprio<\/strong>, allora non potete perdervi l\u2019arcipelago Trang, con la magica <strong>Ko Muk<\/strong>, e la famosissima <strong>Grotta di Smeraldo<\/strong>: un vero sogno ad occhi aperti.<\/p>\n<p>&nbsp;<\/p>\n<h3 style=\"text-align: center\"><span style=\"color: #008000\">IMPERDIBILI OFFERTE DELLA SETTIMANA<\/span><\/h3>\n<h3 style=\"text-align: center\">\u00a0&#8220;<span style=\"color: #008000\">Viaggi e vacanze in India<\/span>&#8220;<\/h3>\n<p style=\"text-align: center\"><strong><span style=\"color: #008000\">CLICCA E SCOPRI TUTTI I DETTAGLI: <\/span><\/strong>programma, foto, commenti, itinerari e molto altro ancora!<\/p>\n<div class=\"feedzy-ce774299d7f0ae3d6fe7dc499089daa2 feedzy-rss\">\n\t\t<ul class=\"feedzy-style2\">\n\t\t\t\t\t<li  style=\"padding: 23px 0 38px\" class=\"rss_item feedzy-rss-col-3\" >\n\t\t\t\t\t\t\t\t\t<div class=\"rss_image\" style=\"width:225px; height:225px;\">\n\t\t\t\t\t\t<a href=\"https:\/\/india.evolutiontravel.it\/it_IT\/907\/tab\/36012_incontro-con-le-popolazioni-di-kashmir-e-ladakh.html\" target=\"_blank\" \n\t\t\t\t\t\t\trel=\"noopener \"\n\t\t\t\t\t\t\ttitle=\"Incontro con le popolazioni di Kashmir e Ladakh\"\n\t\t\t\t\t\t\tstyle=\"width:225px; height:225px;\">\n\t\t\t\t\t\t\t<span class=\"fetched\" style=\"background-image:  url('http:\/\/etcdn.net\/thumbnails\/36012\/it-nuova-delhi-incontro-con-le-popolazioni-di-kashir-e-ladakh-61333.jpg');\" title=\"Incontro con le popolazioni di Kashmir e Ladakh\"><\/span><amp-img width=\"225\" height=\"225\" src=\"http:\/\/etcdn.net\/thumbnails\/36012\/it-nuova-delhi-incontro-con-le-popolazioni-di-kashir-e-ladakh-61333.jpg\">\t\t\t\t\t\t<\/a>\n\t\t\t\t\t<\/div>\n\t\t\t\t\t\t\t\t<div class=\"rss_content_wrap\">\n\t\t\t\t\t<span class=\"title\">\n\t\t\t\t\t\t<a href=\"https:\/\/india.evolutiontravel.it\/it_IT\/907\/tab\/36012_incontro-con-le-popolazioni-di-kashmir-e-ladakh.html\" target=\"_blank\"  rel=\"noopener \">\n\t\t\t\t\t\t\tIncontro con le popolazioni di Kashmir e Ladakh\t\t\t\t\t\t<\/a>\n\t\t\t\t\t<\/span>\n\t\t\t\t\t<div class=\"rss_content\"\n\t\t\t\t\t\t\tstyle=\"\">\n\t\t\t\t\t\t\n\t\t\t\t\t\t\t\t\t\t\t\t<p class=\"description\">Un imponente viaggio dal profondo interesse etnografico e culturale attraverso sperdute le remote regioni himalayane del Kashmir [&hellip;]<\/p>\n\t\t\t\t\t\t\n\t\t\t\t\t\t\t\t\t\t\t\t\t\t\t\t\t\t\t<div class=\"price-wrap\">\n\t\t\t\t\t\t\t\t<a href=\"https:\/\/india.evolutiontravel.it\/it_IT\/907\/tab\/36012_incontro-con-le-popolazioni-di-kashmir-e-ladakh.html\" target=\"_blank\" rel=\"noopener\"><button class=\"price\"> 6400<\/button><\/a>\n\t\t\t\t\t\t\t<\/div>\n\t\t\t\t\t\t\t\t\t\t\t<\/div>\n\t\t\t\t<\/div>\n\t\t\t<\/li>\n\t\t\t\t\t\t<li  style=\"padding: 23px 0 38px\" class=\"rss_item feedzy-rss-col-3\" >\n\t\t\t\t\t\t\t\t\t<div class=\"rss_image\" style=\"width:225px; height:225px;\">\n\t\t\t\t\t\t<a href=\"https:\/\/india.evolutiontravel.it\/it_IT\/907\/tab\/41511_tour-di-gruppo-con-insegnante-yoga-il-triangolo-doro-e-varanasi-durante-il-diwali.html\" target=\"_blank\" \n\t\t\t\t\t\t\trel=\"noopener \"\n\t\t\t\t\t\t\ttitle=\"Tour di gruppo con insegnante yoga - Il Triangolo d&#039;Oro e Varanasi durante il Diwali\"\n\t\t\t\t\t\t\tstyle=\"width:225px; height:225px;\">\n\t\t\t\t\t\t\t<span class=\"fetched\" style=\"background-image:  url('http:\/\/etcdn.net\/thumbnails\/41511\/it-nuova-delhi-tour-di-gruppo-con-insegnante-yoga-il-triangolo-doro-e-varanasi-durante-il-diwali-87178.jpg');\" title=\"Tour di gruppo con insegnante yoga - Il Triangolo d&#039;Oro e Varanasi durante il Diwali\"><\/span><amp-img width=\"225\" height=\"225\" src=\"http:\/\/etcdn.net\/thumbnails\/41511\/it-nuova-delhi-tour-di-gruppo-con-insegnante-yoga-il-triangolo-doro-e-varanasi-durante-il-diwali-87178.jpg\">\t\t\t\t\t\t<\/a>\n\t\t\t\t\t<\/div>\n\t\t\t\t\t\t\t\t<div class=\"rss_content_wrap\">\n\t\t\t\t\t<span class=\"title\">\n\t\t\t\t\t\t<a href=\"https:\/\/india.evolutiontravel.it\/it_IT\/907\/tab\/41511_tour-di-gruppo-con-insegnante-yoga-il-triangolo-doro-e-varanasi-durante-il-diwali.html\" target=\"_blank\"  rel=\"noopener \">\n\t\t\t\t\t\t\tTour di gruppo con insegnante yoga - Il Triangolo d'Oro e Varanasi durante il Diwali\t\t\t\t\t\t<\/a>\n\t\t\t\t\t<\/span>\n\t\t\t\t\t<div class=\"rss_content\"\n\t\t\t\t\t\t\tstyle=\"\">\n\t\t\t\t\t\t\n\t\t\t\t\t\t\t\t\t\t\t\t<p class=\"description\">Viaggio\u00a0di gruppo con insegnante yoga durante il Diwali di Varanasi: Triangolo d'Oro dell\u2019India del Nord con estensione a [&hellip;]<\/p>\n\t\t\t\t\t\t\n\t\t\t\t\t\t\t\t\t\t\t\t\t\t\t\t\t\t\t<div class=\"price-wrap\">\n\t\t\t\t\t\t\t\t<a href=\"https:\/\/india.evolutiontravel.it\/it_IT\/907\/tab\/41511_tour-di-gruppo-con-insegnante-yoga-il-triangolo-doro-e-varanasi-durante-il-diwali.html\" target=\"_blank\" rel=\"noopener\"><button class=\"price\"> 2320<\/button><\/a>\n\t\t\t\t\t\t\t<\/div>\n\t\t\t\t\t\t\t\t\t\t\t<\/div>\n\t\t\t\t<\/div>\n\t\t\t<\/li>\n\t\t\t\t\t\t<li  style=\"padding: 23px 0 38px\" class=\"rss_item feedzy-rss-col-3\" >\n\t\t\t\t\t\t\t\t\t<div class=\"rss_image\" style=\"width:225px; height:225px;\">\n\t\t\t\t\t\t<a href=\"https:\/\/india.evolutiontravel.it\/it_IT\/907\/tab\/3502_gran-tour-del-nord.html\" target=\"_blank\" \n\t\t\t\t\t\t\trel=\"noopener \"\n\t\t\t\t\t\t\ttitle=\"Gran Tour del Nord\"\n\t\t\t\t\t\t\tstyle=\"width:225px; height:225px;\">\n\t\t\t\t\t\t\t<span class=\"fetched\" style=\"background-image:  url('http:\/\/etcdn.net\/thumbnails\/3502\/it-nuova-delhi-gran-tour-dellindia-del-nord-52d29.jpg');\" title=\"Gran Tour del Nord\"><\/span><amp-img width=\"225\" height=\"225\" src=\"http:\/\/etcdn.net\/thumbnails\/3502\/it-nuova-delhi-gran-tour-dellindia-del-nord-52d29.jpg\">\t\t\t\t\t\t<\/a>\n\t\t\t\t\t<\/div>\n\t\t\t\t\t\t\t\t<div class=\"rss_content_wrap\">\n\t\t\t\t\t<span class=\"title\">\n\t\t\t\t\t\t<a href=\"https:\/\/india.evolutiontravel.it\/it_IT\/907\/tab\/3502_gran-tour-del-nord.html\" target=\"_blank\"  rel=\"noopener \">\n\t\t\t\t\t\t\tGran Tour del Nord\t\t\t\t\t\t<\/a>\n\t\t\t\t\t<\/span>\n\t\t\t\t\t<div class=\"rss_content\"\n\t\t\t\t\t\t\tstyle=\"\">\n\t\t\t\t\t\t\n\t\t\t\t\t\t\t\t\t\t\t\t<p class=\"description\">Un lungo e intenso viaggio alla scoperta dell'India del Nord. Dal Rajasthan alla Valle del Gange in un continuo tripudio di [&hellip;]<\/p>\n\t\t\t\t\t\t\n\t\t\t\t\t\t\t\t\t\t\t\t\t\t\t\t\t\t\t<div class=\"price-wrap\">\n\t\t\t\t\t\t\t\t<a href=\"https:\/\/india.evolutiontravel.it\/it_IT\/907\/tab\/3502_gran-tour-del-nord.html\" target=\"_blank\" rel=\"noopener\"><button class=\"price\"> 2817<\/button><\/a>\n\t\t\t\t\t\t\t<\/div>\n\t\t\t\t\t\t\t\t\t\t\t<\/div>\n\t\t\t\t<\/div>\n\t\t\t<\/li>\n\t\t\t\t\t\t<li  style=\"padding: 23px 0 38px\" class=\"rss_item feedzy-rss-col-3\" >\n\t\t\t\t\t\t\t\t\t<div class=\"rss_image\" style=\"width:225px; height:225px;\">\n\t\t\t\t\t\t<a href=\"https:\/\/india.evolutiontravel.it\/it_IT\/907\/tab\/3954_il-rajasthan-e-la-valle-del-gange.html\" target=\"_blank\" \n\t\t\t\t\t\t\trel=\"noopener \"\n\t\t\t\t\t\t\ttitle=\"Il Rajasthan e la Valle del Gange\"\n\t\t\t\t\t\t\tstyle=\"width:225px; height:225px;\">\n\t\t\t\t\t\t\t<span class=\"fetched\" style=\"background-image:  url('http:\/\/etcdn.net\/thumbnails\/3954\/it-nuova-delhi-il-rajasthan-e-la-valle-del-gange-52d00.jpg');\" title=\"Il Rajasthan e la Valle del Gange\"><\/span><amp-img width=\"225\" height=\"225\" src=\"http:\/\/etcdn.net\/thumbnails\/3954\/it-nuova-delhi-il-rajasthan-e-la-valle-del-gange-52d00.jpg\">\t\t\t\t\t\t<\/a>\n\t\t\t\t\t<\/div>\n\t\t\t\t\t\t\t\t<div class=\"rss_content_wrap\">\n\t\t\t\t\t<span class=\"title\">\n\t\t\t\t\t\t<a href=\"https:\/\/india.evolutiontravel.it\/it_IT\/907\/tab\/3954_il-rajasthan-e-la-valle-del-gange.html\" target=\"_blank\"  rel=\"noopener \">\n\t\t\t\t\t\t\tIl Rajasthan e la Valle del Gange\t\t\t\t\t\t<\/a>\n\t\t\t\t\t<\/span>\n\t\t\t\t\t<div class=\"rss_content\"\n\t\t\t\t\t\t\tstyle=\"\">\n\t\t\t\t\t\t\n\t\t\t\t\t\t\t\t\t\t\t\t<p class=\"description\">Un itinerario completo in India del Nord alla scoperta della regione del Rajasthan ed una breve estensione attraverso la pianura [&hellip;]<\/p>\n\t\t\t\t\t\t\n\t\t\t\t\t\t\t\t\t\t\t\t\t\t\t\t\t\t\t<div class=\"price-wrap\">\n\t\t\t\t\t\t\t\t<a href=\"https:\/\/india.evolutiontravel.it\/it_IT\/907\/tab\/3954_il-rajasthan-e-la-valle-del-gange.html\" target=\"_blank\" rel=\"noopener\"><button class=\"price\"> 2633<\/button><\/a>\n\t\t\t\t\t\t\t<\/div>\n\t\t\t\t\t\t\t\t\t\t\t<\/div>\n\t\t\t\t<\/div>\n\t\t\t<\/li>\n\t\t\t\t\t\t<li  style=\"padding: 23px 0 38px\" class=\"rss_item feedzy-rss-col-3\" >\n\t\t\t\t\t\t\t\t\t<div class=\"rss_image\" style=\"width:225px; height:225px;\">\n\t\t\t\t\t\t<a href=\"https:\/\/india.evolutiontravel.it\/it_IT\/907\/tab\/4546_le-meraviglie-delle-regioni-del-sud.html\" target=\"_blank\" \n\t\t\t\t\t\t\trel=\"noopener \"\n\t\t\t\t\t\t\ttitle=\"Le Meraviglie delle regioni del Sud\"\n\t\t\t\t\t\t\tstyle=\"width:225px; height:225px;\">\n\t\t\t\t\t\t\t<span class=\"fetched\" style=\"background-image:  url('http:\/\/etcdn.net\/thumbnails\/4546\/it-chennai-le-meraviglie-dellindia-del-sud-531ac.jpg');\" title=\"Le Meraviglie delle regioni del Sud\"><\/span><amp-img width=\"225\" height=\"225\" src=\"http:\/\/etcdn.net\/thumbnails\/4546\/it-chennai-le-meraviglie-dellindia-del-sud-531ac.jpg\">\t\t\t\t\t\t<\/a>\n\t\t\t\t\t<\/div>\n\t\t\t\t\t\t\t\t<div class=\"rss_content_wrap\">\n\t\t\t\t\t<span class=\"title\">\n\t\t\t\t\t\t<a href=\"https:\/\/india.evolutiontravel.it\/it_IT\/907\/tab\/4546_le-meraviglie-delle-regioni-del-sud.html\" target=\"_blank\"  rel=\"noopener \">\n\t\t\t\t\t\t\tLe Meraviglie delle regioni del Sud\t\t\t\t\t\t<\/a>\n\t\t\t\t\t<\/span>\n\t\t\t\t\t<div class=\"rss_content\"\n\t\t\t\t\t\t\tstyle=\"\">\n\t\t\t\t\t\t\n\t\t\t\t\t\t\t\t\t\t\t\t<p class=\"description\">Viaggio completo alla scoperta dell'India del Sud. Si parte dal Tamil Nadu,\u00a0si raggiunge la verde regione del Kearla dove flora [&hellip;]<\/p>\n\t\t\t\t\t\t\n\t\t\t\t\t\t\t\t\t\t\t\t\t\t\t\t\t\t\t<div class=\"price-wrap\">\n\t\t\t\t\t\t\t\t<a href=\"https:\/\/india.evolutiontravel.it\/it_IT\/907\/tab\/4546_le-meraviglie-delle-regioni-del-sud.html\" target=\"_blank\" rel=\"noopener\"><button class=\"price\"> 2290<\/button><\/a>\n\t\t\t\t\t\t\t<\/div>\n\t\t\t\t\t\t\t\t\t\t\t<\/div>\n\t\t\t\t<\/div>\n\t\t\t<\/li>\n\t\t\t\t\t\t<li  style=\"padding: 23px 0 38px\" class=\"rss_item feedzy-rss-col-3\" >\n\t\t\t\t\t\t\t\t\t<div class=\"rss_image\" style=\"width:225px; height:225px;\">\n\t\t\t\t\t\t<a href=\"https:\/\/india.evolutiontravel.it\/it_IT\/907\/tab\/287_tamil-nadu-e-kerala-il-paradiso-degli-dei.html\" target=\"_blank\" \n\t\t\t\t\t\t\trel=\"noopener \"\n\t\t\t\t\t\t\ttitle=\"Tamil Nadu e Kerala, Il Paradiso degli Dei\"\n\t\t\t\t\t\t\tstyle=\"width:225px; height:225px;\">\n\t\t\t\t\t\t\t<span class=\"fetched\" style=\"background-image:  url('http:\/\/etcdn.net\/thumbnails\/287\/it-chennai-tamil-nadu-e-kerala-il-paradiso-degli-dei-53088.jpg');\" title=\"Tamil Nadu e Kerala, Il Paradiso degli Dei\"><\/span><amp-img width=\"225\" height=\"225\" src=\"http:\/\/etcdn.net\/thumbnails\/287\/it-chennai-tamil-nadu-e-kerala-il-paradiso-degli-dei-53088.jpg\">\t\t\t\t\t\t<\/a>\n\t\t\t\t\t<\/div>\n\t\t\t\t\t\t\t\t<div class=\"rss_content_wrap\">\n\t\t\t\t\t<span class=\"title\">\n\t\t\t\t\t\t<a href=\"https:\/\/india.evolutiontravel.it\/it_IT\/907\/tab\/287_tamil-nadu-e-kerala-il-paradiso-degli-dei.html\" target=\"_blank\"  rel=\"noopener \">\n\t\t\t\t\t\t\tTamil Nadu e Kerala, Il Paradiso degli Dei\t\t\t\t\t\t<\/a>\n\t\t\t\t\t<\/span>\n\t\t\t\t\t<div class=\"rss_content\"\n\t\t\t\t\t\t\tstyle=\"\">\n\t\t\t\t\t\t\n\t\t\t\t\t\t\t\t\t\t\t\t<p class=\"description\">Un\u00a0itinerario affascinante\u00a0fra le pi\u00f9 belle regioni dell\u2019India del Sud\u00a0che si snoda fra i grandi templi e le citt\u00e0 sacre [&hellip;]<\/p>\n\t\t\t\t\t\t\n\t\t\t\t\t\t\t\t\t\t\t\t\t\t\t\t\t\t\t<div class=\"price-wrap\">\n\t\t\t\t\t\t\t\t<a href=\"https:\/\/india.evolutiontravel.it\/it_IT\/907\/tab\/287_tamil-nadu-e-kerala-il-paradiso-degli-dei.html\" target=\"_blank\" rel=\"noopener\"><button class=\"price\"> 1612<\/button><\/a>\n\t\t\t\t\t\t\t<\/div>\n\t\t\t\t\t\t\t\t\t\t\t<\/div>\n\t\t\t\t<\/div>\n\t\t\t<\/li>\n\t\t\t\t<\/ul>\n<\/div>\n<style type=\"text\/css\" media=\"all\">.feedzy-rss .rss_item .rss_image{float:left;position:relative;border:none;text-decoration:none;max-width:100%}.feedzy-rss .rss_item .rss_image span{display:inline-block;position:absolute;width:100%;height:100%;background-position:50%;background-size:cover}.feedzy-rss .rss_item .rss_image{margin:.3em 1em 0 0;content-visibility:auto}.feedzy-rss ul{list-style:none}.feedzy-rss ul li{display:inline-block}<\/style>\n","protected":false},"excerpt":{"rendered":"<p>Le isole Andamane fanno parte del cosiddetto arcipelago delle Andamane e Nicobare e si trovano a sud del Golfo del Bengala, a poca distanza dalla costa del Myanmar (o Birmania). Le Andamane fanno parte dell\u2019India, anche se tra le citt\u00e0 indiane la pi\u00f9 vicina \u00e8 Calcutta a pi\u00f9 di 1000 chilometri di distanza. Il periodo <a class=\"moretag\" href=\"https:\/\/india.evolutiontravel.it\/infovacanze\/destinazioni\/mare-delle-andamane\/\">[&#8230;]<\/a><\/p>\n","protected":false},"author":1,"featured_media":0,"parent":147,"menu_order":0,"comment_status":"closed","ping_status":"open","template":"templates\/template-with-right-sidebar.php","meta":{"footnotes":""},"yoast_head":"<!-- This site is optimized with the Yoast SEO plugin v21.9.1 - https:\/\/yoast.com\/wordpress\/plugins\/seo\/ -->\n<title>Andamane: quando andare e cosa vedere sulle isole - India tra mare e coste<\/title>\n<meta name=\"description\" content=\"Il mare delle Andamane, tra la Thailandia e la Birmania, all\u2019interno dell\u2019Oceano Indiano: parchi naturali, spiagge da cartolina. Scopri tutto in un click!\" \/>\n<meta name=\"robots\" content=\"index, follow, max-snippet:-1, max-image-preview:large, max-video-preview:-1\" \/>\n<link rel=\"canonical\" href=\"https:\/\/india.evolutiontravel.it\/infovacanze\/destinazioni\/mare-delle-andamane\/\" \/>\n<meta name=\"twitter:label1\" content=\"Tempo di lettura stimato\" \/>\n\t<meta name=\"twitter:data1\" content=\"2 minuti\" \/>\n<script type=\"application\/ld+json\" class=\"yoast-schema-graph\">{\"@context\":\"https:\/\/schema.org\",\"@graph\":[{\"@type\":\"WebPage\",\"@id\":\"https:\/\/india.evolutiontravel.it\/infovacanze\/destinazioni\/mare-delle-andamane\/\",\"url\":\"https:\/\/india.evolutiontravel.it\/infovacanze\/destinazioni\/mare-delle-andamane\/\",\"name\":\"Andamane: quando andare e cosa vedere sulle isole - India tra mare e coste\",\"isPartOf\":{\"@id\":\"https:\/\/india.evolutiontravel.it\/infovacanze\/#website\"},\"datePublished\":\"2014-03-11T17:13:04+00:00\",\"dateModified\":\"2018-11-09T16:00:41+00:00\",\"description\":\"Il mare delle Andamane, tra la Thailandia e la Birmania, all\u2019interno dell\u2019Oceano Indiano: parchi naturali, spiagge da cartolina. Scopri tutto in un click!\",\"breadcrumb\":{\"@id\":\"https:\/\/india.evolutiontravel.it\/infovacanze\/destinazioni\/mare-delle-andamane\/#breadcrumb\"},\"inLanguage\":\"it-IT\",\"potentialAction\":[{\"@type\":\"ReadAction\",\"target\":[\"https:\/\/india.evolutiontravel.it\/infovacanze\/destinazioni\/mare-delle-andamane\/\"]}]},{\"@type\":\"BreadcrumbList\",\"@id\":\"https:\/\/india.evolutiontravel.it\/infovacanze\/destinazioni\/mare-delle-andamane\/#breadcrumb\",\"itemListElement\":[{\"@type\":\"ListItem\",\"position\":1,\"name\":\"Destinazioni in India\",\"item\":\"https:\/\/india.evolutiontravel.it\/infovacanze\/destinazioni\/\"},{\"@type\":\"ListItem\",\"position\":2,\"name\":\"Andamane, isole e mare\"}]},{\"@type\":\"WebSite\",\"@id\":\"https:\/\/india.evolutiontravel.it\/infovacanze\/#website\",\"url\":\"https:\/\/india.evolutiontravel.it\/infovacanze\/\",\"name\":\"India\",\"description\":\"\",\"potentialAction\":[{\"@type\":\"SearchAction\",\"target\":{\"@type\":\"EntryPoint\",\"urlTemplate\":\"https:\/\/india.evolutiontravel.it\/infovacanze\/?s={search_term_string}\"},\"query-input\":\"required name=search_term_string\"}],\"inLanguage\":\"it-IT\"}]}<\/script>\n<!-- \/ Yoast SEO plugin. -->","yoast_head_json":{"title":"Andamane: quando andare e cosa vedere sulle isole - India tra mare e coste","description":"Il mare delle Andamane, tra la Thailandia e la Birmania, all\u2019interno dell\u2019Oceano Indiano: parchi naturali, spiagge da cartolina. Scopri tutto in un click!","robots":{"index":"index","follow":"follow","max-snippet":"max-snippet:-1","max-image-preview":"max-image-preview:large","max-video-preview":"max-video-preview:-1"},"canonical":"https:\/\/india.evolutiontravel.it\/infovacanze\/destinazioni\/mare-delle-andamane\/","twitter_misc":{"Tempo di lettura stimato":"2 minuti"},"schema":{"@context":"https:\/\/schema.org","@graph":[{"@type":"WebPage","@id":"https:\/\/india.evolutiontravel.it\/infovacanze\/destinazioni\/mare-delle-andamane\/","url":"https:\/\/india.evolutiontravel.it\/infovacanze\/destinazioni\/mare-delle-andamane\/","name":"Andamane: quando andare e cosa vedere sulle isole - India tra mare e coste","isPartOf":{"@id":"https:\/\/india.evolutiontravel.it\/infovacanze\/#website"},"datePublished":"2014-03-11T17:13:04+00:00","dateModified":"2018-11-09T16:00:41+00:00","description":"Il mare delle Andamane, tra la Thailandia e la Birmania, all\u2019interno dell\u2019Oceano Indiano: parchi naturali, spiagge da cartolina. Scopri tutto in un click!","breadcrumb":{"@id":"https:\/\/india.evolutiontravel.it\/infovacanze\/destinazioni\/mare-delle-andamane\/#breadcrumb"},"inLanguage":"it-IT","potentialAction":[{"@type":"ReadAction","target":["https:\/\/india.evolutiontravel.it\/infovacanze\/destinazioni\/mare-delle-andamane\/"]}]},{"@type":"BreadcrumbList","@id":"https:\/\/india.evolutiontravel.it\/infovacanze\/destinazioni\/mare-delle-andamane\/#breadcrumb","itemListElement":[{"@type":"ListItem","position":1,"name":"Destinazioni in India","item":"https:\/\/india.evolutiontravel.it\/infovacanze\/destinazioni\/"},{"@type":"ListItem","position":2,"name":"Andamane, isole e mare"}]},{"@type":"WebSite","@id":"https:\/\/india.evolutiontravel.it\/infovacanze\/#website","url":"https:\/\/india.evolutiontravel.it\/infovacanze\/","name":"India","description":"","potentialAction":[{"@type":"SearchAction","target":{"@type":"EntryPoint","urlTemplate":"https:\/\/india.evolutiontravel.it\/infovacanze\/?s={search_term_string}"},"query-input":"required name=search_term_string"}],"inLanguage":"it-IT"}]}},"_links":{"self":[{"href":"https:\/\/india.evolutiontravel.it\/infovacanze\/wp-json\/wp\/v2\/pages\/555"}],"collection":[{"href":"https:\/\/india.evolutiontravel.it\/infovacanze\/wp-json\/wp\/v2\/pages"}],"about":[{"href":"https:\/\/india.evolutiontravel.it\/infovacanze\/wp-json\/wp\/v2\/types\/page"}],"author":[{"embeddable":true,"href":"https:\/\/india.evolutiontravel.it\/infovacanze\/wp-json\/wp\/v2\/users\/1"}],"replies":[{"embeddable":true,"href":"https:\/\/india.evolutiontravel.it\/infovacanze\/wp-json\/wp\/v2\/comments?post=555"}],"version-history":[{"count":8,"href":"https:\/\/india.evolutiontravel.it\/infovacanze\/wp-json\/wp\/v2\/pages\/555\/revisions"}],"predecessor-version":[{"id":1466,"href":"https:\/\/india.evolutiontravel.it\/infovacanze\/wp-json\/wp\/v2\/pages\/555\/revisions\/1466"}],"up":[{"embeddable":true,"href":"https:\/\/india.evolutiontravel.it\/infovacanze\/wp-json\/wp\/v2\/pages\/147"}],"wp:attachment":[{"href":"https:\/\/india.evolutiontravel.it\/infovacanze\/wp-json\/wp\/v2\/media?parent=555"}],"curies":[{"name":"wp","href":"https:\/\/api.w.org\/{rel}","templated":true}]}}