{"id":602,"date":"2014-05-13T15:16:36","date_gmt":"2014-05-13T13:16:36","guid":{"rendered":"http:\/\/india.evolutiontravel.it\/infovacanze\/?page_id=602"},"modified":"2018-11-08T12:09:20","modified_gmt":"2018-11-08T11:09:20","slug":"regno-moghul","status":"publish","type":"page","link":"https:\/\/india.evolutiontravel.it\/infovacanze\/da-vedere\/regno-moghul\/","title":{"rendered":"Regno Moghul"},"content":{"rendered":"<p>L&#8217;<strong>impero Moghul<\/strong>, dal <strong>1526 al 1707<\/strong>, fondato da Babur detto il Conquistatore, \u00e8 stato la pi\u00f9 grande dinastia islamica che ha conquistato l\u2019India. Dopo aver sottomesso l\u2019odierno Afghanistan, Babur inizi\u00f2 ad occupare l\u2019India nord occidentale dando vita al Regno Moghul che col tempo si estese a tutta la zona settentrionale del paese.<\/p>\n<p>Di <strong>impianto feudale<\/strong>, questo regno musulmano era amministrato da un governo centrale che impost\u00f2 il suo dominio all\u2019insegna di una tolleranza religiosa rispetto all\u2019induismo e alle religioni dell\u2019India.<\/p>\n<p>A Babur succedette il figlio Humayun, sovrano colto e intellettuale che venne per\u00f2 destituito da Sher shah. Arrivato in Persia come esiliato, ebbe un figlio, <strong>Akbar<\/strong>. Una volta morto Sher shah, i persiani aiutarono Humayun a riconquistare il suo trono ma mor\u00ec quando suo figlio aveva ancora solo 13 anni. Nonostante ci\u00f2 Akbar detto Il Grande si dimostr\u00f2 subito un imperatore molto valido che conquist\u00f2 altri territori facendo raggiungere al Regno Moghul il suo apogeo.<\/p>\n<p>Ad Akbar si deve anche la riforma del sistema di riscossione di tasse del Regno Moghul oltre che il rafforzamento delle alleanze; fu proprio per questo che spos\u00f2 la figlia del Maharaja di Amber alleandosi cos\u00ec con i sovrani Rajput. Sovrano di grande carisma e sensibilit\u00e0, favor\u00ec lo studio della storia, promosse iniziative a favore della <strong>tolleranza religiosa<\/strong> e permise all\u2019arte di esprimersi al meglio come ne sono prova le miniature risalenti alla sua epoca.<\/p>\n<p>Il Regno Moghul assistette ad una serie di lotte per il predominio da parte dei figli di Akbar. A prendere il trono fu alla fine <strong>Jahangir<\/strong> che spos\u00f2 la persiana Nur Jahan rafforzando cos\u00ec il legame del suo impero con la cultura della consorte.<\/p>\n<p><strong>Nel 1627<\/strong> fu la volta del figlio di Jahangir, <strong>Shah Jahan<\/strong>, che si ribell\u00f2 al padre ascendendo al trono. \u00c8 a lui che si deve il mito del Regno Moghul soprattutto dal punto di vista architettonico. Ed \u00e8 sempre a lui che si deve il Forte Rosso di Delhi, la ristrutturazione del Forte di Agra ed uno dei simboli dell\u2019India, il Taj Mahal, palazzo meraviglioso costruito in onore della defunta moglie Mumtaz.<\/p>\n<p>Di padre in figlio il Regno Moghul venne poi governato da <strong>Aurangzeb<\/strong> che estese ancora di pi\u00f9 l\u2019impero creando per\u00f2 un buco nelle casse dell\u2019impero. Le tasse aumentarono, il mecenatismo nei confronti delle arti cess\u00f2 ed iniziarono una serie di rivolte finch\u00e9 suo figlio Akbar prov\u00f2 invano a salire al potere. Aurangzeb continu\u00f2 a governare fino alla sua morte che avvenne nel 1707 dichiarando in pratica la fine del Regno Mogul.<\/p>\n<h3 style=\"text-align: center\">Offerte viaggi e vacanze in India<\/h3>\n<p style=\"text-align: center\"><strong><span style=\"color: #008000\">CLICCA PER SCOPRIRE SUBIT<\/span><\/strong>O tutti i dettagli del viaggio!<\/p>\n<div class=\"feedzy-252d92a5398ce003692244cda37181bd feedzy-rss\">\n\t\t<ul class=\"feedzy-style2\">\n\t\t\t\t\t<li  style=\"padding: 23px 0 38px\" class=\"rss_item feedzy-rss-col-3\" >\n\t\t\t\t\t\t\t\t\t<div class=\"rss_image\" style=\"width:225px; height:225px;\">\n\t\t\t\t\t\t<a href=\"https:\/\/india.evolutiontravel.it\/it_IT\/907\/tab\/31645_il-triangolo-doro-e-varanasi.html\" target=\"_blank\" \n\t\t\t\t\t\t\trel=\"noopener \"\n\t\t\t\t\t\t\ttitle=\"Il Triangolo d&#039;Oro e Varanasi\"\n\t\t\t\t\t\t\tstyle=\"width:225px; height:225px;\">\n\t\t\t\t\t\t\t<span class=\"fetched\" style=\"background-image:  url('http:\/\/etcdn.net\/thumbnails\/31645\/it-nuova-delhi-il-triangolo-doro-e-varanasi-71454.jpg');\" title=\"Il Triangolo d&#039;Oro e Varanasi\"><\/span><amp-img width=\"225\" height=\"225\" src=\"http:\/\/etcdn.net\/thumbnails\/31645\/it-nuova-delhi-il-triangolo-doro-e-varanasi-71454.jpg\">\t\t\t\t\t\t<\/a>\n\t\t\t\t\t<\/div>\n\t\t\t\t\t\t\t\t<div class=\"rss_content_wrap\">\n\t\t\t\t\t<span class=\"title\">\n\t\t\t\t\t\t<a href=\"https:\/\/india.evolutiontravel.it\/it_IT\/907\/tab\/31645_il-triangolo-doro-e-varanasi.html\" target=\"_blank\"  rel=\"noopener \">\n\t\t\t\t\t\t\tIl Triangolo d'Oro e Varanasi\t\t\t\t\t\t<\/a>\n\t\t\t\t\t<\/span>\n\t\t\t\t\t<div class=\"rss_content\"\n\t\t\t\t\t\t\tstyle=\"\">\n\t\t\t\t\t\t\n\t\t\t\t\t\t\t\t\t\t\t\t<p class=\"description\">Viaggio\u00a0breve ed essenziale\u00a0nel Triangolo d'Oro dell\u2019India del Nord con estensione a Varanasi, immersi nella pi\u00f9 autentica [&hellip;]<\/p>\n\t\t\t\t\t\t\n\t\t\t\t\t\t\t\t\t\t\t\t\t\t\t\t\t\t\t<div class=\"price-wrap\">\n\t\t\t\t\t\t\t\t<a href=\"https:\/\/india.evolutiontravel.it\/it_IT\/907\/tab\/31645_il-triangolo-doro-e-varanasi.html\" target=\"_blank\" rel=\"noopener\"><button class=\"price\"> 1337<\/button><\/a>\n\t\t\t\t\t\t\t<\/div>\n\t\t\t\t\t\t\t\t\t\t\t<\/div>\n\t\t\t\t<\/div>\n\t\t\t<\/li>\n\t\t\t\t\t\t<li  style=\"padding: 23px 0 38px\" class=\"rss_item feedzy-rss-col-3\" >\n\t\t\t\t\t\t\t\t\t<div class=\"rss_image\" style=\"width:225px; height:225px;\">\n\t\t\t\t\t\t<a href=\"https:\/\/india.evolutiontravel.it\/it_IT\/907\/tab\/3973_il-triangolo-doro.html\" target=\"_blank\" \n\t\t\t\t\t\t\trel=\"noopener \"\n\t\t\t\t\t\t\ttitle=\"Il Triangolo d&#039;Oro\"\n\t\t\t\t\t\t\tstyle=\"width:225px; height:225px;\">\n\t\t\t\t\t\t\t<span class=\"fetched\" style=\"background-image:  url('http:\/\/etcdn.net\/thumbnails\/3973\/it-nuova-delhi-il-triangolo-doro-dellindia-del-nord-53004.jpg');\" title=\"Il Triangolo d&#039;Oro\"><\/span><amp-img width=\"225\" height=\"225\" src=\"http:\/\/etcdn.net\/thumbnails\/3973\/it-nuova-delhi-il-triangolo-doro-dellindia-del-nord-53004.jpg\">\t\t\t\t\t\t<\/a>\n\t\t\t\t\t<\/div>\n\t\t\t\t\t\t\t\t<div class=\"rss_content_wrap\">\n\t\t\t\t\t<span class=\"title\">\n\t\t\t\t\t\t<a href=\"https:\/\/india.evolutiontravel.it\/it_IT\/907\/tab\/3973_il-triangolo-doro.html\" target=\"_blank\"  rel=\"noopener \">\n\t\t\t\t\t\t\tIl Triangolo d'Oro\t\t\t\t\t\t<\/a>\n\t\t\t\t\t<\/span>\n\t\t\t\t\t<div class=\"rss_content\"\n\t\t\t\t\t\t\tstyle=\"\">\n\t\t\t\t\t\t\n\t\t\t\t\t\t\t\t\t\t\t\t<p class=\"description\">Un\u2019esperienza memorabile che in breve tempo permette, al viaggiatore che visita per la prima volta l\u2019India, di apprezzare i [&hellip;]<\/p>\n\t\t\t\t\t\t\n\t\t\t\t\t\t\t\t\t\t\t\t\t\t\t\t\t\t\t<div class=\"price-wrap\">\n\t\t\t\t\t\t\t\t<a href=\"https:\/\/india.evolutiontravel.it\/it_IT\/907\/tab\/3973_il-triangolo-doro.html\" target=\"_blank\" rel=\"noopener\"><button class=\"price\"> 880<\/button><\/a>\n\t\t\t\t\t\t\t<\/div>\n\t\t\t\t\t\t\t\t\t\t\t<\/div>\n\t\t\t\t<\/div>\n\t\t\t<\/li>\n\t\t\t\t\t\t<li  style=\"padding: 23px 0 38px\" class=\"rss_item feedzy-rss-col-3\" >\n\t\t\t\t\t\t\t\t\t<div class=\"rss_image\" style=\"width:225px; height:225px;\">\n\t\t\t\t\t\t<a href=\"https:\/\/india.evolutiontravel.it\/it_IT\/907\/tab\/40289_tour-di-gruppo-in-kerala.html\" target=\"_blank\" \n\t\t\t\t\t\t\trel=\"noopener \"\n\t\t\t\t\t\t\ttitle=\"Tour di gruppo in Kerala\"\n\t\t\t\t\t\t\tstyle=\"width:225px; height:225px;\">\n\t\t\t\t\t\t\t<span class=\"fetched\" style=\"background-image:  url('http:\/\/etcdn.net\/thumbnails\/40289\/it-kochi-alla-scoperta-del-kerala-807ba.jpg');\" title=\"Tour di gruppo in Kerala\"><\/span><amp-img width=\"225\" height=\"225\" src=\"http:\/\/etcdn.net\/thumbnails\/40289\/it-kochi-alla-scoperta-del-kerala-807ba.jpg\">\t\t\t\t\t\t<\/a>\n\t\t\t\t\t<\/div>\n\t\t\t\t\t\t\t\t<div class=\"rss_content_wrap\">\n\t\t\t\t\t<span class=\"title\">\n\t\t\t\t\t\t<a href=\"https:\/\/india.evolutiontravel.it\/it_IT\/907\/tab\/40289_tour-di-gruppo-in-kerala.html\" target=\"_blank\"  rel=\"noopener \">\n\t\t\t\t\t\t\tTour di gruppo in Kerala\t\t\t\t\t\t<\/a>\n\t\t\t\t\t<\/span>\n\t\t\t\t\t<div class=\"rss_content\"\n\t\t\t\t\t\t\tstyle=\"\">\n\t\t\t\t\t\t\n\t\t\t\t\t\t\t\t\t\t\t\t<p class=\"description\">Viaggio di gruppo guidato di 8 giorni alla scoperta del Kerala.<\/p>\n\t\t\t\t\t\t\n\t\t\t\t\t\t\t\t\t\t\t\t\t\t\t\t\t\t\t<div class=\"price-wrap\">\n\t\t\t\t\t\t\t\t<a href=\"https:\/\/india.evolutiontravel.it\/it_IT\/907\/tab\/40289_tour-di-gruppo-in-kerala.html\" target=\"_blank\" rel=\"noopener\"><button class=\"price\"> 967<\/button><\/a>\n\t\t\t\t\t\t\t<\/div>\n\t\t\t\t\t\t\t\t\t\t\t<\/div>\n\t\t\t\t<\/div>\n\t\t\t<\/li>\n\t\t\t\t\t\t<li  style=\"padding: 23px 0 38px\" class=\"rss_item feedzy-rss-col-3\" >\n\t\t\t\t\t\t\t\t\t<div class=\"rss_image\" style=\"width:225px; height:225px;\">\n\t\t\t\t\t\t<a href=\"https:\/\/india.evolutiontravel.it\/it_IT\/907\/tab\/39915_alla-scoperta-del-triangolo-doro.html\" target=\"_blank\" \n\t\t\t\t\t\t\trel=\"noopener \"\n\t\t\t\t\t\t\ttitle=\"Alla scoperta del Triangolo d&#039;Oro\"\n\t\t\t\t\t\t\tstyle=\"width:225px; height:225px;\">\n\t\t\t\t\t\t\t<span class=\"fetched\" style=\"background-image:  url('http:\/\/etcdn.net\/thumbnails\/39915\/it-nuova-delhi-alla-scoperta-del-triangolo-doro-7e158.jpg');\" title=\"Alla scoperta del Triangolo d&#039;Oro\"><\/span><amp-img width=\"225\" height=\"225\" src=\"http:\/\/etcdn.net\/thumbnails\/39915\/it-nuova-delhi-alla-scoperta-del-triangolo-doro-7e158.jpg\">\t\t\t\t\t\t<\/a>\n\t\t\t\t\t<\/div>\n\t\t\t\t\t\t\t\t<div class=\"rss_content_wrap\">\n\t\t\t\t\t<span class=\"title\">\n\t\t\t\t\t\t<a href=\"https:\/\/india.evolutiontravel.it\/it_IT\/907\/tab\/39915_alla-scoperta-del-triangolo-doro.html\" target=\"_blank\"  rel=\"noopener \">\n\t\t\t\t\t\t\tAlla scoperta del Triangolo d'Oro\t\t\t\t\t\t<\/a>\n\t\t\t\t\t<\/span>\n\t\t\t\t\t<div class=\"rss_content\"\n\t\t\t\t\t\t\tstyle=\"\">\n\t\t\t\t\t\t\n\t\t\t\t\t\t\t\t\t\t\t\t<p class=\"description\">Un tour alla scoperta del Triangolo d'Oro indiano, adatto a chi vuole avere un primo approccio a questo straordinario Paese. Un [&hellip;]<\/p>\n\t\t\t\t\t\t\n\t\t\t\t\t\t\t\t\t\t\t\t\t\t\t\t\t\t\t<div class=\"price-wrap\">\n\t\t\t\t\t\t\t\t<a href=\"https:\/\/india.evolutiontravel.it\/it_IT\/907\/tab\/39915_alla-scoperta-del-triangolo-doro.html\" target=\"_blank\" rel=\"noopener\"><button class=\"price\"> 820<\/button><\/a>\n\t\t\t\t\t\t\t<\/div>\n\t\t\t\t\t\t\t\t\t\t\t<\/div>\n\t\t\t\t<\/div>\n\t\t\t<\/li>\n\t\t\t\t\t\t<li  style=\"padding: 23px 0 38px\" class=\"rss_item feedzy-rss-col-3\" >\n\t\t\t\t\t\t\t\t\t<div class=\"rss_image\" style=\"width:225px; height:225px;\">\n\t\t\t\t\t\t<a href=\"https:\/\/india.evolutiontravel.it\/it_IT\/907\/tab\/39919_alla-scoperta-del-rajasthan.html\" target=\"_blank\" \n\t\t\t\t\t\t\trel=\"noopener \"\n\t\t\t\t\t\t\ttitle=\"Alla scoperta del Rajasthan\"\n\t\t\t\t\t\t\tstyle=\"width:225px; height:225px;\">\n\t\t\t\t\t\t\t<span class=\"fetched\" style=\"background-image:  url('http:\/\/etcdn.net\/thumbnails\/39919\/it-nuova-delhi-alla-scoperta-del-rajasthan-7e228.jpg');\" title=\"Alla scoperta del Rajasthan\"><\/span><amp-img width=\"225\" height=\"225\" src=\"http:\/\/etcdn.net\/thumbnails\/39919\/it-nuova-delhi-alla-scoperta-del-rajasthan-7e228.jpg\">\t\t\t\t\t\t<\/a>\n\t\t\t\t\t<\/div>\n\t\t\t\t\t\t\t\t<div class=\"rss_content_wrap\">\n\t\t\t\t\t<span class=\"title\">\n\t\t\t\t\t\t<a href=\"https:\/\/india.evolutiontravel.it\/it_IT\/907\/tab\/39919_alla-scoperta-del-rajasthan.html\" target=\"_blank\"  rel=\"noopener \">\n\t\t\t\t\t\t\tAlla scoperta del Rajasthan\t\t\t\t\t\t<\/a>\n\t\t\t\t\t<\/span>\n\t\t\t\t\t<div class=\"rss_content\"\n\t\t\t\t\t\t\tstyle=\"\">\n\t\t\t\t\t\t\n\t\t\t\t\t\t\t\t\t\t\t\t<p class=\"description\">Un tour completo di 13 giorni che regala emozioni uniche lungo il Rajasthan ed i suoi luoghi pi\u00f9 suggestivi: Delhi, Mandawa, [&hellip;]<\/p>\n\t\t\t\t\t\t\n\t\t\t\t\t\t\t\t\t\t\t\t\t\t\t\t\t\t\t<div class=\"price-wrap\">\n\t\t\t\t\t\t\t\t<a href=\"https:\/\/india.evolutiontravel.it\/it_IT\/907\/tab\/39919_alla-scoperta-del-rajasthan.html\" target=\"_blank\" rel=\"noopener\"><button class=\"price\"> 1473<\/button><\/a>\n\t\t\t\t\t\t\t<\/div>\n\t\t\t\t\t\t\t\t\t\t\t<\/div>\n\t\t\t\t<\/div>\n\t\t\t<\/li>\n\t\t\t\t\t\t<li  style=\"padding: 23px 0 38px\" class=\"rss_item feedzy-rss-col-3\" >\n\t\t\t\t\t\t\t\t\t<div class=\"rss_image\" style=\"width:225px; height:225px;\">\n\t\t\t\t\t\t<a href=\"https:\/\/india.evolutiontravel.it\/it_IT\/907\/tab\/2299_rajasthan-express-e-agra.html\" target=\"_blank\" \n\t\t\t\t\t\t\trel=\"noopener \"\n\t\t\t\t\t\t\ttitle=\"Rajasthan Express e Agra\"\n\t\t\t\t\t\t\tstyle=\"width:225px; height:225px;\">\n\t\t\t\t\t\t\t<span class=\"fetched\" style=\"background-image:  url('http:\/\/etcdn.net\/thumbnails\/2299\/it-nuova-delhi-rajasthan-express-e-agra-530c6.jpg');\" title=\"Rajasthan Express e Agra\"><\/span><amp-img width=\"225\" height=\"225\" src=\"http:\/\/etcdn.net\/thumbnails\/2299\/it-nuova-delhi-rajasthan-express-e-agra-530c6.jpg\">\t\t\t\t\t\t<\/a>\n\t\t\t\t\t<\/div>\n\t\t\t\t\t\t\t\t<div class=\"rss_content_wrap\">\n\t\t\t\t\t<span class=\"title\">\n\t\t\t\t\t\t<a href=\"https:\/\/india.evolutiontravel.it\/it_IT\/907\/tab\/2299_rajasthan-express-e-agra.html\" target=\"_blank\"  rel=\"noopener \">\n\t\t\t\t\t\t\tRajasthan Express e Agra\t\t\t\t\t\t<\/a>\n\t\t\t\t\t<\/span>\n\t\t\t\t\t<div class=\"rss_content\"\n\t\t\t\t\t\t\tstyle=\"\">\n\t\t\t\t\t\t\n\t\t\t\t\t\t\t\t\t\t\t\t<p class=\"description\">Un\u00a0tour classico\u00a0alla scoperta della meravigliosa regione del\u00a0Rajasthan, delle dimore dei vecchi\u00a0maharaja\u00a0e delle loro [&hellip;]<\/p>\n\t\t\t\t\t\t\n\t\t\t\t\t\t\t\t\t\t\t\t\t\t\t\t\t\t\t<div class=\"price-wrap\">\n\t\t\t\t\t\t\t\t<a href=\"https:\/\/india.evolutiontravel.it\/it_IT\/907\/tab\/2299_rajasthan-express-e-agra.html\" target=\"_blank\" rel=\"noopener\"><button class=\"price\"> 1480<\/button><\/a>\n\t\t\t\t\t\t\t<\/div>\n\t\t\t\t\t\t\t\t\t\t\t<\/div>\n\t\t\t\t<\/div>\n\t\t\t<\/li>\n\t\t\t\t<\/ul>\n<\/div>\n<style type=\"text\/css\" media=\"all\">.feedzy-rss .rss_item .rss_image{float:left;position:relative;border:none;text-decoration:none;max-width:100%}.feedzy-rss .rss_item .rss_image span{display:inline-block;position:absolute;width:100%;height:100%;background-position:50%;background-size:cover}.feedzy-rss .rss_item .rss_image{margin:.3em 1em 0 0;content-visibility:auto}.feedzy-rss ul{list-style:none}.feedzy-rss ul li{display:inline-block}<\/style>\n","protected":false},"excerpt":{"rendered":"<p>L&#8217;impero Moghul, dal 1526 al 1707, fondato da Babur detto il Conquistatore, \u00e8 stato la pi\u00f9 grande dinastia islamica che ha conquistato l\u2019India. Dopo aver sottomesso l\u2019odierno Afghanistan, Babur inizi\u00f2 ad occupare l\u2019India nord occidentale dando vita al Regno Moghul che col tempo si estese a tutta la zona settentrionale del paese. Di impianto feudale, <a class=\"moretag\" href=\"https:\/\/india.evolutiontravel.it\/infovacanze\/da-vedere\/regno-moghul\/\">[&#8230;]<\/a><\/p>\n","protected":false},"author":1,"featured_media":0,"parent":133,"menu_order":0,"comment_status":"closed","ping_status":"open","template":"templates\/template-with-right-sidebar.php","meta":{"footnotes":""},"yoast_head":"<!-- This site is optimized with the Yoast SEO plugin v21.9.1 - https:\/\/yoast.com\/wordpress\/plugins\/seo\/ -->\n<title>Impero Moghul, grande regno islamico indiano - Speciale India<\/title>\n<meta name=\"description\" content=\"Il Regno Moghul, iniziato nel 1526 e conclusosi nel 1707, fu il maggiore impero islamico che conquist\u00f2 l\u2019India. Scopri con noi la sua storia e parti informato verso questa splendida destinazione!\" \/>\n<meta name=\"robots\" content=\"index, follow, max-snippet:-1, max-image-preview:large, max-video-preview:-1\" \/>\n<link rel=\"canonical\" href=\"https:\/\/india.evolutiontravel.it\/infovacanze\/da-vedere\/regno-moghul\/\" \/>\n<meta name=\"twitter:label1\" content=\"Tempo di lettura stimato\" \/>\n\t<meta name=\"twitter:data1\" content=\"2 minuti\" \/>\n<script type=\"application\/ld+json\" class=\"yoast-schema-graph\">{\"@context\":\"https:\/\/schema.org\",\"@graph\":[{\"@type\":\"WebPage\",\"@id\":\"https:\/\/india.evolutiontravel.it\/infovacanze\/da-vedere\/regno-moghul\/\",\"url\":\"https:\/\/india.evolutiontravel.it\/infovacanze\/da-vedere\/regno-moghul\/\",\"name\":\"Impero Moghul, grande regno islamico indiano - Speciale India\",\"isPartOf\":{\"@id\":\"https:\/\/india.evolutiontravel.it\/infovacanze\/#website\"},\"datePublished\":\"2014-05-13T13:16:36+00:00\",\"dateModified\":\"2018-11-08T11:09:20+00:00\",\"description\":\"Il Regno Moghul, iniziato nel 1526 e conclusosi nel 1707, fu il maggiore impero islamico che conquist\u00f2 l\u2019India. Scopri con noi la sua storia e parti informato verso questa splendida destinazione!\",\"breadcrumb\":{\"@id\":\"https:\/\/india.evolutiontravel.it\/infovacanze\/da-vedere\/regno-moghul\/#breadcrumb\"},\"inLanguage\":\"it-IT\",\"potentialAction\":[{\"@type\":\"ReadAction\",\"target\":[\"https:\/\/india.evolutiontravel.it\/infovacanze\/da-vedere\/regno-moghul\/\"]}]},{\"@type\":\"BreadcrumbList\",\"@id\":\"https:\/\/india.evolutiontravel.it\/infovacanze\/da-vedere\/regno-moghul\/#breadcrumb\",\"itemListElement\":[{\"@type\":\"ListItem\",\"position\":1,\"name\":\"India da vedere, da vivere\",\"item\":\"https:\/\/india.evolutiontravel.it\/infovacanze\/da-vedere\/\"},{\"@type\":\"ListItem\",\"position\":2,\"name\":\"Regno Moghul\"}]},{\"@type\":\"WebSite\",\"@id\":\"https:\/\/india.evolutiontravel.it\/infovacanze\/#website\",\"url\":\"https:\/\/india.evolutiontravel.it\/infovacanze\/\",\"name\":\"India\",\"description\":\"\",\"potentialAction\":[{\"@type\":\"SearchAction\",\"target\":{\"@type\":\"EntryPoint\",\"urlTemplate\":\"https:\/\/india.evolutiontravel.it\/infovacanze\/?s={search_term_string}\"},\"query-input\":\"required name=search_term_string\"}],\"inLanguage\":\"it-IT\"}]}<\/script>\n<!-- \/ Yoast SEO plugin. -->","yoast_head_json":{"title":"Impero Moghul, grande regno islamico indiano - Speciale India","description":"Il Regno Moghul, iniziato nel 1526 e conclusosi nel 1707, fu il maggiore impero islamico che conquist\u00f2 l\u2019India. Scopri con noi la sua storia e parti informato verso questa splendida destinazione!","robots":{"index":"index","follow":"follow","max-snippet":"max-snippet:-1","max-image-preview":"max-image-preview:large","max-video-preview":"max-video-preview:-1"},"canonical":"https:\/\/india.evolutiontravel.it\/infovacanze\/da-vedere\/regno-moghul\/","twitter_misc":{"Tempo di lettura stimato":"2 minuti"},"schema":{"@context":"https:\/\/schema.org","@graph":[{"@type":"WebPage","@id":"https:\/\/india.evolutiontravel.it\/infovacanze\/da-vedere\/regno-moghul\/","url":"https:\/\/india.evolutiontravel.it\/infovacanze\/da-vedere\/regno-moghul\/","name":"Impero Moghul, grande regno islamico indiano - Speciale India","isPartOf":{"@id":"https:\/\/india.evolutiontravel.it\/infovacanze\/#website"},"datePublished":"2014-05-13T13:16:36+00:00","dateModified":"2018-11-08T11:09:20+00:00","description":"Il Regno Moghul, iniziato nel 1526 e conclusosi nel 1707, fu il maggiore impero islamico che conquist\u00f2 l\u2019India. Scopri con noi la sua storia e parti informato verso questa splendida destinazione!","breadcrumb":{"@id":"https:\/\/india.evolutiontravel.it\/infovacanze\/da-vedere\/regno-moghul\/#breadcrumb"},"inLanguage":"it-IT","potentialAction":[{"@type":"ReadAction","target":["https:\/\/india.evolutiontravel.it\/infovacanze\/da-vedere\/regno-moghul\/"]}]},{"@type":"BreadcrumbList","@id":"https:\/\/india.evolutiontravel.it\/infovacanze\/da-vedere\/regno-moghul\/#breadcrumb","itemListElement":[{"@type":"ListItem","position":1,"name":"India da vedere, da vivere","item":"https:\/\/india.evolutiontravel.it\/infovacanze\/da-vedere\/"},{"@type":"ListItem","position":2,"name":"Regno Moghul"}]},{"@type":"WebSite","@id":"https:\/\/india.evolutiontravel.it\/infovacanze\/#website","url":"https:\/\/india.evolutiontravel.it\/infovacanze\/","name":"India","description":"","potentialAction":[{"@type":"SearchAction","target":{"@type":"EntryPoint","urlTemplate":"https:\/\/india.evolutiontravel.it\/infovacanze\/?s={search_term_string}"},"query-input":"required name=search_term_string"}],"inLanguage":"it-IT"}]}},"_links":{"self":[{"href":"https:\/\/india.evolutiontravel.it\/infovacanze\/wp-json\/wp\/v2\/pages\/602"}],"collection":[{"href":"https:\/\/india.evolutiontravel.it\/infovacanze\/wp-json\/wp\/v2\/pages"}],"about":[{"href":"https:\/\/india.evolutiontravel.it\/infovacanze\/wp-json\/wp\/v2\/types\/page"}],"author":[{"embeddable":true,"href":"https:\/\/india.evolutiontravel.it\/infovacanze\/wp-json\/wp\/v2\/users\/1"}],"replies":[{"embeddable":true,"href":"https:\/\/india.evolutiontravel.it\/infovacanze\/wp-json\/wp\/v2\/comments?post=602"}],"version-history":[{"count":6,"href":"https:\/\/india.evolutiontravel.it\/infovacanze\/wp-json\/wp\/v2\/pages\/602\/revisions"}],"predecessor-version":[{"id":1265,"href":"https:\/\/india.evolutiontravel.it\/infovacanze\/wp-json\/wp\/v2\/pages\/602\/revisions\/1265"}],"up":[{"embeddable":true,"href":"https:\/\/india.evolutiontravel.it\/infovacanze\/wp-json\/wp\/v2\/pages\/133"}],"wp:attachment":[{"href":"https:\/\/india.evolutiontravel.it\/infovacanze\/wp-json\/wp\/v2\/media?parent=602"}],"curies":[{"name":"wp","href":"https:\/\/api.w.org\/{rel}","templated":true}]}}