{"id":62,"date":"2013-08-07T16:36:21","date_gmt":"2013-08-07T14:36:21","guid":{"rendered":"http:\/\/india.evolutiontravel.it\/infovacanze\/?page_id=62"},"modified":"2018-11-09T16:06:04","modified_gmt":"2018-11-09T15:06:04","slug":"spiagge-in-india","status":"publish","type":"page","link":"https:\/\/india.evolutiontravel.it\/infovacanze\/divertirsi\/spiagge-in-india\/","title":{"rendered":"Spiagge in India, dove andare?"},"content":{"rendered":"<p>Le <strong>spiagge in India<\/strong> sono talmente tante e <strong>tutte belle<\/strong> che decidere dove soggiornare pu\u00f2 essere un problema, c&#8217;\u00e8 veramente <strong>l&#8217;imbarazzo della scelta <\/strong>ma quel che \u00e8 certo \u00e8 che durante il vostro viaggio in India non potrete fare a meno di tuffarvi nelle acque del <strong><a title=\"mare arabico\" href=\"https:\/\/india.evolutiontravel.it\/infovacanze\/viaggio-india\/india-mare-arabico\/\">Mar arabico<\/a> e nell&#8217;Oceano indiano<\/strong>.<\/p>\n<p>Le sue coste sono tra le pi\u00f9 suggestive dell&#8217;intere continente asiatico pur conservando ancora\u00a0<strong>intatte la primitivit\u00e0 di un tempo e il fascino antico<\/strong>. A volte dimenticate a causa delle pi\u00f9 famose Maldive, le spiagge indiane sono invece da riscoprire in tutta la loro bellezza per la variet\u00e0 di paesaggio e le strutture all&#8217;avanguardia che le salvaguardano.<\/p>\n<h2>Lido per lido: ecco dove andare<\/h2>\n<p>Qui di seguito in elenco trovi approfondimenti dedicati proprio alle spiagge che si trovano un po&#8217; in tutto il paese, se invece puoi prima avere una panoramica generale allora continua a leggere questo articolo. Pi\u00f9 di\u00a0<strong>7000 km di coste\u00a0<\/strong>che restituiranno al turista\u00a0<strong>un senso di libert\u00e0 e di contatto con una natura incontaminata<\/strong>!<\/p>\n<ul>\n<li><a title=\"spiagge sud india\" href=\"http:\/\/india.evolutiontravel.it\/infovacanze\/turismo\/spiagge-india-del-sud\/\">Tutte le spiagge sel Sud dell&#8217;India<\/a><\/li>\n<li><a title=\"spaigge kerala\" href=\"http:\/\/india.evolutiontravel.it\/infovacanze\/turismo\/spiagge-kerala\/\">Le spiagge a Kerala<\/a><\/li>\n<li><a title=\"spiagge cochin\" href=\"http:\/\/india.evolutiontravel.it\/infovacanze\/divertirsi\/spiagge-a-cochin\/\">Le spiagge di Cochin<\/a><\/li>\n<li><a title=\"spiagge goa\" href=\"http:\/\/india.evolutiontravel.it\/infovacanze\/turismo\/india-spiagge-di-goa\/\">Goa e le sue bianche spiagge<\/a><\/li>\n<\/ul>\n<p>Se si parla di spiagge indiane, \u00e8 impossibile non parlare di uno dei luoghi pi\u00f9 famosi ed evocativi per il turista: <strong>Goa, la localit\u00e0 pi\u00f9 celebre della costa indiana\u00a0<\/strong>grazie alle sue fantastiche spiagge bianche e al suo passato hippie. Meta gettonata negli anni Sessanta per i raduni dei figli dei fiori, Goa ha mantenuto nel tempo questa fama, diventando oggi la localit\u00e0 pi\u00f9 divertente e festaiola dell&#8217;India ed attirando annualmente milioni di giovani da tutto il mondo. <strong>Rave, party ad ogni ora e uno spirito new age\u00a0<\/strong>contraddistinguono Goa, anche se negli ultimi anni molti turisti riscoprono la bellezza e la serenit\u00e0 della sua natura, particolarmente quella pi\u00f9 a sud della regione.<\/p>\n<p>Nel\u00a0<strong>Kerala<\/strong>, stupefacente regione del sud-ovest indiano, vi sono le spiagge pi\u00f9 belle di tutta l&#8217;India. Fiore all&#8217;occhiello \u00e8 la localit\u00e0 di\u00a0<strong>Kovalam<\/strong>, una meta gettonata da molti turisti per i magnifici luoghi da vedere particolarmente al tramonto. Pur essendo la pi\u00f9 commerciale tra le spiagge dell&#8217;India,\u00a0<strong>Kovalam ha saputo mantenere il carattere selvaggio<\/strong>, una peculiarit\u00e0 che la distingue notevolmente. Tappa obbligata, per chi ha potuto immergersi nelle calde acque del Mar Arabico, \u00e8 trascorrere almeno mezza giornata alla\u00a0<strong>spiaggia con il faro<\/strong>, uno degli angoli pi\u00f9 incredibili dell&#8217;India.<\/p>\n<p>La regione del Kerala offre al viaggiatore la possibilit\u00e0 di visitare i\u00a0<strong>centri ayurveda dove viene praticata la forma pi\u00f9 antica di medicina indiana<\/strong>, detta anche &#8220;scienza della vita&#8221;. Il Kerala \u00e8 inoltre facilmente raggiungibile grazie\u00a0<strong>all&#8217;Aeroporto Internazionale di Thiruvananthapuram<\/strong>, snodo fondamentale per il traffico aereo indiano.<\/p>\n<p>Altri posti suggestivi che si possono facilmente visitare sono le\u00a0<strong>spiagge vicino Varkala<\/strong>, una delle citt\u00e0 pi\u00f9 interessanti della regione e particolramente consigliata\u00a0 \u00e8 la\u00a0<strong>spiaggia di Papanasam<\/strong>, incantevole per le scogliere e lo strepitio delle onde.<\/p>\n<p>Per chi vuole ritornare indietro nel tempo e rivivere la pace della natura prima dell&#8217;insediamento umano, non c&#8217;\u00e8 posto pi\u00f9 indicato\u00a0delle <a title=\"isole laccadive\" href=\"https:\/\/india.evolutiontravel.it\/infovacanze\/destinazioni\/isole-laccadive\/\"><strong>Isole Laccadive<\/strong><\/a>. Un piccolo arcipelago, composto da 36 meravigliose isole distanti circa 400 km dalla regione del Kerala, \u00e8 il\u00a0<strong>regno della purezza dove fauna e flora sono rimaste intatte in un piccolo paradiso terrestre<\/strong>.<\/p>\n<p>&nbsp;<\/p>\n<h3 style=\"text-align: center\">OFFERTE VIAGGI E VACANZE IN INDIA<strong><span style=\"color: #008000\"> A MENO DI 2000\u20ac!<\/span><\/strong><\/h3>\n<p style=\"text-align: center\"><strong><span style=\"color: #008000\">CLICCA E SCOPRI<\/span><\/strong>: <strong>programma<\/strong> dettagliato, <strong>foto<\/strong>, <strong>commenti<\/strong>, <strong>itinerari<\/strong> e <strong>servizi inclus<\/strong>i!<\/p>\n<div class=\"feedzy-9da8b15dc487a78383288e9e0f9ae2e1 feedzy-rss\">\n\t\t<ul class=\"feedzy-style2\">\n\t\t\t\t\t<li  style=\"padding: 23px 0 38px\" class=\"rss_item feedzy-rss-col-3\" >\n\t\t\t\t\t\t\t\t\t<div class=\"rss_image\" style=\"width:225px; height:225px;\">\n\t\t\t\t\t\t<a href=\"https:\/\/india.evolutiontravel.it\/it_IT\/907\/tab\/287_tamil-nadu-e-kerala-il-paradiso-degli-dei.html\" target=\"_blank\" \n\t\t\t\t\t\t\trel=\"noopener \"\n\t\t\t\t\t\t\ttitle=\"Tamil Nadu e Kerala, Il Paradiso degli Dei\"\n\t\t\t\t\t\t\tstyle=\"width:225px; height:225px;\">\n\t\t\t\t\t\t\t<span class=\"fetched\" style=\"background-image:  url('http:\/\/etcdn.net\/thumbnails\/287\/it-chennai-tamil-nadu-e-kerala-il-paradiso-degli-dei-53088.jpg');\" title=\"Tamil Nadu e Kerala, Il Paradiso degli Dei\"><\/span><amp-img width=\"225\" height=\"225\" src=\"http:\/\/etcdn.net\/thumbnails\/287\/it-chennai-tamil-nadu-e-kerala-il-paradiso-degli-dei-53088.jpg\">\t\t\t\t\t\t<\/a>\n\t\t\t\t\t<\/div>\n\t\t\t\t\t\t\t\t<div class=\"rss_content_wrap\">\n\t\t\t\t\t<span class=\"title\">\n\t\t\t\t\t\t<a href=\"https:\/\/india.evolutiontravel.it\/it_IT\/907\/tab\/287_tamil-nadu-e-kerala-il-paradiso-degli-dei.html\" target=\"_blank\"  rel=\"noopener \">\n\t\t\t\t\t\t\tTamil Nadu e Kerala, Il Paradiso degli Dei\t\t\t\t\t\t<\/a>\n\t\t\t\t\t<\/span>\n\t\t\t\t\t<div class=\"rss_content\"\n\t\t\t\t\t\t\tstyle=\"\">\n\t\t\t\t\t\t\n\t\t\t\t\t\t\t\t\t\t\t\t<p class=\"description\">Un\u00a0itinerario affascinante\u00a0fra le pi\u00f9 belle regioni dell\u2019India del Sud\u00a0che si snoda fra i grandi templi e le citt\u00e0 sacre [&hellip;]<\/p>\n\t\t\t\t\t\t\n\t\t\t\t\t\t\t\t\t\t\t\t\t\t\t\t\t\t\t<div class=\"price-wrap\">\n\t\t\t\t\t\t\t\t<a href=\"https:\/\/india.evolutiontravel.it\/it_IT\/907\/tab\/287_tamil-nadu-e-kerala-il-paradiso-degli-dei.html\" target=\"_blank\" rel=\"noopener\"><button class=\"price\"> 1612<\/button><\/a>\n\t\t\t\t\t\t\t<\/div>\n\t\t\t\t\t\t\t\t\t\t\t<\/div>\n\t\t\t\t<\/div>\n\t\t\t<\/li>\n\t\t\t\t\t\t<li  style=\"padding: 23px 0 38px\" class=\"rss_item feedzy-rss-col-3\" >\n\t\t\t\t\t\t\t\t\t<div class=\"rss_image\" style=\"width:225px; height:225px;\">\n\t\t\t\t\t\t<a href=\"https:\/\/india.evolutiontravel.it\/it_IT\/907\/tab\/31645_il-triangolo-doro-e-varanasi.html\" target=\"_blank\" \n\t\t\t\t\t\t\trel=\"noopener \"\n\t\t\t\t\t\t\ttitle=\"Il Triangolo d&#039;Oro e Varanasi\"\n\t\t\t\t\t\t\tstyle=\"width:225px; height:225px;\">\n\t\t\t\t\t\t\t<span class=\"fetched\" style=\"background-image:  url('http:\/\/etcdn.net\/thumbnails\/31645\/it-nuova-delhi-il-triangolo-doro-e-varanasi-71454.jpg');\" title=\"Il Triangolo d&#039;Oro e Varanasi\"><\/span><amp-img width=\"225\" height=\"225\" src=\"http:\/\/etcdn.net\/thumbnails\/31645\/it-nuova-delhi-il-triangolo-doro-e-varanasi-71454.jpg\">\t\t\t\t\t\t<\/a>\n\t\t\t\t\t<\/div>\n\t\t\t\t\t\t\t\t<div class=\"rss_content_wrap\">\n\t\t\t\t\t<span class=\"title\">\n\t\t\t\t\t\t<a href=\"https:\/\/india.evolutiontravel.it\/it_IT\/907\/tab\/31645_il-triangolo-doro-e-varanasi.html\" target=\"_blank\"  rel=\"noopener \">\n\t\t\t\t\t\t\tIl Triangolo d'Oro e Varanasi\t\t\t\t\t\t<\/a>\n\t\t\t\t\t<\/span>\n\t\t\t\t\t<div class=\"rss_content\"\n\t\t\t\t\t\t\tstyle=\"\">\n\t\t\t\t\t\t\n\t\t\t\t\t\t\t\t\t\t\t\t<p class=\"description\">Viaggio\u00a0breve ed essenziale\u00a0nel Triangolo d'Oro dell\u2019India del Nord con estensione a Varanasi, immersi nella pi\u00f9 autentica [&hellip;]<\/p>\n\t\t\t\t\t\t\n\t\t\t\t\t\t\t\t\t\t\t\t\t\t\t\t\t\t\t<div class=\"price-wrap\">\n\t\t\t\t\t\t\t\t<a href=\"https:\/\/india.evolutiontravel.it\/it_IT\/907\/tab\/31645_il-triangolo-doro-e-varanasi.html\" target=\"_blank\" rel=\"noopener\"><button class=\"price\"> 1337<\/button><\/a>\n\t\t\t\t\t\t\t<\/div>\n\t\t\t\t\t\t\t\t\t\t\t<\/div>\n\t\t\t\t<\/div>\n\t\t\t<\/li>\n\t\t\t\t\t\t<li  style=\"padding: 23px 0 38px\" class=\"rss_item feedzy-rss-col-3\" >\n\t\t\t\t\t\t\t\t\t<div class=\"rss_image\" style=\"width:225px; height:225px;\">\n\t\t\t\t\t\t<a href=\"https:\/\/india.evolutiontravel.it\/it_IT\/907\/tab\/3973_il-triangolo-doro.html\" target=\"_blank\" \n\t\t\t\t\t\t\trel=\"noopener \"\n\t\t\t\t\t\t\ttitle=\"Il Triangolo d&#039;Oro\"\n\t\t\t\t\t\t\tstyle=\"width:225px; height:225px;\">\n\t\t\t\t\t\t\t<span class=\"fetched\" style=\"background-image:  url('http:\/\/etcdn.net\/thumbnails\/3973\/it-nuova-delhi-il-triangolo-doro-dellindia-del-nord-53004.jpg');\" title=\"Il Triangolo d&#039;Oro\"><\/span><amp-img width=\"225\" height=\"225\" src=\"http:\/\/etcdn.net\/thumbnails\/3973\/it-nuova-delhi-il-triangolo-doro-dellindia-del-nord-53004.jpg\">\t\t\t\t\t\t<\/a>\n\t\t\t\t\t<\/div>\n\t\t\t\t\t\t\t\t<div class=\"rss_content_wrap\">\n\t\t\t\t\t<span class=\"title\">\n\t\t\t\t\t\t<a href=\"https:\/\/india.evolutiontravel.it\/it_IT\/907\/tab\/3973_il-triangolo-doro.html\" target=\"_blank\"  rel=\"noopener \">\n\t\t\t\t\t\t\tIl Triangolo d'Oro\t\t\t\t\t\t<\/a>\n\t\t\t\t\t<\/span>\n\t\t\t\t\t<div class=\"rss_content\"\n\t\t\t\t\t\t\tstyle=\"\">\n\t\t\t\t\t\t\n\t\t\t\t\t\t\t\t\t\t\t\t<p class=\"description\">Un\u2019esperienza memorabile che in breve tempo permette, al viaggiatore che visita per la prima volta l\u2019India, di apprezzare i [&hellip;]<\/p>\n\t\t\t\t\t\t\n\t\t\t\t\t\t\t\t\t\t\t\t\t\t\t\t\t\t\t<div class=\"price-wrap\">\n\t\t\t\t\t\t\t\t<a href=\"https:\/\/india.evolutiontravel.it\/it_IT\/907\/tab\/3973_il-triangolo-doro.html\" target=\"_blank\" rel=\"noopener\"><button class=\"price\"> 880<\/button><\/a>\n\t\t\t\t\t\t\t<\/div>\n\t\t\t\t\t\t\t\t\t\t\t<\/div>\n\t\t\t\t<\/div>\n\t\t\t<\/li>\n\t\t\t\t\t\t<li  style=\"padding: 23px 0 38px\" class=\"rss_item feedzy-rss-col-3\" >\n\t\t\t\t\t\t\t\t\t<div class=\"rss_image\" style=\"width:225px; height:225px;\">\n\t\t\t\t\t\t<a href=\"https:\/\/india.evolutiontravel.it\/it_IT\/907\/tab\/40289_tour-di-gruppo-in-kerala.html\" target=\"_blank\" \n\t\t\t\t\t\t\trel=\"noopener \"\n\t\t\t\t\t\t\ttitle=\"Tour di gruppo in Kerala\"\n\t\t\t\t\t\t\tstyle=\"width:225px; height:225px;\">\n\t\t\t\t\t\t\t<span class=\"fetched\" style=\"background-image:  url('http:\/\/etcdn.net\/thumbnails\/40289\/it-kochi-alla-scoperta-del-kerala-807ba.jpg');\" title=\"Tour di gruppo in Kerala\"><\/span><amp-img width=\"225\" height=\"225\" src=\"http:\/\/etcdn.net\/thumbnails\/40289\/it-kochi-alla-scoperta-del-kerala-807ba.jpg\">\t\t\t\t\t\t<\/a>\n\t\t\t\t\t<\/div>\n\t\t\t\t\t\t\t\t<div class=\"rss_content_wrap\">\n\t\t\t\t\t<span class=\"title\">\n\t\t\t\t\t\t<a href=\"https:\/\/india.evolutiontravel.it\/it_IT\/907\/tab\/40289_tour-di-gruppo-in-kerala.html\" target=\"_blank\"  rel=\"noopener \">\n\t\t\t\t\t\t\tTour di gruppo in Kerala\t\t\t\t\t\t<\/a>\n\t\t\t\t\t<\/span>\n\t\t\t\t\t<div class=\"rss_content\"\n\t\t\t\t\t\t\tstyle=\"\">\n\t\t\t\t\t\t\n\t\t\t\t\t\t\t\t\t\t\t\t<p class=\"description\">Viaggio di gruppo guidato di 8 giorni alla scoperta del Kerala.<\/p>\n\t\t\t\t\t\t\n\t\t\t\t\t\t\t\t\t\t\t\t\t\t\t\t\t\t\t<div class=\"price-wrap\">\n\t\t\t\t\t\t\t\t<a href=\"https:\/\/india.evolutiontravel.it\/it_IT\/907\/tab\/40289_tour-di-gruppo-in-kerala.html\" target=\"_blank\" rel=\"noopener\"><button class=\"price\"> 967<\/button><\/a>\n\t\t\t\t\t\t\t<\/div>\n\t\t\t\t\t\t\t\t\t\t\t<\/div>\n\t\t\t\t<\/div>\n\t\t\t<\/li>\n\t\t\t\t\t\t<li  style=\"padding: 23px 0 38px\" class=\"rss_item feedzy-rss-col-3\" >\n\t\t\t\t\t\t\t\t\t<div class=\"rss_image\" style=\"width:225px; height:225px;\">\n\t\t\t\t\t\t<a href=\"https:\/\/india.evolutiontravel.it\/it_IT\/907\/tab\/39928_alla-scoperta-del-triangolo-doro-con-estensione-a-khajuraho-e-varanasi.html\" target=\"_blank\" \n\t\t\t\t\t\t\trel=\"noopener \"\n\t\t\t\t\t\t\ttitle=\"Alla scoperta del Triangolo d&#039;Oro con estensione a Khajuraho e Varanasi\"\n\t\t\t\t\t\t\tstyle=\"width:225px; height:225px;\">\n\t\t\t\t\t\t\t<span class=\"fetched\" style=\"background-image:  url('http:\/\/etcdn.net\/thumbnails\/39928\/it-nuova-delhi-alla-scoperta-del-triangolo-doro-con-estensione-a-khajuraho-e-varanasi-7e259.jpg');\" title=\"Alla scoperta del Triangolo d&#039;Oro con estensione a Khajuraho e Varanasi\"><\/span><amp-img width=\"225\" height=\"225\" src=\"http:\/\/etcdn.net\/thumbnails\/39928\/it-nuova-delhi-alla-scoperta-del-triangolo-doro-con-estensione-a-khajuraho-e-varanasi-7e259.jpg\">\t\t\t\t\t\t<\/a>\n\t\t\t\t\t<\/div>\n\t\t\t\t\t\t\t\t<div class=\"rss_content_wrap\">\n\t\t\t\t\t<span class=\"title\">\n\t\t\t\t\t\t<a href=\"https:\/\/india.evolutiontravel.it\/it_IT\/907\/tab\/39928_alla-scoperta-del-triangolo-doro-con-estensione-a-khajuraho-e-varanasi.html\" target=\"_blank\"  rel=\"noopener \">\n\t\t\t\t\t\t\tAlla scoperta del Triangolo d'Oro con estensione a Khajuraho e Varanasi\t\t\t\t\t\t<\/a>\n\t\t\t\t\t<\/span>\n\t\t\t\t\t<div class=\"rss_content\"\n\t\t\t\t\t\t\tstyle=\"\">\n\t\t\t\t\t\t\n\t\t\t\t\t\t\t\t\t\t\t\t<p class=\"description\">Un tour emozionante che unisce alla scoperta del Triangolo d'Oro (Delhi, Jaipur ed Agra) un'estensione affascinante nel mistero [&hellip;]<\/p>\n\t\t\t\t\t\t\n\t\t\t\t\t\t\t\t\t\t\t\t\t\t\t\t\t\t\t<div class=\"price-wrap\">\n\t\t\t\t\t\t\t\t<a href=\"https:\/\/india.evolutiontravel.it\/it_IT\/907\/tab\/39928_alla-scoperta-del-triangolo-doro-con-estensione-a-khajuraho-e-varanasi.html\" target=\"_blank\" rel=\"noopener\"><button class=\"price\"> 1625<\/button><\/a>\n\t\t\t\t\t\t\t<\/div>\n\t\t\t\t\t\t\t\t\t\t\t<\/div>\n\t\t\t\t<\/div>\n\t\t\t<\/li>\n\t\t\t\t\t\t<li  style=\"padding: 23px 0 38px\" class=\"rss_item feedzy-rss-col-3\" >\n\t\t\t\t\t\t\t\t\t<div class=\"rss_image\" style=\"width:225px; height:225px;\">\n\t\t\t\t\t\t<a href=\"https:\/\/india.evolutiontravel.it\/it_IT\/907\/tab\/39915_alla-scoperta-del-triangolo-doro.html\" target=\"_blank\" \n\t\t\t\t\t\t\trel=\"noopener \"\n\t\t\t\t\t\t\ttitle=\"Alla scoperta del Triangolo d&#039;Oro\"\n\t\t\t\t\t\t\tstyle=\"width:225px; height:225px;\">\n\t\t\t\t\t\t\t<span class=\"fetched\" style=\"background-image:  url('http:\/\/etcdn.net\/thumbnails\/39915\/it-nuova-delhi-alla-scoperta-del-triangolo-doro-7e158.jpg');\" title=\"Alla scoperta del Triangolo d&#039;Oro\"><\/span><amp-img width=\"225\" height=\"225\" src=\"http:\/\/etcdn.net\/thumbnails\/39915\/it-nuova-delhi-alla-scoperta-del-triangolo-doro-7e158.jpg\">\t\t\t\t\t\t<\/a>\n\t\t\t\t\t<\/div>\n\t\t\t\t\t\t\t\t<div class=\"rss_content_wrap\">\n\t\t\t\t\t<span class=\"title\">\n\t\t\t\t\t\t<a href=\"https:\/\/india.evolutiontravel.it\/it_IT\/907\/tab\/39915_alla-scoperta-del-triangolo-doro.html\" target=\"_blank\"  rel=\"noopener \">\n\t\t\t\t\t\t\tAlla scoperta del Triangolo d'Oro\t\t\t\t\t\t<\/a>\n\t\t\t\t\t<\/span>\n\t\t\t\t\t<div class=\"rss_content\"\n\t\t\t\t\t\t\tstyle=\"\">\n\t\t\t\t\t\t\n\t\t\t\t\t\t\t\t\t\t\t\t<p class=\"description\">Un tour alla scoperta del Triangolo d'Oro indiano, adatto a chi vuole avere un primo approccio a questo straordinario Paese. Un [&hellip;]<\/p>\n\t\t\t\t\t\t\n\t\t\t\t\t\t\t\t\t\t\t\t\t\t\t\t\t\t\t<div class=\"price-wrap\">\n\t\t\t\t\t\t\t\t<a href=\"https:\/\/india.evolutiontravel.it\/it_IT\/907\/tab\/39915_alla-scoperta-del-triangolo-doro.html\" target=\"_blank\" rel=\"noopener\"><button class=\"price\"> 820<\/button><\/a>\n\t\t\t\t\t\t\t<\/div>\n\t\t\t\t\t\t\t\t\t\t\t<\/div>\n\t\t\t\t<\/div>\n\t\t\t<\/li>\n\t\t\t\t<\/ul>\n<\/div>\n<style type=\"text\/css\" media=\"all\">.feedzy-rss .rss_item .rss_image{float:left;position:relative;border:none;text-decoration:none;max-width:100%}.feedzy-rss .rss_item .rss_image span{display:inline-block;position:absolute;width:100%;height:100%;background-position:50%;background-size:cover}.feedzy-rss .rss_item .rss_image{margin:.3em 1em 0 0;content-visibility:auto}.feedzy-rss ul{list-style:none}.feedzy-rss ul li{display:inline-block}<\/style>\n","protected":false},"excerpt":{"rendered":"<p>Le spiagge in India sono talmente tante e tutte belle che decidere dove soggiornare pu\u00f2 essere un problema, c&#8217;\u00e8 veramente l&#8217;imbarazzo della scelta ma quel che \u00e8 certo \u00e8 che durante il vostro viaggio in India non potrete fare a meno di tuffarvi nelle acque del Mar arabico e nell&#8217;Oceano indiano. Le sue coste sono <a class=\"moretag\" href=\"https:\/\/india.evolutiontravel.it\/infovacanze\/divertirsi\/spiagge-in-india\/\">[&#8230;]<\/a><\/p>\n","protected":false},"author":1,"featured_media":0,"parent":47,"menu_order":0,"comment_status":"closed","ping_status":"open","template":"templates\/template-with-right-sidebar.php","meta":{"footnotes":""},"yoast_head":"<!-- This site is optimized with the Yoast SEO plugin v21.9.1 - https:\/\/yoast.com\/wordpress\/plugins\/seo\/ -->\n<title>Spiagge in India: ecco dove andare - Speciale &quot;Vacanze in India&quot;<\/title>\n<meta name=\"description\" content=\"Tutte le pi\u00f9 belle e suggestive spiagge in India dove soggiornare per vacanze tra mare, spiagge e divertimento: scoprile in un clik!\" \/>\n<meta name=\"robots\" content=\"index, follow, max-snippet:-1, max-image-preview:large, max-video-preview:-1\" \/>\n<link rel=\"canonical\" href=\"https:\/\/india.evolutiontravel.it\/infovacanze\/divertirsi\/spiagge-in-india\/\" \/>\n<meta name=\"twitter:label1\" content=\"Tempo di lettura stimato\" \/>\n\t<meta name=\"twitter:data1\" content=\"3 minuti\" \/>\n<script type=\"application\/ld+json\" class=\"yoast-schema-graph\">{\"@context\":\"https:\/\/schema.org\",\"@graph\":[{\"@type\":\"WebPage\",\"@id\":\"https:\/\/india.evolutiontravel.it\/infovacanze\/divertirsi\/spiagge-in-india\/\",\"url\":\"https:\/\/india.evolutiontravel.it\/infovacanze\/divertirsi\/spiagge-in-india\/\",\"name\":\"Spiagge in India: ecco dove andare - Speciale \\\"Vacanze in India\\\"\",\"isPartOf\":{\"@id\":\"https:\/\/india.evolutiontravel.it\/infovacanze\/#website\"},\"datePublished\":\"2013-08-07T14:36:21+00:00\",\"dateModified\":\"2018-11-09T15:06:04+00:00\",\"description\":\"Tutte le pi\u00f9 belle e suggestive spiagge in India dove soggiornare per vacanze tra mare, spiagge e divertimento: scoprile in un clik!\",\"breadcrumb\":{\"@id\":\"https:\/\/india.evolutiontravel.it\/infovacanze\/divertirsi\/spiagge-in-india\/#breadcrumb\"},\"inLanguage\":\"it-IT\",\"potentialAction\":[{\"@type\":\"ReadAction\",\"target\":[\"https:\/\/india.evolutiontravel.it\/infovacanze\/divertirsi\/spiagge-in-india\/\"]}]},{\"@type\":\"BreadcrumbList\",\"@id\":\"https:\/\/india.evolutiontravel.it\/infovacanze\/divertirsi\/spiagge-in-india\/#breadcrumb\",\"itemListElement\":[{\"@type\":\"ListItem\",\"position\":1,\"name\":\"Divertirsi in India\",\"item\":\"https:\/\/india.evolutiontravel.it\/infovacanze\/divertirsi\/\"},{\"@type\":\"ListItem\",\"position\":2,\"name\":\"Spiagge in India, dove andare?\"}]},{\"@type\":\"WebSite\",\"@id\":\"https:\/\/india.evolutiontravel.it\/infovacanze\/#website\",\"url\":\"https:\/\/india.evolutiontravel.it\/infovacanze\/\",\"name\":\"India\",\"description\":\"\",\"potentialAction\":[{\"@type\":\"SearchAction\",\"target\":{\"@type\":\"EntryPoint\",\"urlTemplate\":\"https:\/\/india.evolutiontravel.it\/infovacanze\/?s={search_term_string}\"},\"query-input\":\"required name=search_term_string\"}],\"inLanguage\":\"it-IT\"}]}<\/script>\n<!-- \/ Yoast SEO plugin. -->","yoast_head_json":{"title":"Spiagge in India: ecco dove andare - Speciale \"Vacanze in India\"","description":"Tutte le pi\u00f9 belle e suggestive spiagge in India dove soggiornare per vacanze tra mare, spiagge e divertimento: scoprile in un clik!","robots":{"index":"index","follow":"follow","max-snippet":"max-snippet:-1","max-image-preview":"max-image-preview:large","max-video-preview":"max-video-preview:-1"},"canonical":"https:\/\/india.evolutiontravel.it\/infovacanze\/divertirsi\/spiagge-in-india\/","twitter_misc":{"Tempo di lettura stimato":"3 minuti"},"schema":{"@context":"https:\/\/schema.org","@graph":[{"@type":"WebPage","@id":"https:\/\/india.evolutiontravel.it\/infovacanze\/divertirsi\/spiagge-in-india\/","url":"https:\/\/india.evolutiontravel.it\/infovacanze\/divertirsi\/spiagge-in-india\/","name":"Spiagge in India: ecco dove andare - Speciale \"Vacanze in India\"","isPartOf":{"@id":"https:\/\/india.evolutiontravel.it\/infovacanze\/#website"},"datePublished":"2013-08-07T14:36:21+00:00","dateModified":"2018-11-09T15:06:04+00:00","description":"Tutte le pi\u00f9 belle e suggestive spiagge in India dove soggiornare per vacanze tra mare, spiagge e divertimento: scoprile in un clik!","breadcrumb":{"@id":"https:\/\/india.evolutiontravel.it\/infovacanze\/divertirsi\/spiagge-in-india\/#breadcrumb"},"inLanguage":"it-IT","potentialAction":[{"@type":"ReadAction","target":["https:\/\/india.evolutiontravel.it\/infovacanze\/divertirsi\/spiagge-in-india\/"]}]},{"@type":"BreadcrumbList","@id":"https:\/\/india.evolutiontravel.it\/infovacanze\/divertirsi\/spiagge-in-india\/#breadcrumb","itemListElement":[{"@type":"ListItem","position":1,"name":"Divertirsi in India","item":"https:\/\/india.evolutiontravel.it\/infovacanze\/divertirsi\/"},{"@type":"ListItem","position":2,"name":"Spiagge in India, dove andare?"}]},{"@type":"WebSite","@id":"https:\/\/india.evolutiontravel.it\/infovacanze\/#website","url":"https:\/\/india.evolutiontravel.it\/infovacanze\/","name":"India","description":"","potentialAction":[{"@type":"SearchAction","target":{"@type":"EntryPoint","urlTemplate":"https:\/\/india.evolutiontravel.it\/infovacanze\/?s={search_term_string}"},"query-input":"required name=search_term_string"}],"inLanguage":"it-IT"}]}},"_links":{"self":[{"href":"https:\/\/india.evolutiontravel.it\/infovacanze\/wp-json\/wp\/v2\/pages\/62"}],"collection":[{"href":"https:\/\/india.evolutiontravel.it\/infovacanze\/wp-json\/wp\/v2\/pages"}],"about":[{"href":"https:\/\/india.evolutiontravel.it\/infovacanze\/wp-json\/wp\/v2\/types\/page"}],"author":[{"embeddable":true,"href":"https:\/\/india.evolutiontravel.it\/infovacanze\/wp-json\/wp\/v2\/users\/1"}],"replies":[{"embeddable":true,"href":"https:\/\/india.evolutiontravel.it\/infovacanze\/wp-json\/wp\/v2\/comments?post=62"}],"version-history":[{"count":11,"href":"https:\/\/india.evolutiontravel.it\/infovacanze\/wp-json\/wp\/v2\/pages\/62\/revisions"}],"predecessor-version":[{"id":1457,"href":"https:\/\/india.evolutiontravel.it\/infovacanze\/wp-json\/wp\/v2\/pages\/62\/revisions\/1457"}],"up":[{"embeddable":true,"href":"https:\/\/india.evolutiontravel.it\/infovacanze\/wp-json\/wp\/v2\/pages\/47"}],"wp:attachment":[{"href":"https:\/\/india.evolutiontravel.it\/infovacanze\/wp-json\/wp\/v2\/media?parent=62"}],"curies":[{"name":"wp","href":"https:\/\/api.w.org\/{rel}","templated":true}]}}